{"id":156,"date":"2019-01-12T22:40:05","date_gmt":"2019-01-12T22:40:05","guid":{"rendered":"https:\/\/ntnui.no\/jujitsu\/?page_id=156"},"modified":"2020-01-25T12:47:01","modified_gmt":"2020-01-25T12:47:01","slug":"where-to-find-us","status":"publish","type":"page","link":"https:\/\/ntnui.no\/jujitsu\/en\/where-to-find-us\/","title":{"rendered":"Where to find us"},"content":{"rendered":"<p>We are located in the dojo at <a href=\"https:\/\/goo.gl\/maps\/VqUAJtBisQnh3YZq8\">Gl\u00f8shaugen sports center<\/a>.&nbsp;<\/p>\n\n\n<p>Gl\u00f8shaugen sports center is next to H\u00f8gskoleringen bus stop.<\/p>\n\n\n\n<p>Use the main entrance. Go straight, up staircase to the 2nd floor.  There you will find the dojo in &#8220;Sal 2&#8221;.<\/p>\n","protected":false},"excerpt":{"rendered":"<p>We are located in the dojo at Gl\u00f8shaugen sports center.&nbsp; Gl\u00f8shaugen sports center is next to H\u00f8gskoleringen bus stop. Use the main entrance. Go straight, up staircase to the 2nd [&hellip;]<\/p>\n","protected":false},"author":91,"featured_media":0,"parent":0,"menu_order":0,"comment_status":"closed","ping_status":"closed","template":"","meta":{"_coblocks_attr":"","_coblocks_dimensions":"","_coblocks_responsive_height":"","_coblocks_accordion_ie_support":"","_price":"","_stock":"","_tribe_ticket_header":"","_tribe_default_ticket_provider":"","_tribe_ticket_capacity":"0","_ticket_start_date":"","_ticket_end_date":"","_tribe_ticket_show_description":"","_tribe_ticket_show_not_going":false,"_tribe_ticket_use_global_stock":"","_tribe_ticket_global_stock_level":"","_global_stock_mode":"","_global_stock_cap":"","_tribe_rsvp_for_event":"","_tribe_ticket_going_count":"","_tribe_ticket_not_going_count":"","_tribe_tickets_list":[],"_tribe_ticket_has_attendee_info_fields":false,"_EventAllDay":false,"_EventTimezone":"","_EventStartDate":"","_EventEndDate":"","_EventStartDateUTC":"","_EventEndDateUTC":"","_EventShowMap":false,"_EventShowMapLink":false,"_EventURL":"","_EventCost":"","_EventCostDescription":"","_EventCurrencySymbol":"","_EventCurrencyPosition":"","_EventDateTimeSeparator":"","_EventTimeRangeSeparator":"","_EventOrganizerID":[],"_EventVenueID":0,"_OrganizerEmail":"","_OrganizerPhone":"","_OrganizerWebsite":"","_VenueAddress":"","_VenueCity":"","_VenueCountry":"","_VenueProvince":"","_VenueZip":"","_VenuePhone":"","_VenueURL":"","_VenueStateProvince":"","_VenueLat":"","_VenueLng":"","jetpack_post_was_ever_published":false,"footnotes":""},"class_list":["post-156","page","type-page","status-publish","hentry"],"featured_image_src":null,"featured_image_src_square":null,"jetpack_sharing_enabled":true,"jetpack_shortlink":"https:\/\/wp.me\/PaCyyQ-2w","_links":{"self":[{"href":"https:\/\/ntnui.no\/jujitsu\/wp-json\/wp\/v2\/pages\/156","targetHints":{"allow":["GET"]}}],"collection":[{"href":"https:\/\/ntnui.no\/jujitsu\/wp-json\/wp\/v2\/pages"}],"about":[{"href":"https:\/\/ntnui.no\/jujitsu\/wp-json\/wp\/v2\/types\/page"}],"author":[{"embeddable":true,"href":"https:\/\/ntnui.no\/jujitsu\/wp-json\/wp\/v2\/users\/91"}],"replies":[{"embeddable":true,"href":"https:\/\/ntnui.no\/jujitsu\/wp-json\/wp\/v2\/comments?post=156"}],"version-history":[{"count":27,"href":"https:\/\/ntnui.no\/jujitsu\/wp-json\/wp\/v2\/pages\/156\/revisions"}],"predecessor-version":[{"id":621,"href":"https:\/\/ntnui.no\/jujitsu\/wp-json\/wp\/v2\/pages\/156\/revisions\/621"}],"wp:attachment":[{"href":"https:\/\/ntnui.no\/jujitsu\/wp-json\/wp\/v2\/media?parent=156"}],"curies":[{"name":"wp","href":"https:\/\/api.w.org\/{rel}","templated":true}]}}