{"id":903,"date":"2018-07-02T23:49:33","date_gmt":"2018-07-02T21:49:33","guid":{"rendered":"https:\/\/wp.ntnui.no\/mal\/?page_id=903"},"modified":"2024-08-26T20:31:12","modified_gmt":"2024-08-26T20:31:12","slug":"faq","status":"publish","type":"page","link":"https:\/\/ntnui.no\/judo\/faq\/","title":{"rendered":"FAQ"},"content":{"rendered":"\n<div class=\"wp-block-media-text alignwide has-media-on-the-right\"><figure class=\"wp-block-media-text__media\"><img loading=\"lazy\" decoding=\"async\" width=\"1024\" height=\"857\" src=\"https:\/\/ntnui.no\/judo\/wp-content\/uploads\/sites\/266\/2019\/09\/70672244_3067399356668869_692105877779382272_o-e1569325456147-1024x857.jpg\" alt=\"\" class=\"wp-image-2020\" srcset=\"https:\/\/ntnui.no\/judo\/wp-content\/uploads\/sites\/266\/2019\/09\/70672244_3067399356668869_692105877779382272_o-e1569325456147-1024x857.jpg 1024w, https:\/\/ntnui.no\/judo\/wp-content\/uploads\/sites\/266\/2019\/09\/70672244_3067399356668869_692105877779382272_o-e1569325456147-300x251.jpg 300w, https:\/\/ntnui.no\/judo\/wp-content\/uploads\/sites\/266\/2019\/09\/70672244_3067399356668869_692105877779382272_o-e1569325456147-768x643.jpg 768w, https:\/\/ntnui.no\/judo\/wp-content\/uploads\/sites\/266\/2019\/09\/70672244_3067399356668869_692105877779382272_o-e1569325456147-600x502.jpg 600w, https:\/\/ntnui.no\/judo\/wp-content\/uploads\/sites\/266\/2019\/09\/70672244_3067399356668869_692105877779382272_o-e1569325456147.jpg 1633w\" sizes=\"auto, (max-width: 1024px) 100vw, 1024px\" \/><\/figure><div class=\"wp-block-media-text__content\">\n<h2 class=\"wp-block-heading\">Hvor trener vi?<\/h2>\n\n\n\n<p> N\u00e5 trener vi i Idrettsbygget p\u00e5 Gl\u00f8shaugen, Chr. Fredericks gate 20.<\/p>\n\n\n\n<div class=\"wp-block-button aligncenter\"><a class=\"wp-block-button__link has-background\" href=\"https:\/\/www.google.com\/maps\/place\/Idrettsbygget+Gl%C3%B8shaugen,+Chr.+Frederiks+gate+20,+7030+Trondheim\/data=!4m2!3m1!1s0x466d31960bb0bf33:0x7eb9ee8d0fe9ba31?sa=X&amp;ved=2ahUKEwin15zT0unkAhVNyaYKHZB5BMUQ8gEwAHoECAgQAQ\" style=\"background-color:#00824a\">Google Maps<\/a><\/div>\n\n\n\n<p>Vi har ogs\u00e5 en dojo p\u00e5 Sit idrettssenter Dragvoll, Loholt All\u00e9  81, som brukes ved behov.<\/p>\n<\/div><\/div>\n\n\n\n<div class=\"wp-block-media-text alignwide\"><figure class=\"wp-block-media-text__media\"><img loading=\"lazy\" decoding=\"async\" width=\"971\" height=\"631\" src=\"https:\/\/ntnui.no\/judo\/wp-content\/uploads\/sites\/266\/2018\/08\/6e999a2c1aa5159fa449438fb7f05037.png\" alt=\"\" class=\"wp-image-1168\" srcset=\"https:\/\/ntnui.no\/judo\/wp-content\/uploads\/sites\/266\/2018\/08\/6e999a2c1aa5159fa449438fb7f05037.png 971w, https:\/\/ntnui.no\/judo\/wp-content\/uploads\/sites\/266\/2018\/08\/6e999a2c1aa5159fa449438fb7f05037-300x195.png 300w, https:\/\/ntnui.no\/judo\/wp-content\/uploads\/sites\/266\/2018\/08\/6e999a2c1aa5159fa449438fb7f05037-768x499.png 768w, https:\/\/ntnui.no\/judo\/wp-content\/uploads\/sites\/266\/2018\/08\/6e999a2c1aa5159fa449438fb7f05037-600x390.png 600w\" sizes=\"auto, (max-width: 971px) 100vw, 971px\" \/><\/figure><div class=\"wp-block-media-text__content\">\n<h2 class=\"has-text-align-center wp-block-heading\">Hvordan blir jeg med?<\/h2>\n\n\n\n<p class=\"has-text-align-center\">1 Skaff deg NTNUI- og Sit-medlemsskap i skranken p\u00e5 idrettsbygget.<\/p>\n\n\n\n<p class=\"has-text-align-center\">2 Kom p\u00e5 trening!<\/p>\n\n\n\n<p class=\"has-text-align-center\">Drakt kan l\u00e5nes i starten, men selges ogs\u00e5 p\u00e5 nettbutikken v\u00e5r<\/p>\n\n\n\n<div class=\"wp-block-button aligncenter\"><a class=\"wp-block-button__link has-background\" href=\"https:\/\/ntnui.no\/judo\/bli-med\/\" style=\"background-color:#098040\">Bli med<\/a><\/div>\n\n\n\n<p><\/p>\n<\/div><\/div>\n\n\n\n<div class=\"wp-block-media-text alignwide has-media-on-the-right\"><figure class=\"wp-block-media-text__media\"><img loading=\"lazy\" decoding=\"async\" width=\"1024\" height=\"713\" src=\"https:\/\/ntnui.no\/judo\/wp-content\/uploads\/sites\/266\/2018\/08\/AdobeStock_140329-1024x713.jpeg\" alt=\"\" class=\"wp-image-1172\" srcset=\"https:\/\/ntnui.no\/judo\/wp-content\/uploads\/sites\/266\/2018\/08\/AdobeStock_140329-1024x713.jpeg 1024w, https:\/\/ntnui.no\/judo\/wp-content\/uploads\/sites\/266\/2018\/08\/AdobeStock_140329-300x209.jpeg 300w, https:\/\/ntnui.no\/judo\/wp-content\/uploads\/sites\/266\/2018\/08\/AdobeStock_140329-768x535.jpeg 768w, https:\/\/ntnui.no\/judo\/wp-content\/uploads\/sites\/266\/2018\/08\/AdobeStock_140329-1736x1208.jpeg 1736w, https:\/\/ntnui.no\/judo\/wp-content\/uploads\/sites\/266\/2018\/08\/AdobeStock_140329-600x418.jpeg 600w\" sizes=\"auto, (max-width: 1024px) 100vw, 1024px\" \/><\/figure><div class=\"wp-block-media-text__content\">\n<h2 class=\"has-text-align-center wp-block-heading\">N\u00e5r er neste trening?<\/h2>\n\n\n\n<p class=\"has-text-align-center has-large-font-size\"> Treningene er:<\/p>\n\n\n\n<ul class=\"wp-block-list\"><li>Mandager 19:00-20:30 &#8211; for erfarne<\/li><li>Tirsdager 21:00 &#8211; 22:30 &#8211; for nybegynnere (fra uke 35)<\/li><li>Torsdager 20:00-21:30 &#8211; for alle<\/li><\/ul>\n\n\n\n<p>Se ellers v\u00e5r interne Facebook-gruppe.<\/p>\n\n\n\n<div class=\"wp-block-button aligncenter\"><a class=\"wp-block-button__link has-background\" href=\"https:\/\/www.facebook.com\/groups\/2298214671\/?ref=bookmarks\" style=\"background-color:#098040\">Facebook<\/a><\/div>\n<\/div><\/div>\n\n\n\n<div class=\"wp-block-media-text alignwide\"><figure class=\"wp-block-media-text__media\"><img loading=\"lazy\" decoding=\"async\" width=\"1024\" height=\"683\" src=\"https:\/\/ntnui.no\/judo\/wp-content\/uploads\/sites\/266\/2019\/06\/Break_06-1024x683.jpg\" alt=\"\" class=\"wp-image-1836\" srcset=\"https:\/\/ntnui.no\/judo\/wp-content\/uploads\/sites\/266\/2019\/06\/Break_06-1024x683.jpg 1024w, https:\/\/ntnui.no\/judo\/wp-content\/uploads\/sites\/266\/2019\/06\/Break_06-300x200.jpg 300w, https:\/\/ntnui.no\/judo\/wp-content\/uploads\/sites\/266\/2019\/06\/Break_06-768x512.jpg 768w, https:\/\/ntnui.no\/judo\/wp-content\/uploads\/sites\/266\/2019\/06\/Break_06-600x400.jpg 600w, https:\/\/ntnui.no\/judo\/wp-content\/uploads\/sites\/266\/2019\/06\/Break_06-1736x1157.jpg 1736w, https:\/\/ntnui.no\/judo\/wp-content\/uploads\/sites\/266\/2019\/06\/Break_06.jpg 2001w\" sizes=\"auto, (max-width: 1024px) 100vw, 1024px\" \/><\/figure><div class=\"wp-block-media-text__content\">\n<h2 class=\"wp-block-heading\">Hvor kan jeg kj\u00f8pe drakt?<\/h2>\n\n\n\n<p class=\"has-large-font-size\">Vi selger gode treningsdrakter til studentvennlige priser (bilde: drakt kj\u00f8pt utenlands).<\/p>\n\n\n\n<div class=\"wp-block-button aligncenter\"><a class=\"wp-block-button__link has-background\" href=\"https:\/\/ntnui.no\/judo\/butikk\/\" style=\"background-color:#098040\">Kj\u00f8p drakt<\/a><\/div>\n\n\n\n<p><\/p>\n<\/div><\/div>\n\n\n\n<div class=\"wp-block-media-text alignwide has-media-on-the-right\"><figure class=\"wp-block-media-text__media\"><img loading=\"lazy\" decoding=\"async\" width=\"710\" height=\"599\" src=\"https:\/\/ntnui.no\/judo\/wp-content\/uploads\/sites\/266\/2019\/06\/pen-trening-logo.png\" alt=\"\" class=\"wp-image-1796\" srcset=\"https:\/\/ntnui.no\/judo\/wp-content\/uploads\/sites\/266\/2019\/06\/pen-trening-logo.png 710w, https:\/\/ntnui.no\/judo\/wp-content\/uploads\/sites\/266\/2019\/06\/pen-trening-logo-300x253.png 300w, https:\/\/ntnui.no\/judo\/wp-content\/uploads\/sites\/266\/2019\/06\/pen-trening-logo-600x506.png 600w\" sizes=\"auto, (max-width: 710px) 100vw, 710px\" \/><\/figure><div class=\"wp-block-media-text__content\">\n<h2 class=\"wp-block-heading\">Kan jeg f\u00e5 pr\u00f8vetime?<\/h2>\n\n\n\n<p class=\"has-large-font-size\">Ja, du m\u00e5 gjerne komme og pr\u00f8ve ut judo f\u00f8r du bestemmer deg. Avtal, s\u00e5 skaffer vi deg inngang. Men man kan ogs\u00e5 bare m\u00f8te opp \u00e5 pr\u00f8ve<\/p>\n\n\n\n<div class=\"wp-block-button aligncenter\"><a class=\"wp-block-button__link has-background\" href=\"mailto:judo-leder@ntnui.no\" style=\"background-color:#098040\">Send mail<\/a><\/div>\n\n\n\n<p><\/p>\n<\/div><\/div>\n","protected":false},"excerpt":{"rendered":"","protected":false},"author":24,"featured_media":0,"parent":0,"menu_order":0,"comment_status":"closed","ping_status":"closed","template":"","meta":{"_coblocks_attr":"","_coblocks_dimensions":"","_coblocks_responsive_height":"","_coblocks_accordion_ie_support":"","_price":"","_stock":"","_tribe_ticket_header":"","_tribe_default_ticket_provider":"","_tribe_ticket_capacity":"0","_ticket_start_date":"","_ticket_end_date":"","_tribe_ticket_show_description":"","_tribe_ticket_show_not_going":false,"_tribe_ticket_use_global_stock":"","_tribe_ticket_global_stock_level":"","_global_stock_mode":"","_global_stock_cap":"","_tribe_rsvp_for_event":"","_tribe_ticket_going_count":"","_tribe_ticket_not_going_count":"","_tribe_tickets_list":[],"_tribe_ticket_has_attendee_info_fields":false,"footnotes":""},"class_list":["post-903","page","type-page","status-publish","hentry"],"featured_image_src":null,"featured_image_src_square":null,"_links":{"self":[{"href":"https:\/\/ntnui.no\/judo\/wp-json\/wp\/v2\/pages\/903","targetHints":{"allow":["GET"]}}],"collection":[{"href":"https:\/\/ntnui.no\/judo\/wp-json\/wp\/v2\/pages"}],"about":[{"href":"https:\/\/ntnui.no\/judo\/wp-json\/wp\/v2\/types\/page"}],"author":[{"embeddable":true,"href":"https:\/\/ntnui.no\/judo\/wp-json\/wp\/v2\/users\/24"}],"replies":[{"embeddable":true,"href":"https:\/\/ntnui.no\/judo\/wp-json\/wp\/v2\/comments?post=903"}],"version-history":[{"count":21,"href":"https:\/\/ntnui.no\/judo\/wp-json\/wp\/v2\/pages\/903\/revisions"}],"predecessor-version":[{"id":2558,"href":"https:\/\/ntnui.no\/judo\/wp-json\/wp\/v2\/pages\/903\/revisions\/2558"}],"wp:attachment":[{"href":"https:\/\/ntnui.no\/judo\/wp-json\/wp\/v2\/media?parent=903"}],"curies":[{"name":"wp","href":"https:\/\/api.w.org\/{rel}","templated":true}]}}