{"id":1763,"date":"2019-06-04T22:22:05","date_gmt":"2019-06-04T22:22:05","guid":{"rendered":"https:\/\/ny.ntnui.no\/judo-ny2\/?page_id=1763"},"modified":"2019-07-29T14:19:21","modified_gmt":"2019-07-29T14:19:21","slug":"online-dojo-2","status":"publish","type":"page","link":"https:\/\/ntnui.no\/judo\/online-dojo-2\/","title":{"rendered":"Online dojo"},"content":{"rendered":"\n<p>Judo best\u00e5r av en uhorvelig mengde teknikker, kast, armbend, kvelinger, holdegrep, regler &#8211; for ikke \u00e5 glemme japansk spr\u00e5k, skikk og bruk. P\u00e5 denne siden har vi samlet litt informasjon til ditt selvstudie i judo \ud83d\ude09 For spesielt interesserte har vi ogs\u00e5 b\u00f8ker du kan l\u00e5ne.<\/p>\n\n\n\n<p>Merk: Teksten er klikkbar!<\/p>\n\n\n\n<div class=\"wp-block-cover has-background-dim\" style=\"background-image:url(https:\/\/ntnui.no\/judo\/wp-content\/uploads\/sites\/266\/2019\/06\/Webp.net-compress-image-2-2.jpg)\"><div class=\"wp-block-cover__inner-container is-layout-flow wp-block-cover-is-layout-flow\">\n<p style=\"text-align:center\" class=\"has-large-font-size\"><\/p>\n<\/div><\/div>\n\n\n\n<hr class=\"wp-block-separator\" \/>\n\n\n\n<h2 class=\"wp-block-heading\"><a href=\"https:\/\/ntnui.no\/judo\/online-dojo\/gradering\/\">Gradering<\/a><\/h2>\n\n\n\n<p class=\"has-background has-coblocks-yellow-background-color\"><strong><a href=\"https:\/\/ntnui.no\/judo\/gradering\/gult-belte\/\">Gult belte<\/a><\/strong><\/p>\n\n\n\n<p style=\"background-color:#f39a00\" class=\"has-background\"><strong><a href=\"https:\/\/ntnui.no\/judo\/gradering\/oransje-belte\/\">Oransje belte<\/a><\/strong><\/p>\n\n\n\n<p style=\"background-color:#0ec44b\" class=\"has-background\"><strong><a href=\"https:\/\/ntnui.no\/judo\/gradering\/gront-belte\/\">Gr\u00f8nt belte<\/a><\/strong><\/p>\n\n\n\n<p class=\"has-background has-coblocks-blue-background-color\"><strong><a href=\"https:\/\/ntnui.no\/judo\/gradering\/blatt-belte\/\">Bl\u00e5tt belte<\/a><\/strong><\/p>\n\n\n\n<p style=\"background-color:#845a1c\" class=\"has-background\"><strong><a href=\"https:\/\/ntnui.no\/judo\/gradering\/brunt-belte\/\">Brunt belte<\/a><\/strong><\/p>\n\n\n\n<h2 class=\"wp-block-heading\">Utvalgte teknikker<\/h2>\n\n\n\n<div class=\"wp-block-button\"><a class=\"wp-block-button__link\" href=\"https:\/\/ntnui.no\/judo\/sumi-gaeshi\/\">Sumi gaeshi<\/a><\/div>\n\n\n\n<div class=\"wp-block-button\"><a class=\"wp-block-button__link\" href=\"https:\/\/ntnui.no\/judo\/tomoenage\/\">Tomoenage<\/a><\/div>\n\n\n\n<div class=\"wp-block-button\"><a class=\"wp-block-button__link\" href=\"https:\/\/ntnui.no\/judo\/ouchi-gari\/\">Ouchi gari<\/a><\/div>\n\n\n\n<div class=\"wp-block-button\"><a class=\"wp-block-button__link\" href=\"https:\/\/ntnui.no\/judo\/harai-goshi\/\">Harai goshi<\/a><\/div>\n\n\n\n<div class=\"wp-block-button\"><a class=\"wp-block-button__link\" href=\"https:\/\/ntnui.no\/judo\/uchimata\/\">Uchimata<\/a><\/div>\n\n\n\n<div class=\"wp-block-button\"><a class=\"wp-block-button__link\" href=\"https:\/\/ntnui.no\/judo\/osaekomi\/\">Oesakomi<\/a><\/div>\n\n\n\n<h2 class=\"wp-block-heading\">Japanske gloser<\/h2>\n\n\n\n<table class=\"wp-block-table is-style-stripes\"><tbody><tr><td>Hajime<\/td><td>Begin<\/td><\/tr><tr><td>Matte<\/td><td>Stop<\/td><\/tr><tr><td>Oesakomi<\/td><td>Pin down<\/td><\/tr><tr><td>Waza<\/td><td>Technique<\/td><\/tr><tr><td>Kusushi<\/td><td>Breaking of balance<\/td><\/tr><tr><td>Koshi<\/td><td>Hip<\/td><\/tr><tr><td>Te<\/td><td>Hand<\/td><\/tr><tr><td>Ahsi<\/td><td>Leg<\/td><\/tr><tr><td>Shizen tai<\/td><td>Normal position<\/td><\/tr><tr><td>Jigo tai<\/td><td>Fighting position<\/td><\/tr><tr><td>Barai (harai)<\/td><td>Sweep<\/td><\/tr><tr><td>Budo<\/td><td>Martial art<\/td><\/tr><tr><td>Gake<\/td><td>Block<\/td><\/tr><tr><td>Gaeshi<\/td><td>Counter<\/td><\/tr><tr><td>Gari <\/td><td>Reap<\/td><\/tr><tr><td>Gatame<\/td><td>Control<\/td><\/tr><tr><td>Hiza<\/td><td>Knee<\/td><\/tr><tr><td>Judogi<\/td><td>Judo suit<\/td><\/tr><tr><td>Kumikata<\/td><td>Grip<\/td><\/tr><tr><td>Migi<\/td><td>Right<\/td><\/tr><\/tbody><\/table>\n\n\n\n<p>Se mer: <a href=\"https:\/\/no.wikipedia.org\/wiki\/Judoordliste\">https:\/\/no.wikipedia.org\/wiki\/Judoordliste<\/a> <\/p>\n","protected":false},"excerpt":{"rendered":"<p>Judo best\u00e5r av en uhorvelig mengde teknikker, kast, armbend, kvelinger, holdegrep, regler &#8211; for ikke \u00e5 glemme japansk spr\u00e5k, skikk og bruk. P\u00e5 denne siden har vi samlet litt informasjon til ditt selvstudie i judo \ud83d\ude09 For spesielt interesserte har vi ogs\u00e5 b\u00f8ker du kan l\u00e5ne. Merk: Teksten er klikkbar! Gradering Gult belte Oransje belte [&hellip;]<\/p>\n","protected":false},"author":3,"featured_media":0,"parent":0,"menu_order":0,"comment_status":"closed","ping_status":"closed","template":"","meta":{"_coblocks_attr":"","_coblocks_dimensions":"","_coblocks_responsive_height":"","_coblocks_accordion_ie_support":"","_price":"","_stock":"","_tribe_ticket_header":"","_tribe_default_ticket_provider":"","_tribe_ticket_capacity":"0","_ticket_start_date":"","_ticket_end_date":"","_tribe_ticket_show_description":"","_tribe_ticket_show_not_going":false,"_tribe_ticket_use_global_stock":"","_tribe_ticket_global_stock_level":"","_global_stock_mode":"","_global_stock_cap":"","_tribe_rsvp_for_event":"","_tribe_ticket_going_count":"","_tribe_ticket_not_going_count":"","_tribe_tickets_list":[],"_tribe_ticket_has_attendee_info_fields":false,"footnotes":""},"class_list":["post-1763","page","type-page","status-publish","hentry"],"featured_image_src":null,"featured_image_src_square":null,"_links":{"self":[{"href":"https:\/\/ntnui.no\/judo\/wp-json\/wp\/v2\/pages\/1763","targetHints":{"allow":["GET"]}}],"collection":[{"href":"https:\/\/ntnui.no\/judo\/wp-json\/wp\/v2\/pages"}],"about":[{"href":"https:\/\/ntnui.no\/judo\/wp-json\/wp\/v2\/types\/page"}],"author":[{"embeddable":true,"href":"https:\/\/ntnui.no\/judo\/wp-json\/wp\/v2\/users\/3"}],"replies":[{"embeddable":true,"href":"https:\/\/ntnui.no\/judo\/wp-json\/wp\/v2\/comments?post=1763"}],"version-history":[{"count":3,"href":"https:\/\/ntnui.no\/judo\/wp-json\/wp\/v2\/pages\/1763\/revisions"}],"predecessor-version":[{"id":1913,"href":"https:\/\/ntnui.no\/judo\/wp-json\/wp\/v2\/pages\/1763\/revisions\/1913"}],"wp:attachment":[{"href":"https:\/\/ntnui.no\/judo\/wp-json\/wp\/v2\/media?parent=1763"}],"curies":[{"name":"wp","href":"https:\/\/api.w.org\/{rel}","templated":true}]}}