{"id":1761,"date":"2019-06-04T22:17:30","date_gmt":"2019-06-04T22:17:30","guid":{"rendered":"https:\/\/ny.ntnui.no\/judo-ny2\/?page_id=1761"},"modified":"2020-07-02T12:40:27","modified_gmt":"2020-07-02T12:40:27","slug":"hva-er-judo","status":"publish","type":"page","link":"https:\/\/ntnui.no\/judo\/hva-er-judo\/","title":{"rendered":"Hva er judo?"},"content":{"rendered":"\n<p>Judo er en kampsport grunnlagt av Jigoro Kano i 1882. Jigoro Kano utviklet judo fra det gamle japanske selvforsvarssystemet ju-jitsu i en periode da det begynte \u00e5 bli mindre interesse for ju-jitsu, som fantes i forkjellige former med ulike skoler og dojoer i Japan. Det viktigste prinsippet Kano trakk fram i nyutviklede Judo, var kuzushi, eller balansebruddet &#8211; et prinsipp som gjorde tradisjonelle teknikker mye mer effektive og f\u00f8rte til at en god teknikk kunne sl\u00e5 r\u00e5 styrke. Kuzushi hadde sannsynligvis allerede blitt brukt i ju-jitsu, men ble ikke anerkjent som et fundamentalt og overlegent prinsipp. Nye teknikker ble ogs\u00e5 utviklet av Kano som en naturlig konsekvens av kuzushi.<\/p>\n\n\n\n<div class=\"wp-block-cover alignfull has-background-dim\" style=\"background-image:url(https:\/\/ntnui.no\/judo\/wp-content\/uploads\/sites\/266\/2019\/11\/Webp.net-compress-image-4.jpg)\"><div class=\"wp-block-cover__inner-container is-layout-flow wp-block-cover-is-layout-flow\">\n<p class=\"has-text-align-center has-large-font-size\"><\/p>\n<\/div><\/div>\n\n\n\n<p>Navnet Judo best\u00e5r av delene &#8220;Ju&#8221; og &#8220;Do&#8221;, som begge kommer fra kinesisk taoisme. Do er det japanske ordet for Tao, og oversettes til &#8220;vei&#8221; eller &#8220;linje&#8221;. Det er denne suffiksen som skiller judo fra ju-jitsu. Jitsu\/Jutsu betyr &#8220;kunst&#8221; og er om \u00e5 perfeksjonere teknikker, mens Do ogs\u00e5 inneb\u00e6rer et konsept av personlig utvikling gjennom etikk og filosofi. Prefiksen &#8220;Ju&#8221; oversettes til &#8220;myk&#8221; og &#8220;forsiktig&#8221;, men er bedre forst\u00e5tt som en motsetning til hard og sta.<\/p>\n\n\n\n<p>Judo var en olympisk sport for f\u00f8rste gang i Tokyo i 1964 og ble innf\u00f8rt i alle sommerleker siden 1972. P\u00e5 grunn av dette har kampreglene blitt endret mange ganger for \u00e5 gj\u00f8re sporten tryggere og mer seervennlig. Derfor er ogs\u00e5 moderne judo en av de tryggeste fullkontakt kampsportene som finnes.<\/p>\n\n\n\n<div class=\"wp-block-cover alignfull has-background-dim\" style=\"background-image:url(https:\/\/ntnui.no\/judo\/wp-content\/uploads\/sites\/266\/2019\/11\/Webp.net-compress-image-5.jpg)\"><div class=\"wp-block-cover__inner-container is-layout-flow wp-block-cover-is-layout-flow\">\n<p class=\"has-text-align-center has-large-font-size\"><\/p>\n<\/div><\/div>\n\n\n\n<p>Gradsystemet judo har i dag ble adoptert av mange andre asiatiske kampsporter. Det er mange ulike grader for studenter som har farger, mens mesterne har svarte belter. Beltene skal vise judout\u00f8verens kunnskap, men er ogs\u00e5 en motivasjon for ut\u00f8verne.<\/p>\n\n\n\n<p>Internasjonalt har judo v\u00e6rt en diger sport i mange \u00e5r og trenes av menn og kvinner i alle aldre, b\u00e5de for trening, konkurranse, personlig utvikling, som en hobby, eller kanskje mest viktig fordi det er sosialt og g\u00f8y!<\/p>\n\n\n\n<p> Organisasjoner som<em><a href=\"http:\/\/www.judoforfred.no\/\"> Judo for Fred<\/a><\/em> sprer ogs\u00e5 judo til krigsherjede land som Afghanistan og utviklingsland som Lesotho. Her f\u00e5r barn og ungdom komme til en trygg plass, trene, spise et m\u00e5ltid, l\u00e6re seg gode verdier og hvordan \u00e5 beskytte seg.<\/p>\n\n\n\n<hr class=\"wp-block-separator\" \/>\n\n\n\n<figure class=\"wp-block-embed-youtube aligncenter wp-block-embed is-type-video is-provider-youtube wp-embed-aspect-4-3 wp-has-aspect-ratio wp-embed-aspect-16-9\"><div class=\"wp-block-embed__wrapper\">\n<iframe loading=\"lazy\" title=\"QUICK GUIDE TO JUDO\" width=\"700\" height=\"394\" src=\"https:\/\/www.youtube.com\/embed\/pgfKasoI5yc?feature=oembed\" frameborder=\"0\" allow=\"accelerometer; autoplay; encrypted-media; gyroscope; picture-in-picture\" allowfullscreen><\/iframe>\n<\/div><\/figure>\n","protected":false},"excerpt":{"rendered":"<p>Judo er en kampsport grunnlagt av Jigoro Kano i 1882. Jigoro Kano utviklet judo fra det gamle japanske selvforsvarssystemet ju-jitsu i en periode da det begynte \u00e5 bli mindre interesse for ju-jitsu, som fantes i forkjellige former med ulike skoler og dojoer i Japan. Det viktigste prinsippet Kano trakk fram i nyutviklede Judo, var kuzushi, [&hellip;]<\/p>\n","protected":false},"author":3,"featured_media":0,"parent":0,"menu_order":0,"comment_status":"closed","ping_status":"closed","template":"","meta":{"_coblocks_attr":"","_coblocks_dimensions":"","_coblocks_responsive_height":"","_coblocks_accordion_ie_support":"","_price":"","_stock":"","_tribe_ticket_header":"","_tribe_default_ticket_provider":"","_tribe_ticket_capacity":"0","_ticket_start_date":"","_ticket_end_date":"","_tribe_ticket_show_description":"","_tribe_ticket_show_not_going":false,"_tribe_ticket_use_global_stock":"","_tribe_ticket_global_stock_level":"","_global_stock_mode":"","_global_stock_cap":"","_tribe_rsvp_for_event":"","_tribe_ticket_going_count":"","_tribe_ticket_not_going_count":"","_tribe_tickets_list":[],"_tribe_ticket_has_attendee_info_fields":false,"footnotes":""},"class_list":["post-1761","page","type-page","status-publish","hentry"],"featured_image_src":null,"featured_image_src_square":null,"_links":{"self":[{"href":"https:\/\/ntnui.no\/judo\/wp-json\/wp\/v2\/pages\/1761","targetHints":{"allow":["GET"]}}],"collection":[{"href":"https:\/\/ntnui.no\/judo\/wp-json\/wp\/v2\/pages"}],"about":[{"href":"https:\/\/ntnui.no\/judo\/wp-json\/wp\/v2\/types\/page"}],"author":[{"embeddable":true,"href":"https:\/\/ntnui.no\/judo\/wp-json\/wp\/v2\/users\/3"}],"replies":[{"embeddable":true,"href":"https:\/\/ntnui.no\/judo\/wp-json\/wp\/v2\/comments?post=1761"}],"version-history":[{"count":4,"href":"https:\/\/ntnui.no\/judo\/wp-json\/wp\/v2\/pages\/1761\/revisions"}],"predecessor-version":[{"id":2353,"href":"https:\/\/ntnui.no\/judo\/wp-json\/wp\/v2\/pages\/1761\/revisions\/2353"}],"wp:attachment":[{"href":"https:\/\/ntnui.no\/judo\/wp-json\/wp\/v2\/media?parent=1761"}],"curies":[{"name":"wp","href":"https:\/\/api.w.org\/{rel}","templated":true}]}}