{"id":1260,"date":"2018-08-14T00:12:15","date_gmt":"2018-08-13T22:12:15","guid":{"rendered":"https:\/\/ntnui.no\/judo\/?page_id=1260"},"modified":"2025-03-17T16:32:32","modified_gmt":"2025-03-17T15:32:32","slug":"bli-med","status":"publish","type":"page","link":"https:\/\/ntnui.no\/judo\/bli-med\/","title":{"rendered":"Bli med"},"content":{"rendered":"<p><em>Sit- og NTNUI-medlemsskap<\/em>: Vi trener innend\u00f8rs, s\u00e5 man m\u00e5 ha b\u00e5de Sit-medlemsskap og NTNUI-medlemsskap for \u00e5 trene med oss. Vi holder til p\u00e5&nbsp;<span style=\"color: #007d32\"><a style=\"color: #007d32;text-decoration: underline\" href=\"https:\/\/www.sit.no\/trening\/treningssenter\" target=\"_blank\" rel=\"noopener noreferrer\">Sit idrett Gl\u00f8shaugen<\/a><\/span>.&nbsp; Medlemsskapene f\u00e5r du kj\u00f8pt i resepsjonen, eller du kan betale p\u00e5 nett hvis du skal bruke mastercard. Ta med NTNU-adgangskortet ditt slik at du kan bruke dette p\u00e5 Sit ogs\u00e5. Se her for mer info:<\/p>\n\n\n<div class=\"wp-block-button aligncenter\"><a class=\"wp-block-button__link has-background\" href=\"https:\/\/ntnui.no\/blimedlem\/\" style=\"background-color:#00824a\">Bli med i NTNUI<\/a><\/div>\n\n\n\n<h2 class=\"wp-block-heading\"><strong>Forsikring<\/strong>:<\/h2>\n\n\n\n<p>Alle som vil trene\/konkurrere i judo m\u00e5 ha forsikring. Forsikring kj\u00f8pes igjennom MinIdrett dette gj\u00f8res ved \u00e5 sende en e-post til <b>judo-leder@ntnui.no<\/b> med <b>navn<\/b>, <b>f\u00f8deselsdato<\/b> og <b>hvilken type lisens<\/b> (lisenstyper er forklart under). Utvekslingsstudenter kan desverre ikke kj\u00f8pe judoforsikringen vi tilbyr uten \u00e5 oppholde seg i Norge i over ett \u00e5r. Hvis dette er tilfellet, m\u00e5 egen forsikring sjekkes og en ansvarsfraskrivelse signeres. Denne ansvarsfraskrivelsen kan ogs\u00e5 skrives under p\u00e5 av ikke-utvekslingstudenter som ikke \u00f8nsker forsikring.<\/p>\n\n\n<h5>Det finnes to typer forsikringsvalg:<\/h5>\n<ol class=\"wp-block-list\">\n<li><strong>Grunnlisens<\/strong> er den obligatoriske forsikringen som alle m\u00e5 ha. Man f\u00e5r refundert utlegg ved skade, men m\u00e5 selv st\u00e5 for behandlingsopplegget, f\u00f8rst og fremst gjennom det offentlige helsevesenet. Gir likevel rett til behandling p\u00e5 privat klinikk ved lang ventetid i det offentlige tilbudet. R\u00e5dgivning og oppf\u00f8lging fra Skadetelefonen er inkludert i ut\u00f8verlisensen. Koster 400 kr i 2025.<\/li>\n<li><strong>Utvidet lisens<\/strong> har bedre dekning enn grunnlisensen ved at kostnadstaket for behandlingsutgifter som dekkes er h\u00f8yere. Gir raskere behandling p\u00e5 privat klinikk ved skade. Det anbefales at alle konkurranseut\u00f8vere tegner denne lisenstypen. Koster 1400 kr i 2025.<\/li>\n<\/ol>\n<p>Forsikringsperioden gjelder fra 1\/2 til 31\/1.<\/p>\n<h3 class=\"wp-block-heading\">Skademelding<\/h3>\n<p>Hvis du f\u00e5r en idrettsskade som s\u00f8kes dekket av forsikringen skal skaden meldes elektronisk f\u00f8r behandling starter:<\/p>\n<ul class=\"wp-block-list\">\n<li>Skader som har skjedd&nbsp;<strong>f\u00f8r<\/strong>&nbsp;1. februar 2021:  meldes til v\u00e5rt tidligere forsikringsselskap <a style=\"color: #007d32;text-decoration: underline\" href=\"http:\/\/agsasa.com\/judo\" target=\"_blank\" rel=\"noreferrer noopener\"><strong>AGS Forsikring<\/strong><\/a><br>\n.<\/li>\n<li>Skader som skjer <strong>etter<\/strong> 1. februar 2021: meldes til v\u00e5rt n\u00e5v\u00e6rende forsikringsselskap <a style=\"color: #007d32;text-decoration: underline\" href=\"https:\/\/www.gjensidige.no\/idrettsforsikring\"><strong>Gjensidige Forsikring<\/strong><\/a><br>\n.<\/li>\n<\/ul>\n<p>Husk \u00e5 ta direkte kontakt med forsikringsselskapet eller Skadetelefonen <em><strong>f\u00f8r<\/strong><\/em> eventuell behandling\/operasjon avtales. Husk ogs\u00e5 at skaden alltid m\u00e5 kunne bekreftes av trener eller leder. <\/p>\n<h5 class=\"wp-block-heading\">Skadetelefonen er \u00e5pen alle dager 9\u201321 p\u00e5 telefon 02033 (fra utlandet +4702033\/ 91 50 20 33).<\/h5>\n<h4 class=\"wp-block-heading\">Viktige unntak!<\/h4>\n<p>Ut\u00f8verforsikring gjelder kun aktivitet i regi Norges Judoforbund eller klubber tilknyttet forbundet. Skal du trene p\u00e5 egenh\u00e5nd vil du <u>ikke v\u00e6re omfattet<\/u>.<\/p>\n<p>Forsikringene gjelder utenlands, men husk at dekningene ikke er tilsvarende en reiseforsikring n\u00e5r det gjelder mulighet for refusjon ved avbestilling, dekning av tapt bagasje, behov for akutt behandling ved skade, eller ved behov for hjemreise etter alvorlige skader. Alle anbefales \u00e5 s\u00f8rge for en reiseforsikring som dekker skader oppst\u00e5tt ved judoaktiviteter n\u00e5r man skal delta utenlands p\u00e5 trening\/konkurranse.<\/p>\n\n\n<h2 class=\"wp-block-heading\"><strong>Drakt<\/strong><\/h2>\n\n\n\n<div class=\"wp-block-media-text alignwide\"><figure class=\"wp-block-media-text__media\"><img loading=\"lazy\" decoding=\"async\" width=\"1024\" height=\"1024\" src=\"https:\/\/ntnui.no\/judo\/wp-content\/uploads\/sites\/266\/2019\/10\/Webp.net-compress-image-4-1-1024x1024.jpg\" alt=\"\" class=\"wp-image-2078\" srcset=\"https:\/\/ntnui.no\/judo\/wp-content\/uploads\/sites\/266\/2019\/10\/Webp.net-compress-image-4-1-1024x1024.jpg 1024w, https:\/\/ntnui.no\/judo\/wp-content\/uploads\/sites\/266\/2019\/10\/Webp.net-compress-image-4-1-150x150.jpg 150w, https:\/\/ntnui.no\/judo\/wp-content\/uploads\/sites\/266\/2019\/10\/Webp.net-compress-image-4-1-300x300.jpg 300w, https:\/\/ntnui.no\/judo\/wp-content\/uploads\/sites\/266\/2019\/10\/Webp.net-compress-image-4-1-768x768.jpg 768w, https:\/\/ntnui.no\/judo\/wp-content\/uploads\/sites\/266\/2019\/10\/Webp.net-compress-image-4-1-600x600.jpg 600w, https:\/\/ntnui.no\/judo\/wp-content\/uploads\/sites\/266\/2019\/10\/Webp.net-compress-image-4-1-1736x1736.jpg 1736w, https:\/\/ntnui.no\/judo\/wp-content\/uploads\/sites\/266\/2019\/10\/Webp.net-compress-image-4-1-100x100.jpg 100w\" sizes=\"auto, (max-width: 1024px) 100vw, 1024px\" \/><\/figure><div class=\"wp-block-media-text__content\">\n<p class=\"has-large-font-size\"> Judodrakt kan du ogs\u00e5 kj\u00f8pe i nettbutikken: <\/p>\n\n\n\n<div class=\"wp-block-button aligncenter\"><a class=\"wp-block-button__link\" href=\"https:\/\/ntnui.no\/judo\/butikk\/\">Nettbutikk<\/a><\/div>\n<\/div><\/div>\n\n\n\n<h2 class=\"wp-block-heading\"><strong>Kontakt<\/strong><\/h2>\n\n\n<p><\/p>\n\n\n<\/p>\n<p>Mail: <a href=\"mailto:judo-leder@ntnui.no\"><span style=\"color: #007d32\">judo-leder@ntnui.no<\/span><\/a><\/p>\n<p>\n\n\n\n<\/p>\n<p>Facebook-side: <span style=\"color: #007d32\"><a style=\"color: #007d32\" href=\"https:\/\/www.facebook.com\/JudoNTNUIpublic\">https:\/\/www.facebook.com\/JudoNTNUIpublic<\/a><\/span><\/p>\n<p>\n\n\n\n<\/p>\n<p>Intern infogruppe: <span style=\"color: #007d32\"><a style=\"color: #007d32\" href=\"https:\/\/www.facebook.com\/groups\/2298214671\/\">https:\/\/www.facebook.com\/groups\/2298214671\/<\/a><\/span><\/p>\n<p>\n\n\n\n<\/p>\n<p>Hvis du vil abonnere p\u00e5 informasjon p\u00e5 mail, kan du sp\u00f8rre om \u00e5 bli lagt til i v\u00e5r mailliste.<\/p>\n<p>\n\n\n\n<\/p>\n<p>Vanlige sp\u00f8rsm\u00e5l: Se <span style=\"color: #007d32\"><a style=\"color: #007d32;text-decoration: underline\" href=\"https:\/\/ntnui.no\/judo\/faq\/\">her<\/a><\/span>!<\/p>\n<p>\n\n\n<p><\/p>","protected":false},"excerpt":{"rendered":"<p>Sit- og NTNUI-medlemsskap: Vi trener innend\u00f8rs, s\u00e5 man m\u00e5 ha b\u00e5de Sit-medlemsskap og NTNUI-medlemsskap for \u00e5 trene med oss. Vi holder til p\u00e5&nbsp;Sit idrett Gl\u00f8shaugen.&nbsp; Medlemsskapene f\u00e5r du kj\u00f8pt i resepsjonen, eller du kan betale p\u00e5 nett hvis du skal bruke mastercard. Ta med NTNU-adgangskortet ditt slik at du kan bruke dette p\u00e5 Sit ogs\u00e5. [&hellip;]<\/p>\n","protected":false},"author":3,"featured_media":0,"parent":0,"menu_order":0,"comment_status":"closed","ping_status":"closed","template":"","meta":{"_coblocks_attr":"","_coblocks_dimensions":"","_coblocks_responsive_height":"","_coblocks_accordion_ie_support":"","_price":"","_stock":"","_tribe_ticket_header":"","_tribe_default_ticket_provider":"","_tribe_ticket_capacity":"0","_ticket_start_date":"","_ticket_end_date":"","_tribe_ticket_show_description":"","_tribe_ticket_show_not_going":false,"_tribe_ticket_use_global_stock":"","_tribe_ticket_global_stock_level":"","_global_stock_mode":"","_global_stock_cap":"","_tribe_rsvp_for_event":"","_tribe_ticket_going_count":"","_tribe_ticket_not_going_count":"","_tribe_tickets_list":[],"_tribe_ticket_has_attendee_info_fields":false,"footnotes":""},"class_list":["post-1260","page","type-page","status-publish","hentry"],"featured_image_src":null,"featured_image_src_square":null,"_links":{"self":[{"href":"https:\/\/ntnui.no\/judo\/wp-json\/wp\/v2\/pages\/1260","targetHints":{"allow":["GET"]}}],"collection":[{"href":"https:\/\/ntnui.no\/judo\/wp-json\/wp\/v2\/pages"}],"about":[{"href":"https:\/\/ntnui.no\/judo\/wp-json\/wp\/v2\/types\/page"}],"author":[{"embeddable":true,"href":"https:\/\/ntnui.no\/judo\/wp-json\/wp\/v2\/users\/3"}],"replies":[{"embeddable":true,"href":"https:\/\/ntnui.no\/judo\/wp-json\/wp\/v2\/comments?post=1260"}],"version-history":[{"count":26,"href":"https:\/\/ntnui.no\/judo\/wp-json\/wp\/v2\/pages\/1260\/revisions"}],"predecessor-version":[{"id":2652,"href":"https:\/\/ntnui.no\/judo\/wp-json\/wp\/v2\/pages\/1260\/revisions\/2652"}],"wp:attachment":[{"href":"https:\/\/ntnui.no\/judo\/wp-json\/wp\/v2\/media?parent=1260"}],"curies":[{"name":"wp","href":"https:\/\/api.w.org\/{rel}","templated":true}]}}