{"id":1248,"date":"2018-08-13T23:47:28","date_gmt":"2018-08-13T21:47:28","guid":{"rendered":"https:\/\/ntnui.no\/judo\/?page_id=1248"},"modified":"2018-08-13T23:47:28","modified_gmt":"2018-08-13T21:47:28","slug":"brunt-belte","status":"publish","type":"page","link":"https:\/\/ntnui.no\/judo\/online-dojo\/gradering\/brunt-belte\/","title":{"rendered":"Brunt belte"},"content":{"rendered":"\n\t\t\t\t<p><strong>1. KYU\/MON, BRUNT BELTE<\/strong><\/p>\n<p><strong>Generelle krav<\/strong><br>\n&#8211; Minimum 90 treningstimer etter siste gradering, anbefalt tidligst i \u00e5ret ut\u00f8veren fyller 15 \u00e5r.<br>\n&#8211; Det er anbefalt at ut\u00f8veren har deltatt p\u00e5 3 stevner siden sist gradering. (Alternativt kan<br>\nkoshi-waza vises som kata).<br>\n&#8211; God kjennskap til de internasjonale kampreglene.<br>\n&#8211; Kjennskap til akutt skadebehandling (POLICE-begrepet), og til trening for gjenoppbygning<br>\netter skade.<br>\n&#8211; Kjennskap til dopingproblematikken. (Det b\u00f8r i treningen legges vekt p\u00e5 holdningsskapende<br>\naktiviteter).<br>\n&#8211; Kunnskap om kosthold generelt og kosthold knyttet til trening og konkurranser.<br>\n&#8211; Det anbefales at ut\u00f8veren har trener 1- og eller C-dommerlisens<\/p>\n<p><strong>Ne-waza (bakketeknikker)<\/strong><\/p>\n<p><strong>Osaekomi-waza (holdegrep)<\/strong><br>\nHovedteknikk samt en variant fra hver gruppe med sine respektive frigj\u00f8ringer skal vises i flytende<br>\nbevegelse.<br>\n&#8211; Kesa-gatame (skjerfholdegrep)<br>\n&#8211; Tate-shiho-gatame (overskrevs firepunkts holdegrep)<br>\n&#8211; Kata-gatame (skulderholdegrep)<br>\n&#8211; Yoko-shiho-gatame (sideveis firepunkts holdegrep)<br>\n&#8211; Kami-shiho-gatame (firepunkts holdegrep fra hodeenden)<\/p>\n<p><strong>Shime-waza (kvelninger), fra og med det \u00e5ret ut\u00f8veren fyller 13 \u00e5r<\/strong><br>\nTeknikkene skal vises med variant i flytende bevegelse.<br>\n&#8211; Hadaka-jime (nakenkvelning)<br>\n&#8211; Juji-jime (krysskveling)<br>\n&#8211; Okuri-eri -jime (glidende kravekveling)<br>\n&#8211; Kata-te-jime (enh\u00e5ndskveling)<br>\n&#8211; Kata-ha-jime (envinget kveling<\/p>\n<p><strong>Kansetsu-waza (armbend) fra og med det \u00e5ret ut\u00f8veren fyller 13 \u00e5r<\/strong><br>\nTeknikkene skal vises med variant i flytende bevegelse.<br>\n&#8211; Ude-hishigi-juji-gatame (korsarmbend)<br>\n&#8211; Ude-garami (flettearmbend)<br>\n&#8211; Kannuki-gatame (tverrtre-armbend)<br>\n&#8211; Ude hishigi-ude-gatame (armbrekkende armholdegrep)<br>\n&#8211; Ude-hishigi-waki-gatame (armbrekkende armhuleholdegrep)<br>\n&#8211; Ude-hishigi-ashi-gatame (armbrekkende beinholdegrep)<br>\n&#8211; Ude-hishigi-hara-gatame (armbrekkende mageholdegrep)<\/p>\n<p><strong>Go Kyo no waza (kastteknikker, Dai-gokyo (femte serie):<\/strong><br>\nAlle teknikker m\u00e5 vises til h\u00f8yre og venstre side<br>\n&#8211; O-soto-guruma (stort ytre hjul)<br>\n&#8211; Uki-waza (svevende teknikk)<br>\n&#8211; Yoko-wakare (sideveis adskillelse)<br>\n&#8211; Yoko-guruma (sideveis hjul)<br>\n&#8211; Ushiro-goshi (baklengs hoftekast)<br>\n&#8211; Ura-nage (baklengs kast)<br>\n&#8211; Sumi-otoshi (hj\u00f8rnefelling)<br>\n&#8211; Yoko-gake (sideveis beinkrok)<\/p>\n<p><strong>Bevegelsesoppgaver<\/strong><br>\n&#8211; 3 angrep hvis uke ligger p\u00e5 magen<br>\n&#8211; 3 motangrep hvis tori ligger p\u00e5 magen<br>\n&#8211; 3 angrep hvis uke ligger p\u00e5 ryggen (tori mellom bena)<br>\n&#8211; 3 angrep hvis tori ligger p\u00e5 ryggen (uke mellom bena)<br>\n&#8211; 4 overganger fra tachi-waza til ne-waza<br>\n&#8211; 4 motkast (Kaeshi-waza)<br>\n&#8211; 4 kombinasjoner (Renraku-waza)<\/p>\n<p><strong>Fordypningsteknikker<\/strong><br>\n&#8211; Minst 3 fordypningsteknikker<br>\n&#8211; Minst 1 fordypning skal v\u00e6re i ne waza og minst 1 skal v\u00e6re i tachi waza<\/p>\n<p><strong>Hovedm\u00e5l<\/strong><br>\n&#8211; Vise sikre ferdigheter i flere bevegelsesretninger.<br>\n&#8211; Ut\u00f8veren skal vise realistiske overganger, kombinasjoner og kontringer.<br>\n&#8211; En del av teknikkene b\u00f8r vises i randori-form.<br>\n&#8211; Ut\u00f8veren m\u00e5 kunne vise teknikkinnganger fra ulike posisjoner.<\/p>\n\n\n<figure class=\"wp-block-embed-youtube wp-block-embed is-type-video is-provider-youtube wp-embed-aspect-16-9 wp-has-aspect-ratio\"><div class=\"wp-block-embed__wrapper\">\n<iframe loading=\"lazy\" width=\"700\" height=\"394\" src=\"https:\/\/www.youtube.com\/embed\/ww9RModkfqo?feature=oembed\" frameborder=\"0\" allow=\"accelerometer; autoplay; encrypted-media; gyroscope; picture-in-picture\" allowfullscreen><\/iframe>\n<\/div><\/figure>\n\t\t","protected":false},"excerpt":{"rendered":"<p>1. KYU\/MON, BRUNT BELTE Generelle krav &#8211; Minimum 90 treningstimer etter siste gradering, anbefalt tidligst i \u00e5ret ut\u00f8veren fyller 15 \u00e5r. &#8211; Det er anbefalt at ut\u00f8veren har deltatt p\u00e5 3 stevner siden sist gradering. (Alternativt kan koshi-waza vises som kata). &#8211; God kjennskap til de internasjonale kampreglene. &#8211; Kjennskap til akutt skadebehandling (POLICE-begrepet), og [&hellip;]<\/p>\n","protected":false},"author":3,"featured_media":0,"parent":1216,"menu_order":0,"comment_status":"closed","ping_status":"closed","template":"","meta":{"_coblocks_attr":"","_coblocks_dimensions":"","_coblocks_responsive_height":"","_coblocks_accordion_ie_support":"","_price":"","_stock":"","_tribe_ticket_header":"","_tribe_default_ticket_provider":"","_tribe_ticket_capacity":"0","_ticket_start_date":"","_ticket_end_date":"","_tribe_ticket_show_description":"","_tribe_ticket_show_not_going":false,"_tribe_ticket_use_global_stock":"","_tribe_ticket_global_stock_level":"","_global_stock_mode":"","_global_stock_cap":"","_tribe_rsvp_for_event":"","_tribe_ticket_going_count":"","_tribe_ticket_not_going_count":"","_tribe_tickets_list":[],"_tribe_ticket_has_attendee_info_fields":false,"footnotes":""},"class_list":["post-1248","page","type-page","status-publish","hentry"],"featured_image_src":null,"featured_image_src_square":null,"_links":{"self":[{"href":"https:\/\/ntnui.no\/judo\/wp-json\/wp\/v2\/pages\/1248","targetHints":{"allow":["GET"]}}],"collection":[{"href":"https:\/\/ntnui.no\/judo\/wp-json\/wp\/v2\/pages"}],"about":[{"href":"https:\/\/ntnui.no\/judo\/wp-json\/wp\/v2\/types\/page"}],"author":[{"embeddable":true,"href":"https:\/\/ntnui.no\/judo\/wp-json\/wp\/v2\/users\/3"}],"replies":[{"embeddable":true,"href":"https:\/\/ntnui.no\/judo\/wp-json\/wp\/v2\/comments?post=1248"}],"version-history":[{"count":0,"href":"https:\/\/ntnui.no\/judo\/wp-json\/wp\/v2\/pages\/1248\/revisions"}],"up":[{"embeddable":true,"href":"https:\/\/ntnui.no\/judo\/wp-json\/wp\/v2\/pages\/1216"}],"wp:attachment":[{"href":"https:\/\/ntnui.no\/judo\/wp-json\/wp\/v2\/media?parent=1248"}],"curies":[{"name":"wp","href":"https:\/\/api.w.org\/{rel}","templated":true}]}}