{"id":1246,"date":"2018-08-13T23:46:16","date_gmt":"2018-08-13T21:46:16","guid":{"rendered":"https:\/\/ntnui.no\/judo\/?page_id=1246"},"modified":"2018-08-13T23:46:16","modified_gmt":"2018-08-13T21:46:16","slug":"blatt-belte","status":"publish","type":"page","link":"https:\/\/ntnui.no\/judo\/online-dojo\/gradering\/blatt-belte\/","title":{"rendered":"Bl\u00e5tt belte"},"content":{"rendered":"\n\t\t\t\t<p><strong>2. KYU\/MON, BL\u00c5TT BELTE<\/strong><\/p>\n<p>Generelle krav<br>\n&#8211; Minimum 70 treningstimer etter siste gradering, anbefalt tidligst i \u00e5ret ut\u00f8veren fyller 14 \u00e5r.<br>\n&#8211; Kjennskap til Art 27: straffbare handlinger i de internasjonale kampreglene.<br>\n&#8211; Det er anbefalt at ut\u00f8ver har deltatt p\u00e5 2 stevner siden sist gradering.<br>\n&#8211; Innen alle teknikkgrupper skal man beherske flere teknikker til begge sider. I det vesentlige<br>\nskal en kunne utf\u00f8re alle teknikker i fri bevegelse.<br>\n&#8211; Forst\u00e5else for enkle treningsprinsipper: Oppvarming, utt\u00f8yning, utholdenhetstrening,<br>\nstyrketrening<\/p>\n<p><strong>Ne-waza (bakketeknikker)<\/strong><\/p>\n<p><strong>Osaekomi-waza (holdegrep).<\/strong><br>\nHovedteknikk samt en variant fra hver gruppe med sine respektive frigj\u00f8ringer skal vises i flytende<br>\nbevegelse.<br>\n&#8211; Kesa-gatame (skjerfholdegrep)<br>\n&#8211; Tate-shiho-gatame (overskrevs firepunkts holdegrep)<br>\n&#8211; Kata-gatame (skulderholdegrep)<br>\n&#8211; Yoko-shiho-gatame (sideveis firepunkts holdegrep)<br>\n&#8211; Kami-shiho-gatame (firepunkts holdegrep fra hodeenden)<\/p>\n<p><strong>Shime-waza (kvelninger), fra og med det \u00e5ret ut\u00f8veren fyller 13 \u00e5r<\/strong><br>\nTeknikkene skal vises med variant i flytende bevegelse.<br>\n&#8211; Hadaka-jime (nakenkvelning)<br>\n&#8211; Juji-jime (krysskveling)<br>\n&#8211; Okuri-eri-jime (glidende kravekveling)<br>\n&#8211; Kata-te-jime (enh\u00e5ndskveling)<br>\n&#8211; Kata-ha-jime (envinget kveling)<\/p>\n<p><strong>Kansetsu-waza (armbend), fra og med det \u00e5ret ut\u00f8veren fyller 13 \u00e5r<\/strong><br>\nTeknikkene skal vises med variant i flytende bevegelse.<br>\n&#8211; Ude-hishigi-juji-gatame (korsarmbend)<br>\n&#8211; Ude-garami (flettearmbend)<br>\n&#8211; Kannuki-gatame (tverrtre-armbend)<br>\n&#8211; Ude hishigi-ude-gatame (armbrekkende armholdegrep)<br>\n&#8211; Ude-hishigi-waki-gatame (armbrekkende armhuleholdegrep)<br>\n&#8211; Ude-hishigi-ashi-gatame (armbrekkende beinholdegrep)<br>\n&#8211; Ude-hishigi-hara-gatame (armbrekkende mageholdegrep)<\/p>\n<p><strong>Go Kyo no waza (kastteknikker), Dai-yonkyo (fjerde serie)<\/strong><br>\nAlle teknikker m\u00e5 vises til h\u00f8yre og venstre side<br>\n&#8211; Sumi-gaeshi (hj\u00f8rne-motgrep)<br>\n&#8211; Tani-otoshi (dal-felling)<br>\n&#8211; Hane-maki-komi (fj\u00e6rende foldekast)<br>\n&#8211; Sukui-nage (\u00f8sende kast) eller Te-guruma<br>\n&#8211; Utsuri-goshi (skiftende hoftekast)<br>\n&#8211; O-guruma (stort hjul)<br>\n&#8211; Soto-makikomi (ytre foldekast)<br>\n&#8211; Uki-otoshi (svevende felling)<\/p>\n<p><strong>Bevegelsesoppgaver<\/strong><br>\n&#8211; 2 fordypningsteknikker<br>\n&#8211; 3 kombinasjoner (Renraku-waza)<br>\n&#8211; 3 motkast (Kaeshi-waza)<br>\n&#8211; 3 overganger fra tachi-waza til ne-waza<br>\n&#8211; 3 angrep hvis uke ligger p\u00e5 magen<br>\n&#8211; 2 motangrep hvis tori ligger p\u00e5 magen<br>\n&#8211; 3 angrep hvis uke ligger p\u00e5 ryggen (tori mellom bena)<br>\n&#8211; 2 angrep hvis tori ligger p\u00e5 ryggen (uke mellom bena)<\/p>\n<p><strong>Hovedm\u00e5l<\/strong><br>\n&#8211; Vise grunnleggende ferdigheter i flere bevegelsesretninger.<br>\n&#8211; Ut\u00f8veren skal kunne vise sammensatte bevegelser.<br>\n&#8211; Det er viktig at alle nage-waza-teknikker l\u00e6res i bevegelse.<br>\n&#8211; Det skal tilstrebes at teknikkene utf\u00f8res i realistiske situasjoner.<br>\n&#8211; Ut\u00f8veren m\u00e5 kunne skape og utnytte situasjoner<\/p>\n\n\n<figure class=\"wp-block-embed-youtube wp-block-embed is-type-video is-provider-youtube wp-embed-aspect-16-9 wp-has-aspect-ratio\"><div class=\"wp-block-embed__wrapper\">\n<iframe loading=\"lazy\" width=\"700\" height=\"394\" src=\"https:\/\/www.youtube.com\/embed\/dkX6v9rLpxI?feature=oembed\" frameborder=\"0\" allow=\"accelerometer; autoplay; encrypted-media; gyroscope; picture-in-picture\" allowfullscreen><\/iframe>\n<\/div><\/figure>\n\t\t","protected":false},"excerpt":{"rendered":"<p>2. KYU\/MON, BL\u00c5TT BELTE Generelle krav &#8211; Minimum 70 treningstimer etter siste gradering, anbefalt tidligst i \u00e5ret ut\u00f8veren fyller 14 \u00e5r. &#8211; Kjennskap til Art 27: straffbare handlinger i de internasjonale kampreglene. &#8211; Det er anbefalt at ut\u00f8ver har deltatt p\u00e5 2 stevner siden sist gradering. &#8211; Innen alle teknikkgrupper skal man beherske flere teknikker [&hellip;]<\/p>\n","protected":false},"author":3,"featured_media":0,"parent":1216,"menu_order":0,"comment_status":"closed","ping_status":"closed","template":"","meta":{"_coblocks_attr":"","_coblocks_dimensions":"","_coblocks_responsive_height":"","_coblocks_accordion_ie_support":"","_price":"","_stock":"","_tribe_ticket_header":"","_tribe_default_ticket_provider":"","_tribe_ticket_capacity":"0","_ticket_start_date":"","_ticket_end_date":"","_tribe_ticket_show_description":"","_tribe_ticket_show_not_going":false,"_tribe_ticket_use_global_stock":"","_tribe_ticket_global_stock_level":"","_global_stock_mode":"","_global_stock_cap":"","_tribe_rsvp_for_event":"","_tribe_ticket_going_count":"","_tribe_ticket_not_going_count":"","_tribe_tickets_list":[],"_tribe_ticket_has_attendee_info_fields":false,"footnotes":""},"class_list":["post-1246","page","type-page","status-publish","hentry"],"featured_image_src":null,"featured_image_src_square":null,"_links":{"self":[{"href":"https:\/\/ntnui.no\/judo\/wp-json\/wp\/v2\/pages\/1246","targetHints":{"allow":["GET"]}}],"collection":[{"href":"https:\/\/ntnui.no\/judo\/wp-json\/wp\/v2\/pages"}],"about":[{"href":"https:\/\/ntnui.no\/judo\/wp-json\/wp\/v2\/types\/page"}],"author":[{"embeddable":true,"href":"https:\/\/ntnui.no\/judo\/wp-json\/wp\/v2\/users\/3"}],"replies":[{"embeddable":true,"href":"https:\/\/ntnui.no\/judo\/wp-json\/wp\/v2\/comments?post=1246"}],"version-history":[{"count":0,"href":"https:\/\/ntnui.no\/judo\/wp-json\/wp\/v2\/pages\/1246\/revisions"}],"up":[{"embeddable":true,"href":"https:\/\/ntnui.no\/judo\/wp-json\/wp\/v2\/pages\/1216"}],"wp:attachment":[{"href":"https:\/\/ntnui.no\/judo\/wp-json\/wp\/v2\/media?parent=1246"}],"curies":[{"name":"wp","href":"https:\/\/api.w.org\/{rel}","templated":true}]}}