{"id":1244,"date":"2018-08-13T23:44:28","date_gmt":"2018-08-13T21:44:28","guid":{"rendered":"https:\/\/ntnui.no\/judo\/?page_id=1244"},"modified":"2025-03-17T16:53:28","modified_gmt":"2025-03-17T15:53:28","slug":"gront-belte","status":"publish","type":"page","link":"https:\/\/ntnui.no\/judo\/online-dojo\/gradering\/gront-belte\/","title":{"rendered":"Gr\u00f8nt belte"},"content":{"rendered":"<p><strong>3. KYU\/MON, GR\u00d8NT BELTE<\/strong><\/p>\n<p><strong>Generelle krav<\/strong><br \/>\n&#8211; 3. Kyu (Gr\u00f8nt belte): M\u00e5 ha deltatt p\u00e5 minst 50 treninger etter siste gradering.<\/p>\n<p><strong>Kjennskap til<\/strong><br \/>\n&#8211; Art 4: Personkrav<br \/>\n&#8211; Art 8: Offisielle dommertegn<br \/>\n&#8211; Art 15: Kampens begynnelse i de internasjonale kampreglene<\/p>\n<p><strong>Forst\u00e5else for<\/strong><br \/>\n&#8211; Renraku-waza \u2013 kombinasjonsteknikker<br \/>\n&#8211; Tokui-waza \u2013 favoritteknikk<br \/>\n&#8211; Kaeshi-waza \u2013 kontreringsteknikker<br \/>\n&#8211; Enkle treningsprinsipper: Oppvarming, utt\u00f8ying, utholdenhetstrening, styrketrening<\/p>\n<p><strong>Ne-waza (bakketeknikker)<\/strong><br \/>\n<strong>Osaekomi-waza (holdegrep)<\/strong>, med frigj\u00f8ring til begge sider:<br \/>\n&#8211; Kesa-gatame (Skjerfholdegrep)<br \/>\n&#8211; Yoko-shiho-gatame (Sideveis firepunkts holdegrep)<br \/>\n&#8211; Tate-shiho-gatame (Overskrevs firepunkts holdegrep)<br \/>\n&#8211; Kata-gatame (Skulderholdegrep)<br \/>\n&#8211; Kami-shiho-gatame (Firepunkts holdegrep fra hodeenden)<\/p>\n<p><strong>Shime-waza (kvelninger)<\/strong><br \/>\nVise teknikkene og forsvar eller frigj\u00f8ringer:<br \/>\n&#8211; Juji-jime (Krysskveling)<br \/>\n&#8211; Kata-te-jime (Enh\u00e5ndskveling)<br \/>\n&#8211; Hadaka-jime (Naken kveling)<br \/>\n&#8211; Kata-ha-jime (Envinget kvelning)<br \/>\n&#8211; Okuri-eri-jime (Glidende kragekveling)<\/p>\n<p><strong>Kansetsu-waza (armbend) <\/strong><br \/>\nVise teknikkene og forsvar eller frigj\u00f8ringer:<br \/>\n&#8211; Ude-garami (Flettearmbend)<br \/>\n&#8211; Ude-hishigi-juji-gatame (Korsarmbend)<br \/>\n&#8211; Ude-hishigi-ude-gatame (Armbrekkende armholdegrep)<br \/>\n&#8211; Ude-hishigi-waki-gatame (Armbrekkende armhuleholdegrep)<br \/>\n&#8211; Ude-hishigi-hiza-gatame (Armbrekkende kneholdegrep)<br \/>\n&#8211; Ude-hishigi-hara-gatame (Armbrekkende mageholdegrep)<\/p>\n<p><strong>Go Kyo no Waza (kastteknikker)<\/strong><br \/>\nAlle teknikker m\u00e5 vises til h\u00f8yre og venstre side.<\/p>\n<p><strong>Dai-ikkyo (F\u00f8rste serie) \u2013 Gult belte<\/strong><br \/>\n&#8211; De-ashi-harai (Forfot feiing)<br \/>\n&#8211; Hiza-guruma (Hjul omkring kneet)<br \/>\n&#8211; Sasae-tsurikomi-ashi (Fotsperre)<br \/>\n&#8211; Uki-goshi (Hoftesving)<br \/>\n&#8211; O-soto-gari (Stor utvendig meiing)<br \/>\n&#8211; O-goshi (Stort hoftekast)<br \/>\n&#8211; O-uchi-gari (Stor indre meiing)<br \/>\n&#8211; Seoi-nage (Skulderkast)<\/p>\n<p><strong>Dai-nikyo (Andre serie) \u2013 Oransje belte<\/strong><br \/>\n&#8211; Ko-soto-gari (Liten ytre meiing)<br \/>\n&#8211; Ko-uchi-gari (Liten indre meiing)<br \/>\n&#8211; Koshi-guruma (Hoftehjul)<br \/>\n&#8211; Tsurikomi-goshi (Hoftekast med l\u00f8ftende trekk)<br \/>\n&#8211; Okuri-ashi-harai (Feiing av etterslepende fot)<br \/>\n&#8211; Tai-otoshi (Kroppsfelling)<br \/>\n&#8211; Harai-goshi (Feiende hoftekast)<br \/>\n&#8211; Uchi-mata (Indre l\u00e5rkast)<\/p>\n<p><strong>Dai-sankyo (Tredje serie) \u2013 Gr\u00f8nt belte<\/strong><br \/>\n&#8211; Ko-soto-gake (Liten ytre hakefeil)<br \/>\n&#8211; Tsuri-goshi (L\u00f8ftehoftekast)<br \/>\n&#8211; Yoko-otoshi (Sidefall)<br \/>\n&#8211; Ashi-guruma (Fot-hjul)<br \/>\n&#8211; Hane-goshi (Sveipende hoftekast)<br \/>\n&#8211; Harai-tsurikomi-ashi (Feiende l\u00f8ftefotkast)<br \/>\n&#8211; Tomoe-nage (Sirkelkast)<br \/>\n&#8211; Kata-guruma (Skulderhjul)<\/p>\n<p><strong>Bevegelsesoppgaver<\/strong><br \/>\n&#8211; 1 fordypningsteknikk<br \/>\n&#8211; 2 kontringer (Kaeshi-waza)<br \/>\n&#8211; 2 kombinasjoner (Renraku-waza)<br \/>\n&#8211; 2 angrep n\u00e5r uke ligger p\u00e5 magen<br \/>\n&#8211; 2 angrep n\u00e5r uke ligger p\u00e5 ryggen (Tori mellom bena)<br \/>\n&#8211; Uke utf\u00f8rer et mislykket angrep i ne-waza og tori utnytter situasjonen<br \/>\n&#8211; 3 overganger fra tachi-waza til ne-waza<\/p>\n<p><strong>Hovedm\u00e5l<\/strong><br \/>\n&#8211; Ut\u00f8verne m\u00e5 vise dynamiske bevegelser til begge sider<\/p>\n","protected":false},"excerpt":{"rendered":"<p>3. KYU\/MON, GR\u00d8NT BELTE Generelle krav &#8211; 3. Kyu (Gr\u00f8nt belte): M\u00e5 ha deltatt p\u00e5 minst 50 treninger etter siste gradering. Kjennskap til &#8211; Art 4: Personkrav &#8211; Art 8: Offisielle dommertegn &#8211; Art 15: Kampens begynnelse i de internasjonale kampreglene Forst\u00e5else for &#8211; Renraku-waza \u2013 kombinasjonsteknikker &#8211; Tokui-waza \u2013 favoritteknikk &#8211; Kaeshi-waza \u2013 kontreringsteknikker [&hellip;]<\/p>\n","protected":false},"author":3,"featured_media":0,"parent":1216,"menu_order":0,"comment_status":"closed","ping_status":"closed","template":"","meta":{"_coblocks_attr":"","_coblocks_dimensions":"","_coblocks_responsive_height":"","_coblocks_accordion_ie_support":"","_price":"","_stock":"","_tribe_ticket_header":"","_tribe_default_ticket_provider":"","_tribe_ticket_capacity":"0","_ticket_start_date":"","_ticket_end_date":"","_tribe_ticket_show_description":"","_tribe_ticket_show_not_going":false,"_tribe_ticket_use_global_stock":"","_tribe_ticket_global_stock_level":"","_global_stock_mode":"","_global_stock_cap":"","_tribe_rsvp_for_event":"","_tribe_ticket_going_count":"","_tribe_ticket_not_going_count":"","_tribe_tickets_list":[],"_tribe_ticket_has_attendee_info_fields":false,"footnotes":""},"class_list":["post-1244","page","type-page","status-publish","hentry"],"featured_image_src":null,"featured_image_src_square":null,"_links":{"self":[{"href":"https:\/\/ntnui.no\/judo\/wp-json\/wp\/v2\/pages\/1244","targetHints":{"allow":["GET"]}}],"collection":[{"href":"https:\/\/ntnui.no\/judo\/wp-json\/wp\/v2\/pages"}],"about":[{"href":"https:\/\/ntnui.no\/judo\/wp-json\/wp\/v2\/types\/page"}],"author":[{"embeddable":true,"href":"https:\/\/ntnui.no\/judo\/wp-json\/wp\/v2\/users\/3"}],"replies":[{"embeddable":true,"href":"https:\/\/ntnui.no\/judo\/wp-json\/wp\/v2\/comments?post=1244"}],"version-history":[{"count":2,"href":"https:\/\/ntnui.no\/judo\/wp-json\/wp\/v2\/pages\/1244\/revisions"}],"predecessor-version":[{"id":2662,"href":"https:\/\/ntnui.no\/judo\/wp-json\/wp\/v2\/pages\/1244\/revisions\/2662"}],"up":[{"embeddable":true,"href":"https:\/\/ntnui.no\/judo\/wp-json\/wp\/v2\/pages\/1216"}],"wp:attachment":[{"href":"https:\/\/ntnui.no\/judo\/wp-json\/wp\/v2\/media?parent=1244"}],"curies":[{"name":"wp","href":"https:\/\/api.w.org\/{rel}","templated":true}]}}