{"id":1242,"date":"2018-08-13T23:42:04","date_gmt":"2018-08-13T21:42:04","guid":{"rendered":"https:\/\/ntnui.no\/judo\/?page_id=1242"},"modified":"2025-03-17T16:56:20","modified_gmt":"2025-03-17T15:56:20","slug":"oransje-belte","status":"publish","type":"page","link":"https:\/\/ntnui.no\/judo\/online-dojo\/gradering\/oransje-belte\/","title":{"rendered":"Oransje belte"},"content":{"rendered":"<p><strong>4. KYU\/MON, ORANSJE BELTE<\/strong><\/p>\n<p><strong>Generelle krav<\/strong><br>\n&#8211; 4. Kyu (Oransje belte): M\u00e5 ha deltatt p\u00e5 minst 30 treninger etter siste gradering.<\/p>\n<p><strong>Kjennskap til<\/strong><br>\n&#8211; Yoko<br>\n&#8211; Waza-ari<br>\n&#8211; Shido<br>\n&#8211; Toketa<\/p>\n<p><strong>Ne-waza (bakketeknikker)<\/strong><br>\n<strong>Osaekomi-waza (holdegrep)<\/strong>, med frigj\u00f8ring til begge sider:<br>\n&#8211; Kesa-gatame (Skjerfholdegrep)<br>\n&#8211; Yoko-shiho-gatame (Sideveis firepunkts holdegrep)<br>\n&#8211; Tate-shiho-gatame (Overskrevs firepunkts holdegrep)<br>\n&#8211; Kata-gatame (Skulderholdegrep)<br>\n&#8211; Kami-shiho-gatame (Firepunkts holdegrep fra hodeenden)<\/p>\n<p><strong>Shime-waza (kvelninger) <\/strong><br>\n&#8211; Juji-jime (Krysskveling)<br>\n&#8211; Hadaka-jime (Naken kveling)<br>\n&#8211; Okuri-eri-jime (Glidende kragekveling)<\/p>\n<p><strong>Kansetsu-waza (armbend) <\/strong><br>\n&#8211; Ude-garami (Flettearmbend)<br>\n&#8211; Ude-hishigi-juji-gatame (Korsarmbend)<\/p>\n<p><strong>Go Kyo no Waza (kastteknikker)<\/strong><br>\nAlle teknikker m\u00e5 vises til h\u00f8yre og venstre side.<\/p>\n<p><strong>Dai-ikkyo (F\u00f8rste serie) \u2013 Gult belte<\/strong><br>\n&#8211; De-ashi-harai (Forfot feiing)<br>\n&#8211; Hiza-guruma (Hjul omkring kneet)<br>\n&#8211; Sasae-tsurikomi-ashi (Fotsperre)<br>\n&#8211; Uki-goshi (Hoftesving)<br>\n&#8211; O-soto-gari (Stor utvendig meiing)<br>\n&#8211; O-goshi (Stort hoftekast)<br>\n&#8211; O-uchi-gari (Stor indre meiing)<br>\n&#8211; Seoi-nage (Skulderkast)<\/p>\n<p><strong>Dai-nikyo (Andre serie) \u2013 Oransje belte<\/strong><br>\n&#8211; Ko-soto-gari (Liten ytre meiing)<br>\n&#8211; Ko-uchi-gari (Liten indre meiing)<br>\n&#8211; Koshi-guruma (Hoftehjul)<br>\n&#8211; Tsurikomi-goshi (Hoftekast med l\u00f8ftende trekk)<br>\n&#8211; Okuri-ashi-harai (Feiing av etterslepende fot)<br>\n&#8211; Tai-otoshi (Kroppsfelling)<br>\n&#8211; Harai-goshi (Feiende hoftekast)<br>\n&#8211; Uchi-mata (Indre l\u00e5rkast)<\/p>\n<p><strong>Bevegelsesoppgaver<\/strong><br>\nTori skal gjennomf\u00f8re kasteteknikker i eget fremover-, bakover- og sidelengs bevegelse:<br>\n&#8211; 1 kombinasjon (Renraku-waza)<br>\n&#8211; 1 kontring (Kaeshi-waza)<br>\n&#8211; 1 angrep hvis uke ligger p\u00e5 magen<br>\n&#8211; 1 angrep hvis uke ligger p\u00e5 ryggen (Tori mellom bena)<br>\n&#8211; 2 overganger fra tachi-waza til ne-waza<\/p>\n<p><strong>Hovedm\u00e5l<\/strong><br>\n&#8211; Det b\u00f8r trenes p\u00e5 overganger fra tachi-waza til ne-waza.<br>\n&#8211; Teknikkene skal vise tydelig fremskritt sammenlignet med gult belte.<br>\n&#8211; Ut\u00f8verne skal bevisst trekke eller skyve for \u00e5 f\u00e5 til balansebrudd.<br>\n&#8211; P\u00e5 oransjebelteniv\u00e5 anbefales det at ut\u00f8veren deltar i shiai (kamp).<\/p>\n\n\n<figure class=\"wp-block-embed-youtube wp-block-embed is-type-video is-provider-youtube wp-embed-aspect-16-9 wp-has-aspect-ratio\"><div class=\"wp-block-embed__wrapper\">\n<iframe loading=\"lazy\" title=\"Judo Techniques for Belt Promotion  - Orange belt\" width=\"700\" height=\"394\" src=\"https:\/\/www.youtube.com\/embed\/5vxv4IBzl04?feature=oembed\" frameborder=\"0\" allow=\"accelerometer; autoplay; clipboard-write; encrypted-media; gyroscope; picture-in-picture; web-share\" referrerpolicy=\"strict-origin-when-cross-origin\" allowfullscreen><\/iframe>\n<\/div><\/figure>\n","protected":false},"excerpt":{"rendered":"<p>4. KYU\/MON, ORANSJE BELTE Generelle krav &#8211; 4. Kyu (Oransje belte): M\u00e5 ha deltatt p\u00e5 minst 30 treninger etter siste gradering. Kjennskap til &#8211; Yoko &#8211; Waza-ari &#8211; Shido &#8211; Toketa Ne-waza (bakketeknikker) Osaekomi-waza (holdegrep), med frigj\u00f8ring til begge sider: &#8211; Kesa-gatame (Skjerfholdegrep) &#8211; Yoko-shiho-gatame (Sideveis firepunkts holdegrep) &#8211; Tate-shiho-gatame (Overskrevs firepunkts holdegrep) &#8211; Kata-gatame [&hellip;]<\/p>\n","protected":false},"author":3,"featured_media":0,"parent":1216,"menu_order":0,"comment_status":"closed","ping_status":"closed","template":"","meta":{"_coblocks_attr":"","_coblocks_dimensions":"","_coblocks_responsive_height":"","_coblocks_accordion_ie_support":"","_price":"","_stock":"","_tribe_ticket_header":"","_tribe_default_ticket_provider":"","_tribe_ticket_capacity":"0","_ticket_start_date":"","_ticket_end_date":"","_tribe_ticket_show_description":"","_tribe_ticket_show_not_going":false,"_tribe_ticket_use_global_stock":"","_tribe_ticket_global_stock_level":"","_global_stock_mode":"","_global_stock_cap":"","_tribe_rsvp_for_event":"","_tribe_ticket_going_count":"","_tribe_ticket_not_going_count":"","_tribe_tickets_list":[],"_tribe_ticket_has_attendee_info_fields":false,"footnotes":""},"class_list":["post-1242","page","type-page","status-publish","hentry"],"featured_image_src":null,"featured_image_src_square":null,"_links":{"self":[{"href":"https:\/\/ntnui.no\/judo\/wp-json\/wp\/v2\/pages\/1242","targetHints":{"allow":["GET"]}}],"collection":[{"href":"https:\/\/ntnui.no\/judo\/wp-json\/wp\/v2\/pages"}],"about":[{"href":"https:\/\/ntnui.no\/judo\/wp-json\/wp\/v2\/types\/page"}],"author":[{"embeddable":true,"href":"https:\/\/ntnui.no\/judo\/wp-json\/wp\/v2\/users\/3"}],"replies":[{"embeddable":true,"href":"https:\/\/ntnui.no\/judo\/wp-json\/wp\/v2\/comments?post=1242"}],"version-history":[{"count":5,"href":"https:\/\/ntnui.no\/judo\/wp-json\/wp\/v2\/pages\/1242\/revisions"}],"predecessor-version":[{"id":2664,"href":"https:\/\/ntnui.no\/judo\/wp-json\/wp\/v2\/pages\/1242\/revisions\/2664"}],"up":[{"embeddable":true,"href":"https:\/\/ntnui.no\/judo\/wp-json\/wp\/v2\/pages\/1216"}],"wp:attachment":[{"href":"https:\/\/ntnui.no\/judo\/wp-json\/wp\/v2\/media?parent=1242"}],"curies":[{"name":"wp","href":"https:\/\/api.w.org\/{rel}","templated":true}]}}