{"id":1237,"date":"2018-08-13T23:34:13","date_gmt":"2018-08-13T21:34:13","guid":{"rendered":"https:\/\/ntnui.no\/judo\/?page_id=1237"},"modified":"2025-03-17T16:41:16","modified_gmt":"2025-03-17T15:41:16","slug":"gult-belte","status":"publish","type":"page","link":"https:\/\/ntnui.no\/judo\/online-dojo\/gradering\/gult-belte\/","title":{"rendered":"Gult belte"},"content":{"rendered":"<p><strong>5. KYU\/MON, GULT BELTE<\/strong><\/p>\n<p><strong>Generelle krav<\/strong><br>\n&#8211; 5. Kyu (Gult belte): M\u00e5 ha deltatt p\u00e5 minst 25 treninger etter siste gradering.<\/p>\n<p><strong>Kjennskap til<\/strong><br>\n&#8211; mate, hajime, osaekomi, ippon<br>\n&#8211; kumikata \u2013 grepsteknikk<br>\n&#8211; uchi-komi \u2013 innganger uten kast<br>\n&#8211; kuzushi \u2013 balansebrudd<br>\n&#8211; yaku-soku-geiko \u2013 avtalt \u00f8velse<br>\n&#8211; randori \u2013 fri trening<br>\n&#8211; shizen-tai \u2013 grunnstilling<br>\n&#8211; jigo-tai \u2013 forsvarsstilling<br>\n&#8211; rei \u2013 hilsen<\/p>\n<p><strong>Ukemi (fallteknikk)<\/strong><br>\n&#8211; ushiro-ukemi (fallteknikk bakover)<br>\n&#8211; yoko-ukemi (fallteknikk til siden)<br>\n&#8211; mae-mawari-ukemi (fallteknikk fremover)<\/p>\n<p><strong>Ne-waza (bakketeknikker)<\/strong><br>\n<strong>Osaekomi-waza (holdegrep)<\/strong>, alle holdegrepene skal vises til h\u00f8yre og venstre:<br>\n&#8211; Kesa-gatame (Skjerfholdegrep)<br>\n&#8211; Kata-gatame (Skulderholdegrep)<br>\n&#8211; Yoko-shiho-gatame (Sideveis firepunkts holdegrep)<br>\n&#8211; Tate-shiho-gatame (Overskrevs firepunkts holdegrep)<br>\n&#8211; Kami-shiho-gatame (Firepunkts holdegrep fra hodeenden)<\/p>\n<p><strong>Shime-waza (kvelninger)<\/strong><br>\n&#8211; 1 kvelning etter eget valg<\/p>\n<p><strong>Kansetsu-waza (armbend)<\/strong><br>\n&#8211; 1 armbend etter eget valg<\/p>\n<p><strong>Bevegelsesoppgaver<\/strong><br>\n&#8211; Fire kast skal gjennomf\u00f8res i bevegelse.<br>\n&#8211; 1 overgang fra tachi-waza til ne-waza.<\/p>\n<p><strong>Go Kyo no Waza (kastteknikker), Dai-ikkyo (f\u00f8rste serie)<\/strong><br>\nAlle teknikker m\u00e5 vises til h\u00f8yre og venstre side:<br>\n&#8211; De-ashi-harai (forfot feiing)<br>\n&#8211; Hiza-guruma (hjul omkring kneet)<br>\n&#8211; Sasae-tsurikomi-ashi (fotsperre)<br>\n&#8211; Uki-goshi (hoftesving)<br>\n&#8211; O-soto-gari (stor utvendig meiing)<br>\n&#8211; O-goshi (stort hoftekast)<br>\n&#8211; O-uchi-gari (stor indre meiing)<br>\n&#8211; Seoi-nage (skulderkast)<\/p>\n<p><strong>Hovedm\u00e5l<\/strong><br>\n&#8211; Gi ut\u00f8verne en innf\u00f8ring i judoens dynamiske prinsipper.<br>\n&#8211; Det er viktig \u00e5 l\u00e6re god ukemi.<br>\n&#8211; Kast skal gjennomf\u00f8res med god kontroll over egen balanse.<br>\n&#8211; Ut\u00f8ver skal f\u00e5 forst\u00e5else for at han\/hun har ansvar for partnerens helse og trivsel.<\/p>\n\n\n<figure class=\"wp-block-embed-youtube wp-block-embed is-type-video is-provider-youtube wp-embed-aspect-16-9 wp-has-aspect-ratio\"><div class=\"wp-block-embed__wrapper\">\n<iframe loading=\"lazy\" title=\"Judo Techniques for Belt Promotion  - Yellow Belt\" width=\"700\" height=\"394\" src=\"https:\/\/www.youtube.com\/embed\/o9Y1aDpdL_Q?feature=oembed\" frameborder=\"0\" allow=\"accelerometer; autoplay; clipboard-write; encrypted-media; gyroscope; picture-in-picture; web-share\" referrerpolicy=\"strict-origin-when-cross-origin\" allowfullscreen><\/iframe>\n<\/div><\/figure>\n","protected":false},"excerpt":{"rendered":"<p>5. KYU\/MON, GULT BELTE Generelle krav &#8211; 5. Kyu (Gult belte): M\u00e5 ha deltatt p\u00e5 minst 25 treninger etter siste gradering. Kjennskap til &#8211; mate, hajime, osaekomi, ippon &#8211; kumikata \u2013 grepsteknikk &#8211; uchi-komi \u2013 innganger uten kast &#8211; kuzushi \u2013 balansebrudd &#8211; yaku-soku-geiko \u2013 avtalt \u00f8velse &#8211; randori \u2013 fri trening &#8211; shizen-tai \u2013 [&hellip;]<\/p>\n","protected":false},"author":3,"featured_media":0,"parent":1216,"menu_order":0,"comment_status":"closed","ping_status":"closed","template":"","meta":{"_coblocks_attr":"","_coblocks_dimensions":"","_coblocks_responsive_height":"","_coblocks_accordion_ie_support":"","_price":"","_stock":"","_tribe_ticket_header":"","_tribe_default_ticket_provider":"","_tribe_ticket_capacity":"0","_ticket_start_date":"","_ticket_end_date":"","_tribe_ticket_show_description":"","_tribe_ticket_show_not_going":false,"_tribe_ticket_use_global_stock":"","_tribe_ticket_global_stock_level":"","_global_stock_mode":"","_global_stock_cap":"","_tribe_rsvp_for_event":"","_tribe_ticket_going_count":"","_tribe_ticket_not_going_count":"","_tribe_tickets_list":[],"_tribe_ticket_has_attendee_info_fields":false,"footnotes":""},"class_list":["post-1237","page","type-page","status-publish","hentry"],"featured_image_src":null,"featured_image_src_square":null,"_links":{"self":[{"href":"https:\/\/ntnui.no\/judo\/wp-json\/wp\/v2\/pages\/1237","targetHints":{"allow":["GET"]}}],"collection":[{"href":"https:\/\/ntnui.no\/judo\/wp-json\/wp\/v2\/pages"}],"about":[{"href":"https:\/\/ntnui.no\/judo\/wp-json\/wp\/v2\/types\/page"}],"author":[{"embeddable":true,"href":"https:\/\/ntnui.no\/judo\/wp-json\/wp\/v2\/users\/3"}],"replies":[{"embeddable":true,"href":"https:\/\/ntnui.no\/judo\/wp-json\/wp\/v2\/comments?post=1237"}],"version-history":[{"count":3,"href":"https:\/\/ntnui.no\/judo\/wp-json\/wp\/v2\/pages\/1237\/revisions"}],"predecessor-version":[{"id":2656,"href":"https:\/\/ntnui.no\/judo\/wp-json\/wp\/v2\/pages\/1237\/revisions\/2656"}],"up":[{"embeddable":true,"href":"https:\/\/ntnui.no\/judo\/wp-json\/wp\/v2\/pages\/1216"}],"wp:attachment":[{"href":"https:\/\/ntnui.no\/judo\/wp-json\/wp\/v2\/media?parent=1237"}],"curies":[{"name":"wp","href":"https:\/\/api.w.org\/{rel}","templated":true}]}}