{"id":933,"date":"2024-04-23T20:49:24","date_gmt":"2024-04-23T19:49:24","guid":{"rendered":"https:\/\/ntnui.no\/innebandy\/?page_id=933"},"modified":"2025-02-16T23:44:54","modified_gmt":"2025-02-16T22:44:54","slug":"faq-nye-medlemmer","status":"publish","type":"page","link":"https:\/\/ntnui.no\/innebandy\/faq-nye-medlemmer\/","title":{"rendered":"FAQ: Nye medlemmer"},"content":{"rendered":"\n<p><strong>Hvem kan bli med?<\/strong><br>Alle studenter og akademisk ansatte ved NTNU.<br>For \u00e5 f\u00e5 unntak fra disse kravene m\u00e5 man s\u00f8ke om dispensasjon. Dette gis kun ved spesielle tilfeller. Ta f\u00f8rst kontakt med lederen p\u00e5 <a href=\"mailto:innebandy-leder@ntnui.no\">innebandy-leder@ntnui.no<\/a> om dette er noe du vurderer.<\/p>\n\n\n\n<p><strong>Er det opptak for \u00e5 bli med p\u00e5 diverse lag?<\/strong><br>Ja, opptak gjelder kun for 1. og 2. laget. 3. laget er \u00e5pent for alle, s\u00e5 det er bare \u00e5 m\u00f8te opp. Opptakstreningene finner sted i uke 34 og 35. Sjekk treningstidene <a href=\"https:\/\/ntnui.no\/innebandy\/lag-og-treningstider\/\" data-type=\"URL\" data-id=\"https:\/\/ntnui.no\/innebandy\/lag-og-treningstider\/\"><strong>her<\/strong><\/a> for laget du \u00f8nsker \u00e5 pr\u00f8ve deg p\u00e5.<\/p>\n\n\n\n<p><strong>Hvor holder dere til?<\/strong><br>Vi befinner oss p\u00e5 Sit Dragvoll Idrettsenter i hall B, Loholt alle 81.<\/p>\n\n\n\n<p><strong>Hvor mye koster medlemskap?<\/strong><br>Se under<em> <\/em><a href=\"https:\/\/ntnui.no\/innebandy\/for-nye-spillere\/\" data-type=\"URL\" data-id=\"https:\/\/ntnui.no\/innebandy\/for-nye-spillere\/\"><strong>medlemskap og lisens<\/strong><\/a><em> <\/em>for mer informasjon om medlemskap.<\/p>\n\n\n\n<p><strong>Hvordan melder jeg meg p\u00e5 treningene?<\/strong><br>Hvert lag har eget p\u00e5meldingssystem for treninger, dette f\u00e5r man tilgang til etter opptak. Ta gjerne kontakt med trenerne dersom du har sp\u00f8rsm\u00e5l.<\/p>\n\n\n\n<p><strong>M\u00e5 jeg ha med egen utstyr for \u00e5 delta p\u00e5 trening?<\/strong><br>Nei, vi har b\u00e5de k\u00f8ller og keeperutstyr til utl\u00e5n! Man m\u00e5 selv medbringe treningst\u00f8y, innesko og vannflaske.<\/p>\n\n\n\n<p><strong>Er det dugnad?<\/strong><br>Ja, alle som er med p\u00e5 lagspill skal stille til dugnad.<\/p>\n\n\n\n<p><strong>Jeg skal delta p\u00e5 seriekamp. M\u00e5 jeg kj\u00f8pe min egen NTNUI-tr\u00f8ye?<\/strong><br>Nei, vi l\u00e5ner ut den offisielle NTNUI-tr\u00f8yen til alle medlemmer.<\/p>\n\n\n\n<p><strong>Hvordan melder man overgang til og fra NTNUI?<\/strong><br>Ta kontakt med <a href=\"mailto:innebandy-leder@ntnui.no\">innebandy-leder@ntnui.no<\/a> for hjelp og veiledning.<\/p>\n\n\n\n<p><strong>Noe mer du lurer p\u00e5?<\/strong> <strong>Ta kontakt med v\u00e5re sportslige ledere:<\/strong><br><a href=\"mailto:innebandy-sportslig-damer@ntnui.no\">innebandy-sportslig-damer@ntnui.no<\/a><br><a href=\"mailto:innebandy-sportslig-herrer@ntnui.no\">innebandy-sportslig-herrer@ntnui.no<\/a><\/p>\n","protected":false},"excerpt":{"rendered":"<p>Hvem kan bli med?Alle studenter og akademisk ansatte ved NTNU.For \u00e5 f\u00e5 unntak fra disse kravene m\u00e5 man s\u00f8ke om dispensasjon. Dette gis kun ved spesielle tilfeller. Ta f\u00f8rst kontakt med lederen p\u00e5 innebandy-leder@ntnui.no om dette er noe du vurderer. Er det opptak for \u00e5 bli med p\u00e5 diverse lag?Ja, opptak gjelder kun for 1. [&hellip;]<\/p>\n","protected":false},"author":579,"featured_media":0,"parent":0,"menu_order":0,"comment_status":"closed","ping_status":"closed","template":"","meta":{"_coblocks_attr":"","_coblocks_dimensions":"","_coblocks_responsive_height":"","_coblocks_accordion_ie_support":"","_price":"","_stock":"","_tribe_ticket_header":"","_tribe_default_ticket_provider":"","_tribe_ticket_capacity":"0","_ticket_start_date":"","_ticket_end_date":"","_tribe_ticket_show_description":"","_tribe_ticket_show_not_going":false,"_tribe_ticket_use_global_stock":"","_tribe_ticket_global_stock_level":"","_global_stock_mode":"","_global_stock_cap":"","_tribe_rsvp_for_event":"","_tribe_ticket_going_count":"","_tribe_ticket_not_going_count":"","_tribe_tickets_list":[],"_tribe_ticket_has_attendee_info_fields":false,"footnotes":""},"class_list":["post-933","page","type-page","status-publish","hentry"],"featured_image_src":null,"featured_image_src_square":null,"_links":{"self":[{"href":"https:\/\/ntnui.no\/innebandy\/wp-json\/wp\/v2\/pages\/933","targetHints":{"allow":["GET"]}}],"collection":[{"href":"https:\/\/ntnui.no\/innebandy\/wp-json\/wp\/v2\/pages"}],"about":[{"href":"https:\/\/ntnui.no\/innebandy\/wp-json\/wp\/v2\/types\/page"}],"author":[{"embeddable":true,"href":"https:\/\/ntnui.no\/innebandy\/wp-json\/wp\/v2\/users\/579"}],"replies":[{"embeddable":true,"href":"https:\/\/ntnui.no\/innebandy\/wp-json\/wp\/v2\/comments?post=933"}],"version-history":[{"count":9,"href":"https:\/\/ntnui.no\/innebandy\/wp-json\/wp\/v2\/pages\/933\/revisions"}],"predecessor-version":[{"id":1189,"href":"https:\/\/ntnui.no\/innebandy\/wp-json\/wp\/v2\/pages\/933\/revisions\/1189"}],"wp:attachment":[{"href":"https:\/\/ntnui.no\/innebandy\/wp-json\/wp\/v2\/media?parent=933"}],"curies":[{"name":"wp","href":"https:\/\/api.w.org\/{rel}","templated":true}]}}