{"id":909,"date":"2024-04-23T19:16:36","date_gmt":"2024-04-23T18:16:36","guid":{"rendered":"https:\/\/ntnui.no\/innebandy\/?page_id=909"},"modified":"2025-08-27T17:31:53","modified_gmt":"2025-08-27T16:31:53","slug":"medlemskap-og-lisens","status":"publish","type":"page","link":"https:\/\/ntnui.no\/innebandy\/medlemskap-og-lisens\/","title":{"rendered":"Medlemskap og lisens"},"content":{"rendered":"\n<figure class=\"wp-block-image size-large\"><img loading=\"lazy\" decoding=\"async\" width=\"2048\" height=\"1152\" src=\"https:\/\/ntnui.no\/innebandy\/wp-content\/uploads\/sites\/231\/2024\/04\/2023-10-27_Dimitri-PARJADIS_Innebandy-33-X4.jpg\" alt=\"\" class=\"wp-image-916\" \/><\/figure>\n\n\n\n<p>Er du usikker p\u00e5 hvilket lag som passer for deg? Les mer om v\u00e5re lag her:<\/p>\n\n\n\n<div class=\"wp-block-group\"><div class=\"wp-block-group__inner-container is-layout-flow wp-block-group-is-layout-flow\">\n<a href=\"https:\/\/ntnui.no\/innebandy\/lag-og-treningstider\/\" class=\"ab-button ab-button-shape-rounded ab-button-size-medium\" style=\"color:#ffffff;background-color:#00843d\">Informasjon om v\u00e5re lag<\/a>\n<\/div><\/div>\n\n\n\n<p><strong>Kostnader<\/strong>:<\/p>\n\n\n\n<p>Kostnader for en sesong er oppsummer i tabellen under:<\/p>\n\n\n\n<p><a href=\"https:\/\/ntnui.no\/innebandy\/wp-admin\/edit.php?post_type=page\"><\/a><\/p>\n\n\n\n<figure class=\"wp-block-table is-style-stripes\"><table><thead><tr><th><strong>Gjeldende for alle divisjoner<\/strong><\/th><th>1 semester<\/th><th>2 semester<\/th><th>pr. m\u00e5ned<\/th><\/tr><\/thead><tbody><tr><td>SIT-medlemskap<\/td><td><\/td><td><\/td><td>230 kr m\/bindingstid<\/td><\/tr><tr><td>Treningsavgift<\/td><td>325 kr<\/td><td>620 kr<\/td><td><\/td><\/tr><tr><td>Lisens<\/td><td><\/td><td>1400 kr<\/td><td><\/td><\/tr><\/tbody><\/table><\/figure>\n\n\n\n<p>Mer informasjon om medlemskap i Sit og NTNUI finner du <strong><a rel=\"noreferrer noopener\" href=\"https:\/\/ntnui.no\/blimedlem\/\" data-type=\"URL\" data-id=\"https:\/\/ntnui.no\/blimedlem\/\" target=\"_blank\">her<\/a><\/strong>.<\/p>\n\n\n\n<p>For \u00e5 delta i seriespill er det et krav at spillere har l\u00f8st lisens f\u00f8r kampen. En spiller  uten lisens er heller ikke forsikret. Betalt lisens i riktig kategori betyr at spilleren er forsikret i forbundets alle tre idretter, i trening og kamp, hele lisensperioden (1.september \u2013 31.august).<\/p>\n\n\n\n<p>Mer informasjon av lisens finner du <a rel=\"noreferrer noopener\" href=\"https:\/\/www.minidrett.no\/profil\/lisenser\" data-type=\"URL\" data-id=\"https:\/\/www.minidrett.no\/profil\/lisenser\" target=\"_blank\"><strong>her<\/strong><\/a>. <\/p>\n\n\n\n<p>Pris for lisens er tatt med utgangspunkt i grunnlisens.<\/p>\n\n\n\n<p>I tillegg til dette p\u00e5l\u00f8per det noen valgfrie kostnader i l\u00f8pet av sesongen i form av utenbys-cuper, banketter, h\u00f8stfest og v\u00e5rfest, samt NTNUI-merch.<\/p>\n","protected":false},"excerpt":{"rendered":"<p>Er du usikker p\u00e5 hvilket lag som passer for deg? Les mer om v\u00e5re lag her: Informasjon om v\u00e5re lag Kostnader: Kostnader for en sesong er oppsummer i tabellen under: Gjeldende for alle divisjoner 1 semester 2 semester pr. m\u00e5ned SIT-medlemskap 230 kr m\/bindingstid Treningsavgift 325 kr 620 kr Lisens 1400 kr Mer informasjon om [&hellip;]<\/p>\n","protected":false},"author":579,"featured_media":0,"parent":0,"menu_order":0,"comment_status":"closed","ping_status":"closed","template":"","meta":{"_coblocks_attr":"","_coblocks_dimensions":"","_coblocks_responsive_height":"","_coblocks_accordion_ie_support":"","_price":"","_stock":"","_tribe_ticket_header":"","_tribe_default_ticket_provider":"","_tribe_ticket_capacity":"0","_ticket_start_date":"","_ticket_end_date":"","_tribe_ticket_show_description":"","_tribe_ticket_show_not_going":false,"_tribe_ticket_use_global_stock":"","_tribe_ticket_global_stock_level":"","_global_stock_mode":"","_global_stock_cap":"","_tribe_rsvp_for_event":"","_tribe_ticket_going_count":"","_tribe_ticket_not_going_count":"","_tribe_tickets_list":[],"_tribe_ticket_has_attendee_info_fields":false,"footnotes":""},"class_list":["post-909","page","type-page","status-publish","hentry"],"featured_image_src":null,"featured_image_src_square":null,"_links":{"self":[{"href":"https:\/\/ntnui.no\/innebandy\/wp-json\/wp\/v2\/pages\/909","targetHints":{"allow":["GET"]}}],"collection":[{"href":"https:\/\/ntnui.no\/innebandy\/wp-json\/wp\/v2\/pages"}],"about":[{"href":"https:\/\/ntnui.no\/innebandy\/wp-json\/wp\/v2\/types\/page"}],"author":[{"embeddable":true,"href":"https:\/\/ntnui.no\/innebandy\/wp-json\/wp\/v2\/users\/579"}],"replies":[{"embeddable":true,"href":"https:\/\/ntnui.no\/innebandy\/wp-json\/wp\/v2\/comments?post=909"}],"version-history":[{"count":22,"href":"https:\/\/ntnui.no\/innebandy\/wp-json\/wp\/v2\/pages\/909\/revisions"}],"predecessor-version":[{"id":1283,"href":"https:\/\/ntnui.no\/innebandy\/wp-json\/wp\/v2\/pages\/909\/revisions\/1283"}],"wp:attachment":[{"href":"https:\/\/ntnui.no\/innebandy\/wp-json\/wp\/v2\/media?parent=909"}],"curies":[{"name":"wp","href":"https:\/\/api.w.org\/{rel}","templated":true}]}}