{"id":394,"date":"2019-05-28T21:16:18","date_gmt":"2019-05-28T21:16:18","guid":{"rendered":"https:\/\/ntnui.no\/innebandy\/?page_id=394"},"modified":"2025-08-27T19:21:59","modified_gmt":"2025-08-27T18:21:59","slug":"kontakt","status":"publish","type":"page","link":"https:\/\/ntnui.no\/innebandy\/kontakt\/","title":{"rendered":"Kontakt"},"content":{"rendered":"\n<div class=\"wp-block-cover is-light alignfull is-style-default is-cropping wp-duotone-unset-1\" style=\"min-height:432px;aspect-ratio:unset;\"><span aria-hidden=\"true\" class=\"wp-block-cover__background has-background-dim wp-block-cover__gradient-background has-background-gradient has-very-light-gray-to-cyan-bluish-gray-gradient-background\"><\/span><img loading=\"lazy\" decoding=\"async\" width=\"1526\" height=\"1017\" class=\"wp-block-cover__image-background wp-image-1243\" alt=\"\" src=\"https:\/\/ntnui.no\/innebandy\/wp-content\/uploads\/sites\/231\/2025\/04\/rsz_dscf0055.jpg\" style=\"object-position:50% 36%\" data-object-fit=\"cover\" data-object-position=\"50% 36%\" \/><div class=\"wp-block-cover__inner-container is-layout-flow wp-block-cover-is-layout-flow\">\n<p class=\"has-text-align-center has-light-gray-color has-text-color has-link-color has-huge-font-size wp-elements-91158a7cda362bf7b4ad8bae699dbf6f\">Kontakt oss!<\/p>\n<\/div><\/div>\n\n\n\n<p>Lurer du p\u00e5 noe? Send oss en mail! Du kan ogs\u00e5 kontakte oss via <a href=\"https:\/\/www.facebook.com\/ntnuiinnebandy\/\"><strong>Facebook<\/strong><\/a> eller <strong><a href=\"https:\/\/www.instagram.com\/ntnui_innebandy\/\">Instagram<\/a><\/strong><a href=\"https:\/\/www.instagram.com\/ntnui_innebandy\/\"> <\/a>hvor vi svarer s\u00e5 raskt vi kan.<\/p>\n\n\n\n<div class=\"wp-block-button aligncenter\"><a class=\"wp-block-button__link\" href=\"mailto:innebandy@ntnui.no\" style=\"background-color:#098040\">SEND MAIL<\/a><\/div>\n\n\n\n<hr class=\"wp-block-coblocks-dynamic-separator is-style-line\" style=\"height:20px\" \/>\n\n\n\n<h3 class=\"wp-block-heading\">Styret<\/h3>\n\n\n\n<p>Dersom du har konkrete sp\u00f8rsm\u00e5l til noen av styremedlemmene v\u00e5re kan de n\u00e5s p\u00e5 f\u00f8lgende e-poster:<\/p>\n\n\n\n<div class=\"wp-block-media-text alignwide has-media-on-the-right is-vertically-aligned-center is-image-fill-element is-style-default has-regular-font-size\" style=\"grid-template-columns:auto 60%\"><div class=\"wp-block-media-text__content\">\n<p><strong>Leder:<\/strong> Ha-Ny Lene Nguyen Vo<br><strong>Mail:<\/strong> <a href=\"mailto:innebandy-leder@ntnui.no\">innebandy-leder@ntnui.no<\/a><\/p>\n<\/div><figure class=\"wp-block-media-text__media\"><img loading=\"lazy\" decoding=\"async\" width=\"3779\" height=\"4724\" src=\"https:\/\/ntnui.no\/innebandy\/wp-content\/uploads\/sites\/231\/2025\/04\/Portrett.jpg\" alt=\"\" class=\"wp-image-1217 size-full\" style=\"object-position:51% 47%\" \/><\/figure><\/div>\n\n\n\n<div class=\"wp-block-media-text alignwide is-image-fill-element is-style-default\" style=\"grid-template-columns:60% auto\"><figure class=\"wp-block-media-text__media\"><img loading=\"lazy\" decoding=\"async\" width=\"3748\" height=\"4685\" src=\"https:\/\/ntnui.no\/innebandy\/wp-content\/uploads\/sites\/231\/2025\/04\/Portrett_5.jpg\" alt=\"\" class=\"wp-image-1218 size-full\" style=\"object-position:49% 47%\" \/><\/figure><div class=\"wp-block-media-text__content\">\n<p><strong>Nestleder: <\/strong>Thea Helene Linnerud Foss<br><strong>Mail: <\/strong><a href=\"mailto:innebandy.nestleder@ntnui.no\">innebandy-nestleder@ntnui.no<\/a><\/p>\n<\/div><\/div>\n\n\n\n<div class=\"wp-block-media-text alignwide has-media-on-the-right is-image-fill-element is-style-default\" style=\"grid-template-columns:auto 60%\"><div class=\"wp-block-media-text__content\">\n<p><strong>Sportslig leder (damer) og paraidrett-kontak: <\/strong>Kristi Vedvik<br><strong>Mail:<\/strong> <a href=\"mailto:innebandy-sportslig-damer@ntnui.no\">innebandy-sportslig-damer@ntnui.no<\/a><\/p>\n<\/div><figure class=\"wp-block-media-text__media\"><img loading=\"lazy\" decoding=\"async\" width=\"3748\" height=\"4685\" src=\"https:\/\/ntnui.no\/innebandy\/wp-content\/uploads\/sites\/231\/2025\/04\/Portrett_7.jpg\" alt=\"\" class=\"wp-image-1219 size-full\" style=\"object-position:51% 48%\" \/><\/figure><\/div>\n\n\n\n<div class=\"wp-block-media-text alignwide is-image-fill-element is-style-default\" style=\"grid-template-columns:60% auto\"><figure class=\"wp-block-media-text__media\"><img loading=\"lazy\" decoding=\"async\" width=\"3748\" height=\"4685\" src=\"https:\/\/ntnui.no\/innebandy\/wp-content\/uploads\/sites\/231\/2025\/04\/Portrett_2.jpg\" alt=\"\" class=\"wp-image-1220 size-full\" style=\"object-position:50% 48%\" \/><\/figure><div class=\"wp-block-media-text__content\">\n<p><strong>Sportslig leder (herrer): <\/strong>B\u00e5rd Erlend Steinshylla Solum<br><strong>Mail: <\/strong><a href=\"mailto:innebandy-sportslig-herrer@ntnui.no\">innebandy-sportslig-herrer@ntnui.no<\/a><\/p>\n<\/div><\/div>\n\n\n\n<div class=\"wp-block-media-text alignwide has-media-on-the-right is-image-fill-element is-style-default\" style=\"grid-template-columns:auto 60%\"><div class=\"wp-block-media-text__content\">\n<p><strong>Kasserer:<\/strong> Anna R\u00f8rnes<br><strong>Mail:<\/strong> <a href=\"mailto:innebandy-kasserer@ntnui.no\">innebandy-kasserer@ntnui.no<\/a><\/p>\n<\/div><figure class=\"wp-block-media-text__media\"><img loading=\"lazy\" decoding=\"async\" width=\"3748\" height=\"4685\" src=\"https:\/\/ntnui.no\/innebandy\/wp-content\/uploads\/sites\/231\/2025\/04\/Portrett_9.jpg\" alt=\"\" class=\"wp-image-1221 size-full\" style=\"object-position:51% 49%\" \/><\/figure><\/div>\n\n\n\n<div class=\"wp-block-media-text alignwide is-image-fill-element\" style=\"grid-template-columns:60% auto\"><figure class=\"wp-block-media-text__media\"><img loading=\"lazy\" decoding=\"async\" width=\"3748\" height=\"4685\" src=\"https:\/\/ntnui.no\/innebandy\/wp-content\/uploads\/sites\/231\/2025\/04\/Portrett_4.jpg\" alt=\"\" class=\"wp-image-1222 size-full\" style=\"object-position:50% 49%\" \/><\/figure><div class=\"wp-block-media-text__content\">\n<p><strong>Kasserer:<\/strong> Mathias Haaland<br><strong>Mail:<\/strong> <a href=\"mailto:innebandy-kasserer@ntnui.no\">innebandy-kasserer@ntnui.no<\/a><\/p>\n<\/div><\/div>\n\n\n\n<div class=\"wp-block-media-text alignwide has-media-on-the-right is-image-fill-element\" style=\"grid-template-columns:auto 60%\"><div class=\"wp-block-media-text__content\">\n<p><strong>Sosialansvarlig<\/strong>: V\u00e5rin Bruvik<br><strong>Mail: <\/strong><a href=\"mailto:innebandy-arrangement@ntnui.no\">innebandy-arrangement@ntnui.no<\/a><\/p>\n<\/div><figure class=\"wp-block-media-text__media\"><img loading=\"lazy\" decoding=\"async\" width=\"3788\" height=\"4735\" src=\"https:\/\/ntnui.no\/innebandy\/wp-content\/uploads\/sites\/231\/2025\/04\/Portrett_6.jpg\" alt=\"\" class=\"wp-image-1223 size-full\" style=\"object-position:51% 48%\" \/><\/figure><\/div>\n\n\n\n<div class=\"wp-block-media-text alignwide is-image-fill-element\" style=\"grid-template-columns:60% auto\"><figure class=\"wp-block-media-text__media\"><img loading=\"lazy\" decoding=\"async\" width=\"3748\" height=\"4685\" src=\"https:\/\/ntnui.no\/innebandy\/wp-content\/uploads\/sites\/231\/2025\/04\/Portrett_8.jpg\" alt=\"\" class=\"wp-image-1224 size-full\" style=\"object-position:51% 50%\" \/><\/figure><div class=\"wp-block-media-text__content\">\n<p><strong>Sosialansvarlig<\/strong>: Ingrid Irtun Aas<br><strong>Mail: <\/strong><a href=\"mailto:innebandy-arrangement@ntnui.no\">innebandy-arrangement@ntnui.no<\/a><\/p>\n<\/div><\/div>\n\n\n\n<div class=\"wp-block-media-text alignwide has-media-on-the-right is-image-fill-element\" style=\"grid-template-columns:auto 60%\"><div class=\"wp-block-media-text__content\">\n<p><strong>Dugnadsansvarlig:<\/strong> Marjam Abdul Mumen Sultani<br><strong>Mail: <\/strong><a href=\"mailto:innebandy-dugnad@ntnui.no\">innebandy-dugnad@ntnui.no<\/a><\/p>\n<\/div><figure class=\"wp-block-media-text__media\"><img loading=\"lazy\" decoding=\"async\" width=\"3748\" height=\"4685\" src=\"https:\/\/ntnui.no\/innebandy\/wp-content\/uploads\/sites\/231\/2025\/04\/Portrett_10.jpg\" alt=\"\" class=\"wp-image-1225 size-full\" style=\"object-position:51% 48%\" \/><\/figure><\/div>\n\n\n\n<div class=\"wp-block-media-text alignwide is-image-fill-element\" style=\"grid-template-columns:60% auto\"><figure class=\"wp-block-media-text__media\"><img loading=\"lazy\" decoding=\"async\" width=\"3748\" height=\"4685\" src=\"https:\/\/ntnui.no\/innebandy\/wp-content\/uploads\/sites\/231\/2025\/04\/Portrett_11.jpg\" alt=\"\" class=\"wp-image-1226 size-full\" style=\"object-position:51% 49%\" \/><\/figure><div class=\"wp-block-media-text__content\">\n<p><strong>PR-ansvarlig<\/strong>: Sunniva Raastad<br><strong>Mail: <\/strong><a href=\"mailto:innebandy-pr@ntnui.no\">innebandy-pr@ntnui.no<\/a><\/p>\n<\/div><\/div>\n\n\n\n<div class=\"wp-block-media-text alignwide has-media-on-the-right is-image-fill-element\" style=\"grid-template-columns:auto 60%\"><div class=\"wp-block-media-text__content\">\n<p><strong>Sponsor- og materialansvarlig<\/strong>: Joonas Hunkilen<br><strong>Mail: <\/strong><a href=\"mailto:innebandy-material@ntnui.no\">innebandy-material@ntnui.no<\/a><\/p>\n<\/div><figure class=\"wp-block-media-text__media\"><img loading=\"lazy\" decoding=\"async\" width=\"3621\" height=\"4526\" src=\"https:\/\/ntnui.no\/innebandy\/wp-content\/uploads\/sites\/231\/2025\/04\/Portrett_1.jpg\" alt=\"\" class=\"wp-image-1227 size-full\" style=\"object-position:51% 48%\" \/><\/figure><\/div>\n\n\n\n<div class=\"wp-block-media-text alignwide is-image-fill-element\" style=\"grid-template-columns:60% auto\"><figure class=\"wp-block-media-text__media\"><img loading=\"lazy\" decoding=\"async\" width=\"3748\" height=\"4685\" src=\"https:\/\/ntnui.no\/innebandy\/wp-content\/uploads\/sites\/231\/2025\/04\/Portrett_3.jpg\" alt=\"\" class=\"wp-image-1228 size-full\" style=\"object-position:51% 47%\" \/><\/figure><div class=\"wp-block-media-text__content\">\n<p><strong>Webansvarlig: <\/strong>Sondre Haugen<br><strong>Mail:<\/strong> <a href=\"mailto:innebandy-web@ntnui.no\">innebandy-web@ntnui.no<\/a><\/p>\n<\/div><\/div>\n\n\n\n<hr class=\"wp-block-coblocks-dynamic-separator is-style-fullwidth\" style=\"height:50px\" \/>\n\n\n\n<p>Foto: Ingeborg Holm \/ @studenteneskameraklubb <a href=\"https:\/\/ntnui.no\/innebandy\/wp-admin\/post.php?post=394&amp;action=edit#1d74df05-6512-4735-a650-337b65ea54ae-link\"><\/a><\/p>\n\n\n\n<div class=\"wp-block-button aligncenter\"><a class=\"wp-block-button__link wp-element-button\" href=\"#\">G\u00e5 til toppen<\/a><\/div>\n","protected":false},"excerpt":{"rendered":"<p>Lurer du p\u00e5 noe? Send oss en mail! Du kan ogs\u00e5 kontakte oss via Facebook eller Instagram hvor vi svarer s\u00e5 raskt vi kan. SEND MAIL Styret Dersom du har konkrete sp\u00f8rsm\u00e5l til noen av styremedlemmene v\u00e5re kan de n\u00e5s p\u00e5 f\u00f8lgende e-poster: Leder: Ha-Ny Lene Nguyen VoMail: innebandy-leder@ntnui.no Nestleder: Thea Helene Linnerud FossMail: innebandy-nestleder@ntnui.no [&hellip;]<\/p>\n","protected":false},"author":95,"featured_media":0,"parent":0,"menu_order":0,"comment_status":"closed","ping_status":"closed","template":"","meta":{"_coblocks_attr":"","_coblocks_dimensions":"","_coblocks_responsive_height":"","_coblocks_accordion_ie_support":"","_price":"","_stock":"","_tribe_ticket_header":"","_tribe_default_ticket_provider":"","_tribe_ticket_capacity":"0","_ticket_start_date":"","_ticket_end_date":"","_tribe_ticket_show_description":"","_tribe_ticket_show_not_going":false,"_tribe_ticket_use_global_stock":"","_tribe_ticket_global_stock_level":"","_global_stock_mode":"","_global_stock_cap":"","_tribe_rsvp_for_event":"","_tribe_ticket_going_count":"","_tribe_ticket_not_going_count":"","_tribe_tickets_list":[],"_tribe_ticket_has_attendee_info_fields":false,"footnotes":"[]"},"class_list":["post-394","page","type-page","status-publish","hentry"],"featured_image_src":null,"featured_image_src_square":null,"_links":{"self":[{"href":"https:\/\/ntnui.no\/innebandy\/wp-json\/wp\/v2\/pages\/394","targetHints":{"allow":["GET"]}}],"collection":[{"href":"https:\/\/ntnui.no\/innebandy\/wp-json\/wp\/v2\/pages"}],"about":[{"href":"https:\/\/ntnui.no\/innebandy\/wp-json\/wp\/v2\/types\/page"}],"author":[{"embeddable":true,"href":"https:\/\/ntnui.no\/innebandy\/wp-json\/wp\/v2\/users\/95"}],"replies":[{"embeddable":true,"href":"https:\/\/ntnui.no\/innebandy\/wp-json\/wp\/v2\/comments?post=394"}],"version-history":[{"count":56,"href":"https:\/\/ntnui.no\/innebandy\/wp-json\/wp\/v2\/pages\/394\/revisions"}],"predecessor-version":[{"id":1315,"href":"https:\/\/ntnui.no\/innebandy\/wp-json\/wp\/v2\/pages\/394\/revisions\/1315"}],"wp:attachment":[{"href":"https:\/\/ntnui.no\/innebandy\/wp-json\/wp\/v2\/media?parent=394"}],"curies":[{"name":"wp","href":"https:\/\/api.w.org\/{rel}","templated":true}]}}