{"id":327,"date":"2019-03-27T14:38:15","date_gmt":"2019-03-27T14:38:15","guid":{"rendered":"https:\/\/ntnui.no\/innebandy\/?page_id=327"},"modified":"2026-03-08T21:31:05","modified_gmt":"2026-03-08T20:31:05","slug":"lag-og-treningstider","status":"publish","type":"page","link":"https:\/\/ntnui.no\/innebandy\/lag-og-treningstider\/","title":{"rendered":"Lag og treningstid"},"content":{"rendered":"\n<figure class=\"wp-block-image size-large is-style-default\"><img loading=\"lazy\" decoding=\"async\" width=\"1600\" height=\"1067\" src=\"https:\/\/ntnui.no\/innebandy\/wp-content\/uploads\/sites\/231\/2024\/09\/d2-2.jpg\" alt=\"\" class=\"wp-image-1123\" \/><\/figure>\n\n\n\n<p class=\"has-text-align-center\">Her er en oversikt over alle <strong><a href=\"#lagene\">lagene <\/a><\/strong>v\u00e5re, og n\u00e5r de har <strong><a href=\"#treninger\">treningstid<\/a><\/strong>.<\/p>\n\n\n\n<a id=\"lagene\"><\/a>\n\n\n\n<hr class=\"wp-block-coblocks-dynamic-separator is-style-line\" style=\"height:20px\" \/>\n\n\n\n<h2 class=\"wp-block-heading has-text-align-center\">Lagene<\/h2>\n\n\n\n<div class=\"wp-block-media-text alignwide\"><figure class=\"wp-block-media-text__media\"><img loading=\"lazy\" decoding=\"async\" width=\"1800\" height=\"1241\" src=\"https:\/\/ntnui.no\/innebandy\/wp-content\/uploads\/sites\/231\/2026\/03\/D1lagbilde2.png\" alt=\"\" class=\"wp-image-1360 size-full\" \/><\/figure><div class=\"wp-block-media-text__content\">\n<h3 class=\"wp-block-heading has-text-align-center\">Damer 1<\/h3>\n\n\n\n<p>D1 er NTNUIs beste damelag i innebandy, og spiller i 1. divisjon Midt-Norge. Laget har vunnet i sluttspill serien sin 17\u00b4, 19\u00b4, 20\u00b4, 22\u00b4 og 23&#8242;. Spillere p\u00e5 dette laget har gode ferdigheter, og har spilt i noen \u00e5r. Laget har opptakstreninger i august uke 34 og 35.<\/p>\n\n\n\n<p class=\"has-text-align-center\">Trener: jonas.kjellstadli@outlook.com<\/p>\n<\/div><\/div>\n\n\n\n<div class=\"wp-block-media-text alignwide\"><figure class=\"wp-block-media-text__media\"><img loading=\"lazy\" decoding=\"async\" width=\"2000\" height=\"1723\" src=\"https:\/\/ntnui.no\/innebandy\/wp-content\/uploads\/sites\/231\/2026\/01\/D2-1.png\" alt=\"\" class=\"wp-image-1333 size-full\" \/><\/figure><div class=\"wp-block-media-text__content\">\n<h3 class=\"wp-block-heading has-text-align-center\">Damer 2<\/h3>\n\n\n\n<p>D2 hevder seg i toppen av 2. divisjon Midt-Norge. Spillere p\u00e5 dette laget har som regel spilt i 2-4 \u00e5r tidligere. Laget har opptakstreninger i august i uke 34 og 35.<\/p>\n\n\n\n<p class=\"has-text-align-center\">Trener: erlend@rykkelid.no<\/p>\n\n\n\n<p><\/p>\n<\/div><\/div>\n\n\n\n<div class=\"wp-block-media-text alignwide is-image-fill-element\"><figure class=\"wp-block-media-text__media\"><img loading=\"lazy\" decoding=\"async\" width=\"828\" height=\"604\" src=\"https:\/\/ntnui.no\/innebandy\/wp-content\/uploads\/sites\/231\/2026\/01\/D3-lagbilde.jpg\" alt=\"\" class=\"wp-image-1335 size-full\" style=\"object-position:50% 50%\" \/><\/figure><div class=\"wp-block-media-text__content\">\n<h3 class=\"wp-block-heading has-text-align-center\">Damer 3<\/h3>\n\n\n\n<p>Hvis du aldri har spilt innebandy f\u00f8r, eller bare litt, s\u00e5 er D3 laget for deg! Her er det ingen opptakstreninger, s\u00e5 du er alltid velkommen til \u00e5 delta!<\/p>\n\n\n\n<p class=\"has-text-align-center\">Trener: idamolo@icloud.com<\/p>\n\n\n\n<p><\/p>\n<\/div><\/div>\n\n\n\n<div class=\"wp-block-media-text alignwide has-media-on-the-right\"><div class=\"wp-block-media-text__content\">\n<h3 class=\"wp-block-heading has-text-align-center\">Herrer 1<\/h3>\n\n\n\n<p>H1 er et tilbud til studenter som har spilt mye innebandy. Laget er med i toppen av 1. divisjon og holder et h\u00f8yt niv\u00e5. H1 har uttakstreninger i august i uke 34 og 35.<\/p>\n\n\n\n<p class=\"has-text-align-center\">Trener: oscask@gmail.com<\/p>\n<\/div><figure class=\"wp-block-media-text__media\"><img loading=\"lazy\" decoding=\"async\" width=\"2000\" height=\"1223\" src=\"https:\/\/ntnui.no\/innebandy\/wp-content\/uploads\/sites\/231\/2026\/01\/IMG_4040.jpg\" alt=\"\" class=\"wp-image-1336 size-full\" \/><\/figure><\/div>\n\n\n\n<div class=\"wp-block-media-text alignwide has-media-on-the-right\"><div class=\"wp-block-media-text__content\">\n<h3 class=\"wp-block-heading has-text-align-center\">Herrer 2<\/h3>\n\n\n\n<p>For dem som har spilt innebandy i noen \u00e5r, anbefales H2. Dette laget spiller i 2. divisjon, og holder et godt niv\u00e5. Dette er spillere som etterhvert kan etablere seg p\u00e5 f\u00f8rstelaget. H2 har opptakstreninger i august i uke 34 og 35.<\/p>\n\n\n\n<p class=\"has-text-align-center\">Trener: tbsjurseth@gmail.com<\/p>\n\n\n\n<p><\/p>\n<\/div><figure class=\"wp-block-media-text__media\"><img loading=\"lazy\" decoding=\"async\" width=\"1704\" height=\"1135\" src=\"https:\/\/ntnui.no\/innebandy\/wp-content\/uploads\/sites\/231\/2026\/01\/Messenger_creation_D72A4FAB-E52B-4BAD-B4B3-B5BA3CA9C702.jpeg\" alt=\"\" class=\"wp-image-1337 size-full\" \/><\/figure><\/div>\n\n\n\n<div class=\"wp-block-media-text alignwide has-media-on-the-right\"><div class=\"wp-block-media-text__content\">\n<h3 class=\"wp-block-heading has-text-align-center\">Herrer 3<\/h3>\n\n\n\n<p>Dette er et tilbud til alle som har lyst \u00e5 spille innebandy. H3 spiller i 2. divisjon og best\u00e5r b\u00e5de av nye spillere, og de som har spilt litt innebandy.<\/p>\n\n\n\n<p class=\"has-text-align-center\">Trener: baarderlend@hotmail.com<\/p>\n\n\n\n<p><\/p>\n<\/div><figure class=\"wp-block-media-text__media\"><img loading=\"lazy\" decoding=\"async\" width=\"1800\" height=\"1327\" src=\"https:\/\/ntnui.no\/innebandy\/wp-content\/uploads\/sites\/231\/2026\/03\/H3lagbilde.png\" alt=\"\" class=\"wp-image-1361 size-full\" \/><\/figure><\/div>\n\n\n\n<a id=\"treninger\"><\/a>\n\n\n\n<hr class=\"wp-block-coblocks-dynamic-separator is-style-fullwidth\" style=\"height:20px\" \/>\n\n\n\n<h2 class=\"wp-block-heading has-text-align-center\">Treninger<\/h2>\n\n\n\n<p>Hvert lag har faste treningstider to ganger i uka. Vi befinner oss p\u00e5 Dragvoll Idrettssenter Hall B, Loholt Alle 8. Her er en <strong><a href=\"https:\/\/ntnui.no\/innebandy\/her-befinner-vi-oss\/\" data-type=\"URL\" data-id=\"https:\/\/ntnui.no\/innebandy\/her-befinner-vi-oss\/\">video<\/a><\/strong> som finner hvor vi befinner oss.<\/p>\n\n\n\n<h4 class=\"wp-block-heading has-text-align-center\">Treningstider<\/h4>\n\n\n\n<hr class=\"wp-block-coblocks-dynamic-separator is-style-fullwidth\" style=\"height:50px\" \/>\n\n\n\n<figure class=\"wp-block-table is-style-stripes\"><table><tbody><tr><td>#<\/td><td>Mandag<\/td><td>Tirsdag<\/td><td>Torsdag<\/td><td>Fredag<\/td><\/tr><tr><td>16:00-17:30<\/td><td><\/td><td>H1 \/ H2<\/td><td>D3<\/td><td>D2<\/td><\/tr><tr><td>17:30-19:00<\/td><td>H3<\/td><td><\/td><td>D1<\/td><td>H1<\/td><\/tr><tr><td>19:00-20:30<\/td><td>D1 \/ D2<\/td><td><\/td><td><\/td><td>H2<\/td><\/tr><tr><td>20:30-22:00<\/td><td>D3<\/td><td><\/td><td><\/td><td>H3<\/td><\/tr><\/tbody><\/table><figcaption class=\"wp-element-caption\">D &#8211; Damer, H &#8211; Herrer<\/figcaption><\/figure>\n\n\n\n<div class=\"wp-block-button aligncenter\"><a class=\"wp-block-button__link wp-element-button\" href=\"#\">G\u00e5 til toppen<\/a><\/div>\n","protected":false},"excerpt":{"rendered":"<p>Her er en oversikt over alle lagene v\u00e5re, og n\u00e5r de har treningstid. Lagene Damer 1 D1 er NTNUIs beste damelag i innebandy, og spiller i 1. divisjon Midt-Norge. Laget har vunnet i sluttspill serien sin 17\u00b4, 19\u00b4, 20\u00b4, 22\u00b4 og 23&#8242;. Spillere p\u00e5 dette laget har gode ferdigheter, og har spilt i noen \u00e5r. [&hellip;]<\/p>\n","protected":false},"author":95,"featured_media":0,"parent":0,"menu_order":0,"comment_status":"closed","ping_status":"closed","template":"","meta":{"_coblocks_attr":"","_coblocks_dimensions":"","_coblocks_responsive_height":"","_coblocks_accordion_ie_support":"","_price":"","_stock":"","_tribe_ticket_header":"","_tribe_default_ticket_provider":"","_tribe_ticket_capacity":"0","_ticket_start_date":"","_ticket_end_date":"","_tribe_ticket_show_description":"","_tribe_ticket_show_not_going":false,"_tribe_ticket_use_global_stock":"","_tribe_ticket_global_stock_level":"","_global_stock_mode":"","_global_stock_cap":"","_tribe_rsvp_for_event":"","_tribe_ticket_going_count":"","_tribe_ticket_not_going_count":"","_tribe_tickets_list":[],"_tribe_ticket_has_attendee_info_fields":false,"footnotes":""},"class_list":["post-327","page","type-page","status-publish","hentry"],"featured_image_src":null,"featured_image_src_square":null,"_links":{"self":[{"href":"https:\/\/ntnui.no\/innebandy\/wp-json\/wp\/v2\/pages\/327","targetHints":{"allow":["GET"]}}],"collection":[{"href":"https:\/\/ntnui.no\/innebandy\/wp-json\/wp\/v2\/pages"}],"about":[{"href":"https:\/\/ntnui.no\/innebandy\/wp-json\/wp\/v2\/types\/page"}],"author":[{"embeddable":true,"href":"https:\/\/ntnui.no\/innebandy\/wp-json\/wp\/v2\/users\/95"}],"replies":[{"embeddable":true,"href":"https:\/\/ntnui.no\/innebandy\/wp-json\/wp\/v2\/comments?post=327"}],"version-history":[{"count":93,"href":"https:\/\/ntnui.no\/innebandy\/wp-json\/wp\/v2\/pages\/327\/revisions"}],"predecessor-version":[{"id":1362,"href":"https:\/\/ntnui.no\/innebandy\/wp-json\/wp\/v2\/pages\/327\/revisions\/1362"}],"wp:attachment":[{"href":"https:\/\/ntnui.no\/innebandy\/wp-json\/wp\/v2\/media?parent=327"}],"curies":[{"name":"wp","href":"https:\/\/api.w.org\/{rel}","templated":true}]}}