{"id":272,"date":"2019-03-26T19:23:21","date_gmt":"2019-03-26T19:23:21","guid":{"rendered":"https:\/\/ntnui.no\/innebandy\/?page_id=272"},"modified":"2026-03-08T21:27:35","modified_gmt":"2026-03-08T20:27:35","slug":"arrangementer","status":"publish","type":"page","link":"https:\/\/ntnui.no\/innebandy\/arrangementer\/","title":{"rendered":"Arrangementer"},"content":{"rendered":"\n<p>Her finner du en oversikt over arrangementene vi arrangerer eller deltar p\u00e5. Om du har noen sp\u00f8rsm\u00e5l om noen av arrangementene er det bare \u00e5 sende en mail til arrangementsansvarlig, <a href=\"mailto:innebandy-arrangement@ntnui.no\">innebandy-arrangement@ntnui.no<\/a>.<\/p>\n\n\n\n<figure class=\"wp-block-table\"><table class=\"has-fixed-layout\"><thead><tr><th>Dato<\/th><th>Arrangement<\/th><th>Kommentar<\/th><\/tr><\/thead><tbody><tr><td>5-7. september<\/td><td>Dragvoll Cup<\/td><td><\/td><\/tr><tr><td>27. september<\/td><td>Bli-kjent-fest<\/td><td><\/td><\/tr><tr><td>15. november<\/td><td>H\u00f8stfest<\/td><td><\/td><\/tr><tr><td>5. februar<\/td><td>\u00c5rsm\u00f8te<\/td><td><\/td><\/tr><tr><td>14. februar<\/td><td>Bli-gjenkjent-fest<\/td><td><\/td><\/tr><tr><td>26. februar &#8211; 1. mars<\/td><td>Studentlekene, Troms\u00f8<\/td><td>Gruppespill torsdag og fredag, sluttspill og finaler l\u00f8rdag<\/td><\/tr><tr><td>13-15. mars<\/td><td>NM-puljespill<\/td><td>Dersom D1 vinner serien<\/td><\/tr><tr><td>10. april<\/td><td>Gudenes natteliv<\/td><td>NTNUIs egne kveld p\u00e5 Samfundet<\/td><\/tr><tr><td>17. april<\/td><td>V\u00e5rfest<\/td><td>En fest for \u00e5 markere sesongen som har v\u00e6rt, og for \u00e5 hedre alle v\u00e5re fantastiske spillere<\/td><\/tr><tr><td>11-12, 18-19. april<\/td><td>Sluttspillcup<\/td><td><\/td><\/tr><\/tbody><\/table><\/figure>\n\n\n\n<p>Vi har ogs\u00e5 noe sosialt hver m\u00e5ned hvor ett lag arrangerer noe g\u00f8y! Oversikten blir oppdatert fortl\u00f8pende med disse.<\/p>\n\n\n\n<figure class=\"wp-block-table is-style-regular\"><table class=\"has-fixed-layout\"><thead><tr><th>M\u00e5ned<\/th><th>Lag<\/th><th class=\"has-text-align-left\" data-align=\"left\">Aktivitet<\/th><\/tr><\/thead><tbody><tr><td>September<\/td><td>D1<\/td><td class=\"has-text-align-left\" data-align=\"left\">B\u00e5lkos ved Theisendammen<\/td><\/tr><tr><td>Oktober<\/td><td>H2<\/td><td class=\"has-text-align-left\" data-align=\"left\">Halloweenturnering<\/td><\/tr><tr><td>November<\/td><td>D3<\/td><td class=\"has-text-align-left\" data-align=\"left\">Filmkveld<\/td><\/tr><tr><td>Februar<\/td><td>H1<\/td><td class=\"has-text-align-left\" data-align=\"left\">Badstue<\/td><\/tr><tr><td>Mars<\/td><td>D2<\/td><td class=\"has-text-align-left\" data-align=\"left\">TBD<\/td><\/tr><tr><td>April<\/td><td>H3<\/td><td class=\"has-text-align-left\" data-align=\"left\">TBD<\/td><\/tr><\/tbody><\/table><\/figure>\n\n\n\n<p>Trykk <a rel=\"noreferrer noopener\" href=\"https:\/\/www.facebook.com\/groups\/31178956922\/\" data-type=\"URL\" data-id=\"https:\/\/www.facebook.com\/groups\/31178956922\/\" target=\"_blank\"><strong>her<\/strong><\/a> for \u00e5 bli med i Facebook-gruppen for mer informasjon om kommende arrangementer! <\/p>\n\n\n\n<div class=\"wp-block-blockgallery-masonry alignwide\"><div class=\"blockgallery has-border-radius-8 has-caption-style-dark has-gutter\"><ul class=\"has-grid-lrg has-gutter-10 has-gutter-mobile-15\"><li class=\"blockgallery--item\"><figure class=\"blockgallery--figure\"><img loading=\"lazy\" decoding=\"async\" width=\"1981\" height=\"1287\" src=\"https:\/\/ntnui.no\/innebandy\/wp-content\/uploads\/sites\/231\/2025\/04\/rsz_kopi_av__dsc0397.jpg\" alt=\"\" data-id=\"1253\" data-link=\"https:\/\/ntnui.no\/innebandy\/arrangementer\/rsz_kopi_av__dsc0397\/\" class=\"wp-image-1253\" \/><\/figure><\/li><li class=\"blockgallery--item\"><figure class=\"blockgallery--figure\"><img loading=\"lazy\" decoding=\"async\" width=\"3892\" height=\"2572\" src=\"https:\/\/ntnui.no\/innebandy\/wp-content\/uploads\/sites\/231\/2025\/04\/Kopi-av-_DSC0392.jpg\" alt=\"\" data-id=\"1255\" data-link=\"https:\/\/ntnui.no\/innebandy\/arrangementer\/kopi-av-_dsc0392\/\" class=\"wp-image-1255\" \/><\/figure><\/li><li class=\"blockgallery--item\"><figure class=\"blockgallery--figure\"><img loading=\"lazy\" decoding=\"async\" width=\"3886\" height=\"2601\" src=\"https:\/\/ntnui.no\/innebandy\/wp-content\/uploads\/sites\/231\/2025\/04\/Kopi-av-_DSC0383.jpg\" alt=\"\" data-id=\"1256\" data-link=\"https:\/\/ntnui.no\/innebandy\/arrangementer\/kopi-av-_dsc0383\/\" class=\"wp-image-1256\" \/><\/figure><\/li><\/ul><\/div><\/div>\n","protected":false},"excerpt":{"rendered":"<p>Her finner du en oversikt over arrangementene vi arrangerer eller deltar p\u00e5. Om du har noen sp\u00f8rsm\u00e5l om noen av arrangementene er det bare \u00e5 sende en mail til arrangementsansvarlig, innebandy-arrangement@ntnui.no. Dato Arrangement Kommentar 5-7. september Dragvoll Cup 27. september Bli-kjent-fest 15. november H\u00f8stfest 5. februar \u00c5rsm\u00f8te 14. februar Bli-gjenkjent-fest 26. februar &#8211; 1. mars [&hellip;]<\/p>\n","protected":false},"author":95,"featured_media":0,"parent":0,"menu_order":0,"comment_status":"closed","ping_status":"closed","template":"","meta":{"_coblocks_attr":"","_coblocks_dimensions":"","_coblocks_responsive_height":"","_coblocks_accordion_ie_support":"","_price":"","_stock":"","_tribe_ticket_header":"","_tribe_default_ticket_provider":"","_tribe_ticket_capacity":"0","_ticket_start_date":"","_ticket_end_date":"","_tribe_ticket_show_description":"","_tribe_ticket_show_not_going":false,"_tribe_ticket_use_global_stock":"","_tribe_ticket_global_stock_level":"","_global_stock_mode":"","_global_stock_cap":"","_tribe_rsvp_for_event":"","_tribe_ticket_going_count":"","_tribe_ticket_not_going_count":"","_tribe_tickets_list":[],"_tribe_ticket_has_attendee_info_fields":false,"footnotes":""},"class_list":["post-272","page","type-page","status-publish","hentry"],"featured_image_src":null,"featured_image_src_square":null,"_links":{"self":[{"href":"https:\/\/ntnui.no\/innebandy\/wp-json\/wp\/v2\/pages\/272","targetHints":{"allow":["GET"]}}],"collection":[{"href":"https:\/\/ntnui.no\/innebandy\/wp-json\/wp\/v2\/pages"}],"about":[{"href":"https:\/\/ntnui.no\/innebandy\/wp-json\/wp\/v2\/types\/page"}],"author":[{"embeddable":true,"href":"https:\/\/ntnui.no\/innebandy\/wp-json\/wp\/v2\/users\/95"}],"replies":[{"embeddable":true,"href":"https:\/\/ntnui.no\/innebandy\/wp-json\/wp\/v2\/comments?post=272"}],"version-history":[{"count":54,"href":"https:\/\/ntnui.no\/innebandy\/wp-json\/wp\/v2\/pages\/272\/revisions"}],"predecessor-version":[{"id":1358,"href":"https:\/\/ntnui.no\/innebandy\/wp-json\/wp\/v2\/pages\/272\/revisions\/1358"}],"wp:attachment":[{"href":"https:\/\/ntnui.no\/innebandy\/wp-json\/wp\/v2\/media?parent=272"}],"curies":[{"name":"wp","href":"https:\/\/api.w.org\/{rel}","templated":true}]}}