{"id":15,"date":"2019-01-10T17:37:49","date_gmt":"2019-01-10T17:37:49","guid":{"rendered":"https:\/\/ntnui.no\/ib\/?page_id=15"},"modified":"2020-01-25T16:12:36","modified_gmt":"2020-01-25T16:12:36","slug":"nyheter","status":"publish","type":"page","link":"https:\/\/ntnui.no\/innebandy\/nyheter\/","title":{"rendered":"Nyheter"},"content":{"rendered":"\n<p> <\/p>\n\n\n<section class=\"ab-block-post-grid featuredpost aligncenter\"><div class=\"ab-post-grid-items is-grid columns-2\"><article id=\"post-1193\" class=\"ab-post-grid-item post-1193 post type-post status-publish format-standard has-post-thumbnail hentry category-nyheter tag-arsmote\"><div class=\"ab-block-post-grid-image\"><a href=\"https:\/\/ntnui.no\/innebandy\/2025\/02\/20\/arsmote-2025\/\" rel=\"bookmark\" aria-hidden=\"true\" tabindex=\"-1\"><img loading=\"lazy\" decoding=\"async\" width=\"1024\" height=\"1024\" src=\"https:\/\/ntnui.no\/innebandy\/wp-content\/uploads\/sites\/231\/2020\/08\/EA11MnxQ.jpeg\" class=\"attachment-full size-full\" alt=\"\" srcset=\"https:\/\/ntnui.no\/innebandy\/wp-content\/uploads\/sites\/231\/2020\/08\/EA11MnxQ.jpeg 1024w, https:\/\/ntnui.no\/innebandy\/wp-content\/uploads\/sites\/231\/2020\/08\/EA11MnxQ-300x300.jpeg 300w, https:\/\/ntnui.no\/innebandy\/wp-content\/uploads\/sites\/231\/2020\/08\/EA11MnxQ-150x150.jpeg 150w, https:\/\/ntnui.no\/innebandy\/wp-content\/uploads\/sites\/231\/2020\/08\/EA11MnxQ-768x768.jpeg 768w, https:\/\/ntnui.no\/innebandy\/wp-content\/uploads\/sites\/231\/2020\/08\/EA11MnxQ-600x600.jpeg 600w, https:\/\/ntnui.no\/innebandy\/wp-content\/uploads\/sites\/231\/2020\/08\/EA11MnxQ-100x100.jpeg 100w\" sizes=\"auto, (max-width: 1024px) 100vw, 1024px\" \/><\/a><\/div><div class=\"ab-block-post-grid-text\"><header class=\"ab-block-post-grid-header\"><h3 class=\"ab-block-post-grid-title\"><a href=\"https:\/\/ntnui.no\/innebandy\/2025\/02\/20\/arsmote-2025\/\" rel=\"bookmark\">\u00c5rsm\u00f8te 2025<\/a><\/h3><div class=\"ab-block-post-grid-byline\"><time datetime=\"2025-02-20T20:03:00+01:00\" class=\"ab-block-post-grid-date\" itemprop=\"datePublished\">February 20, 2025<\/time><\/div><\/header><div class=\"ab-block-post-grid-excerpt\"><\/div><\/div><\/article>\n<article id=\"post-759\" class=\"ab-post-grid-item post-759 post type-post status-publish format-standard has-post-thumbnail hentry category-nyheter tag-arsmote\"><div class=\"ab-block-post-grid-image\"><a href=\"https:\/\/ntnui.no\/innebandy\/2022\/01\/21\/arsmote-2022\/\" rel=\"bookmark\" aria-hidden=\"true\" tabindex=\"-1\"><img loading=\"lazy\" decoding=\"async\" width=\"1024\" height=\"1024\" src=\"https:\/\/ntnui.no\/innebandy\/wp-content\/uploads\/sites\/231\/2020\/08\/EA11MnxQ.jpeg\" class=\"attachment-full size-full\" alt=\"\" srcset=\"https:\/\/ntnui.no\/innebandy\/wp-content\/uploads\/sites\/231\/2020\/08\/EA11MnxQ.jpeg 1024w, https:\/\/ntnui.no\/innebandy\/wp-content\/uploads\/sites\/231\/2020\/08\/EA11MnxQ-300x300.jpeg 300w, https:\/\/ntnui.no\/innebandy\/wp-content\/uploads\/sites\/231\/2020\/08\/EA11MnxQ-150x150.jpeg 150w, https:\/\/ntnui.no\/innebandy\/wp-content\/uploads\/sites\/231\/2020\/08\/EA11MnxQ-768x768.jpeg 768w, https:\/\/ntnui.no\/innebandy\/wp-content\/uploads\/sites\/231\/2020\/08\/EA11MnxQ-600x600.jpeg 600w, https:\/\/ntnui.no\/innebandy\/wp-content\/uploads\/sites\/231\/2020\/08\/EA11MnxQ-100x100.jpeg 100w\" sizes=\"auto, (max-width: 1024px) 100vw, 1024px\" \/><\/a><\/div><div class=\"ab-block-post-grid-text\"><header class=\"ab-block-post-grid-header\"><h3 class=\"ab-block-post-grid-title\"><a href=\"https:\/\/ntnui.no\/innebandy\/2022\/01\/21\/arsmote-2022\/\" rel=\"bookmark\">\u00c5rsm\u00f8te 2022<\/a><\/h3><div class=\"ab-block-post-grid-byline\"><time datetime=\"2022-01-21T23:55:17+01:00\" class=\"ab-block-post-grid-date\" itemprop=\"datePublished\">January 21, 2022<\/time><\/div><\/header><div class=\"ab-block-post-grid-excerpt\"><\/div><\/div><\/article>\n<article id=\"post-683\" class=\"ab-post-grid-item post-683 post type-post status-publish format-standard has-post-thumbnail hentry category-nyheter\"><div class=\"ab-block-post-grid-image\"><a href=\"https:\/\/ntnui.no\/innebandy\/2021\/08\/15\/tryouts-og-treninger-hosten-2021\/\" rel=\"bookmark\" aria-hidden=\"true\" tabindex=\"-1\"><img loading=\"lazy\" decoding=\"async\" width=\"967\" height=\"486\" src=\"https:\/\/ntnui.no\/innebandy\/wp-content\/uploads\/sites\/231\/2021\/08\/Screenshot-from-2021-08-15-12-04-09.png\" class=\"attachment-full size-full\" alt=\"\" \/><\/a><\/div><div class=\"ab-block-post-grid-text\"><header class=\"ab-block-post-grid-header\"><h3 class=\"ab-block-post-grid-title\"><a href=\"https:\/\/ntnui.no\/innebandy\/2021\/08\/15\/tryouts-og-treninger-hosten-2021\/\" rel=\"bookmark\">Tryouts og treninger h\u00f8sten 2021<\/a><\/h3><div class=\"ab-block-post-grid-byline\"><time datetime=\"2021-08-15T11:00:29+01:00\" class=\"ab-block-post-grid-date\" itemprop=\"datePublished\">August 15, 2021<\/time><\/div><\/header><div class=\"ab-block-post-grid-excerpt\"><\/div><\/div><\/article>\n<article id=\"post-654\" class=\"ab-post-grid-item post-654 post type-post status-publish format-standard has-post-thumbnail hentry category-nyheter\"><div class=\"ab-block-post-grid-image\"><a href=\"https:\/\/ntnui.no\/innebandy\/2021\/04\/17\/trening-starter-opp-igjen-nye-retningslinjer\/\" rel=\"bookmark\" aria-hidden=\"true\" tabindex=\"-1\"><img loading=\"lazy\" decoding=\"async\" width=\"1024\" height=\"1024\" src=\"https:\/\/ntnui.no\/innebandy\/wp-content\/uploads\/sites\/231\/2020\/08\/EA11MnxQ.jpeg\" class=\"attachment-full size-full\" alt=\"\" srcset=\"https:\/\/ntnui.no\/innebandy\/wp-content\/uploads\/sites\/231\/2020\/08\/EA11MnxQ.jpeg 1024w, https:\/\/ntnui.no\/innebandy\/wp-content\/uploads\/sites\/231\/2020\/08\/EA11MnxQ-300x300.jpeg 300w, https:\/\/ntnui.no\/innebandy\/wp-content\/uploads\/sites\/231\/2020\/08\/EA11MnxQ-150x150.jpeg 150w, https:\/\/ntnui.no\/innebandy\/wp-content\/uploads\/sites\/231\/2020\/08\/EA11MnxQ-768x768.jpeg 768w, https:\/\/ntnui.no\/innebandy\/wp-content\/uploads\/sites\/231\/2020\/08\/EA11MnxQ-600x600.jpeg 600w, https:\/\/ntnui.no\/innebandy\/wp-content\/uploads\/sites\/231\/2020\/08\/EA11MnxQ-100x100.jpeg 100w\" sizes=\"auto, (max-width: 1024px) 100vw, 1024px\" \/><\/a><\/div><div class=\"ab-block-post-grid-text\"><header class=\"ab-block-post-grid-header\"><h3 class=\"ab-block-post-grid-title\"><a href=\"https:\/\/ntnui.no\/innebandy\/2021\/04\/17\/trening-starter-opp-igjen-nye-retningslinjer\/\" rel=\"bookmark\">Trening starter opp igjen, nye retningslinjer<\/a><\/h3><div class=\"ab-block-post-grid-byline\"><time datetime=\"2021-04-17T13:44:06+01:00\" class=\"ab-block-post-grid-date\" itemprop=\"datePublished\">April 17, 2021<\/time><\/div><\/header><div class=\"ab-block-post-grid-excerpt\"><\/div><\/div><\/article>\n<article id=\"post-613\" class=\"ab-post-grid-item post-613 post type-post status-publish format-standard has-post-thumbnail hentry category-nyheter\"><div class=\"ab-block-post-grid-image\"><a href=\"https:\/\/ntnui.no\/innebandy\/2020\/08\/13\/retningslinjer-covid-19\/\" rel=\"bookmark\" aria-hidden=\"true\" tabindex=\"-1\"><img loading=\"lazy\" decoding=\"async\" width=\"1024\" height=\"1024\" src=\"https:\/\/ntnui.no\/innebandy\/wp-content\/uploads\/sites\/231\/2020\/08\/EA11MnxQ.jpeg\" class=\"attachment-full size-full\" alt=\"\" srcset=\"https:\/\/ntnui.no\/innebandy\/wp-content\/uploads\/sites\/231\/2020\/08\/EA11MnxQ.jpeg 1024w, https:\/\/ntnui.no\/innebandy\/wp-content\/uploads\/sites\/231\/2020\/08\/EA11MnxQ-300x300.jpeg 300w, https:\/\/ntnui.no\/innebandy\/wp-content\/uploads\/sites\/231\/2020\/08\/EA11MnxQ-150x150.jpeg 150w, https:\/\/ntnui.no\/innebandy\/wp-content\/uploads\/sites\/231\/2020\/08\/EA11MnxQ-768x768.jpeg 768w, https:\/\/ntnui.no\/innebandy\/wp-content\/uploads\/sites\/231\/2020\/08\/EA11MnxQ-600x600.jpeg 600w, https:\/\/ntnui.no\/innebandy\/wp-content\/uploads\/sites\/231\/2020\/08\/EA11MnxQ-100x100.jpeg 100w\" sizes=\"auto, (max-width: 1024px) 100vw, 1024px\" \/><\/a><\/div><div class=\"ab-block-post-grid-text\"><header class=\"ab-block-post-grid-header\"><h3 class=\"ab-block-post-grid-title\"><a href=\"https:\/\/ntnui.no\/innebandy\/2020\/08\/13\/retningslinjer-covid-19\/\" rel=\"bookmark\">Retningslinjer COVID-19<\/a><\/h3><div class=\"ab-block-post-grid-byline\"><time datetime=\"2020-08-13T20:11:24+01:00\" class=\"ab-block-post-grid-date\" itemprop=\"datePublished\">August 13, 2020<\/time><\/div><\/header><div class=\"ab-block-post-grid-excerpt\"><\/div><\/div><\/article>\n<article id=\"post-608\" class=\"ab-post-grid-item post-608 post type-post status-publish format-standard has-post-thumbnail hentry category-nyheter\"><div class=\"ab-block-post-grid-image\"><a href=\"https:\/\/ntnui.no\/innebandy\/2020\/08\/12\/oppdatert-info-om-treninger\/\" rel=\"bookmark\" aria-hidden=\"true\" tabindex=\"-1\"><img loading=\"lazy\" decoding=\"async\" width=\"1024\" height=\"1024\" src=\"https:\/\/ntnui.no\/innebandy\/wp-content\/uploads\/sites\/231\/2020\/08\/EA11MnxQ.jpeg\" class=\"attachment-full size-full\" alt=\"\" srcset=\"https:\/\/ntnui.no\/innebandy\/wp-content\/uploads\/sites\/231\/2020\/08\/EA11MnxQ.jpeg 1024w, https:\/\/ntnui.no\/innebandy\/wp-content\/uploads\/sites\/231\/2020\/08\/EA11MnxQ-300x300.jpeg 300w, https:\/\/ntnui.no\/innebandy\/wp-content\/uploads\/sites\/231\/2020\/08\/EA11MnxQ-150x150.jpeg 150w, https:\/\/ntnui.no\/innebandy\/wp-content\/uploads\/sites\/231\/2020\/08\/EA11MnxQ-768x768.jpeg 768w, https:\/\/ntnui.no\/innebandy\/wp-content\/uploads\/sites\/231\/2020\/08\/EA11MnxQ-600x600.jpeg 600w, https:\/\/ntnui.no\/innebandy\/wp-content\/uploads\/sites\/231\/2020\/08\/EA11MnxQ-100x100.jpeg 100w\" sizes=\"auto, (max-width: 1024px) 100vw, 1024px\" \/><\/a><\/div><div class=\"ab-block-post-grid-text\"><header class=\"ab-block-post-grid-header\"><h3 class=\"ab-block-post-grid-title\"><a href=\"https:\/\/ntnui.no\/innebandy\/2020\/08\/12\/oppdatert-info-om-treninger\/\" rel=\"bookmark\">Oppdatert info om treninger<\/a><\/h3><div class=\"ab-block-post-grid-byline\"><time datetime=\"2020-08-12T13:25:15+01:00\" class=\"ab-block-post-grid-date\" itemprop=\"datePublished\">August 12, 2020<\/time><\/div><\/header><div class=\"ab-block-post-grid-excerpt\"><\/div><\/div><\/article>\n<article id=\"post-600\" class=\"ab-post-grid-item post-600 post type-post status-publish format-standard has-post-thumbnail hentry category-nyheter\"><div class=\"ab-block-post-grid-image\"><a href=\"https:\/\/ntnui.no\/innebandy\/2020\/08\/06\/informasjon-om-trening\/\" rel=\"bookmark\" aria-hidden=\"true\" tabindex=\"-1\"><img loading=\"lazy\" decoding=\"async\" width=\"1024\" height=\"1024\" src=\"https:\/\/ntnui.no\/innebandy\/wp-content\/uploads\/sites\/231\/2020\/08\/EA11MnxQ.jpeg\" class=\"attachment-full size-full\" alt=\"\" srcset=\"https:\/\/ntnui.no\/innebandy\/wp-content\/uploads\/sites\/231\/2020\/08\/EA11MnxQ.jpeg 1024w, https:\/\/ntnui.no\/innebandy\/wp-content\/uploads\/sites\/231\/2020\/08\/EA11MnxQ-300x300.jpeg 300w, https:\/\/ntnui.no\/innebandy\/wp-content\/uploads\/sites\/231\/2020\/08\/EA11MnxQ-150x150.jpeg 150w, https:\/\/ntnui.no\/innebandy\/wp-content\/uploads\/sites\/231\/2020\/08\/EA11MnxQ-768x768.jpeg 768w, https:\/\/ntnui.no\/innebandy\/wp-content\/uploads\/sites\/231\/2020\/08\/EA11MnxQ-600x600.jpeg 600w, https:\/\/ntnui.no\/innebandy\/wp-content\/uploads\/sites\/231\/2020\/08\/EA11MnxQ-100x100.jpeg 100w\" sizes=\"auto, (max-width: 1024px) 100vw, 1024px\" \/><\/a><\/div><div class=\"ab-block-post-grid-text\"><header class=\"ab-block-post-grid-header\"><h3 class=\"ab-block-post-grid-title\"><a href=\"https:\/\/ntnui.no\/innebandy\/2020\/08\/06\/informasjon-om-trening\/\" rel=\"bookmark\">Informasjon om trening<\/a><\/h3><div class=\"ab-block-post-grid-byline\"><time datetime=\"2020-08-06T15:26:41+01:00\" class=\"ab-block-post-grid-date\" itemprop=\"datePublished\">August 6, 2020<\/time><\/div><\/header><div class=\"ab-block-post-grid-excerpt\"><\/div><\/div><\/article>\n<article id=\"post-564\" class=\"ab-post-grid-item post-564 post type-post status-publish format-standard has-post-thumbnail hentry category-nyheter tag-arsmote\"><div class=\"ab-block-post-grid-image\"><a href=\"https:\/\/ntnui.no\/innebandy\/2020\/01\/14\/hva-gjor-styret-arsmote-2020\/\" rel=\"bookmark\" aria-hidden=\"true\" tabindex=\"-1\"><img loading=\"lazy\" decoding=\"async\" width=\"1134\" height=\"1134\" src=\"https:\/\/ntnui.no\/innebandy\/wp-content\/uploads\/sites\/231\/2019\/02\/Logo-Innebandy.jpg\" class=\"attachment-full size-full\" alt=\"\" srcset=\"https:\/\/ntnui.no\/innebandy\/wp-content\/uploads\/sites\/231\/2019\/02\/Logo-Innebandy.jpg 1134w, https:\/\/ntnui.no\/innebandy\/wp-content\/uploads\/sites\/231\/2019\/02\/Logo-Innebandy-150x150.jpg 150w, https:\/\/ntnui.no\/innebandy\/wp-content\/uploads\/sites\/231\/2019\/02\/Logo-Innebandy-300x300.jpg 300w, https:\/\/ntnui.no\/innebandy\/wp-content\/uploads\/sites\/231\/2019\/02\/Logo-Innebandy-768x768.jpg 768w, https:\/\/ntnui.no\/innebandy\/wp-content\/uploads\/sites\/231\/2019\/02\/Logo-Innebandy-1024x1024.jpg 1024w, https:\/\/ntnui.no\/innebandy\/wp-content\/uploads\/sites\/231\/2019\/02\/Logo-Innebandy-600x600.jpg 600w, https:\/\/ntnui.no\/innebandy\/wp-content\/uploads\/sites\/231\/2019\/02\/Logo-Innebandy-100x100.jpg 100w\" sizes=\"auto, (max-width: 1134px) 100vw, 1134px\" \/><\/a><\/div><div class=\"ab-block-post-grid-text\"><header class=\"ab-block-post-grid-header\"><h3 class=\"ab-block-post-grid-title\"><a href=\"https:\/\/ntnui.no\/innebandy\/2020\/01\/14\/hva-gjor-styret-arsmote-2020\/\" rel=\"bookmark\">Hva gj\u00f8r styret? (\u00c5rsm\u00f8te 2020)<\/a><\/h3><div class=\"ab-block-post-grid-byline\"><time datetime=\"2020-01-14T22:26:52+01:00\" class=\"ab-block-post-grid-date\" itemprop=\"datePublished\">January 14, 2020<\/time><\/div><\/header><div class=\"ab-block-post-grid-excerpt\"><\/div><\/div><\/article>\n<article id=\"post-546\" class=\"ab-post-grid-item post-546 post type-post status-publish format-standard has-post-thumbnail hentry category-nyheter\"><div class=\"ab-block-post-grid-image\"><a href=\"https:\/\/ntnui.no\/innebandy\/2019\/10\/05\/dragvoll-cup-2019\/\" rel=\"bookmark\" aria-hidden=\"true\" tabindex=\"-1\"><img loading=\"lazy\" decoding=\"async\" width=\"5931\" height=\"3954\" src=\"https:\/\/ntnui.no\/innebandy\/wp-content\/uploads\/sites\/231\/2019\/10\/N.-Dittrich-IB-12.jpg\" class=\"attachment-full size-full\" alt=\"\" srcset=\"https:\/\/ntnui.no\/innebandy\/wp-content\/uploads\/sites\/231\/2019\/10\/N.-Dittrich-IB-12.jpg 5931w, https:\/\/ntnui.no\/innebandy\/wp-content\/uploads\/sites\/231\/2019\/10\/N.-Dittrich-IB-12-300x200.jpg 300w, https:\/\/ntnui.no\/innebandy\/wp-content\/uploads\/sites\/231\/2019\/10\/N.-Dittrich-IB-12-768x512.jpg 768w, https:\/\/ntnui.no\/innebandy\/wp-content\/uploads\/sites\/231\/2019\/10\/N.-Dittrich-IB-12-1024x683.jpg 1024w, https:\/\/ntnui.no\/innebandy\/wp-content\/uploads\/sites\/231\/2019\/10\/N.-Dittrich-IB-12-600x400.jpg 600w, https:\/\/ntnui.no\/innebandy\/wp-content\/uploads\/sites\/231\/2019\/10\/N.-Dittrich-IB-12-1736x1157.jpg 1736w\" sizes=\"auto, (max-width: 5931px) 100vw, 5931px\" \/><\/a><\/div><div class=\"ab-block-post-grid-text\"><header class=\"ab-block-post-grid-header\"><h3 class=\"ab-block-post-grid-title\"><a href=\"https:\/\/ntnui.no\/innebandy\/2019\/10\/05\/dragvoll-cup-2019\/\" rel=\"bookmark\">Dragvoll Cup 2019<\/a><\/h3><div class=\"ab-block-post-grid-byline\"><time datetime=\"2019-10-05T21:00:45+01:00\" class=\"ab-block-post-grid-date\" itemprop=\"datePublished\">October 5, 2019<\/time><\/div><\/header><div class=\"ab-block-post-grid-excerpt\"><\/div><\/div><\/article>\n<article id=\"post-530\" class=\"ab-post-grid-item post-530 post type-post status-publish format-standard has-post-thumbnail hentry category-nyheter\"><div class=\"ab-block-post-grid-image\"><a href=\"https:\/\/ntnui.no\/innebandy\/2019\/09\/17\/har-du-lyst-til-a-bli-dommer\/\" rel=\"bookmark\" aria-hidden=\"true\" tabindex=\"-1\"><img loading=\"lazy\" decoding=\"async\" width=\"1134\" height=\"1134\" src=\"https:\/\/ntnui.no\/innebandy\/wp-content\/uploads\/sites\/231\/2019\/02\/Logo-Innebandy.jpg\" class=\"attachment-full size-full\" alt=\"\" srcset=\"https:\/\/ntnui.no\/innebandy\/wp-content\/uploads\/sites\/231\/2019\/02\/Logo-Innebandy.jpg 1134w, https:\/\/ntnui.no\/innebandy\/wp-content\/uploads\/sites\/231\/2019\/02\/Logo-Innebandy-150x150.jpg 150w, https:\/\/ntnui.no\/innebandy\/wp-content\/uploads\/sites\/231\/2019\/02\/Logo-Innebandy-300x300.jpg 300w, https:\/\/ntnui.no\/innebandy\/wp-content\/uploads\/sites\/231\/2019\/02\/Logo-Innebandy-768x768.jpg 768w, https:\/\/ntnui.no\/innebandy\/wp-content\/uploads\/sites\/231\/2019\/02\/Logo-Innebandy-1024x1024.jpg 1024w, https:\/\/ntnui.no\/innebandy\/wp-content\/uploads\/sites\/231\/2019\/02\/Logo-Innebandy-600x600.jpg 600w, https:\/\/ntnui.no\/innebandy\/wp-content\/uploads\/sites\/231\/2019\/02\/Logo-Innebandy-100x100.jpg 100w\" sizes=\"auto, (max-width: 1134px) 100vw, 1134px\" \/><\/a><\/div><div class=\"ab-block-post-grid-text\"><header class=\"ab-block-post-grid-header\"><h3 class=\"ab-block-post-grid-title\"><a href=\"https:\/\/ntnui.no\/innebandy\/2019\/09\/17\/har-du-lyst-til-a-bli-dommer\/\" rel=\"bookmark\">Har du lyst til \u00e5 bli dommer?<\/a><\/h3><div class=\"ab-block-post-grid-byline\"><time datetime=\"2019-09-17T09:02:09+01:00\" class=\"ab-block-post-grid-date\" itemprop=\"datePublished\">September 17, 2019<\/time><\/div><\/header><div class=\"ab-block-post-grid-excerpt\"><\/div><\/div><\/article>\n<article id=\"post-454\" class=\"ab-post-grid-item post-454 post type-post status-publish format-standard has-post-thumbnail hentry category-nyheter\"><div class=\"ab-block-post-grid-image\"><a href=\"https:\/\/ntnui.no\/innebandy\/2019\/07\/26\/blir-du-med-pa-laget\/\" rel=\"bookmark\" aria-hidden=\"true\" tabindex=\"-1\"><img loading=\"lazy\" decoding=\"async\" width=\"1134\" height=\"1134\" src=\"https:\/\/ntnui.no\/innebandy\/wp-content\/uploads\/sites\/231\/2019\/02\/Logo-Innebandy.jpg\" class=\"attachment-full size-full\" alt=\"\" srcset=\"https:\/\/ntnui.no\/innebandy\/wp-content\/uploads\/sites\/231\/2019\/02\/Logo-Innebandy.jpg 1134w, https:\/\/ntnui.no\/innebandy\/wp-content\/uploads\/sites\/231\/2019\/02\/Logo-Innebandy-150x150.jpg 150w, https:\/\/ntnui.no\/innebandy\/wp-content\/uploads\/sites\/231\/2019\/02\/Logo-Innebandy-300x300.jpg 300w, https:\/\/ntnui.no\/innebandy\/wp-content\/uploads\/sites\/231\/2019\/02\/Logo-Innebandy-768x768.jpg 768w, https:\/\/ntnui.no\/innebandy\/wp-content\/uploads\/sites\/231\/2019\/02\/Logo-Innebandy-1024x1024.jpg 1024w, https:\/\/ntnui.no\/innebandy\/wp-content\/uploads\/sites\/231\/2019\/02\/Logo-Innebandy-600x600.jpg 600w, https:\/\/ntnui.no\/innebandy\/wp-content\/uploads\/sites\/231\/2019\/02\/Logo-Innebandy-100x100.jpg 100w\" sizes=\"auto, (max-width: 1134px) 100vw, 1134px\" \/><\/a><\/div><div class=\"ab-block-post-grid-text\"><header class=\"ab-block-post-grid-header\"><h3 class=\"ab-block-post-grid-title\"><a href=\"https:\/\/ntnui.no\/innebandy\/2019\/07\/26\/blir-du-med-pa-laget\/\" rel=\"bookmark\">Blir du med p\u00e5 laget?<\/a><\/h3><div class=\"ab-block-post-grid-byline\"><time datetime=\"2019-07-26T10:09:46+01:00\" class=\"ab-block-post-grid-date\" itemprop=\"datePublished\">July 26, 2019<\/time><\/div><\/header><div class=\"ab-block-post-grid-excerpt\"><\/div><\/div><\/article>\n<article id=\"post-245\" class=\"ab-post-grid-item post-245 post type-post status-publish format-standard has-post-thumbnail hentry category-nyheter tag-sl2019\"><div class=\"ab-block-post-grid-image\"><a href=\"https:\/\/ntnui.no\/innebandy\/2019\/02\/25\/studentlekene-2019\/\" rel=\"bookmark\" aria-hidden=\"true\" tabindex=\"-1\"><img loading=\"lazy\" decoding=\"async\" width=\"2048\" height=\"1365\" src=\"https:\/\/ntnui.no\/innebandy\/wp-content\/uploads\/sites\/231\/2019\/02\/46271297535_12249535a3_k.jpg\" class=\"attachment-full size-full\" alt=\"\" srcset=\"https:\/\/ntnui.no\/innebandy\/wp-content\/uploads\/sites\/231\/2019\/02\/46271297535_12249535a3_k.jpg 2048w, https:\/\/ntnui.no\/innebandy\/wp-content\/uploads\/sites\/231\/2019\/02\/46271297535_12249535a3_k-300x200.jpg 300w, https:\/\/ntnui.no\/innebandy\/wp-content\/uploads\/sites\/231\/2019\/02\/46271297535_12249535a3_k-768x512.jpg 768w, https:\/\/ntnui.no\/innebandy\/wp-content\/uploads\/sites\/231\/2019\/02\/46271297535_12249535a3_k-1024x683.jpg 1024w, https:\/\/ntnui.no\/innebandy\/wp-content\/uploads\/sites\/231\/2019\/02\/46271297535_12249535a3_k-600x400.jpg 600w, https:\/\/ntnui.no\/innebandy\/wp-content\/uploads\/sites\/231\/2019\/02\/46271297535_12249535a3_k-1736x1157.jpg 1736w\" sizes=\"auto, (max-width: 2048px) 100vw, 2048px\" \/><\/a><\/div><div class=\"ab-block-post-grid-text\"><header class=\"ab-block-post-grid-header\"><h3 class=\"ab-block-post-grid-title\"><a href=\"https:\/\/ntnui.no\/innebandy\/2019\/02\/25\/studentlekene-2019\/\" rel=\"bookmark\">Studentlekene 2019<\/a><\/h3><div class=\"ab-block-post-grid-byline\"><time datetime=\"2019-02-25T19:14:02+01:00\" class=\"ab-block-post-grid-date\" itemprop=\"datePublished\">February 25, 2019<\/time><\/div><\/header><div class=\"ab-block-post-grid-excerpt\"><\/div><\/div><\/article>\n<\/div><\/section>","protected":false},"excerpt":{"rendered":"","protected":false},"author":95,"featured_media":0,"parent":0,"menu_order":0,"comment_status":"closed","ping_status":"closed","template":"","meta":{"_coblocks_attr":"","_coblocks_dimensions":"","_coblocks_responsive_height":"","_coblocks_accordion_ie_support":"","_price":"","_stock":"","_tribe_ticket_header":"","_tribe_default_ticket_provider":"","_tribe_ticket_capacity":"0","_ticket_start_date":"","_ticket_end_date":"","_tribe_ticket_show_description":"","_tribe_ticket_show_not_going":false,"_tribe_ticket_use_global_stock":"","_tribe_ticket_global_stock_level":"","_global_stock_mode":"","_global_stock_cap":"","_tribe_rsvp_for_event":"","_tribe_ticket_going_count":"","_tribe_ticket_not_going_count":"","_tribe_tickets_list":[],"_tribe_ticket_has_attendee_info_fields":false,"footnotes":""},"class_list":["post-15","page","type-page","status-publish","hentry"],"featured_image_src":null,"featured_image_src_square":null,"_links":{"self":[{"href":"https:\/\/ntnui.no\/innebandy\/wp-json\/wp\/v2\/pages\/15","targetHints":{"allow":["GET"]}}],"collection":[{"href":"https:\/\/ntnui.no\/innebandy\/wp-json\/wp\/v2\/pages"}],"about":[{"href":"https:\/\/ntnui.no\/innebandy\/wp-json\/wp\/v2\/types\/page"}],"author":[{"embeddable":true,"href":"https:\/\/ntnui.no\/innebandy\/wp-json\/wp\/v2\/users\/95"}],"replies":[{"embeddable":true,"href":"https:\/\/ntnui.no\/innebandy\/wp-json\/wp\/v2\/comments?post=15"}],"version-history":[{"count":2,"href":"https:\/\/ntnui.no\/innebandy\/wp-json\/wp\/v2\/pages\/15\/revisions"}],"predecessor-version":[{"id":342,"href":"https:\/\/ntnui.no\/innebandy\/wp-json\/wp\/v2\/pages\/15\/revisions\/342"}],"wp:attachment":[{"href":"https:\/\/ntnui.no\/innebandy\/wp-json\/wp\/v2\/media?parent=15"}],"curies":[{"name":"wp","href":"https:\/\/api.w.org\/{rel}","templated":true}]}}