{"id":1347,"date":"2026-02-03T20:47:31","date_gmt":"2026-02-03T19:47:31","guid":{"rendered":"https:\/\/ntnui.no\/innebandy\/?page_id=1347"},"modified":"2026-02-03T21:11:05","modified_gmt":"2026-02-03T20:11:05","slug":"paraidrett","status":"publish","type":"page","link":"https:\/\/ntnui.no\/innebandy\/paraidrett\/","title":{"rendered":"Paraidrett"},"content":{"rendered":"\n<p><strong>Hva er paraidrett?<\/strong><\/p>\n\n\n\n<p>&#8220;Paraidrett er idrett for personer med en funksjonsnedsettelse. Det er &#8216;para&#8217;lell til idretter for funksjonsfriske atleter, med tilpasset utstyr eller regler for \u00e5 gj\u00f8re idretten morsom og tigjengelig for alle,&#8221; (NTNUI Paraidrett).<\/p>\n\n\n\n<p>Mer informasjon om paraidrett i NTNUI finnes <a href=\"http:\/\/ntnui.no\/paraidrett\" data-type=\"link\" data-id=\"ntnui.no\/paraidrett\"><strong>her<\/strong><\/a>.<\/p>\n\n\n\n<p>I Midt-Norge Bandyregion tilbyr flere klubber tilrettelagt innebandy i form av <a href=\"https:\/\/bandyforbundet.no\/midt-norge-bandyregion\/?page_id=897\" data-type=\"link\" data-id=\"https:\/\/bandyforbundet.no\/midt-norge-bandyregion\/?page_id=897\"><strong>El-innebandy<\/strong><\/a> og <a href=\"https:\/\/bandyforbundet.no\/midt-norge-bandyregion\/?page_id=892\" data-type=\"link\" data-id=\"https:\/\/bandyforbundet.no\/midt-norge-bandyregion\/?page_id=892\"><strong>Super-innebandy<\/strong><\/a>. Mer informasjon om disse tilbudene finnes p\u00e5 regionenes nettsider.<\/p>\n\n\n\n<p>Ta gjerne kontakt dersom du har sp\u00f8rsm\u00e5l om paraidrett og innebandy, ved \u00e5 sende mail til innebandy-sportslig-damer@ntnu.no.<\/p>\n","protected":false},"excerpt":{"rendered":"<p>Hva er paraidrett? &#8220;Paraidrett er idrett for personer med en funksjonsnedsettelse. Det er &#8216;para&#8217;lell til idretter for funksjonsfriske atleter, med tilpasset utstyr eller regler for \u00e5 gj\u00f8re idretten morsom og tigjengelig for alle,&#8221; (NTNUI Paraidrett). Mer informasjon om paraidrett i NTNUI finnes her. I Midt-Norge Bandyregion tilbyr flere klubber tilrettelagt innebandy i form av El-innebandy [&hellip;]<\/p>\n","protected":false},"author":665,"featured_media":0,"parent":0,"menu_order":0,"comment_status":"closed","ping_status":"closed","template":"","meta":{"_coblocks_attr":"","_coblocks_dimensions":"","_coblocks_responsive_height":"","_coblocks_accordion_ie_support":"","_price":"","_stock":"","_tribe_ticket_header":"","_tribe_default_ticket_provider":"","_tribe_ticket_capacity":"0","_ticket_start_date":"","_ticket_end_date":"","_tribe_ticket_show_description":"","_tribe_ticket_show_not_going":false,"_tribe_ticket_use_global_stock":"","_tribe_ticket_global_stock_level":"","_global_stock_mode":"","_global_stock_cap":"","_tribe_rsvp_for_event":"","_tribe_ticket_going_count":"","_tribe_ticket_not_going_count":"","_tribe_tickets_list":[],"_tribe_ticket_has_attendee_info_fields":false,"footnotes":""},"class_list":["post-1347","page","type-page","status-publish","hentry"],"featured_image_src":null,"featured_image_src_square":null,"_links":{"self":[{"href":"https:\/\/ntnui.no\/innebandy\/wp-json\/wp\/v2\/pages\/1347","targetHints":{"allow":["GET"]}}],"collection":[{"href":"https:\/\/ntnui.no\/innebandy\/wp-json\/wp\/v2\/pages"}],"about":[{"href":"https:\/\/ntnui.no\/innebandy\/wp-json\/wp\/v2\/types\/page"}],"author":[{"embeddable":true,"href":"https:\/\/ntnui.no\/innebandy\/wp-json\/wp\/v2\/users\/665"}],"replies":[{"embeddable":true,"href":"https:\/\/ntnui.no\/innebandy\/wp-json\/wp\/v2\/comments?post=1347"}],"version-history":[{"count":3,"href":"https:\/\/ntnui.no\/innebandy\/wp-json\/wp\/v2\/pages\/1347\/revisions"}],"predecessor-version":[{"id":1355,"href":"https:\/\/ntnui.no\/innebandy\/wp-json\/wp\/v2\/pages\/1347\/revisions\/1355"}],"wp:attachment":[{"href":"https:\/\/ntnui.no\/innebandy\/wp-json\/wp\/v2\/media?parent=1347"}],"curies":[{"name":"wp","href":"https:\/\/api.w.org\/{rel}","templated":true}]}}