{"id":1017,"date":"2024-09-11T12:53:47","date_gmt":"2024-09-11T11:53:47","guid":{"rendered":"https:\/\/ntnui.no\/innebandy\/?page_id=1017"},"modified":"2025-02-16T23:45:35","modified_gmt":"2025-02-16T22:45:35","slug":"hvordan-blir-man-medlem-under-ntnui","status":"publish","type":"page","link":"https:\/\/ntnui.no\/innebandy\/hvordan-blir-man-medlem-under-ntnui\/","title":{"rendered":"Hvordan blir man medlem av NTNUI?"},"content":{"rendered":"\n<p id=\"block-d9ddacea-09b7-467c-b7a8-cd29872418c8\">NTNUI er lovp\u00e5lagt \u00e5 melde inn medlemmer til Norges Idrettsforbund (NIF) hvert \u00e5r. P\u00e5 den m\u00e5ten f\u00e5r NTNUI \u00f8konomisk st\u00f8tte fra NIF, ut ifra hvor mange medlemmer de har. Derfor er det viktig med riktig oppdaterte tall p\u00e5 antall medlemmer i klubben.<\/p>\n\n\n\n<p id=\"block-32205b87-6ff5-4e5a-bd97-0e0a65d31a26\">For \u00e5 registrere seg som meldem hos NTNUI s\u00e5 m\u00e5 man f\u00f8rst betale medlemskap p\u00e5 SiT Gl\u00f8shaugen\/Dragvoll. Her vil resepsjonisten hjelpe dere. Mer info om NTNUI-medlemskap finner du <a href=\"https:\/\/ntnui.no\/blimedlem\/\" data-type=\"URL\" data-id=\"https:\/\/ntnui.no\/blimedlem\/\">her.<\/a><\/p>\n\n\n\n<p id=\"block-943364a8-d721-4b65-8905-4793ab0cd15c\">Under finner du step-by-step p\u00e5 hvordan man registrerer seg som medlem:<\/p>\n\n\n\n<div class=\"wp-block-media-text alignwide is-stacked-on-mobile is-vertically-aligned-center\" style=\"grid-template-columns:49% auto\"><figure class=\"wp-block-media-text__media\"><img loading=\"lazy\" decoding=\"async\" width=\"2048\" height=\"1152\" src=\"https:\/\/ntnui.no\/innebandy\/wp-content\/uploads\/sites\/231\/2024\/09\/slayy.jpg\" alt=\"\" class=\"wp-image-1027\" \/><\/figure><div class=\"wp-block-media-text__content\">\n<ol class=\"wp-block-list\" id=\"block-55bdef73-b8b7-47f9-8bcc-44d0f37064b9\"><li>F\u00f8lg f\u00f8lgende lenke:<strong> <a href=\"https:\/\/medlem.ntnui.no\/\">https:\/\/medlem.ntnui.no\/<\/a><\/strong><\/li><li>Trykk p\u00e5 &#8220;<em>Logg inn<\/em>&#8221; deretter &#8220;<em>Aktiver bruker<\/em>&#8220;<\/li><li>Velg riktig landskode og skriv inn ditt telefonnummer. Du vil dermed motta en SMS med engangskode.<\/li><li>Deretter kan du loggge inn.<\/li><li>Trykk p\u00e5 &#8220;<em>Finn en ny gruppe<\/em>&#8221; og velg &#8220;<em>Innebandy<\/em>&#8220;<\/li><li>Til slutt trykker du &#8220;<em>Bli med<\/em>&#8220;.<\/li><\/ol>\n\n\n\n<p id=\"block-f6e6b932-02c8-4a4c-baac-b114199f160a\">Dersom du allerede har registret deg som medlem sist \u00e5r s\u00e5 oppfordrer vi deg \u00e5 fornye medlemskapet. Her velger du gruppen &#8220;<em>Innebandy<\/em>&#8221; deretter &#8220;<em>Forny medlemskap<\/em>&#8220;.<\/p>\n<\/div><\/div>\n\n\n\n<p id=\"block-02172215-7ed3-4dc5-a313-f0550fc95657\">Da var du ferdig! Dersom du har problemer med \u00e5 registrere\/fornye medlemskap, ta kontakt med innebandy-leder@ntnui.no.<\/p>\n\n\n\n<p id=\"block-99da57cd-12d1-48bb-8205-08b5a1c49a6b\">Velkommen til NTNUI Innebandy!<\/p>\n","protected":false},"excerpt":{"rendered":"<p>NTNUI er lovp\u00e5lagt \u00e5 melde inn medlemmer til Norges Idrettsforbund (NIF) hvert \u00e5r. P\u00e5 den m\u00e5ten f\u00e5r NTNUI \u00f8konomisk st\u00f8tte fra NIF, ut ifra hvor mange medlemmer de har. Derfor er det viktig med riktig oppdaterte tall p\u00e5 antall medlemmer i klubben. For \u00e5 registrere seg som meldem hos NTNUI s\u00e5 m\u00e5 man f\u00f8rst betale [&hellip;]<\/p>\n","protected":false},"author":624,"featured_media":0,"parent":0,"menu_order":0,"comment_status":"closed","ping_status":"closed","template":"","meta":{"_coblocks_attr":"","_coblocks_dimensions":"","_coblocks_responsive_height":"","_coblocks_accordion_ie_support":"","_price":"","_stock":"","_tribe_ticket_header":"","_tribe_default_ticket_provider":"","_tribe_ticket_capacity":"0","_ticket_start_date":"","_ticket_end_date":"","_tribe_ticket_show_description":"","_tribe_ticket_show_not_going":false,"_tribe_ticket_use_global_stock":"","_tribe_ticket_global_stock_level":"","_global_stock_mode":"","_global_stock_cap":"","_tribe_rsvp_for_event":"","_tribe_ticket_going_count":"","_tribe_ticket_not_going_count":"","_tribe_tickets_list":[],"_tribe_ticket_has_attendee_info_fields":false,"footnotes":""},"class_list":["post-1017","page","type-page","status-publish","hentry"],"featured_image_src":null,"featured_image_src_square":null,"_links":{"self":[{"href":"https:\/\/ntnui.no\/innebandy\/wp-json\/wp\/v2\/pages\/1017","targetHints":{"allow":["GET"]}}],"collection":[{"href":"https:\/\/ntnui.no\/innebandy\/wp-json\/wp\/v2\/pages"}],"about":[{"href":"https:\/\/ntnui.no\/innebandy\/wp-json\/wp\/v2\/types\/page"}],"author":[{"embeddable":true,"href":"https:\/\/ntnui.no\/innebandy\/wp-json\/wp\/v2\/users\/624"}],"replies":[{"embeddable":true,"href":"https:\/\/ntnui.no\/innebandy\/wp-json\/wp\/v2\/comments?post=1017"}],"version-history":[{"count":16,"href":"https:\/\/ntnui.no\/innebandy\/wp-json\/wp\/v2\/pages\/1017\/revisions"}],"predecessor-version":[{"id":1190,"href":"https:\/\/ntnui.no\/innebandy\/wp-json\/wp\/v2\/pages\/1017\/revisions\/1190"}],"wp:attachment":[{"href":"https:\/\/ntnui.no\/innebandy\/wp-json\/wp\/v2\/media?parent=1017"}],"curies":[{"name":"wp","href":"https:\/\/api.w.org\/{rel}","templated":true}]}}