{"id":754,"date":"2019-01-04T11:59:18","date_gmt":"2019-01-04T10:59:18","guid":{"rendered":"http:\/\/beta.ntnui.no\/hund\/?page_id=754"},"modified":"2019-01-04T11:59:18","modified_gmt":"2019-01-04T10:59:18","slug":"kontakt-oss","status":"publish","type":"page","link":"https:\/\/ntnui.no\/hund\/kontakt-oss\/","title":{"rendered":"Kontakt"},"content":{"rendered":"\n<p>Har du sp\u00f8rsm\u00e5l kan du sende en mail til <em>hund-leder@ntnui.no<\/em> eller sende oss en melding p\u00e5 <a href=\"https:\/\/www.facebook.com\/NTNUIhund\/\"><strong>Facebook<\/strong><\/a>. Vi biter ikke \ud83d\ude42   <\/p>\n\n\n\n<figure class=\"wp-block-image\"><img loading=\"lazy\" decoding=\"async\" width=\"1024\" height=\"683\" src=\"https:\/\/ntnui.no\/hund\/wp-content\/uploads\/sites\/219\/2019\/01\/30171330_424073014684265_2904752851040649548_o-1024x683.jpg\" alt=\"\" class=\"wp-image-755\" srcset=\"https:\/\/ntnui.no\/hund\/wp-content\/uploads\/sites\/219\/2019\/01\/30171330_424073014684265_2904752851040649548_o-1024x683.jpg 1024w, https:\/\/ntnui.no\/hund\/wp-content\/uploads\/sites\/219\/2019\/01\/30171330_424073014684265_2904752851040649548_o-300x200.jpg 300w, https:\/\/ntnui.no\/hund\/wp-content\/uploads\/sites\/219\/2019\/01\/30171330_424073014684265_2904752851040649548_o-768x512.jpg 768w, https:\/\/ntnui.no\/hund\/wp-content\/uploads\/sites\/219\/2019\/01\/30171330_424073014684265_2904752851040649548_o-1568x1045.jpg 1568w, https:\/\/ntnui.no\/hund\/wp-content\/uploads\/sites\/219\/2019\/01\/30171330_424073014684265_2904752851040649548_o.jpg 1782w\" sizes=\"auto, (max-width: 1024px) 100vw, 1024px\" \/><figcaption>Sm\u00e5en. Foto: Elise Gudbrandsen<\/figcaption><\/figure>\n","protected":false},"excerpt":{"rendered":"<p>Har du sp\u00f8rsm\u00e5l kan du sende en mail til hund-leder@ntnui.no eller sende oss en melding p\u00e5 Facebook. Vi biter ikke \ud83d\ude42<\/p>\n","protected":false},"author":7,"featured_media":0,"parent":0,"menu_order":0,"comment_status":"closed","ping_status":"closed","template":"","meta":{"_coblocks_attr":"","_coblocks_dimensions":"","_coblocks_responsive_height":"","_coblocks_accordion_ie_support":"","_price":"","_stock":"","_tribe_ticket_header":"","_tribe_default_ticket_provider":"","_tribe_ticket_capacity":"0","_ticket_start_date":"","_ticket_end_date":"","_tribe_ticket_show_description":"","_tribe_ticket_show_not_going":false,"_tribe_ticket_use_global_stock":"","_tribe_ticket_global_stock_level":"","_global_stock_mode":"","_global_stock_cap":"","_tribe_rsvp_for_event":"","_tribe_ticket_going_count":"","_tribe_ticket_not_going_count":"","_tribe_tickets_list":[],"_tribe_ticket_has_attendee_info_fields":false,"_EventAllDay":false,"_EventTimezone":"","_EventStartDate":"","_EventEndDate":"","_EventStartDateUTC":"","_EventEndDateUTC":"","_EventShowMap":false,"_EventShowMapLink":false,"_EventURL":"","_EventCost":"","_EventCostDescription":"","_EventCurrencySymbol":"","_EventCurrencyPosition":"","_EventDateTimeSeparator":"","_EventTimeRangeSeparator":"","_EventOrganizerID":[],"_EventVenueID":0,"_OrganizerEmail":"","_OrganizerPhone":"","_OrganizerWebsite":"","_VenueAddress":"","_VenueCity":"","_VenueCountry":"","_VenueProvince":"","_VenueZip":"","_VenuePhone":"","_VenueURL":"","_VenueStateProvince":"","_VenueLat":"","_VenueLng":"","footnotes":""},"class_list":["post-754","page","type-page","status-publish","hentry"],"featured_image_src":null,"featured_image_src_square":null,"jetpack_sharing_enabled":true,"_links":{"self":[{"href":"https:\/\/ntnui.no\/hund\/wp-json\/wp\/v2\/pages\/754","targetHints":{"allow":["GET"]}}],"collection":[{"href":"https:\/\/ntnui.no\/hund\/wp-json\/wp\/v2\/pages"}],"about":[{"href":"https:\/\/ntnui.no\/hund\/wp-json\/wp\/v2\/types\/page"}],"author":[{"embeddable":true,"href":"https:\/\/ntnui.no\/hund\/wp-json\/wp\/v2\/users\/7"}],"replies":[{"embeddable":true,"href":"https:\/\/ntnui.no\/hund\/wp-json\/wp\/v2\/comments?post=754"}],"version-history":[{"count":0,"href":"https:\/\/ntnui.no\/hund\/wp-json\/wp\/v2\/pages\/754\/revisions"}],"wp:attachment":[{"href":"https:\/\/ntnui.no\/hund\/wp-json\/wp\/v2\/media?parent=754"}],"curies":[{"name":"wp","href":"https:\/\/api.w.org\/{rel}","templated":true}]}}