{"id":627,"date":"2018-12-27T21:08:49","date_gmt":"2018-12-27T21:08:49","guid":{"rendered":"http:\/\/beta.ntnui.no\/hund\/?page_id=627"},"modified":"2022-01-15T12:29:28","modified_gmt":"2022-01-15T12:29:28","slug":"styret","status":"publish","type":"page","link":"https:\/\/ntnui.no\/hund\/styret\/","title":{"rendered":"Styret"},"content":{"rendered":"\n<p class=\"has-text-align-center\">NTNUI Hund ser for \u00f8yeblikket etter et nytt styre. Styret m\u00e5 minimum best\u00e5 av leder, nestleder og kasserer. I tillegg kan det v\u00e6re gunstig med andre stillinger som f.eks. arrangementansvarlig, kursansvarlig eller velferdsansvarlig.<\/p>\n\n\n\n<div class=\"wp-block-media-text alignwide\"><figure class=\"wp-block-media-text__media\"><img loading=\"lazy\" decoding=\"async\" width=\"768\" height=\"1024\" src=\"https:\/\/ntnui.no\/hund\/wp-content\/uploads\/sites\/219\/2020\/10\/IMG_5287-1-768x1024.jpg\" alt=\"\" class=\"wp-image-997\" srcset=\"https:\/\/ntnui.no\/hund\/wp-content\/uploads\/sites\/219\/2020\/10\/IMG_5287-1-768x1024.jpg 768w, https:\/\/ntnui.no\/hund\/wp-content\/uploads\/sites\/219\/2020\/10\/IMG_5287-1-225x300.jpg 225w, https:\/\/ntnui.no\/hund\/wp-content\/uploads\/sites\/219\/2020\/10\/IMG_5287-1-1152x1536.jpg 1152w, https:\/\/ntnui.no\/hund\/wp-content\/uploads\/sites\/219\/2020\/10\/IMG_5287-1-1536x2048.jpg 1536w, https:\/\/ntnui.no\/hund\/wp-content\/uploads\/sites\/219\/2020\/10\/IMG_5287-1-1736x2315.jpg 1736w, https:\/\/ntnui.no\/hund\/wp-content\/uploads\/sites\/219\/2020\/10\/IMG_5287-1-600x800.jpg 600w, https:\/\/ntnui.no\/hund\/wp-content\/uploads\/sites\/219\/2020\/10\/IMG_5287-1-scaled.jpg 1920w\" sizes=\"auto, (max-width: 768px) 100vw, 768px\" \/><\/figure><div class=\"wp-block-media-text__content\">\n<h2 class=\"wp-block-heading\">Leder<\/h2>\n\n\n\n<p><\/p>\n\n\n\n<p>Som leder har du hovedansvaret for den generelle driften av gruppen. Du  har hovedansvar for at aktiviteter blir arrangert og for at medlemmene i gruppen f\u00f8ler seg godt ivaretatt. Du er ogs\u00e5 kontaktpersonen mellom hundegruppen og hovedstyret i NTNUI.<\/p>\n\n\n\n<p><\/p>\n<\/div><\/div>\n\n\n\n<div class=\"wp-block-media-text alignwide has-media-on-the-right\" style=\"grid-template-columns:auto 48%\"><figure class=\"wp-block-media-text__media\"><img loading=\"lazy\" decoding=\"async\" width=\"1024\" height=\"683\" src=\"https:\/\/ntnui.no\/hund\/wp-content\/uploads\/sites\/219\/2019\/01\/30171330_424073014684265_2904752851040649548_o-1024x683.jpg\" alt=\"\" class=\"wp-image-755\" srcset=\"https:\/\/ntnui.no\/hund\/wp-content\/uploads\/sites\/219\/2019\/01\/30171330_424073014684265_2904752851040649548_o-1024x683.jpg 1024w, https:\/\/ntnui.no\/hund\/wp-content\/uploads\/sites\/219\/2019\/01\/30171330_424073014684265_2904752851040649548_o-300x200.jpg 300w, https:\/\/ntnui.no\/hund\/wp-content\/uploads\/sites\/219\/2019\/01\/30171330_424073014684265_2904752851040649548_o-768x512.jpg 768w, https:\/\/ntnui.no\/hund\/wp-content\/uploads\/sites\/219\/2019\/01\/30171330_424073014684265_2904752851040649548_o-1568x1045.jpg 1568w, https:\/\/ntnui.no\/hund\/wp-content\/uploads\/sites\/219\/2019\/01\/30171330_424073014684265_2904752851040649548_o.jpg 1782w\" sizes=\"auto, (max-width: 1024px) 100vw, 1024px\" \/><\/figure><div class=\"wp-block-media-text__content\">\n<h2 class=\"wp-block-heading\"><strong>Nestleder<\/strong><\/h2>\n\n\n\n<p>Nestleder samarbeider tett med leder om driften av gruppen. Du har, sammen med leder, ansvar for \u00e5 arrangere aktiviteter for gruppen og for at medlemmene f\u00f8ler seg godt ivaretatt. Du er ogs\u00e5 stedfortreder dersom leder ikke kan m\u00f8te opp p\u00e5 f.eks. generalforsamling for NTNUI.<\/p>\n<\/div><\/div>\n\n\n\n<div class=\"wp-block-media-text alignwide\"><figure class=\"wp-block-media-text__media\"><img loading=\"lazy\" decoding=\"async\" width=\"1024\" height=\"683\" src=\"https:\/\/ntnui.no\/hund\/wp-content\/uploads\/sites\/219\/2019\/01\/46072370_545997432491822_7544772798942543872_o-1024x683.jpg\" alt=\"\" class=\"wp-image-769\" srcset=\"https:\/\/ntnui.no\/hund\/wp-content\/uploads\/sites\/219\/2019\/01\/46072370_545997432491822_7544772798942543872_o-1024x683.jpg 1024w, https:\/\/ntnui.no\/hund\/wp-content\/uploads\/sites\/219\/2019\/01\/46072370_545997432491822_7544772798942543872_o-300x200.jpg 300w, https:\/\/ntnui.no\/hund\/wp-content\/uploads\/sites\/219\/2019\/01\/46072370_545997432491822_7544772798942543872_o-768x512.jpg 768w, https:\/\/ntnui.no\/hund\/wp-content\/uploads\/sites\/219\/2019\/01\/46072370_545997432491822_7544772798942543872_o-1568x1045.jpg 1568w, https:\/\/ntnui.no\/hund\/wp-content\/uploads\/sites\/219\/2019\/01\/46072370_545997432491822_7544772798942543872_o.jpg 1944w\" sizes=\"auto, (max-width: 1024px) 100vw, 1024px\" \/><\/figure><div class=\"wp-block-media-text__content\">\n<h2 class=\"wp-block-heading\"><strong>Kasserer<\/strong><\/h2>\n\n\n\n<p>Som kasserer har du ansvar for \u00e5 holde orden p\u00e5 gruppen sin \u00f8konomi. Dette inkluderer \u00e5 sette opp budsjett, s\u00f8ke om midler og f\u00f8re regnskap. Som styremedlem forventes det ogs\u00e5 at du bist\u00e5r leder og nestleder med den generelle driften av gruppen.<\/p>\n<\/div><\/div>\n","protected":false},"excerpt":{"rendered":"<p>NTNUI Hund ser for \u00f8yeblikket etter et nytt styre. Styret m\u00e5 minimum best\u00e5 av leder, nestleder og kasserer. I tillegg kan det v\u00e6re gunstig med andre stillinger som f.eks. arrangementansvarlig, kursansvarlig eller velferdsansvarlig. Leder Som leder har du hovedansvaret for den generelle driften av gruppen. Du har hovedansvar for at aktiviteter blir arrangert og for [&hellip;]<\/p>\n","protected":false},"author":7,"featured_media":0,"parent":0,"menu_order":0,"comment_status":"closed","ping_status":"closed","template":"","meta":{"_coblocks_attr":"","_coblocks_dimensions":"","_coblocks_responsive_height":"","_coblocks_accordion_ie_support":"","_price":"","_stock":"","_tribe_ticket_header":"","_tribe_default_ticket_provider":"","_tribe_ticket_capacity":"0","_ticket_start_date":"","_ticket_end_date":"","_tribe_ticket_show_description":"","_tribe_ticket_show_not_going":false,"_tribe_ticket_use_global_stock":"","_tribe_ticket_global_stock_level":"","_global_stock_mode":"","_global_stock_cap":"","_tribe_rsvp_for_event":"","_tribe_ticket_going_count":"","_tribe_ticket_not_going_count":"","_tribe_tickets_list":[],"_tribe_ticket_has_attendee_info_fields":false,"_EventAllDay":false,"_EventTimezone":"","_EventStartDate":"","_EventEndDate":"","_EventStartDateUTC":"","_EventEndDateUTC":"","_EventShowMap":false,"_EventShowMapLink":false,"_EventURL":"","_EventCost":"","_EventCostDescription":"","_EventCurrencySymbol":"","_EventCurrencyPosition":"","_EventDateTimeSeparator":"","_EventTimeRangeSeparator":"","_EventOrganizerID":[],"_EventVenueID":0,"_OrganizerEmail":"","_OrganizerPhone":"","_OrganizerWebsite":"","_VenueAddress":"","_VenueCity":"","_VenueCountry":"","_VenueProvince":"","_VenueZip":"","_VenuePhone":"","_VenueURL":"","_VenueStateProvince":"","_VenueLat":"","_VenueLng":"","footnotes":""},"class_list":["post-627","page","type-page","status-publish","hentry"],"featured_image_src":null,"featured_image_src_square":null,"jetpack_sharing_enabled":true,"_links":{"self":[{"href":"https:\/\/ntnui.no\/hund\/wp-json\/wp\/v2\/pages\/627","targetHints":{"allow":["GET"]}}],"collection":[{"href":"https:\/\/ntnui.no\/hund\/wp-json\/wp\/v2\/pages"}],"about":[{"href":"https:\/\/ntnui.no\/hund\/wp-json\/wp\/v2\/types\/page"}],"author":[{"embeddable":true,"href":"https:\/\/ntnui.no\/hund\/wp-json\/wp\/v2\/users\/7"}],"replies":[{"embeddable":true,"href":"https:\/\/ntnui.no\/hund\/wp-json\/wp\/v2\/comments?post=627"}],"version-history":[{"count":11,"href":"https:\/\/ntnui.no\/hund\/wp-json\/wp\/v2\/pages\/627\/revisions"}],"predecessor-version":[{"id":1023,"href":"https:\/\/ntnui.no\/hund\/wp-json\/wp\/v2\/pages\/627\/revisions\/1023"}],"wp:attachment":[{"href":"https:\/\/ntnui.no\/hund\/wp-json\/wp\/v2\/media?parent=627"}],"curies":[{"name":"wp","href":"https:\/\/api.w.org\/{rel}","templated":true}]}}