{"id":574,"date":"2018-12-26T19:45:35","date_gmt":"2018-12-26T19:45:35","guid":{"rendered":"http:\/\/beta.ntnui.no\/hund\/?page_id=574"},"modified":"2022-08-24T17:07:07","modified_gmt":"2022-08-24T17:07:07","slug":"aktivitetsprogram","status":"publish","type":"page","link":"https:\/\/ntnui.no\/hund\/aktivitetsprogram\/","title":{"rendered":"Aktivitetsprogram"},"content":{"rendered":"\n<p>H\u00f8sten 2022 arrangerer vi turer hver s\u00f8ndag! Med innslag av andre arrangement i l\u00f8pet av semesteret. Sjekk ut <a rel=\"noreferrer noopener\" href=\"https:\/\/www.facebook.com\/NTNUIhund\" target=\"_blank\">facebooksiden<\/a> v\u00e5r for \u00e5 finne neste tur!<strong><a href=\"https:\/\/goo.gl\/forms\/T7LeBdXppIwNJqQq2\"><\/a><\/strong><\/p>\n\n\n\n<figure class=\"wp-block-image size-large\"><img loading=\"lazy\" decoding=\"async\" width=\"768\" height=\"1024\" src=\"https:\/\/ntnui.no\/hund\/wp-content\/uploads\/sites\/219\/2020\/10\/IMG_5287-1-768x1024.jpg\" alt=\"\" class=\"wp-image-997\" srcset=\"https:\/\/ntnui.no\/hund\/wp-content\/uploads\/sites\/219\/2020\/10\/IMG_5287-1-768x1024.jpg 768w, https:\/\/ntnui.no\/hund\/wp-content\/uploads\/sites\/219\/2020\/10\/IMG_5287-1-225x300.jpg 225w, https:\/\/ntnui.no\/hund\/wp-content\/uploads\/sites\/219\/2020\/10\/IMG_5287-1-1152x1536.jpg 1152w, https:\/\/ntnui.no\/hund\/wp-content\/uploads\/sites\/219\/2020\/10\/IMG_5287-1-1536x2048.jpg 1536w, https:\/\/ntnui.no\/hund\/wp-content\/uploads\/sites\/219\/2020\/10\/IMG_5287-1-1736x2315.jpg 1736w, https:\/\/ntnui.no\/hund\/wp-content\/uploads\/sites\/219\/2020\/10\/IMG_5287-1-600x800.jpg 600w, https:\/\/ntnui.no\/hund\/wp-content\/uploads\/sites\/219\/2020\/10\/IMG_5287-1-scaled.jpg 1920w\" sizes=\"auto, (max-width: 768px) 100vw, 768px\" \/><figcaption>Bolognesen Tuna i festningsparken. Foto: Jenny Marie Ragnhild Andersen<\/figcaption><\/figure>\n\n\n\n<p align=\"center\"> <\/p>\n","protected":false},"excerpt":{"rendered":"<p>H\u00f8sten 2022 arrangerer vi turer hver s\u00f8ndag! Med innslag av andre arrangement i l\u00f8pet av semesteret. Sjekk ut facebooksiden v\u00e5r for \u00e5 finne neste tur!<\/p>\n","protected":false},"author":7,"featured_media":0,"parent":0,"menu_order":0,"comment_status":"closed","ping_status":"closed","template":"","meta":{"_coblocks_attr":"","_coblocks_dimensions":"","_coblocks_responsive_height":"","_coblocks_accordion_ie_support":"","_price":"","_stock":"","_tribe_ticket_header":"","_tribe_default_ticket_provider":"","_tribe_ticket_capacity":"0","_ticket_start_date":"","_ticket_end_date":"","_tribe_ticket_show_description":"","_tribe_ticket_show_not_going":false,"_tribe_ticket_use_global_stock":"","_tribe_ticket_global_stock_level":"","_global_stock_mode":"","_global_stock_cap":"","_tribe_rsvp_for_event":"","_tribe_ticket_going_count":"","_tribe_ticket_not_going_count":"","_tribe_tickets_list":[],"_tribe_ticket_has_attendee_info_fields":false,"_EventAllDay":false,"_EventTimezone":"","_EventStartDate":"","_EventEndDate":"","_EventStartDateUTC":"","_EventEndDateUTC":"","_EventShowMap":false,"_EventShowMapLink":false,"_EventURL":"","_EventCost":"","_EventCostDescription":"","_EventCurrencySymbol":"","_EventCurrencyPosition":"","_EventDateTimeSeparator":"","_EventTimeRangeSeparator":"","_EventOrganizerID":[],"_EventVenueID":0,"_OrganizerEmail":"","_OrganizerPhone":"","_OrganizerWebsite":"","_VenueAddress":"","_VenueCity":"","_VenueCountry":"","_VenueProvince":"","_VenueZip":"","_VenuePhone":"","_VenueURL":"","_VenueStateProvince":"","_VenueLat":"","_VenueLng":"","footnotes":""},"class_list":["post-574","page","type-page","status-publish","hentry"],"featured_image_src":null,"featured_image_src_square":null,"jetpack_sharing_enabled":true,"_links":{"self":[{"href":"https:\/\/ntnui.no\/hund\/wp-json\/wp\/v2\/pages\/574","targetHints":{"allow":["GET"]}}],"collection":[{"href":"https:\/\/ntnui.no\/hund\/wp-json\/wp\/v2\/pages"}],"about":[{"href":"https:\/\/ntnui.no\/hund\/wp-json\/wp\/v2\/types\/page"}],"author":[{"embeddable":true,"href":"https:\/\/ntnui.no\/hund\/wp-json\/wp\/v2\/users\/7"}],"replies":[{"embeddable":true,"href":"https:\/\/ntnui.no\/hund\/wp-json\/wp\/v2\/comments?post=574"}],"version-history":[{"count":10,"href":"https:\/\/ntnui.no\/hund\/wp-json\/wp\/v2\/pages\/574\/revisions"}],"predecessor-version":[{"id":1030,"href":"https:\/\/ntnui.no\/hund\/wp-json\/wp\/v2\/pages\/574\/revisions\/1030"}],"wp:attachment":[{"href":"https:\/\/ntnui.no\/hund\/wp-json\/wp\/v2\/media?parent=574"}],"curies":[{"name":"wp","href":"https:\/\/api.w.org\/{rel}","templated":true}]}}