{"id":218,"date":"2018-12-17T15:30:29","date_gmt":"2018-12-17T15:30:29","guid":{"rendered":"http:\/\/beta.ntnui.no\/skifjelltesting\/?page_id=218"},"modified":"2022-08-24T17:20:07","modified_gmt":"2022-08-24T17:20:07","slug":"bli-med","status":"publish","type":"page","link":"https:\/\/ntnui.no\/hund\/bli-med\/","title":{"rendered":"Bli med"},"content":{"rendered":"\n<h2 class=\"wp-block-heading\">Hvordan bli medlem av NTNUI Hund<\/h2>\n\n\n\n<p>Er du medlem av NTNUI kan du melde deg inn i gruppen gjennom <a href=\"https:\/\/medlem.ntnui.no\/groups\/hund\/\" target=\"_blank\" rel=\"noreferrer noopener\">denne <\/a>siden i medlemsdatabasen. Vi har ingen ekstra medlemskontigent. Det er ingen opptakskrav og du trenger ikke v\u00e6re hundeekspert eller konkurrerende &#8211; alle f\u00e5r v\u00e6re med uansett niv\u00e5 og alder! Hvis du har Facebook vil vi anbefale \u00e5 melde deg inn i v\u00e5r Facebook-gruppe &#8220;NTNUI Hund&#8221;. Vi anbefaler ogs\u00e5 \u00e5 f\u00f8lge <a rel=\"noreferrer noopener\" href=\"https:\/\/www.facebook.com\/NTNUIhund\" target=\"_blank\">Facebooksiden<\/a> v\u00e5r. Det er ikke noe krav om medlemskap i NTNUI for \u00e5 delta p\u00e5 s\u00f8ndagsturene \ud83d\ude42<\/p>\n\n\n\n<h2 class=\"wp-block-heading\">Hvordan bli medlem av NTNUI<\/h2>\n\n\n\n<p>Det er to typer medlemskap i NTNUI:<\/p>\n\n\n\n<ul class=\"wp-block-list\"><li>&nbsp;Kun NTNUI<ul><li>om du ikke \u00f8nsker \u00e5 benytte treningssentrene, men v\u00e6re med p\u00e5 aktiviteter av NTNUI som ikke benytter Sit\u00b4s lokaler<\/li><li>Kj\u00f8pes i skranken p\u00e5 et av Sit sine treningssentre<\/li><\/ul><\/li><li>NTNUI + SiT:&nbsp; Tilgang p\u00e5 SiT sine treningssentre, samt medlemskap i NTNUI<ul><li>Kan kj\u00f8pes p\u00e5 nett&nbsp;<a rel=\"noreferrer noopener\" href=\"https:\/\/www.sit.no\/trening\/bli-medlem\" target=\"_blank\">her,<\/a>&nbsp;eller i skranken p\u00e5 et av Sit sine treningssentre<\/li><\/ul><\/li><\/ul>\n\n\n\n<p>Treningssentre hvor medlemskap kan kj\u00f8pes:<br>Solsiden: Sit Portalen<br>Gl\u00f8shaugen: Sit Gl\u00f8shaugen (Idrettsbygget Gl\u00f8shaugen)<br>Dragvoll: Sit Dragvoll (Idrettsbygget Dragvoll)<\/p>\n\n\n\n<figure class=\"wp-block-image\"><img loading=\"lazy\" decoding=\"async\" width=\"1024\" height=\"683\" src=\"https:\/\/ntnui.no\/hund\/wp-content\/uploads\/sites\/219\/2019\/01\/46072370_545997432491822_7544772798942543872_o-1024x683.jpg\" alt=\"\" class=\"wp-image-769\" srcset=\"https:\/\/ntnui.no\/hund\/wp-content\/uploads\/sites\/219\/2019\/01\/46072370_545997432491822_7544772798942543872_o-1024x683.jpg 1024w, https:\/\/ntnui.no\/hund\/wp-content\/uploads\/sites\/219\/2019\/01\/46072370_545997432491822_7544772798942543872_o-300x200.jpg 300w, https:\/\/ntnui.no\/hund\/wp-content\/uploads\/sites\/219\/2019\/01\/46072370_545997432491822_7544772798942543872_o-768x512.jpg 768w, https:\/\/ntnui.no\/hund\/wp-content\/uploads\/sites\/219\/2019\/01\/46072370_545997432491822_7544772798942543872_o-1568x1045.jpg 1568w, https:\/\/ntnui.no\/hund\/wp-content\/uploads\/sites\/219\/2019\/01\/46072370_545997432491822_7544772798942543872_o.jpg 1944w\" sizes=\"auto, (max-width: 1024px) 100vw, 1024px\" \/><figcaption>Casper p\u00e5 innkallingskurs. Foto: Erika Daae<\/figcaption><\/figure>\n\n\n\n<h2 class=\"wp-block-heading\">Hvem kan bli medlem av NTNUI<\/h2>\n\n\n\n<p>Du kan bli medlem av NTNUI hvis du er:<\/p>\n\n\n\n<ul class=\"wp-block-list\"><li>Student ved NTNU.<\/li><\/ul>\n\n\n\n<ul class=\"wp-block-list\"><li>Ansatt ved NTNU.<\/li><\/ul>\n\n\n\n<ul class=\"wp-block-list\"><li>Var medlem av NTNUI i fjor.<\/li><\/ul>\n\n\n\n<h2 class=\"wp-block-heading\">Hvordan du melder deg p\u00e5 v\u00e5re aktiviteter<\/h2>\n\n\n\n<p>For aktiviteter som krever p\u00e5melding vil det bli lagt ut linker til p\u00e5meldingsskjema. V\u00e5re ukentlige turer og fellestreninger krever normalt ingen p\u00e5melding. F\u00f8lg med p\u00e5 v\u00e5r Facebook-gruppe, <a href=\"https:\/\/www.facebook.com\/NTNUIhund\" target=\"_blank\" rel=\"noreferrer noopener\">Facebookside<\/a> og her for \u00e5 f\u00e5 med deg n\u00e5r nye aktiviteter legges ut. <\/p>\n\n\n\n<figure class=\"wp-block-image\"><img loading=\"lazy\" decoding=\"async\" width=\"1024\" height=\"683\" src=\"https:\/\/ntnui.no\/hund\/wp-content\/uploads\/sites\/219\/2019\/01\/31934799_429881820770051_5559647392996786176_o-1024x683.jpg\" alt=\"\" class=\"wp-image-763\" srcset=\"https:\/\/ntnui.no\/hund\/wp-content\/uploads\/sites\/219\/2019\/01\/31934799_429881820770051_5559647392996786176_o-1024x683.jpg 1024w, https:\/\/ntnui.no\/hund\/wp-content\/uploads\/sites\/219\/2019\/01\/31934799_429881820770051_5559647392996786176_o-300x200.jpg 300w, https:\/\/ntnui.no\/hund\/wp-content\/uploads\/sites\/219\/2019\/01\/31934799_429881820770051_5559647392996786176_o-768x512.jpg 768w, https:\/\/ntnui.no\/hund\/wp-content\/uploads\/sites\/219\/2019\/01\/31934799_429881820770051_5559647392996786176_o-1568x1045.jpg 1568w, https:\/\/ntnui.no\/hund\/wp-content\/uploads\/sites\/219\/2019\/01\/31934799_429881820770051_5559647392996786176_o.jpg 1782w\" sizes=\"auto, (max-width: 1024px) 100vw, 1024px\" \/><figcaption>Felix, Rakel og Shila p\u00e5 tur. Foto: Elise Gudbrandsen<\/figcaption><\/figure>\n","protected":false},"excerpt":{"rendered":"<p>Hvordan bli medlem av NTNUI Hund Er du medlem av NTNUI kan du melde deg inn i gruppen gjennom denne siden i medlemsdatabasen. Vi har ingen ekstra medlemskontigent. Det er ingen opptakskrav og du trenger ikke v\u00e6re hundeekspert eller konkurrerende &#8211; alle f\u00e5r v\u00e6re med uansett niv\u00e5 og alder! Hvis du har Facebook vil vi [&hellip;]<\/p>\n","protected":false},"author":7,"featured_media":0,"parent":0,"menu_order":0,"comment_status":"closed","ping_status":"closed","template":"","meta":{"_coblocks_attr":"","_coblocks_dimensions":"","_coblocks_responsive_height":"","_coblocks_accordion_ie_support":"","_price":"","_stock":"","_tribe_ticket_header":"","_tribe_default_ticket_provider":"","_tribe_ticket_capacity":"0","_ticket_start_date":"","_ticket_end_date":"","_tribe_ticket_show_description":"","_tribe_ticket_show_not_going":false,"_tribe_ticket_use_global_stock":"","_tribe_ticket_global_stock_level":"","_global_stock_mode":"","_global_stock_cap":"","_tribe_rsvp_for_event":"","_tribe_ticket_going_count":"","_tribe_ticket_not_going_count":"","_tribe_tickets_list":[],"_tribe_ticket_has_attendee_info_fields":false,"_EventAllDay":false,"_EventTimezone":"","_EventStartDate":"","_EventEndDate":"","_EventStartDateUTC":"","_EventEndDateUTC":"","_EventShowMap":false,"_EventShowMapLink":false,"_EventURL":"","_EventCost":"","_EventCostDescription":"","_EventCurrencySymbol":"","_EventCurrencyPosition":"","_EventDateTimeSeparator":"","_EventTimeRangeSeparator":"","_EventOrganizerID":[],"_EventVenueID":0,"_OrganizerEmail":"","_OrganizerPhone":"","_OrganizerWebsite":"","_VenueAddress":"","_VenueCity":"","_VenueCountry":"","_VenueProvince":"","_VenueZip":"","_VenuePhone":"","_VenueURL":"","_VenueStateProvince":"","_VenueLat":"","_VenueLng":"","footnotes":""},"class_list":["post-218","page","type-page","status-publish","hentry"],"featured_image_src":null,"featured_image_src_square":null,"jetpack_sharing_enabled":true,"_links":{"self":[{"href":"https:\/\/ntnui.no\/hund\/wp-json\/wp\/v2\/pages\/218","targetHints":{"allow":["GET"]}}],"collection":[{"href":"https:\/\/ntnui.no\/hund\/wp-json\/wp\/v2\/pages"}],"about":[{"href":"https:\/\/ntnui.no\/hund\/wp-json\/wp\/v2\/types\/page"}],"author":[{"embeddable":true,"href":"https:\/\/ntnui.no\/hund\/wp-json\/wp\/v2\/users\/7"}],"replies":[{"embeddable":true,"href":"https:\/\/ntnui.no\/hund\/wp-json\/wp\/v2\/comments?post=218"}],"version-history":[{"count":3,"href":"https:\/\/ntnui.no\/hund\/wp-json\/wp\/v2\/pages\/218\/revisions"}],"predecessor-version":[{"id":1033,"href":"https:\/\/ntnui.no\/hund\/wp-json\/wp\/v2\/pages\/218\/revisions\/1033"}],"wp:attachment":[{"href":"https:\/\/ntnui.no\/hund\/wp-json\/wp\/v2\/media?parent=218"}],"curies":[{"name":"wp","href":"https:\/\/api.w.org\/{rel}","templated":true}]}}