{"id":196,"date":"2018-12-17T13:52:45","date_gmt":"2018-12-17T13:52:45","guid":{"rendered":"http:\/\/beta.ntnui.no\/skifjelltesting\/?page_id=196"},"modified":"2022-08-24T17:30:29","modified_gmt":"2022-08-24T17:30:29","slug":"oss","status":"publish","type":"page","link":"https:\/\/ntnui.no\/hund\/oss\/","title":{"rendered":"Oss"},"content":{"rendered":"\n<figure class=\"wp-block-image\"><img loading=\"lazy\" decoding=\"async\" width=\"1024\" height=\"576\" src=\"https:\/\/ntnui.no\/hund\/wp-content\/uploads\/sites\/219\/2018\/12\/39265806_10155855203412686_5904636255886376960_o-1024x576.jpg\" alt=\"\" class=\"wp-image-484\" srcset=\"https:\/\/ntnui.no\/hund\/wp-content\/uploads\/sites\/219\/2018\/12\/39265806_10155855203412686_5904636255886376960_o-1024x576.jpg 1024w, https:\/\/ntnui.no\/hund\/wp-content\/uploads\/sites\/219\/2018\/12\/39265806_10155855203412686_5904636255886376960_o-300x169.jpg 300w, https:\/\/ntnui.no\/hund\/wp-content\/uploads\/sites\/219\/2018\/12\/39265806_10155855203412686_5904636255886376960_o-768x432.jpg 768w, https:\/\/ntnui.no\/hund\/wp-content\/uploads\/sites\/219\/2018\/12\/39265806_10155855203412686_5904636255886376960_o-1568x882.jpg 1568w, https:\/\/ntnui.no\/hund\/wp-content\/uploads\/sites\/219\/2018\/12\/39265806_10155855203412686_5904636255886376960_o.jpg 2048w\" sizes=\"auto, (max-width: 1024px) 100vw, 1024px\" \/><\/figure>\n\n\n\n<p>NTNUI Hund er et utvalg hos NTNUI. Vi \u00f8nsker \u00e5 bidra til at du som student skal f\u00e5 en flott studietid sammen med din hund eller din framtidige hund om du ikke har hund enda! Som medlem av NTNUI kan du bli med p\u00e5 en rekke ulike aktiviteter hos oss, som for eksempel turer, fellestreninger, kurs og foredrag. De fleste av v\u00e5re kurs er gratis, og ellers er prisene studentvennlige.<\/p>\n\n\n\n<p> Vi har en instagramkonto: @ntnui.hund Gjerne tag oss i dine bilder fra v\u00e5re arrangement om du \u00f8nsker det! <\/p>\n\n\n\n<p> Under Dusken har v\u00e6rt med oss p\u00e5 tur: <\/p>\n\n\n\n<div class=\"wp-block-atomic-blocks-ab-button ab-block-button\"><a href=\"https:\/\/dusken.no\/artikkel\/27186\/utflukt-med-ntnuis-firbente-medlemmer\/\" target=\"_self\" class=\"ab-button ab-button-shape-rounded ab-button-size-medium\" style=\"color:#ffffff;background-color:#098040\" rel=\"noopener noreferrer\">Les artikkelen<\/a><\/div>\n\n\n\n<h2 class=\"wp-block-heading\">Faste arrangementer<\/h2>\n\n\n\n<p>Vi har fast s\u00f8ndagstur annenhver s\u00f8ndag til forskjellige destinasjoner i og rundt Trondheim. Alts\u00e5 skjer det noe hver uke (s\u00f8ndagstur eller fellestrening). <\/p>\n\n\n\n<figure class=\"wp-block-image\"><img loading=\"lazy\" decoding=\"async\" width=\"720\" height=\"960\" src=\"https:\/\/ntnui.no\/hund\/wp-content\/uploads\/sites\/219\/2018\/12\/44933387_10156021950387686_8507899965027123200_n.jpg\" alt=\"\" class=\"wp-image-485\" srcset=\"https:\/\/ntnui.no\/hund\/wp-content\/uploads\/sites\/219\/2018\/12\/44933387_10156021950387686_8507899965027123200_n.jpg 720w, https:\/\/ntnui.no\/hund\/wp-content\/uploads\/sites\/219\/2018\/12\/44933387_10156021950387686_8507899965027123200_n-225x300.jpg 225w\" sizes=\"auto, (max-width: 720px) 100vw, 720px\" \/><figcaption>Golden Retrieveren Tira p\u00e5 s\u00f8ndagstur. Foto: Torill Hatlen<\/figcaption><\/figure>\n","protected":false},"excerpt":{"rendered":"<p>NTNUI Hund er et utvalg hos NTNUI. Vi \u00f8nsker \u00e5 bidra til at du som student skal f\u00e5 en flott studietid sammen med din hund eller din framtidige hund om du ikke har hund enda! Som medlem av NTNUI kan du bli med p\u00e5 en rekke ulike aktiviteter hos oss, som for eksempel turer, fellestreninger, [&hellip;]<\/p>\n","protected":false},"author":7,"featured_media":0,"parent":0,"menu_order":0,"comment_status":"closed","ping_status":"closed","template":"","meta":{"_coblocks_attr":"","_coblocks_dimensions":"","_coblocks_responsive_height":"","_coblocks_accordion_ie_support":"","_price":"","_stock":"","_tribe_ticket_header":"","_tribe_default_ticket_provider":"","_tribe_ticket_capacity":"0","_ticket_start_date":"","_ticket_end_date":"","_tribe_ticket_show_description":"","_tribe_ticket_show_not_going":false,"_tribe_ticket_use_global_stock":"","_tribe_ticket_global_stock_level":"","_global_stock_mode":"","_global_stock_cap":"","_tribe_rsvp_for_event":"","_tribe_ticket_going_count":"","_tribe_ticket_not_going_count":"","_tribe_tickets_list":[],"_tribe_ticket_has_attendee_info_fields":false,"_EventAllDay":false,"_EventTimezone":"","_EventStartDate":"","_EventEndDate":"","_EventStartDateUTC":"","_EventEndDateUTC":"","_EventShowMap":false,"_EventShowMapLink":false,"_EventURL":"","_EventCost":"","_EventCostDescription":"","_EventCurrencySymbol":"","_EventCurrencyPosition":"","_EventDateTimeSeparator":"","_EventTimeRangeSeparator":"","_EventOrganizerID":[],"_EventVenueID":0,"_OrganizerEmail":"","_OrganizerPhone":"","_OrganizerWebsite":"","_VenueAddress":"","_VenueCity":"","_VenueCountry":"","_VenueProvince":"","_VenueZip":"","_VenuePhone":"","_VenueURL":"","_VenueStateProvince":"","_VenueLat":"","_VenueLng":"","footnotes":""},"class_list":["post-196","page","type-page","status-publish","hentry"],"featured_image_src":null,"featured_image_src_square":null,"jetpack_sharing_enabled":true,"_links":{"self":[{"href":"https:\/\/ntnui.no\/hund\/wp-json\/wp\/v2\/pages\/196","targetHints":{"allow":["GET"]}}],"collection":[{"href":"https:\/\/ntnui.no\/hund\/wp-json\/wp\/v2\/pages"}],"about":[{"href":"https:\/\/ntnui.no\/hund\/wp-json\/wp\/v2\/types\/page"}],"author":[{"embeddable":true,"href":"https:\/\/ntnui.no\/hund\/wp-json\/wp\/v2\/users\/7"}],"replies":[{"embeddable":true,"href":"https:\/\/ntnui.no\/hund\/wp-json\/wp\/v2\/comments?post=196"}],"version-history":[{"count":8,"href":"https:\/\/ntnui.no\/hund\/wp-json\/wp\/v2\/pages\/196\/revisions"}],"predecessor-version":[{"id":1036,"href":"https:\/\/ntnui.no\/hund\/wp-json\/wp\/v2\/pages\/196\/revisions\/1036"}],"wp:attachment":[{"href":"https:\/\/ntnui.no\/hund\/wp-json\/wp\/v2\/media?parent=196"}],"curies":[{"name":"wp","href":"https:\/\/api.w.org\/{rel}","templated":true}]}}