{"id":16,"date":"2018-12-16T17:44:53","date_gmt":"2018-12-16T17:44:53","guid":{"rendered":"http:\/\/beta.ntnui.no\/skifjelltesting\/?page_id=16"},"modified":"2022-08-24T16:57:26","modified_gmt":"2022-08-24T16:57:26","slug":"forside","status":"publish","type":"page","link":"https:\/\/ntnui.no\/hund\/","title":{"rendered":"Forside"},"content":{"rendered":"\n<figure class=\"wp-block-image\"><img loading=\"lazy\" decoding=\"async\" width=\"1024\" height=\"683\" src=\"https:\/\/ntnui.no\/hund\/wp-content\/uploads\/sites\/219\/2018\/12\/31955999_429881417436758_4737932948550975488_o-1-1024x683.jpg\" alt=\"\" class=\"wp-image-491\" srcset=\"https:\/\/ntnui.no\/hund\/wp-content\/uploads\/sites\/219\/2018\/12\/31955999_429881417436758_4737932948550975488_o-1-1024x683.jpg 1024w, https:\/\/ntnui.no\/hund\/wp-content\/uploads\/sites\/219\/2018\/12\/31955999_429881417436758_4737932948550975488_o-1-300x200.jpg 300w, https:\/\/ntnui.no\/hund\/wp-content\/uploads\/sites\/219\/2018\/12\/31955999_429881417436758_4737932948550975488_o-1-768x512.jpg 768w, https:\/\/ntnui.no\/hund\/wp-content\/uploads\/sites\/219\/2018\/12\/31955999_429881417436758_4737932948550975488_o-1-1568x1045.jpg 1568w, https:\/\/ntnui.no\/hund\/wp-content\/uploads\/sites\/219\/2018\/12\/31955999_429881417436758_4737932948550975488_o-1.jpg 1782w\" sizes=\"auto, (max-width: 1024px) 100vw, 1024px\" \/><figcaption>Hunden Alma smiler p\u00e5 tur langs Ladestien. Foto: Elise Gudbrandsen<\/figcaption><\/figure>\n\n\n\n<h2 class=\"wp-block-heading\">Velkommen til NTNUI Hunds hjemmeside! <\/h2>\n\n\n\n<p>NTNUI Hund er ei undergruppe hos NTNUI. Vi \u00f8nsker \u00e5 bidra til at du som student skal f\u00e5 en flott studietid sammen med din hund eller din framtidige hund! Som medlem av NTNUI kan du bli med p\u00e5 en rekke ulike aktiviteter hos oss, som for eksempel turer, fellestreninger, kurs og foredrag. De fleste av v\u00e5re kurs er gratis, og ellers er prisene studentvennlige. Det er fult mulig \u00e5 bli med p\u00e5 arrangementene om man er glad i hund, men ikke har det selv.<\/p>\n\n\n\n<h2 class=\"wp-block-heading\">Kommende aktiviteter <\/h2>\n\n\n\n<p>Vi har i utgangspunktet ukentlige helgeturer hver s\u00f8ndag til forskjellige destinasjoner hundene m\u00e5 uansett p\u00e5 tur s\u00e5 vi g\u00e5r uansett v\u00e6r. Vi anbefaler \u00e5 melde seg inn i v\u00e5r facebookgruppe &#8220;NTNUI Hund&#8221; for \u00e5 raskt f\u00e5 de siste oppdateringene og se hvor og n\u00e5r neste fellestrening eller s\u00f8ndagstur blir \ud83d\ude42 Alle turer blir ogs\u00e5 lagt ut som arrangement p\u00e5 v\u00e5r <a rel=\"noreferrer noopener\" href=\"https:\/\/www.facebook.com\/NTNUIhund\" target=\"_blank\">facebookside<\/a>.<\/p>\n\n\n\n<h2 class=\"wp-block-heading\">Siste innlegg<\/h2>\n\n\n<section class=\"ab-block-post-grid featuredpost aligncenter\"><div class=\"ab-post-grid-items is-grid columns-2\"><article id=\"post-930\" class=\"ab-post-grid-item post-930 post type-post status-publish format-standard has-post-thumbnail hentry category-blogg\"><div class=\"ab-block-post-grid-image\"><a href=\"https:\/\/ntnui.no\/hund\/2019\/01\/14\/minikurs-i-innkalling-13-01\/\" rel=\"bookmark\" aria-hidden=\"true\" tabindex=\"-1\"><img loading=\"lazy\" decoding=\"async\" width=\"720\" height=\"480\" src=\"https:\/\/ntnui.no\/hund\/wp-content\/uploads\/sites\/219\/2019\/01\/49289583_302724917253443_6733468921430540288_n-1.jpg\" class=\"attachment-full size-full\" alt=\"\" srcset=\"https:\/\/ntnui.no\/hund\/wp-content\/uploads\/sites\/219\/2019\/01\/49289583_302724917253443_6733468921430540288_n-1.jpg 720w, https:\/\/ntnui.no\/hund\/wp-content\/uploads\/sites\/219\/2019\/01\/49289583_302724917253443_6733468921430540288_n-1-300x200.jpg 300w, https:\/\/ntnui.no\/hund\/wp-content\/uploads\/sites\/219\/2019\/01\/49289583_302724917253443_6733468921430540288_n-1-600x400.jpg 600w\" sizes=\"auto, (max-width: 720px) 100vw, 720px\" \/><\/a><\/div><div class=\"ab-block-post-grid-text\"><header class=\"ab-block-post-grid-header\"><h3 class=\"ab-block-post-grid-title\"><a href=\"https:\/\/ntnui.no\/hund\/2019\/01\/14\/minikurs-i-innkalling-13-01\/\" rel=\"bookmark\">Minikurs i innkalling 13.01<\/a><\/h3><div class=\"ab-block-post-grid-byline\"><time datetime=\"2019-01-14T14:17:16+00:00\" class=\"ab-block-post-grid-date\" itemprop=\"datePublished\">januar 14, 2019<\/time><\/div><\/header><div class=\"ab-block-post-grid-excerpt\"><\/div><\/div><\/article>\n<article id=\"post-549\" class=\"ab-post-grid-item post-549 post type-post status-publish format-standard has-post-thumbnail hentry category-blogg\"><div class=\"ab-block-post-grid-image\"><a href=\"https:\/\/ntnui.no\/hund\/2018\/12\/26\/helgekurs-innkalling-intro-i-feltsok\/\" rel=\"bookmark\" aria-hidden=\"true\" tabindex=\"-1\"><img loading=\"lazy\" decoding=\"async\" width=\"1944\" height=\"1296\" src=\"https:\/\/ntnui.no\/hund\/wp-content\/uploads\/sites\/219\/2018\/12\/Casper-og-Rio-parallellinnkalling.jpg\" class=\"attachment-full size-full\" alt=\"\" srcset=\"https:\/\/ntnui.no\/hund\/wp-content\/uploads\/sites\/219\/2018\/12\/Casper-og-Rio-parallellinnkalling.jpg 1944w, https:\/\/ntnui.no\/hund\/wp-content\/uploads\/sites\/219\/2018\/12\/Casper-og-Rio-parallellinnkalling-300x200.jpg 300w, https:\/\/ntnui.no\/hund\/wp-content\/uploads\/sites\/219\/2018\/12\/Casper-og-Rio-parallellinnkalling-768x512.jpg 768w, https:\/\/ntnui.no\/hund\/wp-content\/uploads\/sites\/219\/2018\/12\/Casper-og-Rio-parallellinnkalling-1024x683.jpg 1024w, https:\/\/ntnui.no\/hund\/wp-content\/uploads\/sites\/219\/2018\/12\/Casper-og-Rio-parallellinnkalling-1568x1045.jpg 1568w\" sizes=\"auto, (max-width: 1944px) 100vw, 1944px\" \/><\/a><\/div><div class=\"ab-block-post-grid-text\"><header class=\"ab-block-post-grid-header\"><h3 class=\"ab-block-post-grid-title\"><a href=\"https:\/\/ntnui.no\/hund\/2018\/12\/26\/helgekurs-innkalling-intro-i-feltsok\/\" rel=\"bookmark\">Helgekurs innkalling &amp; intro i felts\u00f8k<\/a><\/h3><div class=\"ab-block-post-grid-byline\"><time datetime=\"2018-12-26T18:10:47+00:00\" class=\"ab-block-post-grid-date\" itemprop=\"datePublished\">desember 26, 2018<\/time><\/div><\/header><div class=\"ab-block-post-grid-excerpt\"><\/div><\/div><\/article>\n<article id=\"post-513\" class=\"ab-post-grid-item post-513 post type-post status-publish format-standard has-post-thumbnail hentry category-blogg\"><div class=\"ab-block-post-grid-image\"><a href=\"https:\/\/ntnui.no\/hund\/2018\/12\/26\/rallylydighet-andre-innforing-23-10-18\/\" rel=\"bookmark\" aria-hidden=\"true\" tabindex=\"-1\"><img loading=\"lazy\" decoding=\"async\" width=\"2048\" height=\"1247\" src=\"https:\/\/ntnui.no\/hund\/wp-content\/uploads\/sites\/219\/2018\/12\/32089874_431838627241037_1198600994355675136_o.jpg\" class=\"attachment-full size-full\" alt=\"\" srcset=\"https:\/\/ntnui.no\/hund\/wp-content\/uploads\/sites\/219\/2018\/12\/32089874_431838627241037_1198600994355675136_o.jpg 2048w, https:\/\/ntnui.no\/hund\/wp-content\/uploads\/sites\/219\/2018\/12\/32089874_431838627241037_1198600994355675136_o-300x183.jpg 300w, https:\/\/ntnui.no\/hund\/wp-content\/uploads\/sites\/219\/2018\/12\/32089874_431838627241037_1198600994355675136_o-768x468.jpg 768w, https:\/\/ntnui.no\/hund\/wp-content\/uploads\/sites\/219\/2018\/12\/32089874_431838627241037_1198600994355675136_o-1024x624.jpg 1024w, https:\/\/ntnui.no\/hund\/wp-content\/uploads\/sites\/219\/2018\/12\/32089874_431838627241037_1198600994355675136_o-1568x955.jpg 1568w\" sizes=\"auto, (max-width: 2048px) 100vw, 2048px\" \/><\/a><\/div><div class=\"ab-block-post-grid-text\"><header class=\"ab-block-post-grid-header\"><h3 class=\"ab-block-post-grid-title\"><a href=\"https:\/\/ntnui.no\/hund\/2018\/12\/26\/rallylydighet-andre-innforing-23-10-18\/\" rel=\"bookmark\">Rallylydighet &#8211; andre innf\u00f8ring<\/a><\/h3><div class=\"ab-block-post-grid-byline\"><time datetime=\"2018-12-26T10:31:41+00:00\" class=\"ab-block-post-grid-date\" itemprop=\"datePublished\">desember 26, 2018<\/time><\/div><\/header><div class=\"ab-block-post-grid-excerpt\"><\/div><\/div><\/article>\n<article id=\"post-508\" class=\"ab-post-grid-item post-508 post type-post status-publish format-standard has-post-thumbnail hentry category-blogg\"><div class=\"ab-block-post-grid-image\"><a href=\"https:\/\/ntnui.no\/hund\/2018\/12\/25\/rallylydighet-forste-innforing-17-10-18\/\" rel=\"bookmark\" aria-hidden=\"true\" tabindex=\"-1\"><img loading=\"lazy\" decoding=\"async\" width=\"891\" height=\"623\" src=\"https:\/\/ntnui.no\/hund\/wp-content\/uploads\/sites\/219\/2018\/12\/Screenshot_3.jpg\" class=\"attachment-full size-full\" alt=\"\" srcset=\"https:\/\/ntnui.no\/hund\/wp-content\/uploads\/sites\/219\/2018\/12\/Screenshot_3.jpg 891w, https:\/\/ntnui.no\/hund\/wp-content\/uploads\/sites\/219\/2018\/12\/Screenshot_3-300x210.jpg 300w, https:\/\/ntnui.no\/hund\/wp-content\/uploads\/sites\/219\/2018\/12\/Screenshot_3-768x537.jpg 768w\" sizes=\"auto, (max-width: 891px) 100vw, 891px\" \/><\/a><\/div><div class=\"ab-block-post-grid-text\"><header class=\"ab-block-post-grid-header\"><h3 class=\"ab-block-post-grid-title\"><a href=\"https:\/\/ntnui.no\/hund\/2018\/12\/25\/rallylydighet-forste-innforing-17-10-18\/\" rel=\"bookmark\">Rallylydighet &#8211; f\u00f8rste innf\u00f8ring<\/a><\/h3><div class=\"ab-block-post-grid-byline\"><time datetime=\"2018-12-25T14:12:08+00:00\" class=\"ab-block-post-grid-date\" itemprop=\"datePublished\">desember 25, 2018<\/time><\/div><\/header><div class=\"ab-block-post-grid-excerpt\"><\/div><\/div><\/article>\n<\/div><\/section>\n\n\n<div style=\"text-align:center\" class=\"wp-block-atomic-blocks-ab-button ab-block-button\"><a href=\"https:\/\/beta.ntnui.no\/hund\/sample-page\/forside\/blog\/\" target=\"_self\" class=\"ab-button ab-button-shape-rounded ab-button-size-large\" style=\"color:#ffffff;background-color:#ff3860\" rel=\"noopener noreferrer\">Les flere innlegg<\/a><\/div>\n","protected":false},"excerpt":{"rendered":"<p>Velkommen til NTNUI Hunds hjemmeside! NTNUI Hund er ei undergruppe hos NTNUI. Vi \u00f8nsker \u00e5 bidra til at du som student skal f\u00e5 en flott studietid sammen med din hund eller din framtidige hund! Som medlem av NTNUI kan du bli med p\u00e5 en rekke ulike aktiviteter hos oss, som for eksempel turer, fellestreninger, kurs [&hellip;]<\/p>\n","protected":false},"author":7,"featured_media":491,"parent":0,"menu_order":0,"comment_status":"closed","ping_status":"closed","template":"","meta":{"_coblocks_attr":"","_coblocks_dimensions":"","_coblocks_responsive_height":"","_coblocks_accordion_ie_support":"","_price":"","_stock":"","_tribe_ticket_header":"","_tribe_default_ticket_provider":"","_tribe_ticket_capacity":"0","_ticket_start_date":"","_ticket_end_date":"","_tribe_ticket_show_description":"","_tribe_ticket_show_not_going":false,"_tribe_ticket_use_global_stock":"","_tribe_ticket_global_stock_level":"","_global_stock_mode":"","_global_stock_cap":"","_tribe_rsvp_for_event":"","_tribe_ticket_going_count":"","_tribe_ticket_not_going_count":"","_tribe_tickets_list":[],"_tribe_ticket_has_attendee_info_fields":false,"_EventAllDay":false,"_EventTimezone":"","_EventStartDate":"","_EventEndDate":"","_EventStartDateUTC":"","_EventEndDateUTC":"","_EventShowMap":false,"_EventShowMapLink":false,"_EventURL":"","_EventCost":"","_EventCostDescription":"","_EventCurrencySymbol":"","_EventCurrencyPosition":"","_EventDateTimeSeparator":"","_EventTimeRangeSeparator":"","_EventOrganizerID":[],"_EventVenueID":0,"_OrganizerEmail":"","_OrganizerPhone":"","_OrganizerWebsite":"","_VenueAddress":"","_VenueCity":"","_VenueCountry":"","_VenueProvince":"","_VenueZip":"","_VenuePhone":"","_VenueURL":"","_VenueStateProvince":"","_VenueLat":"","_VenueLng":"","footnotes":""},"class_list":["post-16","page","type-page","status-publish","has-post-thumbnail","hentry"],"featured_image_src":"https:\/\/ntnui.no\/hund\/wp-content\/uploads\/sites\/219\/2018\/12\/31955999_429881417436758_4737932948550975488_o-1.jpg","featured_image_src_square":"https:\/\/ntnui.no\/hund\/wp-content\/uploads\/sites\/219\/2018\/12\/31955999_429881417436758_4737932948550975488_o-1.jpg","jetpack_sharing_enabled":true,"_links":{"self":[{"href":"https:\/\/ntnui.no\/hund\/wp-json\/wp\/v2\/pages\/16","targetHints":{"allow":["GET"]}}],"collection":[{"href":"https:\/\/ntnui.no\/hund\/wp-json\/wp\/v2\/pages"}],"about":[{"href":"https:\/\/ntnui.no\/hund\/wp-json\/wp\/v2\/types\/page"}],"author":[{"embeddable":true,"href":"https:\/\/ntnui.no\/hund\/wp-json\/wp\/v2\/users\/7"}],"replies":[{"embeddable":true,"href":"https:\/\/ntnui.no\/hund\/wp-json\/wp\/v2\/comments?post=16"}],"version-history":[{"count":15,"href":"https:\/\/ntnui.no\/hund\/wp-json\/wp\/v2\/pages\/16\/revisions"}],"predecessor-version":[{"id":1028,"href":"https:\/\/ntnui.no\/hund\/wp-json\/wp\/v2\/pages\/16\/revisions\/1028"}],"wp:featuredmedia":[{"embeddable":true,"href":"https:\/\/ntnui.no\/hund\/wp-json\/wp\/v2\/media\/491"}],"wp:attachment":[{"href":"https:\/\/ntnui.no\/hund\/wp-json\/wp\/v2\/media?parent=16"}],"curies":[{"name":"wp","href":"https:\/\/api.w.org\/{rel}","templated":true}]}}