{"id":82,"date":"2019-03-22T14:26:11","date_gmt":"2019-03-22T14:26:11","guid":{"rendered":"https:\/\/ntnui.no\/handball-ny\/?page_id=82"},"modified":"2025-07-15T10:22:49","modified_gmt":"2025-07-15T10:22:49","slug":"uttakstreninger","status":"publish","type":"page","link":"https:\/\/ntnui.no\/handball\/uttakstreninger\/","title":{"rendered":"UTTAKSTRENING"},"content":{"rendered":"\n<p>Hver h\u00f8st arrangerer NTNUI H\u00e5ndball uttakstreninger for b\u00e5de nye og gamle ut\u00f8vere som \u00f8nsker \u00e5 spille h\u00e5ndball! P\u00e5 denne siden ligger informasjon om treningstider, forberedelser og annet.&nbsp;<\/p>\n\n\n\n<div class=\"wp-block-group\"><div class=\"wp-block-group__inner-container is-layout-flow wp-block-group-is-layout-flow\">\n<div class=\"wp-block-atomic-blocks-ab-container ab-block-container\"><div class=\"ab-container-inside\"><div class=\"ab-container-content\"><\/div><\/div><\/div>\n<\/div><\/div>\n\n\n\n<div class=\"wp-block-group\"><div class=\"wp-block-group__inner-container is-layout-flow wp-block-group-is-layout-flow\">\n<div class=\"wp-block-coblocks-alert is-style-warning\" aria-label=\"Alert section of type warning\">\n<p class=\"wp-block-coblocks-alert__title\"><strong>VIKTIG INFORMASJON:<\/strong><br \/>Hei h\u00e5ndballvenner!<\/p>\n<p>P\u00e5meldingen for uttakstreninger for sesongen 25\/26 er \u00e5pen!!<\/p>\n<p>Dette er p\u00e5meldingen for uttakstrening i uke 33, 34 og 35 for sesongen 25\/26. Alle <strong>nye spillere<\/strong> som vil delta p\u00e5 uttakstrening hos NTNUI H\u00e5ndball m\u00e5 fylle ut skjema. Skjemaet finner du ved \u00e5 trykke deg inn p\u00e5 &#8220;nye damespillere&#8221; eller &#8220;nye herrespillere&#8221;.<\/p>\n<p><strong>NB! Gamle spillere<\/strong> kan ogs\u00e5 melde seg p\u00e5 lenger ned p\u00e5 siden, eller i facebookgruppa til NTNUI H\u00e5ndball. Det er veldig viktig at alle bruker riktig p\u00e5meldingsskjema slik at organiseringen rundt uttaksperioden blir enklere for oss i styret.<\/p>\n<p>Skjemaet er laget for \u00e5 f\u00e5 best mulig forst\u00e5else av hvilken treningsgruppe du passer p\u00e5. Hver uke vil vi sende ut en e-post med invitasjoner til treninger. Har du ikke mulighet til \u00e5 delta p\u00e5 treningen vil vi oppfordre til \u00e5 svare raskest mulig slik at vi kan fylle p\u00e5 med andre studenter som \u00f8nsker \u00e5 delta p\u00e5 uttakstreninger. Det er derfor sv\u00e6rt viktig at du sjekker e-posten din ofte i denne perioden (ogs\u00e5 s\u00f8ppelpost).<\/p>\n<p>Det er viktig \u00e5 p\u00e5peke at ved \u00e5 fylle ut skjemaet s\u00e5 er du <strong>ikke<\/strong> automatisk garantert \u00e5 bli invitert p\u00e5 uttakstreninger. Derfor er det viktig \u00e5 melde seg p\u00e5 s\u00e5 fort som mulig, og \u00e5 v\u00e6re fleksibel til \u00e5 m\u00f8te opp! Selv om du f\u00e5r plass og m\u00f8ter opp p\u00e5 uttakstrening er du heller <strong>ikke<\/strong> garantert \u00e5 bli tatt ut p\u00e5 et lag. Det er trenere som har ansvaret for \u00e5 ta ut lag.<\/p>\n<p>Vi forbeholder oss muligheten til kunne utvide uttaksperioden dersom det er n\u00f8dvendig. Da vil det komme et nytt skjema for p\u00e5melding.<br \/>Lagene vil mest sannsynlig bli tatt ut etter uttakstreningene i uke 35.<br \/>For mer informasjon om hvordan uttakstreningen normalt fungerer, se v\u00e5re <a href=\"https:\/\/ntnui.no\/handball\/uttakstreninger\/\">nettsider<\/a>. Dersom det er noe du lurer p\u00e5 ut over dette ta kontakt p\u00e5 v\u00e5r facebook-side NTNUI H\u00e5ndball, eller send en e-post til handball-nestleder@ntnui.no. Ved sp\u00f8rsm\u00e5l som m\u00e5tte komme i uke 33-35, kontakt nestleder p\u00e5 handball-nestleder@ntnui.no.<\/p>\n<p><strong>NB!<\/strong> For a english version send an email to handball-nestleder@ntnui.no<\/p>\n<\/div>\n<\/div><\/div>\n\n\n\n<div class=\"wp-block-group alignwide\"><div class=\"wp-block-group__inner-container is-layout-flow wp-block-group-is-layout-flow\">\n<div class=\"wp-block-columns alignwide is-layout-flex wp-container-core-columns-is-layout-1 wp-block-columns-is-layout-flex\">\n<div class=\"wp-block-column is-layout-flow wp-block-column-is-layout-flow\">\n<p class=\"has-text-align-center has-large-font-size\"><strong>NYE DAMESPILLERE:<\/strong><\/p>\n\n\n\n<div class=\"wp-block-buttons is-content-justification-center is-layout-flex wp-container-core-buttons-is-layout-1 wp-block-buttons-is-layout-flex\">\n<div class=\"wp-block-button is-style-fill\"><a class=\"wp-block-button__link has-light-gray-color has-text-color has-background wp-element-button\" href=\"https:\/\/docs.google.com\/forms\/d\/e\/1FAIpQLSfRqeX-o4_5b_MfvDvcnB1LGkAU6YeWJpSHvDBv6gq5N3jQwA\/viewform?usp=header\" style=\"border-radius:50px;background-color:#4a9220\" target=\"_blank\" rel=\"noreferrer noopener\">P\u00e5melding ny dame<\/a><\/div>\n<\/div>\n\n\n\n<p class=\"has-text-align-center has-large-font-size\"><strong>GAMLE DAMESPILLERE:<\/strong><\/p>\n\n\n\n<div class=\"wp-block-buttons is-content-justification-center is-layout-flex wp-container-core-buttons-is-layout-2 wp-block-buttons-is-layout-flex\">\n<div class=\"wp-block-button is-style-fill\"><a class=\"wp-block-button__link has-light-gray-color has-text-color has-background wp-element-button\" href=\"https:\/\/l.facebook.com\/l.php?u=https%3A%2F%2Fdocs.google.com%2Fforms%2Fd%2Fe%2F1FAIpQLSfVpzm51kQz3S3tcClDJqT9SwAbJT-sdslUuevPibFCr-vwHA%2Fviewform%3Fusp%3Dheader%26fbclid%3DIwZXh0bgNhZW0CMTAAYnJpZBEwaEJBZWFDY1N1bGNVVE9sdwEeydSPGlzQ_kjyo2ce9p1St35GaQHLOG5kDIK0UidO2TUbQDrazLFVVI3c7bc_aem_YAvmElghyZrzLTf2hCgScA&amp;h=AT2Odx-AUlZ44pZ0pWE8qXPWrRZosgBKw9pe0KrJpeNC7lapHoGHWYnbqGdOEwOchOUGhk65XJHxfuQOTNBS6E7ERaO7mS6XEru4EXuMEplkVMuUsNLwcMUzGb4LWwy1AefUW_Sx4qCiymlXeQeFKA&amp;__tn__=-UK-R&amp;c[0]=AT3b0dEibd3-gML9gfVX-1BatqXwNoply-DLGckEf2eP0wlQcRA3naVy0uqrL1ZNe_DGIPPBxOu9jZyh_B0-z_INqvmZPWxXHiXISOKb7dx_e55ka6aFiRjs8MkmPVUkRExDK22Ku6A1K1CHUMi7gOdzCHacZ_T5jpGFqWG-vlvWKLO2bR0azfPO5xjp88q7WcE-owHeJdF-IbmitQF8FleZMEeEuzu-\" style=\"border-radius:50px;background-color:#4a9220\" target=\"_blank\" rel=\"noreferrer noopener\">P\u00e5melding gammel dame<\/a><\/div>\n<\/div>\n<\/div>\n\n\n\n<div class=\"wp-block-column is-layout-flow wp-block-column-is-layout-flow\">\n<p class=\"has-text-align-center has-large-font-size\"><strong>NYE HERRESPILLERE:<\/strong><\/p>\n\n\n\n<div class=\"wp-block-buttons is-content-justification-center is-layout-flex wp-container-core-buttons-is-layout-3 wp-block-buttons-is-layout-flex\">\n<div class=\"wp-block-button is-style-fill\"><a class=\"wp-block-button__link has-light-gray-color has-text-color has-background wp-element-button\" href=\"https:\/\/docs.google.com\/forms\/d\/e\/1FAIpQLSdDbHejBN93DExR2O_6xkLmfuUqHLPdUgjbuDz3mWmKrTeUfQ\/viewform?usp=header\" style=\"border-radius:50px;background-color:#4a9220\" target=\"_blank\" rel=\"noreferrer noopener\">P\u00e5melding ny herre<\/a><\/div>\n<\/div>\n\n\n\n<p class=\"has-large-font-size\">                    <strong>GAMLE HERRESPILLERE:<\/strong><\/p>\n\n\n\n<div class=\"wp-block-buttons is-layout-flex wp-block-buttons-is-layout-flex\">\n<div class=\"wp-block-button is-style-fill\"><a class=\"wp-block-button__link has-background wp-element-button\" href=\"https:\/\/l.facebook.com\/l.php?u=https%3A%2F%2Fdocs.google.com%2Fforms%2Fd%2Fe%2F1FAIpQLSeyOiaaYPvFAcT0ERL_-7U8gCZ-BM14-gcuYG0Tme9EIKU_DA%2Fviewform%3Fusp%3Dheader%26fbclid%3DIwZXh0bgNhZW0CMTAAYnJpZBEwaEJBZWFDY1N1bGNVVE9sdwEemS2AjIO6eAw5hk9duPO4PPnr_xJ9Z4ZjX3vOM1xte2YW-BGHWSJE98R8oiQ_aem_Mte4kCcN7c57R-babVP-tw&amp;h=AT3oqvhxeVjx7IR0E1OYD7vW4u7A13upPyD27r84MNhOlbZu0Af4Xq6Jr_bjVU-2ce9ZEcBuG6gZUWJwVLQCKjmAV_yakut90t-5Ot1UJqt0tOPHq9QJVD9KK-ddNl8XCANMaoV7Zo464ayaZAHvvA&amp;__tn__=-UK-R&amp;c[0]=AT3b0dEibd3-gML9gfVX-1BatqXwNoply-DLGckEf2eP0wlQcRA3naVy0uqrL1ZNe_DGIPPBxOu9jZyh_B0-z_INqvmZPWxXHiXISOKb7dx_e55ka6aFiRjs8MkmPVUkRExDK22Ku6A1K1CHUMi7gOdzCHacZ_T5jpGFqWG-vlvWKLO2bR0azfPO5xjp88q7WcE-owHeJdF-IbmitQF8FleZMEeEuzu-\" style=\"background-color:#4a9220\">P\u00e5melding gammel herre <\/a><\/div>\n<\/div>\n\n\n\n<p><\/p>\n<\/div>\n<\/div>\n<\/div><\/div>\n\n\n\n<div class=\"wp-block-coblocks-accordion\">\n<div class=\"wp-block-coblocks-accordion-item\"><details><summary class=\"wp-block-coblocks-accordion-item__title has-background has-text-color has-dark-black-color\" style=\"background-color:#4a9220\"><strong>HVA ER UTTAKSTRENINGER<\/strong>?<\/summary><div class=\"wp-block-coblocks-accordion-item__content\" style=\"border-color:#4a9220\">\n<p>Uttakstreninger handler om \u00e5 gi trenerne en oversikt over gamle og nye spillere, og fordele alle sammen p\u00e5 ulike lag. Form\u00e5let er at alle skal spille p\u00e5 lag med andre spillere som er p\u00e5 et likt eller nesten likt sportslig niv\u00e5. Uttakstreninger blir vanligvis holdt i uke 33, 34, 35 og deler av 36.<\/p>\n<\/div><\/details><\/div>\n\n\n\n<div class=\"wp-block-coblocks-accordion-item\"><details><summary class=\"wp-block-coblocks-accordion-item__title has-background has-text-color has-dark-black-color\" style=\"background-color:#4a9220\"><strong>HVORDAN FUNGERER UTTAKSTRENINGER<\/strong>?<\/summary><div class=\"wp-block-coblocks-accordion-item__content\" style=\"border-color:#4a9220\">\n<p>Uttakstreninger er vanlige h\u00e5ndballtreninger, som er organisert p\u00e5 en slik m\u00e5te at trenerne f\u00e5r sett flest mulig ut\u00f8vere p\u00e5 kortest mulig tid. Uttakstreninger er det samme som \u2018tryouts\u2019. Det er ett lag i aksjon om gangen.&nbsp;<\/p>\n\n\n\n<p>P\u00e5meldingsskjemaer vil publiseres slik at en kan melde seg opp til uttaktreninger. Deretter vil du bli invitert til en trening, som du aktivt m\u00e5 inn \u00e5 svare p\u00e5 om du kommer. P\u00e5 grunn av det store trykket vi har under uttaksperioden, kan vi ikke garantere at alle vil motta invitasjon til trening.&nbsp;<\/p>\n\n\n\n<p><strong>Det er viktig at spillere tar med egen h\u00e5ndball, teip, drikkeflaske og annet individuelt utstyr.&nbsp;<\/strong><\/p>\n\n\n\n<p>For \u00e5 f\u00e5 vist deg frem mest mulig for trenerne er det hensiktsmessig \u00e5 m\u00f8te p\u00e5 flere uttakstreninger om du f\u00e5r muligheten.&nbsp;<\/p>\n\n\n\n<p>I noen tilfeller vil spillere bli hentet opp eller sendt ned fra den treningsgruppen de har m\u00f8tt opp p\u00e5. Dette blir gjort p\u00e5 slutten av treningen, og du vil f\u00e5 ordentlig beskjed av trenerne eller sportslig leder.&nbsp;<\/p>\n\n\n\n<p><strong>FOTOGRAFERING<\/strong><\/p>\n\n\n\n<p>Ved \u00e5 delta p\u00e5 arrangementet aksepterer du \u00e5 bli tatt bilde av. Bildene kan brukes fritt av NTNUI i markedsf\u00f8ring eller andre sammenhenger samt deling med partnere eller media. Portrettene nevt i forrige avsnitt er ikke inkludert i dette. \u00d8nsker du ikke dette m\u00e5 du melde fra til arrang\u00f8ren og\/eller fotografen.&nbsp;<\/p>\n\n\n\n<p>N\u00e5r du m\u00f8ter opp p\u00e5 din f\u00f8rste trening, vil du bli tatt bilde av. Dette for \u00e5 gj\u00f8re seleksjonsprosessen for trenere enklere, ved at det er enklere \u00e5 huske et ansikt enn et navn. Dette bildet vil kun v\u00e6re tilgjengelig for trenere og styremedlemmer, og vil ikke bli brukt i en annen sammenheng.&nbsp;<\/p>\n\n\n\n<p><strong>STED:<\/strong><\/p>\n\n\n\n<p>Uttakstreningene foreg\u00e5r b\u00e5de p\u00e5 Idrettsbygget Gl\u00f8shaugen og Dragvoll Idrettssenter.&nbsp;<\/p>\n\n\n\n<p>Idrettsbygget Gl\u00f8shaugen: Chri. Frederiks gate 20<\/p>\n\n\n\n<p>Dragvoll Idrettssenter: Loholt alle 81<\/p>\n<\/div><\/details><\/div>\n<\/div>\n\n\n\n<div class=\"wp-block-coblocks-accordion\">\n<div class=\"wp-block-coblocks-accordion-item\"><details><summary class=\"wp-block-coblocks-accordion-item__title has-background has-text-color has-dark-black-color\" style=\"background-color:#4a9220\"><strong>LAGUTTAKET<\/strong><\/summary><div class=\"wp-block-coblocks-accordion-item__content\" style=\"border-color:#4a9220\">\n<p>Laguttaket er slik at f\u00f8rste-lagene tar ut sin spillerstall f\u00f8rst, s\u00e5 tar andre lag ut sin spillerstall osv. N\u00e5r du f\u00f8rst er tatt ut p\u00e5 et lag, har du ikke muligheten til \u00e5 si at du ikke vil spille p\u00e5 det laget, men heller et annet lag. Enten s\u00e5 deltar du p\u00e5 det laget du er tatt ut p\u00e5, eller s\u00e5 f\u00e5r du dessverre ikke spille i NTNUI H\u00e5ndball. Hvis du blir tatt ut p\u00e5 et lag vil du bli lagt inn i en privat facebookgruppe sammen med de nye lagkameratene dine. Du vil&nbsp;<strong>ikke<\/strong>&nbsp;f\u00e5 en mail eller en annen melding om laguttaket, dermed er det viktig \u00e5 f\u00f8lge med p\u00e5 Facebook i tiden etter uttakstreningene.<\/p>\n<\/div><\/details><\/div>\n<\/div>\n\n\n\n<div class=\"wp-block-group alignwide\"><div class=\"wp-block-group__inner-container is-layout-flow wp-block-group-is-layout-flow\">\n<div class=\"wp-block-atomic-blocks-ab-columns ab-layout-columns-2 ab-2-col-equal ab-columns-center\"><div class=\"ab-layout-column-wrap ab-block-layout-column-gap-1 ab-is-responsive-column\" style=\"max-width:1752px\">\n<div class=\"wp-block-atomic-blocks-ab-column ab-block-layout-column\"><div class=\"ab-block-layout-column-inner\">\n<div class=\"wp-block-coblocks-accordion\">\n<div class=\"wp-block-coblocks-accordion-item\"><\/div>\n<\/div>\n<\/div><\/div>\n\n\n\n<div class=\"wp-block-atomic-blocks-ab-column ab-block-layout-column\"><div class=\"ab-block-layout-column-inner\" style=\"text-align:center\">\n<div class=\"wp-block-coblocks-accordion\">\n<div class=\"wp-block-coblocks-accordion-item\"><\/div>\n<\/div>\n<\/div><\/div>\n<\/div><\/div>\n<\/div><\/div>\n\n\n\n<p><strong>ANDRE SP\u00d8RSM\u00c5L:<\/strong><\/p>\n\n\n\n<p>Har du noen sp\u00f8rsm\u00e5l? Send en mail til noen i styret.<\/p>\n\n\n\n<p>Er du usikker p\u00e5 noe om uttakstreninger? Meld deg p\u00e5! Der er alle i styret og trenerne villige til \u00e5 svare p\u00e5 sp\u00f8rsm\u00e5l, s\u00e5 det ordner seg.&nbsp;<\/p>\n\n\n\n<p><\/p>\n\n\n","protected":false},"excerpt":{"rendered":"<p>Hver h\u00f8st arrangerer NTNUI H\u00e5ndball uttakstreninger for b\u00e5de nye og gamle ut\u00f8vere som \u00f8nsker \u00e5 spille h\u00e5ndball! P\u00e5 denne siden ligger informasjon om treningstider, forberedelser og annet.&nbsp; VIKTIG INFORMASJON:Hei h\u00e5ndballvenner! P\u00e5meldingen for uttakstreninger for sesongen 25\/26 er \u00e5pen!! Dette er p\u00e5meldingen for uttakstrening i uke 33, 34 og 35 for sesongen 25\/26. Alle nye spillere [&hellip;]<\/p>\n","protected":false},"author":182,"featured_media":0,"parent":0,"menu_order":0,"comment_status":"closed","ping_status":"closed","template":"","meta":{"_coblocks_attr":"","_coblocks_dimensions":"","_coblocks_responsive_height":"","_coblocks_accordion_ie_support":"","_price":"","_stock":"","_tribe_ticket_header":"","_tribe_default_ticket_provider":"","_tribe_ticket_capacity":"0","_ticket_start_date":"","_ticket_end_date":"","_tribe_ticket_show_description":"","_tribe_ticket_show_not_going":false,"_tribe_ticket_use_global_stock":"","_tribe_ticket_global_stock_level":"","_global_stock_mode":"","_global_stock_cap":"","_tribe_rsvp_for_event":"","_tribe_ticket_going_count":"","_tribe_ticket_not_going_count":"","_tribe_tickets_list":[],"_tribe_ticket_has_attendee_info_fields":false,"_EventAllDay":false,"_EventTimezone":"","_EventStartDate":"","_EventEndDate":"","_EventStartDateUTC":"","_EventEndDateUTC":"","_EventShowMap":false,"_EventShowMapLink":false,"_EventURL":"","_EventCost":"","_EventCostDescription":"","_EventCurrencySymbol":"","_EventCurrencyPosition":"","_EventDateTimeSeparator":"","_EventTimeRangeSeparator":"","_EventOrganizerID":[],"_EventVenueID":0,"_OrganizerEmail":"","_OrganizerPhone":"","_OrganizerWebsite":"","_VenueAddress":"","_VenueCity":"","_VenueCountry":"","_VenueProvince":"","_VenueZip":"","_VenuePhone":"","_VenueURL":"","_VenueStateProvince":"","_VenueLat":"","_VenueLng":"","footnotes":""},"class_list":["post-82","page","type-page","status-publish","hentry"],"featured_image_src":null,"featured_image_src_square":null,"_links":{"self":[{"href":"https:\/\/ntnui.no\/handball\/wp-json\/wp\/v2\/pages\/82","targetHints":{"allow":["GET"]}}],"collection":[{"href":"https:\/\/ntnui.no\/handball\/wp-json\/wp\/v2\/pages"}],"about":[{"href":"https:\/\/ntnui.no\/handball\/wp-json\/wp\/v2\/types\/page"}],"author":[{"embeddable":true,"href":"https:\/\/ntnui.no\/handball\/wp-json\/wp\/v2\/users\/182"}],"replies":[{"embeddable":true,"href":"https:\/\/ntnui.no\/handball\/wp-json\/wp\/v2\/comments?post=82"}],"version-history":[{"count":63,"href":"https:\/\/ntnui.no\/handball\/wp-json\/wp\/v2\/pages\/82\/revisions"}],"predecessor-version":[{"id":2024,"href":"https:\/\/ntnui.no\/handball\/wp-json\/wp\/v2\/pages\/82\/revisions\/2024"}],"wp:attachment":[{"href":"https:\/\/ntnui.no\/handball\/wp-json\/wp\/v2\/media?parent=82"}],"curies":[{"name":"wp","href":"https:\/\/api.w.org\/{rel}","templated":true}]}}