{"id":80,"date":"2019-03-22T14:25:58","date_gmt":"2019-03-22T14:25:58","guid":{"rendered":"https:\/\/ntnui.no\/handball-ny\/?page_id=80"},"modified":"2021-04-21T14:31:29","modified_gmt":"2021-04-21T14:31:29","slug":"sportslig","status":"publish","type":"page","link":"https:\/\/ntnui.no\/handball\/sportslig\/","title":{"rendered":"Spillernes historier"},"content":{"rendered":"\n<p>Siden Gl\u00f8shaugen- og  Dragvoll H\u00e5ndball ble sl\u00e5tt sammen til NTNUI H\u00e5ndball i 2019, er det mange som har spilt i den gr\u00f8nne tr\u00f8ya. Det har f\u00f8rt til mange vennskapsb\u00e5nd og flere har ogs\u00e5 funnet kj\u00e6rligheten. De fleste som spiller eller har spilt i NTNUI H\u00e5ndball har n\u00e5 et hjerte farget av gr\u00f8nn, gul og svart. &#8220;Med hjerte av \ud83d\udc9a\ud83d\udc9b\ud83d\udda4&#8221; handler om den gode tiden i NTNUI H\u00e5ndball. <br><br>I tillegg \u00f8nsker vi \u00e5 ta dere med oss inn i reisene v\u00e5re. Om det skulle v\u00e6re en bortekamp, en turnering eller en hyttetur.  Disse innleggene vil komme under &#8220;P\u00e5 hjul med NTNUI H\u00e5ndball&#8221;. <\/p>\n\n\n\n<div class=\"wp-block-buttons is-layout-flex wp-block-buttons-is-layout-flex\">\n<div class=\"wp-block-button is-style-outline is-style-outline--1\"><a class=\"wp-block-button__link has-electric-grass-gradient-background has-background\" href=\"https:\/\/ntnui.no\/handball\/med-hjerte-av-ggs\/\">Med hjerte av \ud83d\udc9a\ud83d\udc9b\ud83d\udda4<\/a><\/div>\n\n\n\n<div class=\"wp-block-button is-style-outline is-style-outline--2\"><a class=\"wp-block-button__link has-electric-grass-gradient-background has-background\" href=\"https:\/\/ntnui.no\/handball\/pa-hjul-med-ntnui-handball\/\">P\u00e5 hjul med NTNUI H\u00e5ndball<\/a><\/div>\n<\/div>\n","protected":false},"excerpt":{"rendered":"<p>Siden Gl\u00f8shaugen- og Dragvoll H\u00e5ndball ble sl\u00e5tt sammen til NTNUI H\u00e5ndball i 2019, er det mange som har spilt i den gr\u00f8nne tr\u00f8ya. Det har f\u00f8rt til mange vennskapsb\u00e5nd og flere har ogs\u00e5 funnet kj\u00e6rligheten. De fleste som spiller eller har spilt i NTNUI H\u00e5ndball har n\u00e5 et hjerte farget av gr\u00f8nn, gul og svart. [&hellip;]<\/p>\n","protected":false},"author":114,"featured_media":0,"parent":0,"menu_order":0,"comment_status":"closed","ping_status":"closed","template":"","meta":{"_coblocks_attr":"","_coblocks_dimensions":"","_coblocks_responsive_height":"","_coblocks_accordion_ie_support":"","_price":"","_stock":"","_tribe_ticket_header":"","_tribe_default_ticket_provider":"","_tribe_ticket_capacity":"0","_ticket_start_date":"","_ticket_end_date":"","_tribe_ticket_show_description":"","_tribe_ticket_show_not_going":false,"_tribe_ticket_use_global_stock":"","_tribe_ticket_global_stock_level":"","_global_stock_mode":"","_global_stock_cap":"","_tribe_rsvp_for_event":"","_tribe_ticket_going_count":"","_tribe_ticket_not_going_count":"","_tribe_tickets_list":[],"_tribe_ticket_has_attendee_info_fields":false,"_EventAllDay":false,"_EventTimezone":"","_EventStartDate":"","_EventEndDate":"","_EventStartDateUTC":"","_EventEndDateUTC":"","_EventShowMap":false,"_EventShowMapLink":false,"_EventURL":"","_EventCost":"","_EventCostDescription":"","_EventCurrencySymbol":"","_EventCurrencyPosition":"","_EventDateTimeSeparator":"","_EventTimeRangeSeparator":"","_EventOrganizerID":[],"_EventVenueID":0,"_OrganizerEmail":"","_OrganizerPhone":"","_OrganizerWebsite":"","_VenueAddress":"","_VenueCity":"","_VenueCountry":"","_VenueProvince":"","_VenueZip":"","_VenuePhone":"","_VenueURL":"","_VenueStateProvince":"","_VenueLat":"","_VenueLng":"","footnotes":""},"class_list":["post-80","page","type-page","status-publish","hentry"],"featured_image_src":null,"featured_image_src_square":null,"_links":{"self":[{"href":"https:\/\/ntnui.no\/handball\/wp-json\/wp\/v2\/pages\/80","targetHints":{"allow":["GET"]}}],"collection":[{"href":"https:\/\/ntnui.no\/handball\/wp-json\/wp\/v2\/pages"}],"about":[{"href":"https:\/\/ntnui.no\/handball\/wp-json\/wp\/v2\/types\/page"}],"author":[{"embeddable":true,"href":"https:\/\/ntnui.no\/handball\/wp-json\/wp\/v2\/users\/114"}],"replies":[{"embeddable":true,"href":"https:\/\/ntnui.no\/handball\/wp-json\/wp\/v2\/comments?post=80"}],"version-history":[{"count":9,"href":"https:\/\/ntnui.no\/handball\/wp-json\/wp\/v2\/pages\/80\/revisions"}],"predecessor-version":[{"id":701,"href":"https:\/\/ntnui.no\/handball\/wp-json\/wp\/v2\/pages\/80\/revisions\/701"}],"wp:attachment":[{"href":"https:\/\/ntnui.no\/handball\/wp-json\/wp\/v2\/media?parent=80"}],"curies":[{"name":"wp","href":"https:\/\/api.w.org\/{rel}","templated":true}]}}