{"id":76,"date":"2019-03-22T14:25:25","date_gmt":"2019-03-22T14:25:25","guid":{"rendered":"https:\/\/ntnui.no\/handball-ny\/?page_id=76"},"modified":"2025-06-24T16:28:17","modified_gmt":"2025-06-24T16:28:17","slug":"info","status":"publish","type":"page","link":"https:\/\/ntnui.no\/handball\/info\/","title":{"rendered":"Informasjon til medlemmer"},"content":{"rendered":"\n<p>Som medlem av NTNUI H\u00e5ndball har du en rolle i klubben. Klubben best\u00e5r av hovedsaklig av studenter og det gj\u00f8r ogs\u00e5 at det kreves en god dugnads\u00e5nd for \u00e5 f\u00e5 klubben til \u00e5 g\u00e5 rundt. Samtidig har trenere, spillere og dommere plikter som NTNUI-spiller. Med denne siden \u00f8nsker vi \u00e5 gj\u00f8re det enkelt for deg \u00e5 finne informasjonen du trenger. <\/p>\n\n\n\n<div class=\"wp-block-buttons is-layout-flex wp-block-buttons-is-layout-flex\">\n<div class=\"wp-block-button is-style-outline is-style-outline--1\"><a class=\"wp-block-button__link has-background\" href=\"https:\/\/ntnui.no\/handball\/organisatorisk\/spillerrollen\/\" style=\"background:radial-gradient(rgb(202,248,128) 0%,rgb(113,206,126) 100%)\">Spillerrollen<\/a><\/div>\n\n\n\n<div class=\"wp-block-button is-style-outline is-style-outline--2\"><a class=\"wp-block-button__link has-background\" href=\"https:\/\/ntnui.no\/handball\/info\/trenerrollen\" style=\"background:radial-gradient(rgb(202,248,128) 0%,rgb(113,206,126) 100%)\">Trenerrollen<\/a><\/div>\n\n\n\n<div class=\"wp-block-button is-style-outline is-style-outline--3\"><a class=\"wp-block-button__link has-background\" href=\"https:\/\/ntnui.no\/handball\/info\/dommerrollen\" style=\"background:radial-gradient(rgb(202,248,128) 0%,rgb(113,206,126) 100%)\">Dommerrollen<\/a><\/div>\n\n\n\n<div class=\"wp-block-button is-style-outline is-style-outline--4\"><a class=\"wp-block-button__link has-background\" href=\"https:\/\/ntnui.no\/handball\/dugnader\/\" style=\"background:radial-gradient(rgb(202,248,128) 0%,rgb(113,206,126) 100%)\">Dugnader<\/a><\/div>\n\n\n\n<div class=\"wp-block-button is-style-outline is-style-outline--5\"><a class=\"wp-block-button__link has-background\" href=\"https:\/\/ntnui.no\/handball\/drakter\/\" style=\"background:radial-gradient(rgb(202,248,128) 0%,rgb(113,206,126) 100%)\">Drakter<\/a><\/div>\n\n\n\n<div class=\"wp-block-button is-style-outline is-style-outline--6\"><a class=\"wp-block-button__link has-background\" href=\"https:\/\/ntnui.no\/handball\/generalforsamling\/\" style=\"background:radial-gradient(rgb(202,248,128) 0%,rgb(113,206,126) 100%)\">Generalforsamling<\/a><\/div>\n<\/div>\n\n\n\n<figure class=\"wp-block-image size-large\"><img loading=\"lazy\" decoding=\"async\" width=\"1701\" height=\"1132\" src=\"https:\/\/ntnui.no\/handball\/wp-content\/uploads\/sites\/259\/2021\/09\/RRichter_H1MKS-116.jpg\" alt=\"\" class=\"wp-image-976\" \/><figcaption>Foto: Copyright Roland Richter \/ NTNUI<\/figcaption><\/figure>\n","protected":false},"excerpt":{"rendered":"<p>Som medlem av NTNUI H\u00e5ndball har du en rolle i klubben. Klubben best\u00e5r av hovedsaklig av studenter og det gj\u00f8r ogs\u00e5 at det kreves en god dugnads\u00e5nd for \u00e5 f\u00e5 klubben til \u00e5 g\u00e5 rundt. Samtidig har trenere, spillere og dommere plikter som NTNUI-spiller. Med denne siden \u00f8nsker vi \u00e5 gj\u00f8re det enkelt for deg [&hellip;]<\/p>\n","protected":false},"author":114,"featured_media":0,"parent":0,"menu_order":0,"comment_status":"closed","ping_status":"closed","template":"","meta":{"_coblocks_attr":"","_coblocks_dimensions":"","_coblocks_responsive_height":"","_coblocks_accordion_ie_support":"","_price":"","_stock":"","_tribe_ticket_header":"","_tribe_default_ticket_provider":"","_tribe_ticket_capacity":"0","_ticket_start_date":"","_ticket_end_date":"","_tribe_ticket_show_description":"","_tribe_ticket_show_not_going":false,"_tribe_ticket_use_global_stock":"","_tribe_ticket_global_stock_level":"","_global_stock_mode":"","_global_stock_cap":"","_tribe_rsvp_for_event":"","_tribe_ticket_going_count":"","_tribe_ticket_not_going_count":"","_tribe_tickets_list":[],"_tribe_ticket_has_attendee_info_fields":false,"_EventAllDay":false,"_EventTimezone":"","_EventStartDate":"","_EventEndDate":"","_EventStartDateUTC":"","_EventEndDateUTC":"","_EventShowMap":false,"_EventShowMapLink":false,"_EventURL":"","_EventCost":"","_EventCostDescription":"","_EventCurrencySymbol":"","_EventCurrencyPosition":"","_EventDateTimeSeparator":"","_EventTimeRangeSeparator":"","_EventOrganizerID":[],"_EventVenueID":0,"_OrganizerEmail":"","_OrganizerPhone":"","_OrganizerWebsite":"","_VenueAddress":"","_VenueCity":"","_VenueCountry":"","_VenueProvince":"","_VenueZip":"","_VenuePhone":"","_VenueURL":"","_VenueStateProvince":"","_VenueLat":"","_VenueLng":"","footnotes":""},"class_list":["post-76","page","type-page","status-publish","hentry"],"featured_image_src":null,"featured_image_src_square":null,"_links":{"self":[{"href":"https:\/\/ntnui.no\/handball\/wp-json\/wp\/v2\/pages\/76","targetHints":{"allow":["GET"]}}],"collection":[{"href":"https:\/\/ntnui.no\/handball\/wp-json\/wp\/v2\/pages"}],"about":[{"href":"https:\/\/ntnui.no\/handball\/wp-json\/wp\/v2\/types\/page"}],"author":[{"embeddable":true,"href":"https:\/\/ntnui.no\/handball\/wp-json\/wp\/v2\/users\/114"}],"replies":[{"embeddable":true,"href":"https:\/\/ntnui.no\/handball\/wp-json\/wp\/v2\/comments?post=76"}],"version-history":[{"count":9,"href":"https:\/\/ntnui.no\/handball\/wp-json\/wp\/v2\/pages\/76\/revisions"}],"predecessor-version":[{"id":1644,"href":"https:\/\/ntnui.no\/handball\/wp-json\/wp\/v2\/pages\/76\/revisions\/1644"}],"wp:attachment":[{"href":"https:\/\/ntnui.no\/handball\/wp-json\/wp\/v2\/media?parent=76"}],"curies":[{"name":"wp","href":"https:\/\/api.w.org\/{rel}","templated":true}]}}