{"id":675,"date":"2021-04-16T18:59:06","date_gmt":"2021-04-16T18:59:06","guid":{"rendered":"https:\/\/ntnui.no\/handball\/?page_id=675"},"modified":"2025-06-24T16:13:13","modified_gmt":"2025-06-24T16:13:13","slug":"med-hjerte-av-ggs","status":"publish","type":"page","link":"https:\/\/ntnui.no\/handball\/med-hjerte-av-ggs\/","title":{"rendered":"Med hjerte av \ud83d\udc9a \ud83d\udc9b \ud83d\udda4"},"content":{"rendered":"\n<p>I l\u00f8pet av alle \u00e5rene klubben har v\u00e6rt aktiv er det mange som har f\u00e5tt hjertet permanent farget til gr\u00f8nt, gult og svart. Enkelte har bidratt en stor del for at klubben er den den er idag. &#8220;Med hjerte av \ud83d\udc9a\ud83d\udc9b\ud83d\udda4&#8221; handler om personene og samholdet i klubben. <\/p>\n\n\n\n<p><\/p>\n\n\n<div class=\"wp-block-coblocks-posts is-style-stacked\"><div class=\"wp-block-coblocks-posts__inner has-columns has-2-columns has-responsive-columns has-circle-image has-large-gutter\" style=\" style=\"--coblocks-custom-gutter:1.4em\"\"><div class=\"wp-block-coblocks-posts__item\"><div class=\"wp-block-coblocks-posts__image\"><a href=\"https:\/\/ntnui.no\/handball\/2025\/06\/24\/hederspris-tildelt-henrik-wangen\/\" class=\"bg-cover bg-center-center\" style=\"background-image:url(https:\/\/ntnui.no\/handball\/wp-content\/uploads\/sites\/259\/2025\/06\/496512662_2172195473221164_4388551297658412413_n.jpg)\"><\/a><\/div><div class=\"wp-block-coblocks-posts__content\"><time datetime=\"\" class=\"wp-block-coblocks-posts__date\">juni 24, 2025<\/time><a href=\"https:\/\/ntnui.no\/handball\/2025\/06\/24\/hederspris-tildelt-henrik-wangen\/\" alt=\"Hederspris tildelt Henrik Aarthun Wangen\">Hederspris tildelt Henrik Aarthun Wangen<\/a><div class=\"wp-block-coblocks-posts__excerpt\">I \u00e5r \u00f8nsket NTNUI h\u00e5ndball \u00e5 vie en ekstra oppmerksomhet til klubbens nyeste ridder, Henrik Wangen. Les mer om Henriks tanker om NTNUI H\u00e5ndball!<\/div><\/div><\/div><div class=\"wp-block-coblocks-posts__item\"><div class=\"wp-block-coblocks-posts__image\"><a href=\"https:\/\/ntnui.no\/handball\/2025\/02\/24\/henrik-aarthun-wangen-utnevnt-til-ridder-av-ntnuis-orden\/\" class=\"bg-cover bg-center-center\" style=\"background-image:url(https:\/\/ntnui.no\/handball\/wp-content\/uploads\/sites\/259\/2025\/02\/IMG_9891.jpg)\"><\/a><\/div><div class=\"wp-block-coblocks-posts__content\"><time datetime=\"\" class=\"wp-block-coblocks-posts__date\">februar 24, 2025<\/time><a href=\"https:\/\/ntnui.no\/handball\/2025\/02\/24\/henrik-aarthun-wangen-utnevnt-til-ridder-av-ntnuis-orden\/\" alt=\"Henrik Aarthun Wangen utnevnt til ridder av NTNUIs orden\">Henrik Aarthun Wangen utnevnt til ridder av NTNUIs orden<\/a><div class=\"wp-block-coblocks-posts__excerpt\">Henrik Wangen ble i februar 2025 utnevnt til ridder av NTNUIs orden. H\u00f8r hans tanker om sin tid og hederlige innsats for klubben v\u00e5r!<\/div><\/div><\/div><div class=\"wp-block-coblocks-posts__item\"><div class=\"wp-block-coblocks-posts__image\"><a href=\"https:\/\/ntnui.no\/handball\/2024\/05\/14\/hederspris-tildelt-mikkel\/\" class=\"bg-cover bg-center-center\" style=\"background-image:url(https:\/\/ntnui.no\/handball\/wp-content\/uploads\/sites\/259\/2024\/05\/Bilde-14.05.2024-klokken-11.23.jpg)\"><\/a><\/div><div class=\"wp-block-coblocks-posts__content\"><time datetime=\"\" class=\"wp-block-coblocks-posts__date\">mai 14, 2024<\/time><a href=\"https:\/\/ntnui.no\/handball\/2024\/05\/14\/hederspris-tildelt-mikkel\/\" alt=\"Hederspris tildelt Mikkel B\u00f8gseth\">Hederspris tildelt Mikkel B\u00f8gseth<\/a><div class=\"wp-block-coblocks-posts__excerpt\">I \u00e5r \u00f8nsket NTNUI h\u00e5ndball \u00e5 vie en ekstra oppmerksomhet til en av klubbens lengst v\u00e6rende spillere, Mikkel Bogseth. Les mer om Mikkels tanker om NTNUI H\u00e5ndball!<\/div><\/div><\/div><div class=\"wp-block-coblocks-posts__item\"><div class=\"wp-block-coblocks-posts__image\"><a href=\"https:\/\/ntnui.no\/handball\/2024\/03\/10\/hederspris-marit-andersen\/\" class=\"bg-cover bg-center-center\" style=\"background-image:url(https:\/\/ntnui.no\/handball\/wp-content\/uploads\/sites\/259\/2024\/03\/IMG_6576.jpg)\"><\/a><\/div><div class=\"wp-block-coblocks-posts__content\"><time datetime=\"\" class=\"wp-block-coblocks-posts__date\">mars 10, 2024<\/time><a href=\"https:\/\/ntnui.no\/handball\/2024\/03\/10\/hederspris-marit-andersen\/\" alt=\"Hederspris tildelt Marit Baastad Andersen\">Hederspris tildelt Marit Baastad Andersen<\/a><div class=\"wp-block-coblocks-posts__excerpt\">P\u00e5 generalforsamling 2024 ble Marit Baastad Andersen tildelt hederspris for hennes bidrag i klubben. Les mer om Marits tanker om NTNUI H\u00e5ndball!<\/div><\/div><\/div><div class=\"wp-block-coblocks-posts__item\"><div class=\"wp-block-coblocks-posts__image\"><a href=\"https:\/\/ntnui.no\/handball\/2024\/01\/30\/magnus-sydtangen-utnevnt-til-ridder-av-ntnuis-orden-2\/\" class=\"bg-cover bg-center-center\" style=\"background-image:url(https:\/\/ntnui.no\/handball\/wp-content\/uploads\/sites\/259\/2024\/01\/Skjermbilde-2024-01-30-kl.-16.52.31-1.png)\"><\/a><\/div><div class=\"wp-block-coblocks-posts__content\"><time datetime=\"\" class=\"wp-block-coblocks-posts__date\">januar 30, 2024<\/time><a href=\"https:\/\/ntnui.no\/handball\/2024\/01\/30\/magnus-sydtangen-utnevnt-til-ridder-av-ntnuis-orden-2\/\" alt=\"Magnus Sydtangen utnevnt til ridder av NTNUIs orden\">Magnus Sydtangen utnevnt til ridder av NTNUIs orden<\/a><div class=\"wp-block-coblocks-posts__excerpt\">Magnus Sydtangen ble i april 2023 utnevnt til ridder av NTNUIs orden. H\u00f8r hans tanker om sin tid og hederlige innsats for klubben v\u00e5r!<\/div><\/div><\/div><div class=\"wp-block-coblocks-posts__item\"><div class=\"wp-block-coblocks-posts__image\"><a href=\"https:\/\/ntnui.no\/handball\/2022\/06\/01\/ruben-engen-utnevnt-til-ridder-av-ntnuis-orden\/\" class=\"bg-cover bg-center-center\" style=\"background-image:url(https:\/\/ntnui.no\/handball\/wp-content\/uploads\/sites\/259\/2022\/05\/Skjermbilde-2022-05-30-kl.-21.23.06.png)\"><\/a><\/div><div class=\"wp-block-coblocks-posts__content\"><time datetime=\"\" class=\"wp-block-coblocks-posts__date\">juni 1, 2022<\/time><a href=\"https:\/\/ntnui.no\/handball\/2022\/06\/01\/ruben-engen-utnevnt-til-ridder-av-ntnuis-orden\/\" alt=\"Ruben Engen utnevnt til ridder av NTNUIs orden\">Ruben Engen utnevnt til ridder av NTNUIs orden<\/a><div class=\"wp-block-coblocks-posts__excerpt\">Ruben Engen fikk i 2022 tildelt ridderdalje av NTNUIs orden for sitt bidrag til klubben! Les mer om hans meritter og minner i NTNUI.<\/div><\/div><\/div><div class=\"wp-block-coblocks-posts__item\"><div class=\"wp-block-coblocks-posts__image\"><a href=\"https:\/\/ntnui.no\/handball\/2022\/03\/24\/fa-har-spilt-pa-alle-fire-herrelagene\/\" class=\"bg-cover bg-center-center\" style=\"background-image:url(https:\/\/ntnui.no\/handball\/wp-content\/uploads\/sites\/259\/2022\/03\/276967815_1129280571225603_3827511005130471465_n-1.jpg)\"><\/a><\/div><div class=\"wp-block-coblocks-posts__content\"><time datetime=\"\" class=\"wp-block-coblocks-posts__date\">mars 24, 2022<\/time><a href=\"https:\/\/ntnui.no\/handball\/2022\/03\/24\/fa-har-spilt-pa-alle-fire-herrelagene\/\" alt=\"F\u00e5 har spilt p\u00e5 alle fire herrelagene\">F\u00e5 har spilt p\u00e5 alle fire herrelagene<\/a><div class=\"wp-block-coblocks-posts__excerpt\">NTNUI H\u00e5ndball best\u00e5r av fire herrelag, og selv om spillere rykker opp og ned mellom lagene hver sesong er det f\u00e5 som har f\u00e5tt spilleminutter for alle herrelagene. Denne sesongen har Jon Andreas Kornberg etter fem \u00e5r i klubben, spilt for alle herrelagene. I farten kunne &hellip; <\/div><\/div><\/div><div class=\"wp-block-coblocks-posts__item\"><div class=\"wp-block-coblocks-posts__image\"><a href=\"https:\/\/ntnui.no\/handball\/2021\/07\/23\/hederspris-ruben-engen\/\" class=\"bg-cover bg-center-center\" style=\"background-image:url(https:\/\/ntnui.no\/handball\/wp-content\/uploads\/sites\/259\/2021\/07\/Ruben-2-1.png)\"><\/a><\/div><div class=\"wp-block-coblocks-posts__content\"><time datetime=\"\" class=\"wp-block-coblocks-posts__date\">juli 23, 2021<\/time><a href=\"https:\/\/ntnui.no\/handball\/2021\/07\/23\/hederspris-ruben-engen\/\" alt=\"Hederspris: Ruben Engen\">Hederspris: Ruben Engen<\/a><div class=\"wp-block-coblocks-posts__excerpt\">Denne v\u00e5ren bestemte foreg\u00e5ende styre seg for \u00e5 dele ut to velfortjente hederspriser til Rune Haugen og Ruben Engen. N\u00e5 har vi tatt en digital prat med Ruben for at han skal f\u00e5 snakke om hvordan det er \u00e5 v\u00e6re med i det vi selv mener &hellip; <\/div><\/div><\/div><div class=\"wp-block-coblocks-posts__item\"><div class=\"wp-block-coblocks-posts__image\"><a href=\"https:\/\/ntnui.no\/handball\/2021\/04\/25\/hederspris-rune\/\" class=\"bg-cover bg-center-center\" style=\"background-image:url(https:\/\/ntnui.no\/handball\/wp-content\/uploads\/sites\/259\/2021\/04\/profil.jpeg)\"><\/a><\/div><div class=\"wp-block-coblocks-posts__content\"><time datetime=\"\" class=\"wp-block-coblocks-posts__date\">april 25, 2021<\/time><a href=\"https:\/\/ntnui.no\/handball\/2021\/04\/25\/hederspris-rune\/\" alt=\"Hederspris: Rune Molund Haugen\">Hederspris: Rune Molund Haugen<\/a><div class=\"wp-block-coblocks-posts__excerpt\">Rune Haugen har hatt 21 aktive sesonger. Han var med \u00e5 starte opp arrangementkomiteen og har v\u00e6rt trener i mange \u00e5r. I \u00e5r fikk Haugen hederspris for sin aktivitet i klubben, og vi har tatt en prat med han om tiden hans i klubben.<\/div><\/div><\/div><\/div><\/div>\n\n<div class=\"wp-block-coblocks-posts is-style-stacked\"><div class=\"wp-block-coblocks-posts__inner has-columns has-2-columns has-responsive-columns has-circle-image has-large-gutter\" style=\" style=\"--coblocks-custom-gutter:1.4em\"\"><\/div><\/div>\n\n\n\n","protected":false},"excerpt":{"rendered":"<p>I l\u00f8pet av alle \u00e5rene klubben har v\u00e6rt aktiv er det mange som har f\u00e5tt hjertet permanent farget til gr\u00f8nt, gult og svart. Enkelte har bidratt en stor del for at klubben er den den er idag. &#8220;Med hjerte av \ud83d\udc9a\ud83d\udc9b\ud83d\udda4&#8221; handler om personene og samholdet i klubben.<\/p>\n","protected":false},"author":182,"featured_media":0,"parent":0,"menu_order":0,"comment_status":"closed","ping_status":"closed","template":"","meta":{"_coblocks_attr":"","_coblocks_dimensions":"","_coblocks_responsive_height":"","_coblocks_accordion_ie_support":"","_price":"","_stock":"","_tribe_ticket_header":"","_tribe_default_ticket_provider":"","_tribe_ticket_capacity":"0","_ticket_start_date":"","_ticket_end_date":"","_tribe_ticket_show_description":"","_tribe_ticket_show_not_going":false,"_tribe_ticket_use_global_stock":"","_tribe_ticket_global_stock_level":"","_global_stock_mode":"","_global_stock_cap":"","_tribe_rsvp_for_event":"","_tribe_ticket_going_count":"","_tribe_ticket_not_going_count":"","_tribe_tickets_list":[],"_tribe_ticket_has_attendee_info_fields":false,"_EventAllDay":false,"_EventTimezone":"","_EventStartDate":"","_EventEndDate":"","_EventStartDateUTC":"","_EventEndDateUTC":"","_EventShowMap":false,"_EventShowMapLink":false,"_EventURL":"","_EventCost":"","_EventCostDescription":"","_EventCurrencySymbol":"","_EventCurrencyPosition":"","_EventDateTimeSeparator":"","_EventTimeRangeSeparator":"","_EventOrganizerID":[],"_EventVenueID":0,"_OrganizerEmail":"","_OrganizerPhone":"","_OrganizerWebsite":"","_VenueAddress":"","_VenueCity":"","_VenueCountry":"","_VenueProvince":"","_VenueZip":"","_VenuePhone":"","_VenueURL":"","_VenueStateProvince":"","_VenueLat":"","_VenueLng":"","footnotes":""},"class_list":["post-675","page","type-page","status-publish","hentry"],"featured_image_src":null,"featured_image_src_square":null,"_links":{"self":[{"href":"https:\/\/ntnui.no\/handball\/wp-json\/wp\/v2\/pages\/675","targetHints":{"allow":["GET"]}}],"collection":[{"href":"https:\/\/ntnui.no\/handball\/wp-json\/wp\/v2\/pages"}],"about":[{"href":"https:\/\/ntnui.no\/handball\/wp-json\/wp\/v2\/types\/page"}],"author":[{"embeddable":true,"href":"https:\/\/ntnui.no\/handball\/wp-json\/wp\/v2\/users\/182"}],"replies":[{"embeddable":true,"href":"https:\/\/ntnui.no\/handball\/wp-json\/wp\/v2\/comments?post=675"}],"version-history":[{"count":23,"href":"https:\/\/ntnui.no\/handball\/wp-json\/wp\/v2\/pages\/675\/revisions"}],"predecessor-version":[{"id":2012,"href":"https:\/\/ntnui.no\/handball\/wp-json\/wp\/v2\/pages\/675\/revisions\/2012"}],"wp:attachment":[{"href":"https:\/\/ntnui.no\/handball\/wp-json\/wp\/v2\/media?parent=675"}],"curies":[{"name":"wp","href":"https:\/\/api.w.org\/{rel}","templated":true}]}}