{"id":672,"date":"2021-04-16T18:45:39","date_gmt":"2021-04-16T18:45:39","guid":{"rendered":"https:\/\/ntnui.no\/handball\/?page_id=672"},"modified":"2024-01-03T13:44:03","modified_gmt":"2024-01-03T13:44:03","slug":"pa-hjul-med-ntnui-handball","status":"publish","type":"page","link":"https:\/\/ntnui.no\/handball\/pa-hjul-med-ntnui-handball\/","title":{"rendered":"P\u00e5 hjul med NTNUI H\u00e5ndball"},"content":{"rendered":"\n<p>Vi har et \u00f8nske om \u00e5 ta dere med p\u00e5 bortekampene v\u00e5re og n\u00e5r vi reiser p\u00e5 tur. Her vil det derfor komme innlegg fra lagene der de forteller om reisene deres. <\/p>\n\n\n\n<figure class=\"wp-block-pullquote\"><blockquote><p>Nyeste innlegg:<\/p><\/blockquote><\/figure>\n\n\n<ul class=\"wp-block-latest-posts__list is-grid columns-2 has-dates aligncenter wp-block-latest-posts\"><li><div class=\"wp-block-latest-posts__featured-image aligncenter\"><img loading=\"lazy\" decoding=\"async\" width=\"700\" height=\"525\" src=\"https:\/\/ntnui.no\/handball\/wp-content\/uploads\/sites\/259\/2022\/09\/IMG_2089.jpg\" class=\"attachment-large size-large wp-post-image\" alt=\"\" style=\"\" \/><\/div><a class=\"wp-block-latest-posts__post-title\" href=\"https:\/\/ntnui.no\/handball\/2022\/09\/26\/ntnui-pa-treningsleir-pa-roros\/\">NTNUI til treningsleir p\u00e5 R\u00f8ros<\/a><time datetime=\"2022-09-26T09:16:33+00:00\" class=\"wp-block-latest-posts__post-date\">september 26, 2022<\/time><div class=\"wp-block-latest-posts__post-excerpt\">For andre gang arrangerte NTNUI h\u00e5ndball treningsleir p\u00e5 R\u00f8ros for hele klubben. Fra fredag til s\u00f8ndag gjennomf\u00f8rte deltakerene fire \u00f8kter i treningsgrupper samt kanonballturnering. En vellykket helg p\u00e5 Verket R\u00f8ros hvor vi sov, spiste og trente i hallen. Vi trente to \u00f8kter med og to \u00f8kter uten ball. Godt med variasjon av b\u00e5de \u00f8kter og haller \ud83d\ude42\u2026 <a class=\"wp-block-latest-posts__read-more\" href=\"https:\/\/ntnui.no\/handball\/2022\/09\/26\/ntnui-pa-treningsleir-pa-roros\/\" rel=\"noopener noreferrer\">Read more<span class=\"screen-reader-text\">: NTNUI til treningsleir p\u00e5 R\u00f8ros<\/span><\/a><\/div><\/li>\n<li><div class=\"wp-block-latest-posts__featured-image aligncenter\"><img loading=\"lazy\" decoding=\"async\" width=\"700\" height=\"467\" src=\"https:\/\/ntnui.no\/handball\/wp-content\/uploads\/sites\/259\/2021\/12\/9994087A-732B-44D6-9DD6-0ECE53949E34.jpeg\" class=\"attachment-large size-large wp-post-image\" alt=\"\" style=\"\" \/><\/div><a class=\"wp-block-latest-posts__post-title\" href=\"https:\/\/ntnui.no\/handball\/2021\/12\/14\/en-host-med-sosial-og-sportslig-kontakt\/\">En h\u00f8st med sosial og sportslig kontakt<\/a><time datetime=\"2021-12-14T13:10:40+00:00\" class=\"wp-block-latest-posts__post-date\">desember 14, 2021<\/time><div class=\"wp-block-latest-posts__post-excerpt\">Denne h\u00f8sten har v\u00e6rt n\u00e6rmeste normale h\u00f8sten vi har hatt siden Covid-19 kom til Norge. Og vi har utnyttet det til alt det er verd. Dette er en liten oppsummering av h\u00f8sten v\u00e5r. Og vi krysser fingrene for v\u00e5rsemesteret!<\/div><\/li>\n<li><div class=\"wp-block-latest-posts__featured-image aligncenter\"><img loading=\"lazy\" decoding=\"async\" width=\"700\" height=\"394\" src=\"https:\/\/ntnui.no\/handball\/wp-content\/uploads\/sites\/259\/2021\/09\/RRichter_H1MKS-114.jpg\" class=\"attachment-large size-large wp-post-image\" alt=\"\" style=\"\" \/><\/div><a class=\"wp-block-latest-posts__post-title\" href=\"https:\/\/ntnui.no\/handball\/2021\/09\/21\/den-store-nm-kampen\/\">Den store NM-kampen<\/a><time datetime=\"2021-09-21T16:57:13+00:00\" class=\"wp-block-latest-posts__post-date\">september 21, 2021<\/time><div class=\"wp-block-latest-posts__post-excerpt\">Til \u00e5rets f\u00f8rste innlegg under P\u00e5 hjul med NTNUI H\u00e5ndball er det Oscar Lysg\u00e5rd (til venstre) og Anders Grytbakk (til h\u00f8yre) som skal fortelle kort om NM-kampen mot Kolstad. Begge to var sentrale personer som bidro til at Kolstad aldri fikk en enorm ledelse. <\/div><\/li>\n<li><div class=\"wp-block-latest-posts__featured-image aligncenter\"><img loading=\"lazy\" decoding=\"async\" width=\"700\" height=\"525\" src=\"https:\/\/ntnui.no\/handball\/wp-content\/uploads\/sites\/259\/2020\/06\/5949503D-BC41-4114-87BE-265E400392EC-1024x768.jpeg\" class=\"attachment-large size-large wp-post-image\" alt=\"\" style=\"\" srcset=\"https:\/\/ntnui.no\/handball\/wp-content\/uploads\/sites\/259\/2020\/06\/5949503D-BC41-4114-87BE-265E400392EC-1024x768.jpeg 1024w, https:\/\/ntnui.no\/handball\/wp-content\/uploads\/sites\/259\/2020\/06\/5949503D-BC41-4114-87BE-265E400392EC-300x225.jpeg 300w, https:\/\/ntnui.no\/handball\/wp-content\/uploads\/sites\/259\/2020\/06\/5949503D-BC41-4114-87BE-265E400392EC-768x576.jpeg 768w, https:\/\/ntnui.no\/handball\/wp-content\/uploads\/sites\/259\/2020\/06\/5949503D-BC41-4114-87BE-265E400392EC-1536x1152.jpeg 1536w, https:\/\/ntnui.no\/handball\/wp-content\/uploads\/sites\/259\/2020\/06\/5949503D-BC41-4114-87BE-265E400392EC-1736x1302.jpeg 1736w, https:\/\/ntnui.no\/handball\/wp-content\/uploads\/sites\/259\/2020\/06\/5949503D-BC41-4114-87BE-265E400392EC-600x450.jpeg 600w, https:\/\/ntnui.no\/handball\/wp-content\/uploads\/sites\/259\/2020\/06\/5949503D-BC41-4114-87BE-265E400392EC.jpeg 2048w\" sizes=\"auto, (max-width: 700px) 100vw, 700px\" \/><\/div><a class=\"wp-block-latest-posts__post-title\" href=\"https:\/\/ntnui.no\/handball\/2019\/08\/01\/student-em-i-polen\/\">Student-EM i Polen<\/a><time datetime=\"2019-08-01T18:38:00+00:00\" class=\"wp-block-latest-posts__post-date\">august 1, 2019<\/time><div class=\"wp-block-latest-posts__post-excerpt\">\u201dVi gir alt, alt for Norge\u201d, runger det i hallen etter guttenes femte og siste kamp. De har akkurat tapt med seks m\u00e5l, men jentene synger alt de kan likevel. Det var akkurat denne holdningen som gjorde at student-EM ble et av de beste h\u00e5ndballminnene vi noensinne kommer til \u00e5 f\u00e5.<\/div><\/li>\n<\/ul>","protected":false},"excerpt":{"rendered":"<p>Vi har et \u00f8nske om \u00e5 ta dere med p\u00e5 bortekampene v\u00e5re og n\u00e5r vi reiser p\u00e5 tur. Her vil det derfor komme innlegg fra lagene der de forteller om reisene deres. Nyeste innlegg:<\/p>\n","protected":false},"author":182,"featured_media":441,"parent":0,"menu_order":0,"comment_status":"closed","ping_status":"closed","template":"","meta":{"_coblocks_attr":"","_coblocks_dimensions":"","_coblocks_responsive_height":"","_coblocks_accordion_ie_support":"","_price":"","_stock":"","_tribe_ticket_header":"","_tribe_default_ticket_provider":"","_tribe_ticket_capacity":"0","_ticket_start_date":"","_ticket_end_date":"","_tribe_ticket_show_description":"","_tribe_ticket_show_not_going":false,"_tribe_ticket_use_global_stock":"","_tribe_ticket_global_stock_level":"","_global_stock_mode":"","_global_stock_cap":"","_tribe_rsvp_for_event":"","_tribe_ticket_going_count":"","_tribe_ticket_not_going_count":"","_tribe_tickets_list":[],"_tribe_ticket_has_attendee_info_fields":false,"_EventAllDay":false,"_EventTimezone":"","_EventStartDate":"","_EventEndDate":"","_EventStartDateUTC":"","_EventEndDateUTC":"","_EventShowMap":false,"_EventShowMapLink":false,"_EventURL":"","_EventCost":"","_EventCostDescription":"","_EventCurrencySymbol":"","_EventCurrencyPosition":"","_EventDateTimeSeparator":"","_EventTimeRangeSeparator":"","_EventOrganizerID":[],"_EventVenueID":0,"_OrganizerEmail":"","_OrganizerPhone":"","_OrganizerWebsite":"","_VenueAddress":"","_VenueCity":"","_VenueCountry":"","_VenueProvince":"","_VenueZip":"","_VenuePhone":"","_VenueURL":"","_VenueStateProvince":"","_VenueLat":"","_VenueLng":"","footnotes":""},"class_list":["post-672","page","type-page","status-publish","has-post-thumbnail","hentry"],"featured_image_src":"https:\/\/ntnui.no\/handball\/wp-content\/uploads\/sites\/259\/2020\/06\/5949503D-BC41-4114-87BE-265E400392EC-600x400.jpeg","featured_image_src_square":"https:\/\/ntnui.no\/handball\/wp-content\/uploads\/sites\/259\/2020\/06\/5949503D-BC41-4114-87BE-265E400392EC-600x600.jpeg","_links":{"self":[{"href":"https:\/\/ntnui.no\/handball\/wp-json\/wp\/v2\/pages\/672","targetHints":{"allow":["GET"]}}],"collection":[{"href":"https:\/\/ntnui.no\/handball\/wp-json\/wp\/v2\/pages"}],"about":[{"href":"https:\/\/ntnui.no\/handball\/wp-json\/wp\/v2\/types\/page"}],"author":[{"embeddable":true,"href":"https:\/\/ntnui.no\/handball\/wp-json\/wp\/v2\/users\/182"}],"replies":[{"embeddable":true,"href":"https:\/\/ntnui.no\/handball\/wp-json\/wp\/v2\/comments?post=672"}],"version-history":[{"count":6,"href":"https:\/\/ntnui.no\/handball\/wp-json\/wp\/v2\/pages\/672\/revisions"}],"predecessor-version":[{"id":988,"href":"https:\/\/ntnui.no\/handball\/wp-json\/wp\/v2\/pages\/672\/revisions\/988"}],"wp:featuredmedia":[{"embeddable":true,"href":"https:\/\/ntnui.no\/handball\/wp-json\/wp\/v2\/media\/441"}],"wp:attachment":[{"href":"https:\/\/ntnui.no\/handball\/wp-json\/wp\/v2\/media?parent=672"}],"curies":[{"name":"wp","href":"https:\/\/api.w.org\/{rel}","templated":true}]}}