{"id":620,"date":"2021-04-16T17:04:42","date_gmt":"2021-04-16T17:04:42","guid":{"rendered":"https:\/\/ntnui.no\/handball\/?page_id=620"},"modified":"2023-01-18T11:23:31","modified_gmt":"2023-01-18T11:23:31","slug":"trenerrollen","status":"publish","type":"page","link":"https:\/\/ntnui.no\/handball\/trenerrollen\/","title":{"rendered":"Trenerrollen"},"content":{"rendered":"\n<p>Tusen takk for at du vil v\u00e6re trener i NTNUI, og bidra til at klubben kan fungere. Som trener er du en ekstremt viktig brikke for h\u00e5ndballen. Du har et delansvar om at spillerne skal trives, at h\u00e5ndballtreningene inneholder god kvalitet og f\u00f8re laget gjennom tap og seier. Som trener vil du f\u00e5 trenerkompensasjon for tiden din og trenergodtgj\u00f8relse. <\/p>\n\n\n\n<div class=\"wp-block-coblocks-alert is-style-success\" aria-label=\"Alert section of type success\"><p class=\"wp-block-coblocks-alert__title\">Lyst til \u00e5 bli trener, men usikker p\u00e5 om du kan?<\/p><p class=\"wp-block-coblocks-alert__text\">Vi tilbyr trenerkurs for trenere i NTNUI H\u00e5ndball! <\/p><\/div>\n\n\n\n<div class=\"wp-block-atomic-blocks-ab-columns ab-layout-columns-2 ab-2-col-equal\"><div class=\"ab-layout-column-wrap ab-block-layout-column-gap-2 ab-is-responsive-column\">\n<div class=\"wp-block-atomic-blocks-ab-column ab-block-layout-column\"><div class=\"ab-block-layout-column-inner\">\n<p>Tilknyttet trenerrollen er det forventinger. Her pr\u00f8ver vi \u00e5 enkelt forklare hva som knyttes til trenerrollen. <\/p>\n\n\n\n<p>Et verkt\u00f8y som brukes blant annet til registrering av spillertropp f\u00f8r kamper er turneringsadmin (TA), dette blir et viktig verkt\u00f8y for deg som trener. I tillegg er det lurt p\u00e5 bli kjent med appen Spond som vi bruker til \u00e5 sette opp treninger og kamper. <\/p>\n<\/div><\/div>\n\n\n\n<div class=\"wp-block-atomic-blocks-ab-column ab-block-layout-column\"><div class=\"ab-block-layout-column-inner\">\n<figure class=\"wp-block-image size-large is-resized is-style-bottom-wave\"><img loading=\"lazy\" decoding=\"async\" src=\"https:\/\/ntnui.no\/handball\/wp-content\/uploads\/sites\/259\/2021\/04\/Skjermbilde-2021-04-16-kl.-17.09.46.png\" alt=\"\" class=\"wp-image-587\" width=\"511\" height=\"302\" \/><figcaption>Foto: Tirill S\u00f8g\u00e5rd Tr\u00e6tli<\/figcaption><\/figure>\n<\/div><\/div>\n<\/div><\/div>\n\n\n\n<figure class=\"wp-block-image size-large\"><img loading=\"lazy\" decoding=\"async\" width=\"1890\" height=\"1063\" src=\"https:\/\/ntnui.no\/handball\/wp-content\/uploads\/sites\/259\/2021\/09\/RRichter_H1MKS-106.jpg\" alt=\"\" class=\"wp-image-971\" \/><figcaption>Foto: Copyright Roland Richter \/ NTNUI<\/figcaption><\/figure>\n\n\n\n<div class=\"wp-block-coblocks-accordion\">\n<div class=\"wp-block-coblocks-accordion-item\"><details><summary class=\"wp-block-coblocks-accordion-item__title has-background\" style=\"background-color:#1b9108\"><strong>F\u00f8r sesongstart<\/strong><\/summary><div class=\"wp-block-coblocks-accordion-item__content\" style=\"border-color:#1b9108\">\n<p>Sportslige ledere ville hjelpe deg med \u00e5 finne trenermakkere og avklare forventninger og fordeling av trenerroller innad i makkerparet.<\/p>\n\n\n\n<p>Vanligvis vil en del av spillere fortsette i flere sesonger, derfor blir det din oppgave \u00e5 sette deg inn i hvem som spilte p\u00e5 laget forrige sesong. <\/p>\n\n\n\n<p>I tillegg er det viktig at du deltar p\u00e5 trenerm\u00f8tet f\u00f8r uttaksperioden. <\/p>\n<\/div><\/details><\/div>\n\n\n\n<div class=\"wp-block-coblocks-accordion-item\"><details><summary class=\"wp-block-coblocks-accordion-item__title has-background\" style=\"background-color:#1b9108\"><strong>Uttakstreningene<\/strong><\/summary><div class=\"wp-block-coblocks-accordion-item__content\" style=\"border-color:#1b9108\">\n<p>I uttaksperioden skal nye spillere og gamle spillere plasseres p\u00e5 de 10 lagene vi har. Dette kan v\u00e6re en hektisk periode, men er veldig viktig. Det er under denne perioden du som trener skal ta ut laget ditt. P\u00e5 uttakstreningene vil det v\u00e6re b\u00e5de nye og gamle spillere. <br><br>Din rolle under uttakstrening er derfor:<\/p>\n\n\n\n<ul class=\"wp-block-list\"><li>m\u00f8te opp p\u00e5 alle treningene s\u00e5 langt det g\u00e5r<\/li><li>formidle viktige beskjeder til spillere f\u00f8r og etter uttaksperioden:<ul><li>henvise ny spiller p\u00e5 treningen til \u00e5 melde seg til den ansvarlige personen<\/li><\/ul><\/li><li>assistere med registreringen av pr\u00f8vespillere<\/li><\/ul>\n<\/div><\/details><\/div>\n\n\n\n<div class=\"wp-block-coblocks-accordion-item\"><details><summary class=\"wp-block-coblocks-accordion-item__title has-background\" style=\"background-color:#1b9108\"><strong>I sesongen<\/strong><\/summary><div class=\"wp-block-coblocks-accordion-item__content\" style=\"border-color:#1b9108\">\n<p>F\u00f8r f\u00f8rste kamp m\u00e5 du:<\/p>\n\n\n\n<ul class=\"wp-block-list\"><li>legge inn alle nye spillere i spillerlistene v\u00e5re<\/li><li>legge inn alle spillere i TA<\/li><li>S\u00f8rge for at alle nye spillere har meldt overgang til NTNUI (TA). B\u00e5de p\u00e5 overganger og medlemskap. Hvis ikke kan det oppst\u00e5 en tredagers karantene.<\/li><li>Sjekke at alle spillere har kj\u00f8pt lisens for kommende sesong (TA)<\/li><\/ul>\n\n\n\n<p>Underveis i sesongen skal du:<\/p>\n\n\n\n<ul class=\"wp-block-list\"><li>S\u00f8rge for at LIVE er klar til kampstart med tropp og draktnummer<\/li><li>oppdatere spillelistene (ved skader, friskmelding, utveksling, osv.)<\/li><li>gjennomf\u00f8re gode treninger<\/li><li>ha minst en \u00f8kt med skadeforebyggende i uken (eks. 20 min f\u00f8r en trening)<\/li><li>unders\u00f8ke muligheter for treningskamper hvis det er lang tid mellom kamper<\/li><li>oppfordre kapteiner til \u00e5 gjennomf\u00f8re spillerm\u00f8ter<\/li><\/ul>\n\n\n\n<p>I etterkant av sesongen er det fint \u00e5 gjennomf\u00f8re en avslutning med laget ditt. Samtidig som det skal v\u00e6re evaluering av sesongen. <\/p>\n<\/div><\/details><\/div>\n\n\n\n<div class=\"wp-block-coblocks-accordion-item\"><details><summary class=\"wp-block-coblocks-accordion-item__title has-background\" style=\"background-color:#1b9108\"><strong>Trenergodgj\u00f8relse <\/strong><\/summary><div class=\"wp-block-coblocks-accordion-item__content\" style=\"border-color:#1b9108\">\n<p>Trenere f\u00e5r refundert utlegget for SIT-kortet ved et oppm\u00f8te p\u00e5 over 50 % i semesteret. Halvparten blir utbetalt i oktober og resten i mars sammen med resten av kompensasjonen. <\/p>\n<\/div><\/details><\/div>\n\n\n\n<div class=\"wp-block-coblocks-accordion-item\"><details><summary class=\"wp-block-coblocks-accordion-item__title has-background\" style=\"background-color:#1b9108\"><strong>SPOND<\/strong><\/summary><div class=\"wp-block-coblocks-accordion-item__content\" style=\"border-color:#1b9108\">\n<p>Vi bruker Spond til \u00e5 f\u00e5 oversikt over forventet oppm\u00f8te til treninger og kamper.<\/p>\n\n\n\n<p>P\u00e5 Spond oppdretter du en gruppe for laget ditt og legger til medlemmene gjennom en link. For \u00e5 f\u00e5 bruke Spond m\u00e5 man ha opprettet en bruker. Medlemmene vil ha mulighet til \u00e5 avsl\u00e5 eller godta om de kommer p\u00e5 treninger og kamper. I tillegg til at de kan sende \u00e5rsak for at de ikke deltar til dere ved avslag. <\/p>\n\n\n\n<p>Noen gode tips:<\/p>\n\n\n\n<ul class=\"wp-block-list\"><li>sett prikkeansvarlig og alle trenere som arrang\u00f8rer p\u00e5 Spond<\/li><li>treninger kan settes opp som at alle deltakere deltar automatisk. P\u00e5 den m\u00e5ten m\u00e5 man kun varsle om man ikke kan komme. Kamper anbefales derimot \u00e5 f\u00f8re som &#8220;delta\/ikke delta&#8221;.<\/li><li>N\u00e5r man skal avsl\u00e5 (enten kamp eller trening), er det mulig \u00e5 sende beskjed til arrang\u00f8r med \u00e5rsak. Det er minimalt med tegn, men enkle beskjeder som &#8220;syk&#8221;, &#8220;har forelesning&#8221; eller &#8220;skal i bursdag&#8221; vil f\u00e5 plass. <\/li><\/ul>\n<\/div><\/details><\/div>\n<\/div>\n","protected":false},"excerpt":{"rendered":"<p>Tusen takk for at du vil v\u00e6re trener i NTNUI, og bidra til at klubben kan fungere. Som trener er du en ekstremt viktig brikke for h\u00e5ndballen. Du har et delansvar om at spillerne skal trives, at h\u00e5ndballtreningene inneholder god kvalitet og f\u00f8re laget gjennom tap og seier. Som trener vil du f\u00e5 trenerkompensasjon for [&hellip;]<\/p>\n","protected":false},"author":182,"featured_media":0,"parent":0,"menu_order":0,"comment_status":"closed","ping_status":"closed","template":"","meta":{"_coblocks_attr":"","_coblocks_dimensions":"","_coblocks_responsive_height":"","_coblocks_accordion_ie_support":"","_price":"","_stock":"","_tribe_ticket_header":"","_tribe_default_ticket_provider":"","_tribe_ticket_capacity":"0","_ticket_start_date":"","_ticket_end_date":"","_tribe_ticket_show_description":"","_tribe_ticket_show_not_going":false,"_tribe_ticket_use_global_stock":"","_tribe_ticket_global_stock_level":"","_global_stock_mode":"","_global_stock_cap":"","_tribe_rsvp_for_event":"","_tribe_ticket_going_count":"","_tribe_ticket_not_going_count":"","_tribe_tickets_list":[],"_tribe_ticket_has_attendee_info_fields":false,"_EventAllDay":false,"_EventTimezone":"","_EventStartDate":"","_EventEndDate":"","_EventStartDateUTC":"","_EventEndDateUTC":"","_EventShowMap":false,"_EventShowMapLink":false,"_EventURL":"","_EventCost":"","_EventCostDescription":"","_EventCurrencySymbol":"","_EventCurrencyPosition":"","_EventDateTimeSeparator":"","_EventTimeRangeSeparator":"","_EventOrganizerID":[],"_EventVenueID":0,"_OrganizerEmail":"","_OrganizerPhone":"","_OrganizerWebsite":"","_VenueAddress":"","_VenueCity":"","_VenueCountry":"","_VenueProvince":"","_VenueZip":"","_VenuePhone":"","_VenueURL":"","_VenueStateProvince":"","_VenueLat":"","_VenueLng":"","footnotes":""},"class_list":["post-620","page","type-page","status-publish","hentry"],"featured_image_src":null,"featured_image_src_square":null,"_links":{"self":[{"href":"https:\/\/ntnui.no\/handball\/wp-json\/wp\/v2\/pages\/620","targetHints":{"allow":["GET"]}}],"collection":[{"href":"https:\/\/ntnui.no\/handball\/wp-json\/wp\/v2\/pages"}],"about":[{"href":"https:\/\/ntnui.no\/handball\/wp-json\/wp\/v2\/types\/page"}],"author":[{"embeddable":true,"href":"https:\/\/ntnui.no\/handball\/wp-json\/wp\/v2\/users\/182"}],"replies":[{"embeddable":true,"href":"https:\/\/ntnui.no\/handball\/wp-json\/wp\/v2\/comments?post=620"}],"version-history":[{"count":7,"href":"https:\/\/ntnui.no\/handball\/wp-json\/wp\/v2\/pages\/620\/revisions"}],"predecessor-version":[{"id":1338,"href":"https:\/\/ntnui.no\/handball\/wp-json\/wp\/v2\/pages\/620\/revisions\/1338"}],"wp:attachment":[{"href":"https:\/\/ntnui.no\/handball\/wp-json\/wp\/v2\/media?parent=620"}],"curies":[{"name":"wp","href":"https:\/\/api.w.org\/{rel}","templated":true}]}}