{"id":614,"date":"2021-04-16T16:27:48","date_gmt":"2021-04-16T16:27:48","guid":{"rendered":"https:\/\/ntnui.no\/handball\/?page_id=614"},"modified":"2023-01-21T15:23:01","modified_gmt":"2023-01-21T15:23:01","slug":"spillerrollen","status":"publish","type":"page","link":"https:\/\/ntnui.no\/handball\/info\/spillerrollen\/","title":{"rendered":"Spillerrollen"},"content":{"rendered":"\n<p>Som ny spiller i NTNUI H\u00e5ndball m\u00e5 du melde overgang til klubben. Gamle spillere m\u00e5 fortsette \u00e5 betale diverse medlemsavgifter hver sesong. <\/p>\n\n\n\n<div class=\"wp-block-coblocks-accordion\">\n<div class=\"wp-block-coblocks-accordion-item\"><details><summary class=\"wp-block-coblocks-accordion-item__title has-background\" style=\"background-color:#1b9108\"><strong>Plikter som spiller<\/strong><\/summary><div class=\"wp-block-coblocks-accordion-item__content\" style=\"border-color:#1b9108\">\n<ul class=\"wp-block-list\"><li><strong>Melde overgang<\/strong> elektronisk p\u00e5 minidrett.no. Logg inn med egen bruker. Info p\u00e5<a href=\"https:\/\/www.handball.no\/regioner\/nhf-sentralt\/praktisk-info\/praktiske-verktoy\/overganger\/\"> https:\/\/www.handball.no\/regioner\/nhf-sentralt\/praktisk-info\/praktiske-verktoy\/overganger\/<\/a><\/li><li>Ha <strong>klubbmedlemskap<\/strong><\/li><li>Ha <strong>treningsmedlemskap<\/strong> hos SIT som har ansvar for hallene vi disponerer<\/li><li>Ha <strong>lisens<\/strong> hos NHF for deltakelse p\u00e5 trening og kamp<\/li><li>Delta p\u00e5 v\u00e5re <a href=\"http:\/\/ntnui.no\/handball\/dugnader\/(\u00e5pnes i en ny fane)\"><strong>dugnader<\/strong><\/a><\/li><li>Sette deg inn i klubbens drift. For at alle skal skj\u00f8nne hvem som har hvilket ansvar b\u00f8r du lese gjennom <a href=\"https:\/\/ntnui.no\/handball\/drakter\/\">draktregler<\/a>, instrukser for <a href=\"https:\/\/ntnui.no\/handball\/bortekamper\/\">borteturer<\/a> og <a href=\"https:\/\/ntnui.no\/handball\/regler-ved-leie-av-bil\/\">regler for leie av bil<\/a>. <\/li><li>Hvis du er blant de yngste p\u00e5 laget m\u00e5 du sette seg inn i <strong>matris-instuksen<\/strong> lenger ned p\u00e5 siden.<\/li><\/ul>\n<\/div><\/details><\/div>\n\n\n\n<div class=\"wp-block-coblocks-accordion-item\" style=\"color:#000000\"><details><summary class=\"wp-block-coblocks-accordion-item__title has-background has-text-color\" style=\"background-color:#1b9108;color:#000000\"><strong>Plikter som matris<\/strong><\/summary><div class=\"wp-block-coblocks-accordion-item__content\" style=\"border-color:#1b9108\">\n<p>Vi har en ordning p\u00e5 hvert lag at matrisen (den yngste p\u00e5 hvert lag) har et eget ansvar n\u00e5r det kommer til treninger og kamper. Dette er for at det skal v\u00e6re enklere \u00e5 holde kontroll p\u00e5 utstyret som f\u00f8lger med h\u00e5ndballen. <\/p>\n\n\n\n<p>Matrisjobben er en viktig og seri\u00f8s oppgave som spiller, som laget og klubben er veldig takknemlig for. Jobben skal ikke v\u00e6re skummel, ikke v\u00e6r redd for \u00e5 sp\u00f8rre de gamle spillerne hvis du lurer p\u00e5 noe. Du kommer raskt inn i rutinene etter noen treninger \ud83d\ude42<\/p>\n\n\n\n<p>Ditt ansvar som matris inneb\u00e6rer:<\/p>\n\n\n\n<ul class=\"wp-block-list\" id=\"block-c48b6e61-774f-42de-b1b9-b839d7e3c6f1\"><li>at baller, klister (merket med laget ditt), tape, klisterfjerner, isposer (ikke s\u00e5 viktig), vester etc. er klart til treningen begynner.<\/li><li>drakter, klister (merket med ditt lag), tape, klisterfjerner, isposer etc. er klart til b\u00e5de hjemme- og bortekamper.<\/li><li>tingene du tar ut av h\u00e5ndballskapet kommer tilbake igjen i skapet.<\/li><li>sende en mail til handball-bestilling@ntnui.no F\u00d8R det er tomt for diverse utstyr, slik at nytt kan bestilles.<\/li><li>\u00e5 sjekke fargen p\u00e5 draktene til laget vi m\u00f8ter ved bortekamper. Hvis de har lik farge m\u00e5 vester eller bortedrakter tas med.<\/li><li>at det ligger \u00e9n vest med en annen farge enn keeperdrakta i bagen. <\/li><li>\u00e5 sjekke at antall draktsettet er komplett etter kamp med tilh\u00f8rende vask av drakter er gjort. Evt mangler rapporteres til sportslig leder for \u00e5 f\u00e5 ordnet opp i det fortest mulig.<\/li><li>ansvarlig for at skapene p\u00e5 Idrettsbygget og Dragvoll er ryddig.<\/li><\/ul>\n<\/div><\/details><\/div>\n\n\n\n<div class=\"wp-block-coblocks-accordion-item\" style=\"color:#000000\"><details><summary class=\"wp-block-coblocks-accordion-item__title has-background has-text-color\" style=\"background-color:#1b9108;color:#000000\"><strong>Priser og betalinger<\/strong> <\/summary><div class=\"wp-block-coblocks-accordion-item__content\" style=\"border-color:#1b9108\">\n<ul class=\"wp-block-list\"><li>Overgang dersom det er under to \u00e5r siden du spilte i en annen klubb: 515,-(Dersom du ikke har v\u00e6rt i en klubb de siste to \u00e5rene betaler du ikke for overgangen.)<\/li><li>Betale treningsavgift til Sit Idrett og v\u00e6re medlem av NTNUI. Dette f\u00e5s kj\u00f8pt i resepsjonen p\u00e5 Dragvoll, I-bygget eller treningssenteret p\u00e5 Portalen. Se:<a href=\"https:\/\/www.sit.no\/trening\/bli-medlem\"> https:\/\/www.sit.no\/trening\/bli-medlem<\/a><\/li><li>Betale treningsavgift til NTNUI H\u00e5ndball.<\/li><li>Betale NHF sin lisens for forsikring for kamp -og treningsdeltakelse<\/li><\/ul>\n<\/div><\/details><\/div>\n<\/div>\n\n\n\n<div class=\"wp-block-atomic-blocks-ab-columns ab-layout-columns-2 ab-2-col-wideleft ab-columns-center\"><div class=\"ab-layout-column-wrap ab-block-layout-column-gap-2 ab-is-responsive-column\" style=\"max-width:1172px\">\n<div class=\"wp-block-atomic-blocks-ab-column ab-block-layout-column\"><div class=\"ab-block-layout-column-inner\">\n<p><strong>Ikke NTNU-student?<\/strong><\/p>\n\n\n\n<p>Dersom man ikke er NTNU-student, men \u00f8nsker \u00e5 bli med m\u00e5 man fylle ut og levere en dispensasjonss\u00f8knad som finnes her:<a href=\"https:\/\/www.dropbox.com\/s\/xiyknjcbbdcjx8n\/Dispensasjonss%C3%B8knad.doc?dl=0\"> https:\/\/www.dropbox.com\/s\/xiyknjcbbdcjx8n\/Dispensasjonss%C3%B8knad.doc?dl=0<\/a><\/p>\n\n\n\n<p>Dugnads\u00e5nden st\u00e5r h\u00f8yt i NTNUI og frivillig innsats skal vektlegges i s\u00f8knaden da dette er en del av evalueringskriteriene. Det b\u00f8r nevnes i s\u00f8knaden hvilket lag du satser p\u00e5 og hvordan du kan bidra. Send signert i skannet versjon til handball-leder@ntnui.no.<\/p>\n<\/div><\/div>\n\n\n\n<div class=\"wp-block-atomic-blocks-ab-column ab-block-layout-column\"><div class=\"ab-block-layout-column-inner\">\n<figure class=\"wp-block-image size-large is-style-default\"><img loading=\"lazy\" decoding=\"async\" width=\"547\" height=\"615\" src=\"https:\/\/ntnui.no\/handball\/wp-content\/uploads\/sites\/259\/2021\/04\/Skjermbilde-2021-04-16-kl.-17.10.36.png\" alt=\"\" class=\"wp-image-590\" \/><figcaption>Foto: Tirill S\u00f8g\u00e5rd Tr\u00e6tli<\/figcaption><\/figure>\n\n\n\n<p><\/p>\n<\/div><\/div>\n<\/div><\/div>\n","protected":false},"excerpt":{"rendered":"<p>Som ny spiller i NTNUI H\u00e5ndball m\u00e5 du melde overgang til klubben. Gamle spillere m\u00e5 fortsette \u00e5 betale diverse medlemsavgifter hver sesong.<\/p>\n","protected":false},"author":182,"featured_media":0,"parent":76,"menu_order":0,"comment_status":"closed","ping_status":"closed","template":"","meta":{"_coblocks_attr":"","_coblocks_dimensions":"","_coblocks_responsive_height":"","_coblocks_accordion_ie_support":"","_price":"","_stock":"","_tribe_ticket_header":"","_tribe_default_ticket_provider":"","_tribe_ticket_capacity":"0","_ticket_start_date":"","_ticket_end_date":"","_tribe_ticket_show_description":"","_tribe_ticket_show_not_going":false,"_tribe_ticket_use_global_stock":"","_tribe_ticket_global_stock_level":"","_global_stock_mode":"","_global_stock_cap":"","_tribe_rsvp_for_event":"","_tribe_ticket_going_count":"","_tribe_ticket_not_going_count":"","_tribe_tickets_list":[],"_tribe_ticket_has_attendee_info_fields":false,"_EventAllDay":false,"_EventTimezone":"","_EventStartDate":"","_EventEndDate":"","_EventStartDateUTC":"","_EventEndDateUTC":"","_EventShowMap":false,"_EventShowMapLink":false,"_EventURL":"","_EventCost":"","_EventCostDescription":"","_EventCurrencySymbol":"","_EventCurrencyPosition":"","_EventDateTimeSeparator":"","_EventTimeRangeSeparator":"","_EventOrganizerID":[],"_EventVenueID":0,"_OrganizerEmail":"","_OrganizerPhone":"","_OrganizerWebsite":"","_VenueAddress":"","_VenueCity":"","_VenueCountry":"","_VenueProvince":"","_VenueZip":"","_VenuePhone":"","_VenueURL":"","_VenueStateProvince":"","_VenueLat":"","_VenueLng":"","footnotes":""},"class_list":["post-614","page","type-page","status-publish","hentry"],"featured_image_src":null,"featured_image_src_square":null,"_links":{"self":[{"href":"https:\/\/ntnui.no\/handball\/wp-json\/wp\/v2\/pages\/614","targetHints":{"allow":["GET"]}}],"collection":[{"href":"https:\/\/ntnui.no\/handball\/wp-json\/wp\/v2\/pages"}],"about":[{"href":"https:\/\/ntnui.no\/handball\/wp-json\/wp\/v2\/types\/page"}],"author":[{"embeddable":true,"href":"https:\/\/ntnui.no\/handball\/wp-json\/wp\/v2\/users\/182"}],"replies":[{"embeddable":true,"href":"https:\/\/ntnui.no\/handball\/wp-json\/wp\/v2\/comments?post=614"}],"version-history":[{"count":11,"href":"https:\/\/ntnui.no\/handball\/wp-json\/wp\/v2\/pages\/614\/revisions"}],"predecessor-version":[{"id":1397,"href":"https:\/\/ntnui.no\/handball\/wp-json\/wp\/v2\/pages\/614\/revisions\/1397"}],"up":[{"embeddable":true,"href":"https:\/\/ntnui.no\/handball\/wp-json\/wp\/v2\/pages\/76"}],"wp:attachment":[{"href":"https:\/\/ntnui.no\/handball\/wp-json\/wp\/v2\/media?parent=614"}],"curies":[{"name":"wp","href":"https:\/\/api.w.org\/{rel}","templated":true}]}}