{"id":324,"date":"2019-07-22T20:38:14","date_gmt":"2019-07-22T20:38:14","guid":{"rendered":"https:\/\/ntnui.no\/handball\/?page_id=324"},"modified":"2022-09-16T06:46:56","modified_gmt":"2022-09-16T06:46:56","slug":"festkom","status":"publish","type":"page","link":"https:\/\/ntnui.no\/handball\/festkom\/","title":{"rendered":"Festkomiteen (Festkom)"},"content":{"rendered":"\n<p>Festkom er klubbens ansvarlige for ulike fellesfester som arrangeres hver sesong. M\u00e5let med denne undergruppen i NTNUI H\u00e5ndball er \u00e5 f\u00e5 spillere til \u00e5 bli kjent p\u00e5 tvers av lagene. Festkom blir valgt ut hvert sesong av de gamle medlemmene i festkom. <\/p>\n\n\n\n<p style=\"font-size:30px\"><strong>Typiske fester og happenings gjennom sesongen<\/strong><\/p>\n\n\n\n<p style=\"font-size:18px\">Festkom vil legge ut p\u00e5meldingskjema til fester p\u00e5 v\u00e5r interne facebook-gruppe, s\u00f8rg for \u00e5 v\u00e6re medlem i den!<\/p>\n\n\n\n<p><strong>USG Cup i K\u00f8ben<\/strong>: Etter en lang sommerferie passer det fint med sosial cup f\u00f8r sesongen starter for fullt igjen. \u201cK\u00f8ben\u201d er \u00e5rets h\u00f8ydepunkt! Det finnes ingen bedre m\u00e5te \u00e5 bli kjent p\u00e5 tvers av lagene. Turen anbefales p\u00e5 det sterkeste.<\/p>\n\n\n\n<p><strong>Bli kjent-fest:<\/strong> Festens form\u00e5l er akkurat det den heter: En ypperlig mulighet til \u00e5 bli kjent med nye og gamle spillere. Etter man har meldt seg p\u00e5 fordeler festkom de p\u00e5meldte p\u00e5 ulike vors med ulike utkledningstemaer. Etter vorset m\u00f8tes alle i et felles lokale for \u00e5 bli bedre kjent. En enkel og spennende m\u00e5te \u00e5 bli kjent med medlemmene i klubben p\u00e5. Vanligvis rundt 80 p\u00e5meldte p\u00e5 denne festen.<\/p>\n\n\n\n<p><strong>Husker du meg?<\/strong>: Siden Bli kjent-festen ofte blir (u)forglemmelig bra passer det fint med \u201cHusker du meg?\u201d-fest kort tid etter. P\u00e5 denne festen deles det opp ulike vorser, hvor vors-hostene ordner med artige vors. Det har blitt popul\u00e6rt og kj\u00f8re denne festen som &#8220;leilighet til leilighet&#8221; hvor gruppene drar innom 2-3 vors f\u00f8r kvelden avsluttes p\u00e5 byen. <\/p>\n\n\n\n<p><strong>Julebord<\/strong>: En av h\u00f8ydepunktene av h\u00e5ndballfestene. I overkant 100 p\u00e5meldte \u00f8nsker \u00e5 v\u00e6re en del av julebordet. Det serveres julemiddag, vi synger julesanger, holder damene- og herrenes taler, lager frivilig og ufrivillig underholdning og nyter hvert eneste sekund.<\/p>\n\n\n\n<p><strong>Husker du meg enda?<\/strong>: Kjenner du alle i klubben n\u00e5? Tviler.. Du har fortsatt mange herlige mennesker igjen \u00e5 m\u00f8te. P\u00e5 denne festen vorser vi p\u00e5 en av studentkjellerne. Sosialt, koselig og ofte veldig underholdende.<\/p>\n\n\n\n<p><strong>Ost- og vinkveld for guttene\/Shotshelvette for jentene<\/strong>: Her bytter vi virkelig om rollene. Guttene og jentene er p\u00e5 vors hver for seg, men ikke slik det pleier \u00e5 v\u00e6re. Alltid like spennende \u00e5 se hvordan gutta blir etter en ost- og vinkveld. Kanskje er de mer underholdende enn jentene som har v\u00e6rt p\u00e5 shotshelvette? Hvem vet? Bli med for \u00e5 finne det ut!<\/p>\n\n\n\n<p><strong>Studentmesterskap\/Studentlekene<\/strong>: Hvert \u00e5r arrangeres det SM hvor opp mot 40 lag og 380 deltakere fra hele Student-Norge m\u00f8tes for \u00e5 spille om den store tittelen \u201cNorgesmester i Studenth\u00e5ndball\u201d. NTNUI H\u00e5ndball stiller uten tvil sterkt b\u00e5de sportslig og sosialt p\u00e5 dette mesterskapet og har flere ganger vunnet b\u00e5de p\u00e5 dame- og herresiden. Mesterskapene blir annet hvert \u00e5r arrangert i Trondheim og Troms\u00f8. Sesongen 2021\/2022 arrangeres det i Trondheim, 22.02-24.02.2022. <\/p>\n\n\n\n<p><strong>TSI-cup<\/strong>: NTNUI H\u00e5ndball og TSI H\u00e5ndball er gode venner \u2013 har alltid v\u00e6rt det og vil alltid v\u00e6re det. Pga dette vennskapet er det en selvf\u00f8lge at vi stiller minst 1 herrelag og 1 damelag til v\u00e5rens vakreste eventyr i Troms\u00f8.<\/p>\n\n\n\n<p><strong>Avslutningsfest<\/strong>: For \u00e5 avslutte en perfekt sesong slik den fortjener det g\u00e5r avslutningsfesten over to dager. Man m\u00f8tes p\u00e5 formiddagen for aktiviteter og konkurranser f\u00f8r man g\u00e5r inn p\u00e5 Studenthytta. Her blir det servert middag, holdt damene- og herrenes tale, k\u00e5ringer over sesongen, mimring over sesongen og takketaler til styret, komiteene, trenerne og spillerne. Videre s\u00e5 koser vi oss sammen til langt p\u00e5 natt f\u00f8r man drar hjem igjen dagen etter. Perfekt avslutning p\u00e5 sesongen, i hvert fall hvis du har v\u00e6rt en del av opplevelsene det mimres om!<\/p>\n","protected":false},"excerpt":{"rendered":"<p>Festkom er klubbens ansvarlige for ulike fellesfester som arrangeres hver sesong. M\u00e5let med denne undergruppen i NTNUI H\u00e5ndball er \u00e5 f\u00e5 spillere til \u00e5 bli kjent p\u00e5 tvers av lagene. Festkom blir valgt ut hvert sesong av de gamle medlemmene i festkom. Typiske fester og happenings gjennom sesongen Festkom vil legge ut p\u00e5meldingskjema til fester [&hellip;]<\/p>\n","protected":false},"author":153,"featured_media":0,"parent":0,"menu_order":0,"comment_status":"closed","ping_status":"closed","template":"","meta":{"_coblocks_attr":"","_coblocks_dimensions":"","_coblocks_responsive_height":"","_coblocks_accordion_ie_support":"","_price":"","_stock":"","_tribe_ticket_header":"","_tribe_default_ticket_provider":"","_tribe_ticket_capacity":"0","_ticket_start_date":"","_ticket_end_date":"","_tribe_ticket_show_description":"","_tribe_ticket_show_not_going":false,"_tribe_ticket_use_global_stock":"","_tribe_ticket_global_stock_level":"","_global_stock_mode":"","_global_stock_cap":"","_tribe_rsvp_for_event":"","_tribe_ticket_going_count":"","_tribe_ticket_not_going_count":"","_tribe_tickets_list":[],"_tribe_ticket_has_attendee_info_fields":false,"_EventAllDay":false,"_EventTimezone":"","_EventStartDate":"","_EventEndDate":"","_EventStartDateUTC":"","_EventEndDateUTC":"","_EventShowMap":false,"_EventShowMapLink":false,"_EventURL":"","_EventCost":"","_EventCostDescription":"","_EventCurrencySymbol":"","_EventCurrencyPosition":"","_EventDateTimeSeparator":"","_EventTimeRangeSeparator":"","_EventOrganizerID":[],"_EventVenueID":0,"_OrganizerEmail":"","_OrganizerPhone":"","_OrganizerWebsite":"","_VenueAddress":"","_VenueCity":"","_VenueCountry":"","_VenueProvince":"","_VenueZip":"","_VenuePhone":"","_VenueURL":"","_VenueStateProvince":"","_VenueLat":"","_VenueLng":"","footnotes":""},"class_list":["post-324","page","type-page","status-publish","hentry"],"featured_image_src":null,"featured_image_src_square":null,"_links":{"self":[{"href":"https:\/\/ntnui.no\/handball\/wp-json\/wp\/v2\/pages\/324","targetHints":{"allow":["GET"]}}],"collection":[{"href":"https:\/\/ntnui.no\/handball\/wp-json\/wp\/v2\/pages"}],"about":[{"href":"https:\/\/ntnui.no\/handball\/wp-json\/wp\/v2\/types\/page"}],"author":[{"embeddable":true,"href":"https:\/\/ntnui.no\/handball\/wp-json\/wp\/v2\/users\/153"}],"replies":[{"embeddable":true,"href":"https:\/\/ntnui.no\/handball\/wp-json\/wp\/v2\/comments?post=324"}],"version-history":[{"count":6,"href":"https:\/\/ntnui.no\/handball\/wp-json\/wp\/v2\/pages\/324\/revisions"}],"predecessor-version":[{"id":1256,"href":"https:\/\/ntnui.no\/handball\/wp-json\/wp\/v2\/pages\/324\/revisions\/1256"}],"wp:attachment":[{"href":"https:\/\/ntnui.no\/handball\/wp-json\/wp\/v2\/media?parent=324"}],"curies":[{"name":"wp","href":"https:\/\/api.w.org\/{rel}","templated":true}]}}