{"id":170,"date":"2019-03-28T15:14:07","date_gmt":"2019-03-28T15:14:07","guid":{"rendered":"https:\/\/ntnui.no\/handball-ny\/?page_id=170"},"modified":"2023-08-30T09:17:21","modified_gmt":"2023-08-30T09:17:21","slug":"om-ntnui-handball-2","status":"publish","type":"page","link":"https:\/\/ntnui.no\/handball\/om-ntnui-handball-2\/","title":{"rendered":"Om NTNUI H\u00e5ndball"},"content":{"rendered":"\n<p>NTNUI H\u00e5ndball er en av de st\u00f8rste gruppene i NTNUI. V\u00e5re lag gj\u00f8r at vi har muligheten til \u00e5 ha den fantastiske medlemsmassen vi har, med b\u00e5de tidligere eliteseriespillere og spillere fra lavere divisjoner.<\/p>\n\n\n\n<blockquote class=\"wp-block-quote is-style-default is-layout-flow wp-block-quote-is-layout-flow\" style=\"color:#05ab0a\"><p>Mye mer enn bare h\u00e5ndball!<\/p><\/blockquote>\n\n\n\n<p>Absolutt den st\u00f8rste fordelen med NTNUI H\u00e5ndball er at det best\u00e5r av s\u00e5 mye mer enn bare h\u00e5ndball.<\/p>\n\n\n\n<p>\u2013 Vi har et <strong>fellesskap<\/strong> som er bygd opp p\u00e5 det <strong>sosiale. <\/strong>Med det sosiale skaper vi ogs\u00e5 vennskap. Det er tusenvis av eksempler p\u00e5 at romantiske- og vennskapelige b\u00e5nd som har blitt knyttet i h\u00e5ndballgruppa har mulighet til \u00e5 vare livet ut.<\/p>\n\n\n\n<p>\u2013 Vi er <strong>inkluderende.<\/strong> Vi inkluderer alle i det sosiale og det sportslige. Som medlem i NTNUI H\u00e5ndball skal du inkludere, og du skal bli inkludert.<\/p>\n\n\n\n<p>\u2013 Vi viser <strong>glede<\/strong> i alt vi gj\u00f8r. Glede for \u00e5 spille h\u00e5ndball og for \u00e5 v\u00e6re en del av gruppa, glede seg over andre og seg selv og vi skal vise glede over verv, dugnadsarbeid og alt annet NTNUI H\u00e5ndball har \u00e5 by p\u00e5. Kanskje du ogs\u00e5 f\u00e5r muligheten til \u00e5 f\u00e5 glede fra styreverv, dommer eller trener?<\/p>\n\n\n\n<p><strong><em>Det er det sosiale som skaper de sportslige resultatene!<\/em><\/strong><\/p>\n\n\n\n<p>Spillernes h\u00e5ndballhverdag skal v\u00e6re en sosial opptur, og slik har det v\u00e6rt i alle \u00e5r. Vi har en festkomit\u00e8 som skal ta vare p\u00e5 v\u00e5re fire verdier. I tillegg til festkom sine arrangementer har vi cavas\u00f8ndag, turneringer, lagfester, lagturer og mye mer! Til tross for at det er det sosiale vi setter h\u00f8yest, har vi ogs\u00e5 et h\u00f8yt sportslig niv\u00e5.<\/p>\n","protected":false},"excerpt":{"rendered":"<p>NTNUI H\u00e5ndball er en av de st\u00f8rste gruppene i NTNUI. V\u00e5re lag gj\u00f8r at vi har muligheten til \u00e5 ha den fantastiske medlemsmassen vi har, med b\u00e5de tidligere eliteseriespillere og spillere fra lavere divisjoner. Mye mer enn bare h\u00e5ndball! Absolutt den st\u00f8rste fordelen med NTNUI H\u00e5ndball er at det best\u00e5r av s\u00e5 mye mer enn [&hellip;]<\/p>\n","protected":false},"author":114,"featured_media":0,"parent":0,"menu_order":0,"comment_status":"closed","ping_status":"closed","template":"","meta":{"_coblocks_attr":"","_coblocks_dimensions":"","_coblocks_responsive_height":"","_coblocks_accordion_ie_support":"","_price":"","_stock":"","_tribe_ticket_header":"","_tribe_default_ticket_provider":"","_tribe_ticket_capacity":"0","_ticket_start_date":"","_ticket_end_date":"","_tribe_ticket_show_description":"","_tribe_ticket_show_not_going":false,"_tribe_ticket_use_global_stock":"","_tribe_ticket_global_stock_level":"","_global_stock_mode":"","_global_stock_cap":"","_tribe_rsvp_for_event":"","_tribe_ticket_going_count":"","_tribe_ticket_not_going_count":"","_tribe_tickets_list":[],"_tribe_ticket_has_attendee_info_fields":false,"_EventAllDay":false,"_EventTimezone":"","_EventStartDate":"","_EventEndDate":"","_EventStartDateUTC":"","_EventEndDateUTC":"","_EventShowMap":false,"_EventShowMapLink":false,"_EventURL":"","_EventCost":"","_EventCostDescription":"","_EventCurrencySymbol":"","_EventCurrencyPosition":"","_EventDateTimeSeparator":"","_EventTimeRangeSeparator":"","_EventOrganizerID":[],"_EventVenueID":0,"_OrganizerEmail":"","_OrganizerPhone":"","_OrganizerWebsite":"","_VenueAddress":"","_VenueCity":"","_VenueCountry":"","_VenueProvince":"","_VenueZip":"","_VenuePhone":"","_VenueURL":"","_VenueStateProvince":"","_VenueLat":"","_VenueLng":"","footnotes":""},"class_list":["post-170","page","type-page","status-publish","hentry"],"featured_image_src":null,"featured_image_src_square":null,"_links":{"self":[{"href":"https:\/\/ntnui.no\/handball\/wp-json\/wp\/v2\/pages\/170","targetHints":{"allow":["GET"]}}],"collection":[{"href":"https:\/\/ntnui.no\/handball\/wp-json\/wp\/v2\/pages"}],"about":[{"href":"https:\/\/ntnui.no\/handball\/wp-json\/wp\/v2\/types\/page"}],"author":[{"embeddable":true,"href":"https:\/\/ntnui.no\/handball\/wp-json\/wp\/v2\/users\/114"}],"replies":[{"embeddable":true,"href":"https:\/\/ntnui.no\/handball\/wp-json\/wp\/v2\/comments?post=170"}],"version-history":[{"count":7,"href":"https:\/\/ntnui.no\/handball\/wp-json\/wp\/v2\/pages\/170\/revisions"}],"predecessor-version":[{"id":1567,"href":"https:\/\/ntnui.no\/handball\/wp-json\/wp\/v2\/pages\/170\/revisions\/1567"}],"wp:attachment":[{"href":"https:\/\/ntnui.no\/handball\/wp-json\/wp\/v2\/media?parent=170"}],"curies":[{"name":"wp","href":"https:\/\/api.w.org\/{rel}","templated":true}]}}