{"id":145,"date":"2019-03-28T14:49:00","date_gmt":"2019-03-28T14:49:00","guid":{"rendered":"https:\/\/ntnui.no\/handball-ny\/?page_id=145"},"modified":"2026-04-06T11:14:58","modified_gmt":"2026-04-06T11:14:58","slug":"dugnader","status":"publish","type":"page","link":"https:\/\/ntnui.no\/handball\/dugnader\/","title":{"rendered":"Dugnader"},"content":{"rendered":"\n<p>NTNUI H\u00e5ndball er en dugnadsdrevet klubb \u2013 ditt oppm\u00f8te er derfor <strong>VELDIG VIKTIG<\/strong> for fellesskapet!&nbsp;<\/p>\n\n\n\n<p>Vi har en rekke dugnader i l\u00f8pet av sesongen: sekretariatsvakter, kakebaking, varetelling, doktorpromosjoner, hallvask osv.<\/p>\n\n\n\n<p>Dugnadslister legges i starten av hvert semester ut p\u00e5 nettsiden med kontinuerlige oppdateringer. Det er ditt ansvar \u00e5 sjekke de jevnlig for \u00e5 se om det har kommet noen endringer.<\/p>\n\n\n\n<p>Ukens dugnader blir publisert hver s\u00f8ndag kveld p\u00e5 Facebook.&nbsp;<\/p>\n\n\n\n<p>Har du ikke mulighet til \u00e5 stille p\u00e5 dugnaden du er satt opp p\u00e5, er det <strong>DITT EGET ANSVAR<\/strong> \u00e5 finne noen du kan bytte med. Dugnader vil bli lagt inn i Spond som et arrangement. Man st\u00e5r automatisk p\u00e5 &#8220;deltar&#8221;, s\u00e5 dersom man ikke har mulighet til \u00e5 stille m\u00e5 man avsl\u00e5 med kommentar, og deretter skrive inn navnet p\u00e5 den du har funnet som stiller for deg.<\/p>\n\n\n\n<p>Alle spillere vil jobbe omtrent 15 dugnadstimer per sesong, sannsynligvis noe mindre. Dugnadene er fordelt etter beste evne. Det vil likevel bli noen ujevn fordeling mellom personer, men dette er fors\u00f8kt jevnet ut i l\u00f8pet av \u00e5ret. Pr\u00f8v \u00e5 bytte slik at dere selv blir mest mulig forn\u00f8yd. \u00d8nsker du \u00e5 vite hvor mange dugnadstimer du har gjennomf\u00f8rt, send mail til <a href=\"mailto:handball-dugnad@ntnui.no\">dugnadsanvarlig<\/a>.<\/p>\n\n\n\n<p>Det stilles krav til at dugnader gjennomf\u00f8res med seri\u00f8sitet og etter beste evne. Mister klubben sine dugnader vil det g\u00e5 p\u00e5 bekostning av spillere.<\/p>\n\n\n\n<p><strong>Offentlige dugnadslister <\/strong><br>Vi har offentlige dugnadslister. Form\u00e5let er at dugnadstimene skal v\u00e6re mer tilgjengelig for alle, blant annet for dugnadsansvarlig og spillerne, slik at dere kan f\u00e5 kontroll over deres egne og andres dugnadstimer, som forh\u00e5pentligvis gj\u00f8r det enklere \u00e5 bytte dugnader. <\/p>\n\n\n\n<div class=\"wp-block-buttons is-layout-flex wp-block-buttons-is-layout-flex\">\n<div class=\"wp-block-button is-style-outline is-style-outline--1\"><a class=\"wp-block-button__link has-electric-grass-gradient-background has-background wp-element-button\" href=\"https:\/\/docs.google.com\/document\/d\/1anjNYh__EmejK1L6gHgYIyTxyEIvU1cfP3sMCN2d74I\/edit?tab=t.0\">Informasjonsskriv &#8211; dugnad<\/a><\/div>\n\n\n\n<div class=\"wp-block-button is-style-outline is-style-outline--2\"><a class=\"wp-block-button__link has-electric-grass-gradient-background has-background wp-element-button\" href=\"https:\/\/docs.google.com\/document\/d\/11n5DqERqBGbY1u6JUBIPkGxjVhW4_MNoKaB1IbPcqzQ\/edit?tab=t.0\">Hallvask V26<\/a><\/div>\n\n\n\n<div class=\"wp-block-button is-style-outline is-style-outline--3\"><a class=\"wp-block-button__link has-electric-grass-gradient-background has-background wp-element-button\" href=\"https:\/\/docs.google.com\/document\/d\/1Rght4a3vmSQUMJYd2bpjpB052J_GALOJR0xnbkDb5aw\/edit?tab=t.0\">Sekretariatsvakter V26<\/a><\/div>\n\n\n\n<div class=\"wp-block-button is-style-outline is-style-outline--4\"><a class=\"wp-block-button__link has-electric-grass-gradient-background has-background wp-element-button\" href=\"https:\/\/docs.google.com\/document\/d\/1JqyfUlKE64a6g23uQ0O2vO3z8x_3T1a6ci-yPoz7kW0\/edit?tab=t.0\">Arrkom-kamper V26<\/a><\/div>\n\n\n\n<div class=\"wp-block-button is-style-outline is-style-outline--5\"><a class=\"wp-block-button__link has-electric-grass-gradient-background has-background wp-element-button\" href=\"https:\/\/docs.google.com\/document\/d\/1OVXttDkWdgfTXCcN--CauLVNsc5CeOx6UAydx4KyBDU\/edit?tab=t.0\">2. Divisjonskamper V26<\/a><\/div>\n\n\n\n<div class=\"wp-block-button is-style-outline is-style-outline--6\"><a class=\"wp-block-button__link has-electric-grass-gradient-background has-background wp-element-button\" href=\"https:\/\/docs.google.com\/document\/d\/1Q8JJWsKrCF3fNQpOgTMG8bOeSJOiLo1YsS1eKNMMRuE\/edit?tab=t.0\">Utdanningsmesse V26<\/a><\/div>\n\n\n\n<div class=\"wp-block-button is-style-outline is-style-outline--7\"><a class=\"wp-block-button__link has-electric-grass-gradient-background has-background wp-element-button\" href=\"https:\/\/docs.google.com\/document\/d\/1Ot35iWt7OG_-2NX7-l8hQxbAB5xJTHRydOBZPe_3L9M\/edit?tab=t.0\">Doktorpromosjon V26<\/a><\/div>\n\n\n\n<div class=\"wp-block-button is-style-outline is-style-outline--8\"><a class=\"wp-block-button__link has-electric-grass-gradient-background has-background wp-element-button\" href=\"https:\/\/docs.google.com\/document\/d\/1_GyXOluzDgDhxbaICCaFV_jFvHXANIMeH1K59aBV7pM\/edit?tab=t.0\">3. div bankett V26<\/a><\/div>\n<\/div>\n\n\n\n<p><\/p>\n\n\n\n<div class=\"wp-block-group\"><div class=\"wp-block-group__inner-container is-layout-flow wp-block-group-is-layout-flow\">\n<div class=\"wp-block-buttons is-layout-flex wp-block-buttons-is-layout-flex\"><\/div>\n<\/div><\/div>\n","protected":false},"excerpt":{"rendered":"<p>NTNUI H\u00e5ndball er en dugnadsdrevet klubb \u2013 ditt oppm\u00f8te er derfor VELDIG VIKTIG for fellesskapet!&nbsp; Vi har en rekke dugnader i l\u00f8pet av sesongen: sekretariatsvakter, kakebaking, varetelling, doktorpromosjoner, hallvask osv. Dugnadslister legges i starten av hvert semester ut p\u00e5 nettsiden med kontinuerlige oppdateringer. Det er ditt ansvar \u00e5 sjekke de jevnlig for \u00e5 se om [&hellip;]<\/p>\n","protected":false},"author":182,"featured_media":0,"parent":0,"menu_order":0,"comment_status":"closed","ping_status":"closed","template":"","meta":{"_coblocks_attr":"","_coblocks_dimensions":"","_coblocks_responsive_height":"","_coblocks_accordion_ie_support":"","_price":"","_stock":"","_tribe_ticket_header":"","_tribe_default_ticket_provider":"","_tribe_ticket_capacity":"0","_ticket_start_date":"","_ticket_end_date":"","_tribe_ticket_show_description":"","_tribe_ticket_show_not_going":false,"_tribe_ticket_use_global_stock":"","_tribe_ticket_global_stock_level":"","_global_stock_mode":"","_global_stock_cap":"","_tribe_rsvp_for_event":"","_tribe_ticket_going_count":"","_tribe_ticket_not_going_count":"","_tribe_tickets_list":[],"_tribe_ticket_has_attendee_info_fields":false,"_EventAllDay":false,"_EventTimezone":"","_EventStartDate":"","_EventEndDate":"","_EventStartDateUTC":"","_EventEndDateUTC":"","_EventShowMap":false,"_EventShowMapLink":false,"_EventURL":"","_EventCost":"","_EventCostDescription":"","_EventCurrencySymbol":"","_EventCurrencyPosition":"","_EventDateTimeSeparator":"","_EventTimeRangeSeparator":"","_EventOrganizerID":[],"_EventVenueID":0,"_OrganizerEmail":"","_OrganizerPhone":"","_OrganizerWebsite":"","_VenueAddress":"","_VenueCity":"","_VenueCountry":"","_VenueProvince":"","_VenueZip":"","_VenuePhone":"","_VenueURL":"","_VenueStateProvince":"","_VenueLat":"","_VenueLng":"","footnotes":""},"class_list":["post-145","page","type-page","status-publish","hentry"],"featured_image_src":null,"featured_image_src_square":null,"_links":{"self":[{"href":"https:\/\/ntnui.no\/handball\/wp-json\/wp\/v2\/pages\/145","targetHints":{"allow":["GET"]}}],"collection":[{"href":"https:\/\/ntnui.no\/handball\/wp-json\/wp\/v2\/pages"}],"about":[{"href":"https:\/\/ntnui.no\/handball\/wp-json\/wp\/v2\/types\/page"}],"author":[{"embeddable":true,"href":"https:\/\/ntnui.no\/handball\/wp-json\/wp\/v2\/users\/182"}],"replies":[{"embeddable":true,"href":"https:\/\/ntnui.no\/handball\/wp-json\/wp\/v2\/comments?post=145"}],"version-history":[{"count":97,"href":"https:\/\/ntnui.no\/handball\/wp-json\/wp\/v2\/pages\/145\/revisions"}],"predecessor-version":[{"id":2155,"href":"https:\/\/ntnui.no\/handball\/wp-json\/wp\/v2\/pages\/145\/revisions\/2155"}],"wp:attachment":[{"href":"https:\/\/ntnui.no\/handball\/wp-json\/wp\/v2\/media?parent=145"}],"curies":[{"name":"wp","href":"https:\/\/api.w.org\/{rel}","templated":true}]}}