{"id":1385,"date":"2023-01-20T13:28:45","date_gmt":"2023-01-20T13:28:45","guid":{"rendered":"https:\/\/ntnui.no\/handball\/?page_id=1385"},"modified":"2024-09-08T15:00:07","modified_gmt":"2024-09-08T15:00:07","slug":"regler-ved-leie-av-bil","status":"publish","type":"page","link":"https:\/\/ntnui.no\/handball\/regler-ved-leie-av-bil\/","title":{"rendered":"Regler ved leie av bil"},"content":{"rendered":"\n<p>Her kommer <strong>klubbens regler for leie av bil<\/strong>. Reglene gjelder for <em>alle<\/em> leieforhold, uavhengig av hvilken kategori borteturen du leier bil for tilh\u00f8rer. For bestemmelse av kategori for borteturen se:\u00a0<strong><a href=\"https:\/\/ntnui.no\/handball\/bortekamper\/\">Borteturer<\/a>.<\/strong><\/p>\n\n\n\n<p><strong>Hvert lag m\u00e5 ha en buffer<\/strong>\u00a0i sin \u201clagskasse\u201d. Vi har erfart at utleiesteder ofte ikke godtar personlige forsikringer n\u00e5r det har skjedd uhell med biler, siden det er NTNUI som st\u00e5r ansvarlig p\u00e5 fakturaen (det er for \u00e5 f\u00e5 rabatten p\u00e5 leien og ha lov til \u00e5 ha flere sj\u00e5f\u00f8rer). Denne bufferen skal v\u00e6re p\u00e5 <strong>7 000 kr, som er halvparten av det dyreste skadegebyret<\/strong>. Skadegebyret avhenger av hvilken prisgruppe leiebil som leies:<\/p>\n\n\n\n<ul class=\"wp-block-list\"><li>Prisgruppe Liten \u2013 Liten SUV, Medium Stasjonsvogn: Egenandel 12&nbsp;000 kr<\/li><li>Prisgruppe SUV \u2013 Stor SUV, Stor SUV Electric: Egenandel 14&nbsp;000 kr<\/li><\/ul>\n\n\n\n<p>Hvis det skjer et uhell med bilen, dekker klubben 50%, resterende dekkes av lagets buffer. Hvis det ikke skjer noen skader som m\u00e5 dekkes vil denne bufferen betales ut igjen ved endt sesong.\u00a0<\/p>\n\n\n\n<p><strong>Lever bilen med full tank!\u00a0<\/strong>Hvis bilen ikke leveres med full tank vil vi f\u00e5 et ekstra gebyr, som IKKE vil dekkes av klubben, og m\u00e5 betales av laget som leide bilen.<\/p>\n\n\n\n<h2 class=\"wp-block-heading\">Forsikringer<\/h2>\n\n\n\n<p><\/p>\n\n\n\n<p>Gjennom leieavtalen vi har hos <strong>AllWays Leiebiler <\/strong>trenger man ikke \u00e5 kj\u00f8pe ekstra forsikringer n\u00e5r man bestiller biler. <\/p>\n\n\n\n<p>Ved steinsprutskade forekommer en egenandel p\u00e5 500 kr som betales i etterkant. Det samme gjelder skader som f\u00f8rer til at frontrute m\u00e5 byttes, denne egenandelen kommer p\u00e5 3000 kr. Rens av ekstremt skittent interi\u00f8r vil koste 500 kr, s\u00e5 hold bilene rene!<\/p>\n\n\n\n<p>Det er mulig \u00e5 betale <strong>150 kr per d\u00f8gn for redusert egenandel<\/strong> &#8211; dette dekker ikke klubben.<\/p>\n\n\n\n<p><strong>Alder:<\/strong> Det kreves at man har hatt f\u00f8rerkort i minst 1 \u00e5r.<br><br><strong>Viktigst av alt \u2013 KJ\u00d8R FORSIKTIG!\u00a0<\/strong>Det er bedre \u00e5 bruke litt lenger tid til kamp enn \u00e5 ende opp med store utgifter, eller i verste fall ende med \u00e5 ikke komme frem! Som oppmann har du et ekstra ansvar med \u00e5 formidle dette til alle som skal p\u00e5 tur.<\/p>\n\n\n\n<h2 class=\"wp-block-heading\">Lagkasse<\/h2>\n\n\n\n<p><\/p>\n\n\n\n<p>Vi anbefaler at hvert lag samler inn en \u201clagkasse\u201d, alts\u00e5 en pott med penger hvor alle p\u00e5 laget betaler inn like mye, som er beregnet til \u00e5 betale for lagets utgifter i sammenheng med bortekamper. Hvert lag kan bestemme hvordan de \u00f8nsker \u00e5 l\u00f8se dette.\u00a0En lagkasse vil eventuelt komme i tillegg til bufferen p\u00e5 7000kr. \u00a0<\/p>\n\n\n\n<p><strong>OBS! Trenere betaler aldri for borteturer.&nbsp;<\/strong>Det er ogs\u00e5 viktig \u00e5 huske p\u00e5, som nevnt under \u201ckategori 1 bortetur\u201d, at hvis privatpersoner stiller bil til kamper som er under 120 km \u00e9n vei, s\u00e5 b\u00f8r de bli kompensert for det. Dette vil v\u00e6re en utgift som <em>kan<\/em> g\u00e5 fra lagskassen.<\/p>\n","protected":false},"excerpt":{"rendered":"<p>Her kommer klubbens regler for leie av bil. Reglene gjelder for alle leieforhold, uavhengig av hvilken kategori borteturen du leier bil for tilh\u00f8rer. For bestemmelse av kategori for borteturen se:\u00a0Borteturer. Hvert lag m\u00e5 ha en buffer\u00a0i sin \u201clagskasse\u201d. Vi har erfart at utleiesteder ofte ikke godtar personlige forsikringer n\u00e5r det har skjedd uhell med biler, [&hellip;]<\/p>\n","protected":false},"author":382,"featured_media":0,"parent":0,"menu_order":0,"comment_status":"closed","ping_status":"closed","template":"","meta":{"_coblocks_attr":"","_coblocks_dimensions":"","_coblocks_responsive_height":"","_coblocks_accordion_ie_support":"","_price":"","_stock":"","_tribe_ticket_header":"","_tribe_default_ticket_provider":"","_tribe_ticket_capacity":"0","_ticket_start_date":"","_ticket_end_date":"","_tribe_ticket_show_description":"","_tribe_ticket_show_not_going":false,"_tribe_ticket_use_global_stock":"","_tribe_ticket_global_stock_level":"","_global_stock_mode":"","_global_stock_cap":"","_tribe_rsvp_for_event":"","_tribe_ticket_going_count":"","_tribe_ticket_not_going_count":"","_tribe_tickets_list":[],"_tribe_ticket_has_attendee_info_fields":false,"_EventAllDay":false,"_EventTimezone":"","_EventStartDate":"","_EventEndDate":"","_EventStartDateUTC":"","_EventEndDateUTC":"","_EventShowMap":false,"_EventShowMapLink":false,"_EventURL":"","_EventCost":"","_EventCostDescription":"","_EventCurrencySymbol":"","_EventCurrencyPosition":"","_EventDateTimeSeparator":"","_EventTimeRangeSeparator":"","_EventOrganizerID":[],"_EventVenueID":0,"_OrganizerEmail":"","_OrganizerPhone":"","_OrganizerWebsite":"","_VenueAddress":"","_VenueCity":"","_VenueCountry":"","_VenueProvince":"","_VenueZip":"","_VenuePhone":"","_VenueURL":"","_VenueStateProvince":"","_VenueLat":"","_VenueLng":"","footnotes":""},"class_list":["post-1385","page","type-page","status-publish","hentry"],"featured_image_src":null,"featured_image_src_square":null,"_links":{"self":[{"href":"https:\/\/ntnui.no\/handball\/wp-json\/wp\/v2\/pages\/1385","targetHints":{"allow":["GET"]}}],"collection":[{"href":"https:\/\/ntnui.no\/handball\/wp-json\/wp\/v2\/pages"}],"about":[{"href":"https:\/\/ntnui.no\/handball\/wp-json\/wp\/v2\/types\/page"}],"author":[{"embeddable":true,"href":"https:\/\/ntnui.no\/handball\/wp-json\/wp\/v2\/users\/382"}],"replies":[{"embeddable":true,"href":"https:\/\/ntnui.no\/handball\/wp-json\/wp\/v2\/comments?post=1385"}],"version-history":[{"count":8,"href":"https:\/\/ntnui.no\/handball\/wp-json\/wp\/v2\/pages\/1385\/revisions"}],"predecessor-version":[{"id":1856,"href":"https:\/\/ntnui.no\/handball\/wp-json\/wp\/v2\/pages\/1385\/revisions\/1856"}],"wp:attachment":[{"href":"https:\/\/ntnui.no\/handball\/wp-json\/wp\/v2\/media?parent=1385"}],"curies":[{"name":"wp","href":"https:\/\/api.w.org\/{rel}","templated":true}]}}