{"id":1380,"date":"2023-01-20T13:23:57","date_gmt":"2023-01-20T13:23:57","guid":{"rendered":"https:\/\/ntnui.no\/handball\/?page_id=1380"},"modified":"2024-09-08T14:33:31","modified_gmt":"2024-09-08T14:33:31","slug":"bortetur-med-overnatting","status":"publish","type":"page","link":"https:\/\/ntnui.no\/handball\/bortetur-med-overnatting\/","title":{"rendered":"Bortetur med overnatting"},"content":{"rendered":"\n<p>P\u00e5 borteturer med overnatting er <strong>egenandelen p\u00e5 480 kr per pers<\/strong>. Overnattingen skal ligge i n\u00e6rheten\/p\u00e5 veien til kampene. <strong>Oppmann skal finne en rimelig overnatting<\/strong>. Ved overnatting dekkes antall spillere tillatt i \u00e9n kamprapport (14 spillere + 2 trenere).\u00a0Gode alternativer er for eksempel campinghytter. Hotell skal kun benyttes hvis det ikke finnes andre rimelige eller gunstige alternativer! Om du ikke finner et rimelig alternativ\u00a0<strong>m\u00e5 kasserer kontaktes slik at hen kan godkjenne en eventuell booking av hotell<\/strong>.\u00a0Hvis man skal bo p\u00e5 et hotell er det vanlig \u00e5 velge Scandic, Thon Hotel eller Choice siden disse har idrettsrabatt.\u00a0<\/p>\n\n\n\n<ul class=\"wp-block-list\"><li><strong>Thon Hotel:<\/strong>\u00a0send en e-post til sport@thonhotels.no\u00a0og be om et tilbud.<\/li><li><strong>Scandic<\/strong>: Bruk rabattkoden D000025237 eller sjekk\u00a0<em><span class=\"has-inline-color has-coblocks-blue-color\"><a href=\"https:\/\/www.scandichotels.no\/alltid-pa-scandic\/sport\/handball-kontaktskjema\">https:\/\/www.scandichotels.no\/alltid-pa-scandic\/sport\/handball-kontaktskjema<\/a>.<\/span><\/em><\/li><li><strong>Choice<\/strong>: send en e-post til\u00a0<a><strong>groups@choice.no<\/strong><\/a>\u00a0og be om et tilbud.\u00a0<\/li><\/ul>\n\n\n\n<p>Dersom overnatting legges ut for av en spiller m\u00e5 dette sendes inn i separate <strong><a href=\"https:\/\/hub.ntnui.no\/\">refusjonsskjemaer<\/a><\/strong>, hvor det skilles mellom overnattingskostnad og drivstoff + eventuell fergeavgift. <\/p>\n\n\n\n<h2 class=\"wp-block-heading\">Unntak som gir rett til ekstra overnatting:<\/h2>\n\n\n\n<p><\/p>\n\n\n\n<p><strong>Tidlig avreise eller sen hjemkomst<\/strong>:<\/p>\n\n\n\n<p>Hvis laget m\u00e5 ha avreise fra i-bygget <strong>tidligere enn 06:00<\/strong>, eller kommer hjem <strong>senere enn 01:00<\/strong>, kan de f\u00e5 dekket en ekstra overnatting. <\/p>\n\n\n\n<p><strong>Tre kamper p\u00e5 en helg:<\/strong><\/p>\n\n\n\n<p>Hvis laget har tre kamper kamper p\u00e5 en bortetur, kan det bli dekket en ekstra overnatting (2 netter). Egenandel vil fremdeles v\u00e6re 480kr. Klubben dekker <strong>to ekstra spillere<\/strong>. Det vil alts\u00e5 v\u00e6re mulig \u00e5 ha med 16 spillere + 2 trenere. Men det dekkes fremdeles kun 4 biler. <\/p>\n\n\n\n<p><strong>Ferger:<\/strong><\/p>\n\n\n\n<p>Pr\u00f8v alltid \u00e5<strong> unng\u00e5 kj\u00f8rerute der man m\u00e5 ta ferje.<\/strong> S\u00e5 lenge det ikke blir en vei som tar mye lenger tid. Dette er fordi alle ferjeutgifter dekkes av klubben, og derfor \u00f8nsker vi at den utgiften skal unng\u00e5s s\u00e5 lenge det ikke medf\u00f8rer store ulemper for reisen.&nbsp;<\/p>\n","protected":false},"excerpt":{"rendered":"<p>P\u00e5 borteturer med overnatting er egenandelen p\u00e5 480 kr per pers. Overnattingen skal ligge i n\u00e6rheten\/p\u00e5 veien til kampene. Oppmann skal finne en rimelig overnatting. Ved overnatting dekkes antall spillere tillatt i \u00e9n kamprapport (14 spillere + 2 trenere).\u00a0Gode alternativer er for eksempel campinghytter. Hotell skal kun benyttes hvis det ikke finnes andre rimelige eller [&hellip;]<\/p>\n","protected":false},"author":382,"featured_media":0,"parent":0,"menu_order":0,"comment_status":"closed","ping_status":"closed","template":"","meta":{"_coblocks_attr":"","_coblocks_dimensions":"","_coblocks_responsive_height":"","_coblocks_accordion_ie_support":"","_price":"","_stock":"","_tribe_ticket_header":"","_tribe_default_ticket_provider":"","_tribe_ticket_capacity":"0","_ticket_start_date":"","_ticket_end_date":"","_tribe_ticket_show_description":"","_tribe_ticket_show_not_going":false,"_tribe_ticket_use_global_stock":"","_tribe_ticket_global_stock_level":"","_global_stock_mode":"","_global_stock_cap":"","_tribe_rsvp_for_event":"","_tribe_ticket_going_count":"","_tribe_ticket_not_going_count":"","_tribe_tickets_list":[],"_tribe_ticket_has_attendee_info_fields":false,"_EventAllDay":false,"_EventTimezone":"","_EventStartDate":"","_EventEndDate":"","_EventStartDateUTC":"","_EventEndDateUTC":"","_EventShowMap":false,"_EventShowMapLink":false,"_EventURL":"","_EventCost":"","_EventCostDescription":"","_EventCurrencySymbol":"","_EventCurrencyPosition":"","_EventDateTimeSeparator":"","_EventTimeRangeSeparator":"","_EventOrganizerID":[],"_EventVenueID":0,"_OrganizerEmail":"","_OrganizerPhone":"","_OrganizerWebsite":"","_VenueAddress":"","_VenueCity":"","_VenueCountry":"","_VenueProvince":"","_VenueZip":"","_VenuePhone":"","_VenueURL":"","_VenueStateProvince":"","_VenueLat":"","_VenueLng":"","footnotes":""},"class_list":["post-1380","page","type-page","status-publish","hentry"],"featured_image_src":null,"featured_image_src_square":null,"_links":{"self":[{"href":"https:\/\/ntnui.no\/handball\/wp-json\/wp\/v2\/pages\/1380","targetHints":{"allow":["GET"]}}],"collection":[{"href":"https:\/\/ntnui.no\/handball\/wp-json\/wp\/v2\/pages"}],"about":[{"href":"https:\/\/ntnui.no\/handball\/wp-json\/wp\/v2\/types\/page"}],"author":[{"embeddable":true,"href":"https:\/\/ntnui.no\/handball\/wp-json\/wp\/v2\/users\/382"}],"replies":[{"embeddable":true,"href":"https:\/\/ntnui.no\/handball\/wp-json\/wp\/v2\/comments?post=1380"}],"version-history":[{"count":5,"href":"https:\/\/ntnui.no\/handball\/wp-json\/wp\/v2\/pages\/1380\/revisions"}],"predecessor-version":[{"id":1852,"href":"https:\/\/ntnui.no\/handball\/wp-json\/wp\/v2\/pages\/1380\/revisions\/1852"}],"wp:attachment":[{"href":"https:\/\/ntnui.no\/handball\/wp-json\/wp\/v2\/media?parent=1380"}],"curies":[{"name":"wp","href":"https:\/\/api.w.org\/{rel}","templated":true}]}}