{"id":1377,"date":"2023-01-20T13:17:21","date_gmt":"2023-01-20T13:17:21","guid":{"rendered":"https:\/\/ntnui.no\/handball\/?page_id=1377"},"modified":"2024-09-08T14:11:32","modified_gmt":"2024-09-08T14:11:32","slug":"bortetur-over-120-km-en-vei","status":"publish","type":"page","link":"https:\/\/ntnui.no\/handball\/bortetur-over-120-km-en-vei\/","title":{"rendered":"Bortetur over 120 km \u00e9n vei"},"content":{"rendered":"\n<p>P\u00e5 borteturer over 120 km blir reisen <strong>st\u00f8ttet av klubben mot en egenandel<\/strong>. Klubben st\u00f8tter maks 4 biler per lag. Om man kan reise med f\u00e6rre spillere i 3 biler, er det supert! Her er det to forskjellige m\u00e5ter \u00e5 l\u00f8se dette p\u00e5:\u00a0<\/p>\n\n\n\n<ol class=\"wp-block-list\"><li>Leiebil fra <strong>AllWays Leiebiler<\/strong>. Da er <strong>egenandelen p\u00e5 230 kr per pers<\/strong> uansett lengde. Bilen hentes ved deres lokaler i <em>Kj\u00f8pmannsgata 73<\/em>. <strong>Leiebilene skal bestilles senest to uker i forkant! <\/strong>Viktig \u00e5 merke seg at de kun har 5-setere i ulike st\u00f8rrelser. Drivstoff skal fylles p\u00e5 en bensinstasjon i Trondheim f\u00f8r tilbakelevering (hvis det ikke fylles vil laget m\u00e5tte betale gebyret Allways tar for \u00e5 fylle drivstoff). <br><br><strong>Bestilling:<\/strong> Kontakt p\u00e5 telefonnummer 908 14 000, eller E-post: Trondheim@allways.no. Informer om at du er fra NTNUI H\u00e5ndball + lag<br><br><strong>Forsikring:<\/strong>\u00a0Steinsprutforsikring dekkes av klubben, og SKAL tas med. Eventuelle andre forsikringer kan tas med, men m\u00e5 dekkes av laget selv. <\/li><\/ol>\n\n\n\n<ol class=\"wp-block-list\" start=\"2\"><li><strong>Bruke egen bil.<\/strong> Da avhenger egenandelen p\u00e5 avstanden til borteturen, men er aldri over 200 kr. Bruk <a href=\"https:\/\/docs.google.com\/spreadsheets\/d\/1wgIZDC4aH9DMu_suml4BqOQIwJkIsp4MwxEQ1I35nIE\/edit?gid=132499287#gid=132499287\"><strong>reisest\u00f8ttekalkulatoren<\/strong><\/a> for \u00e5 regne ut egenandel, og kompensasjon til bileier. De som stiller med bil fyller ut <a href=\"https:\/\/hub.ntnui.no\/\"><strong>reiseregningsskjema<\/strong><\/a>, som sendes til kasserer. <\/li><\/ol>\n\n\n\n<p>P\u00e5 borteturer mellom 120 og 300 km er det billigere, b\u00e5de for laget og klubben, \u00e5 reise med privatbiler kontra leiebiler.<\/p>\n\n\n\n<p><strong>Hvert lag M\u00c5 samle inn en buffer f\u00f8r bil kan leies fra AllWays! Les mer om det under \u201cLeie av bil\u201d.<\/strong>\u00a0<\/p>\n","protected":false},"excerpt":{"rendered":"<p>P\u00e5 borteturer over 120 km blir reisen st\u00f8ttet av klubben mot en egenandel. Klubben st\u00f8tter maks 4 biler per lag. Om man kan reise med f\u00e6rre spillere i 3 biler, er det supert! Her er det to forskjellige m\u00e5ter \u00e5 l\u00f8se dette p\u00e5:\u00a0 Leiebil fra AllWays Leiebiler. Da er egenandelen p\u00e5 230 kr per pers [&hellip;]<\/p>\n","protected":false},"author":382,"featured_media":0,"parent":0,"menu_order":0,"comment_status":"closed","ping_status":"closed","template":"","meta":{"_coblocks_attr":"","_coblocks_dimensions":"","_coblocks_responsive_height":"","_coblocks_accordion_ie_support":"","_price":"","_stock":"","_tribe_ticket_header":"","_tribe_default_ticket_provider":"","_tribe_ticket_capacity":"0","_ticket_start_date":"","_ticket_end_date":"","_tribe_ticket_show_description":"","_tribe_ticket_show_not_going":false,"_tribe_ticket_use_global_stock":"","_tribe_ticket_global_stock_level":"","_global_stock_mode":"","_global_stock_cap":"","_tribe_rsvp_for_event":"","_tribe_ticket_going_count":"","_tribe_ticket_not_going_count":"","_tribe_tickets_list":[],"_tribe_ticket_has_attendee_info_fields":false,"_EventAllDay":false,"_EventTimezone":"","_EventStartDate":"","_EventEndDate":"","_EventStartDateUTC":"","_EventEndDateUTC":"","_EventShowMap":false,"_EventShowMapLink":false,"_EventURL":"","_EventCost":"","_EventCostDescription":"","_EventCurrencySymbol":"","_EventCurrencyPosition":"","_EventDateTimeSeparator":"","_EventTimeRangeSeparator":"","_EventOrganizerID":[],"_EventVenueID":0,"_OrganizerEmail":"","_OrganizerPhone":"","_OrganizerWebsite":"","_VenueAddress":"","_VenueCity":"","_VenueCountry":"","_VenueProvince":"","_VenueZip":"","_VenuePhone":"","_VenueURL":"","_VenueStateProvince":"","_VenueLat":"","_VenueLng":"","footnotes":""},"class_list":["post-1377","page","type-page","status-publish","hentry"],"featured_image_src":null,"featured_image_src_square":null,"_links":{"self":[{"href":"https:\/\/ntnui.no\/handball\/wp-json\/wp\/v2\/pages\/1377","targetHints":{"allow":["GET"]}}],"collection":[{"href":"https:\/\/ntnui.no\/handball\/wp-json\/wp\/v2\/pages"}],"about":[{"href":"https:\/\/ntnui.no\/handball\/wp-json\/wp\/v2\/types\/page"}],"author":[{"embeddable":true,"href":"https:\/\/ntnui.no\/handball\/wp-json\/wp\/v2\/users\/382"}],"replies":[{"embeddable":true,"href":"https:\/\/ntnui.no\/handball\/wp-json\/wp\/v2\/comments?post=1377"}],"version-history":[{"count":4,"href":"https:\/\/ntnui.no\/handball\/wp-json\/wp\/v2\/pages\/1377\/revisions"}],"predecessor-version":[{"id":1850,"href":"https:\/\/ntnui.no\/handball\/wp-json\/wp\/v2\/pages\/1377\/revisions\/1850"}],"wp:attachment":[{"href":"https:\/\/ntnui.no\/handball\/wp-json\/wp\/v2\/media?parent=1377"}],"curies":[{"name":"wp","href":"https:\/\/api.w.org\/{rel}","templated":true}]}}