{"id":1349,"date":"2023-01-18T12:48:23","date_gmt":"2023-01-18T12:48:23","guid":{"rendered":"https:\/\/ntnui.no\/handball\/?page_id=1349"},"modified":"2023-01-23T15:22:12","modified_gmt":"2023-01-23T15:22:12","slug":"regler-og-instrukser","status":"publish","type":"page","link":"https:\/\/ntnui.no\/handball\/regler-og-instrukser\/","title":{"rendered":"Regler og instrukser"},"content":{"rendered":"\n<p>Her finner du regler og instrukser som enhver spiller plikter \u00e5 sette seg inn i. Det er viktig at alle spillere har en forst\u00e5else av hvordan klubben fungerer for \u00e5 unng\u00e5 at riktig person tar ansvar for sine oppgaver. <\/p>\n\n\n\n<div class=\"wp-block-buttons is-layout-flex wp-block-buttons-is-layout-flex\">\n<div class=\"wp-block-button\"><a class=\"wp-block-button__link\" href=\"https:\/\/ntnui.no\/handball\/bortekamper\/\">Borteturer<\/a><\/div>\n\n\n\n<div class=\"wp-block-button\"><a class=\"wp-block-button__link\" href=\"https:\/\/ntnui.no\/handball\/drakter\/\">Draktregler<\/a><\/div>\n\n\n\n<div class=\"wp-block-button\"><a class=\"wp-block-button__link\" href=\"https:\/\/ntnui.no\/handball\/regler-ved-leie-av-bil\/\">Regler for leie av bil<\/a><\/div>\n<\/div>\n\n\n\n<p><\/p>\n\n\n\n<figure class=\"wp-block-pullquote\"><blockquote><p>Din oppgave er viktig for fellesskapet.  <\/p><\/blockquote><\/figure>\n\n\n\n<figure class=\"wp-block-image size-large\"><img loading=\"lazy\" decoding=\"async\" width=\"1182\" height=\"588\" src=\"https:\/\/ntnui.no\/handball\/wp-content\/uploads\/sites\/259\/2023\/01\/Skjermbilde-2023-01-19-kl.-10.46.35.png\" alt=\"\" class=\"wp-image-1366\" \/><\/figure>\n","protected":false},"excerpt":{"rendered":"<p>Her finner du regler og instrukser som enhver spiller plikter \u00e5 sette seg inn i. Det er viktig at alle spillere har en forst\u00e5else av hvordan klubben fungerer for \u00e5 unng\u00e5 at riktig person tar ansvar for sine oppgaver. Din oppgave er viktig for fellesskapet.<\/p>\n","protected":false},"author":382,"featured_media":0,"parent":0,"menu_order":0,"comment_status":"closed","ping_status":"closed","template":"","meta":{"_coblocks_attr":"","_coblocks_dimensions":"","_coblocks_responsive_height":"","_coblocks_accordion_ie_support":"","_price":"","_stock":"","_tribe_ticket_header":"","_tribe_default_ticket_provider":"","_tribe_ticket_capacity":"0","_ticket_start_date":"","_ticket_end_date":"","_tribe_ticket_show_description":"","_tribe_ticket_show_not_going":false,"_tribe_ticket_use_global_stock":"","_tribe_ticket_global_stock_level":"","_global_stock_mode":"","_global_stock_cap":"","_tribe_rsvp_for_event":"","_tribe_ticket_going_count":"","_tribe_ticket_not_going_count":"","_tribe_tickets_list":[],"_tribe_ticket_has_attendee_info_fields":false,"_EventAllDay":false,"_EventTimezone":"","_EventStartDate":"","_EventEndDate":"","_EventStartDateUTC":"","_EventEndDateUTC":"","_EventShowMap":false,"_EventShowMapLink":false,"_EventURL":"","_EventCost":"","_EventCostDescription":"","_EventCurrencySymbol":"","_EventCurrencyPosition":"","_EventDateTimeSeparator":"","_EventTimeRangeSeparator":"","_EventOrganizerID":[],"_EventVenueID":0,"_OrganizerEmail":"","_OrganizerPhone":"","_OrganizerWebsite":"","_VenueAddress":"","_VenueCity":"","_VenueCountry":"","_VenueProvince":"","_VenueZip":"","_VenuePhone":"","_VenueURL":"","_VenueStateProvince":"","_VenueLat":"","_VenueLng":"","footnotes":""},"class_list":["post-1349","page","type-page","status-publish","hentry"],"featured_image_src":null,"featured_image_src_square":null,"_links":{"self":[{"href":"https:\/\/ntnui.no\/handball\/wp-json\/wp\/v2\/pages\/1349","targetHints":{"allow":["GET"]}}],"collection":[{"href":"https:\/\/ntnui.no\/handball\/wp-json\/wp\/v2\/pages"}],"about":[{"href":"https:\/\/ntnui.no\/handball\/wp-json\/wp\/v2\/types\/page"}],"author":[{"embeddable":true,"href":"https:\/\/ntnui.no\/handball\/wp-json\/wp\/v2\/users\/382"}],"replies":[{"embeddable":true,"href":"https:\/\/ntnui.no\/handball\/wp-json\/wp\/v2\/comments?post=1349"}],"version-history":[{"count":4,"href":"https:\/\/ntnui.no\/handball\/wp-json\/wp\/v2\/pages\/1349\/revisions"}],"predecessor-version":[{"id":1411,"href":"https:\/\/ntnui.no\/handball\/wp-json\/wp\/v2\/pages\/1349\/revisions\/1411"}],"wp:attachment":[{"href":"https:\/\/ntnui.no\/handball\/wp-json\/wp\/v2\/media?parent=1349"}],"curies":[{"name":"wp","href":"https:\/\/api.w.org\/{rel}","templated":true}]}}