{"id":1311,"date":"2022-10-25T08:26:18","date_gmt":"2022-10-25T08:26:18","guid":{"rendered":"https:\/\/ntnui.no\/handball\/?page_id=1311"},"modified":"2024-09-08T14:44:15","modified_gmt":"2024-09-08T14:44:15","slug":"oppmann-rollen","status":"publish","type":"page","link":"https:\/\/ntnui.no\/handball\/oppmann-rollen\/","title":{"rendered":"Oppmannrollen"},"content":{"rendered":"\n<p>Her vil du f\u00e5 en oversikt over hva som inneb\u00e6rer \u00e5 v\u00e6re oppmann\/oppkvinne. Hvis det er noe som er uklart, eller om du har noen sp\u00f8rsm\u00e5l, ta kontakt med din sportslige leder. Fra n\u00e5 av vil oppmann\/oppkvinne, kun bli kalt oppmann. <\/p>\n\n\n\n<p>En utfyllende versjon av oppmannsinnstruksen finner du<strong> <a rel=\"noreferrer noopener\" href=\"https:\/\/docs.google.com\/document\/d\/1FhRJFld0PImgGu1uPW3j_Ytl5iHrTwxW\/edit?usp=sharing&amp;ouid=106207116293018918617&amp;rtpof=true&amp;sd=true\" target=\"_blank\">HER<\/a><\/strong>. <\/p>\n\n\n\n<p class=\"has-huge-font-size\"><strong>Oppmannens ansvar:<\/strong><\/p>\n\n\n\n<ul class=\"wp-block-list\"><li><strong>Samle inn treningsavgift<\/strong>: Treningsavgiften g\u00e5r til innkj\u00f8p av matriell og forbruk som klister og rens, utgifter knyttet til reise og kontigenter for \u00e5 holde klubben i gang. Se nedenfor hvem som <em>ikke<\/em> betaler treningsavgift.&nbsp;<\/li><\/ul>\n\n\n\n<ol class=\"wp-block-list\" id=\"block-2c1dcd1c-6f5b-42d8-995d-7073c789932a\" style=\"font-size:13px\"><li><span class=\"has-inline-color has-medium-gray-color\">Styremedlemmer skal ikke betale treningsavgift.<\/span><\/li><li><span class=\"has-inline-color has-medium-gray-color\">Utvekslingsstudenter eller andre studenter som kun skal spille i et semester skal betale halv treningsavgift.\u00a0<\/span><\/li><li><span class=\"has-inline-color has-medium-gray-color\">Hvis en spiller er skadet og ikke skal delta p\u00e5 verken trening eller kamp, trenger ikke spilleren \u00e5 betale treningsavgift, MEN har spilleren ambisjoner om \u00e5 delta litt eller mer over tid &#8211; betales treningsavgift.\u00a0<\/span><\/li><\/ol>\n\n\n\n<ul class=\"wp-block-list\"><li><strong>Bestille biler\/transport og\/eller overnatting til kamp<\/strong>, dersom det er n\u00f8dvendig. Se \u201c<a rel=\"noreferrer noopener\" href=\"https:\/\/ntnui.no\/handball\/bortekamper\/\" target=\"_blank\">Bortetur<\/a>\u201d for mer informasjon om hvordan dette gj\u00f8res. <\/li><li><strong>Samle inn egenandeler fra turer p\u00e5 laget, og sende til kasserer<\/strong>. Samt p\u00e5se at reiseregningene blir riktig utfylt. Link til reiseregningsskjema: <a rel=\"noreferrer noopener\" href=\"https:\/\/reise.ntnui.no\" target=\"_blank\">HER<\/a>. <\/li><li><strong>Samle inn egenandeler i forbindelse med fester og andre aktiviteter<\/strong> som er felles for hele klubben.  Gj\u00f8res for at kasserer skal f\u00e5 bedre oversikt.<\/li><li><strong>F\u00f8lge med p\u00e5 informasjon i oppmannchatten.<\/strong> Det blir opprettet en felles chat for alle oppmenn, sammen med kasserer fra styret, og du m\u00e5 f\u00f8lge med p\u00e5 informasjonen som kommer der.<\/li><\/ul>\n\n\n\n<p class=\"has-huge-font-size\"><strong>Hva f\u00e5r du som oppmann:<\/strong><\/p>\n\n\n\n<ul class=\"wp-block-list\"><li>Du f\u00e5r godkjent dugnad.<\/li><li>Et unikt innblikk hvordan en organisasjon bygd p\u00e5 dugnad fungerer.<\/li><li>Bidra positivt til laget ved \u00e5 fylle en viktig rolle.<\/li><\/ul>\n\n\n\n<p><\/p>\n","protected":false},"excerpt":{"rendered":"<p>Her vil du f\u00e5 en oversikt over hva som inneb\u00e6rer \u00e5 v\u00e6re oppmann\/oppkvinne. Hvis det er noe som er uklart, eller om du har noen sp\u00f8rsm\u00e5l, ta kontakt med din sportslige leder. Fra n\u00e5 av vil oppmann\/oppkvinne, kun bli kalt oppmann. En utfyllende versjon av oppmannsinnstruksen finner du HER. Oppmannens ansvar: Samle inn treningsavgift: Treningsavgiften [&hellip;]<\/p>\n","protected":false},"author":382,"featured_media":0,"parent":0,"menu_order":0,"comment_status":"closed","ping_status":"closed","template":"","meta":{"_coblocks_attr":"","_coblocks_dimensions":"","_coblocks_responsive_height":"","_coblocks_accordion_ie_support":"","_price":"","_stock":"","_tribe_ticket_header":"","_tribe_default_ticket_provider":"","_tribe_ticket_capacity":"0","_ticket_start_date":"","_ticket_end_date":"","_tribe_ticket_show_description":"","_tribe_ticket_show_not_going":false,"_tribe_ticket_use_global_stock":"","_tribe_ticket_global_stock_level":"","_global_stock_mode":"","_global_stock_cap":"","_tribe_rsvp_for_event":"","_tribe_ticket_going_count":"","_tribe_ticket_not_going_count":"","_tribe_tickets_list":[],"_tribe_ticket_has_attendee_info_fields":false,"_EventAllDay":false,"_EventTimezone":"","_EventStartDate":"","_EventEndDate":"","_EventStartDateUTC":"","_EventEndDateUTC":"","_EventShowMap":false,"_EventShowMapLink":false,"_EventURL":"","_EventCost":"","_EventCostDescription":"","_EventCurrencySymbol":"","_EventCurrencyPosition":"","_EventDateTimeSeparator":"","_EventTimeRangeSeparator":"","_EventOrganizerID":[],"_EventVenueID":0,"_OrganizerEmail":"","_OrganizerPhone":"","_OrganizerWebsite":"","_VenueAddress":"","_VenueCity":"","_VenueCountry":"","_VenueProvince":"","_VenueZip":"","_VenuePhone":"","_VenueURL":"","_VenueStateProvince":"","_VenueLat":"","_VenueLng":"","footnotes":""},"class_list":["post-1311","page","type-page","status-publish","hentry"],"featured_image_src":null,"featured_image_src_square":null,"_links":{"self":[{"href":"https:\/\/ntnui.no\/handball\/wp-json\/wp\/v2\/pages\/1311","targetHints":{"allow":["GET"]}}],"collection":[{"href":"https:\/\/ntnui.no\/handball\/wp-json\/wp\/v2\/pages"}],"about":[{"href":"https:\/\/ntnui.no\/handball\/wp-json\/wp\/v2\/types\/page"}],"author":[{"embeddable":true,"href":"https:\/\/ntnui.no\/handball\/wp-json\/wp\/v2\/users\/382"}],"replies":[{"embeddable":true,"href":"https:\/\/ntnui.no\/handball\/wp-json\/wp\/v2\/comments?post=1311"}],"version-history":[{"count":11,"href":"https:\/\/ntnui.no\/handball\/wp-json\/wp\/v2\/pages\/1311\/revisions"}],"predecessor-version":[{"id":1854,"href":"https:\/\/ntnui.no\/handball\/wp-json\/wp\/v2\/pages\/1311\/revisions\/1854"}],"wp:attachment":[{"href":"https:\/\/ntnui.no\/handball\/wp-json\/wp\/v2\/media?parent=1311"}],"curies":[{"name":"wp","href":"https:\/\/api.w.org\/{rel}","templated":true}]}}