{"id":1310,"date":"2022-10-25T08:26:18","date_gmt":"2022-10-25T08:26:18","guid":{"rendered":"https:\/\/ntnui.no\/handball\/?page_id=1310"},"modified":"2024-09-08T13:49:43","modified_gmt":"2024-09-08T13:49:43","slug":"bortekamper","status":"publish","type":"page","link":"https:\/\/ntnui.no\/handball\/bortekamper\/","title":{"rendered":"Borteturer"},"content":{"rendered":"\n<p>N\u00e5r vi reiser p\u00e5 bortetur er det oppmannens ansvar \u00e5 samle inn egenandelen fra spillerne. Egenandelen avgj\u00f8res av hvilke \u201ckategori\u201d borteturen er. Det er ogs\u00e5 oppmannens ansvar \u00e5 informere om hvilke retningslinjer som gjelder for NTNUI H\u00e5ndball, det oppfordres til \u00e5 f\u00e5 spillerne til \u00e5 sette seg inn i innstruksene gitt p\u00e5 nettsiden. Under f\u00f8lger retningslinjene klubben har satt for borteturer og overnatting. Sett deg ogs\u00e5 inn i v\u00e5re retningslinjer for billeie <strong><a href=\"https:\/\/ntnui.no\/handball\/regler-ved-leie-av-bil\/\">HER<\/a>.<\/strong> <\/p>\n\n\n\n<p>Egenandeler: <br>Leiebil, uten overnatting &#8211;&gt; 230kr <br>Leiebil, med overnatting &#8211;&gt; 480kr<br>Egen andel ved bruk av egen bil regnes ut med <a href=\"https:\/\/docs.google.com\/spreadsheets\/d\/1wgIZDC4aH9DMu_suml4BqOQIwJkIsp4MwxEQ1I35nIE\/edit?usp=sharing\">Reisest\u00f8ttekalkulator<\/a><\/p>\n\n\n\n<p>Vi har 3 forskjellig kategorier borteturer:<\/p>\n\n\n\n<div class=\"wp-block-buttons is-layout-flex wp-block-buttons-is-layout-flex\">\n<div class=\"wp-block-button\"><a class=\"wp-block-button__link\" href=\"https:\/\/ntnui.no\/handball\/2023\/01\/20\/bortetur-under-120-km-en-vei\/\">1. Bortetur under 120 km \u00e9n vei<\/a><\/div>\n<\/div>\n\n\n\n<div class=\"wp-block-buttons is-layout-flex wp-block-buttons-is-layout-flex\">\n<div class=\"wp-block-button\"><a class=\"wp-block-button__link\" href=\"https:\/\/ntnui.no\/handball\/bortetur-over-120-km-en-vei\/\">2. Bortetur over 120 km \u00e9n vei<\/a><\/div>\n<\/div>\n\n\n\n<div class=\"wp-block-buttons is-layout-flex wp-block-buttons-is-layout-flex\">\n<div class=\"wp-block-button\"><a class=\"wp-block-button__link\" href=\"https:\/\/ntnui.no\/handball\/bortetur-med-overnatting\/\">3. Bortetur med overnatting<\/a><\/div>\n<\/div>\n","protected":false},"excerpt":{"rendered":"<p>N\u00e5r vi reiser p\u00e5 bortetur er det oppmannens ansvar \u00e5 samle inn egenandelen fra spillerne. Egenandelen avgj\u00f8res av hvilke \u201ckategori\u201d borteturen er. Det er ogs\u00e5 oppmannens ansvar \u00e5 informere om hvilke retningslinjer som gjelder for NTNUI H\u00e5ndball, det oppfordres til \u00e5 f\u00e5 spillerne til \u00e5 sette seg inn i innstruksene gitt p\u00e5 nettsiden. Under f\u00f8lger [&hellip;]<\/p>\n","protected":false},"author":382,"featured_media":0,"parent":0,"menu_order":0,"comment_status":"closed","ping_status":"closed","template":"","meta":{"_coblocks_attr":"","_coblocks_dimensions":"","_coblocks_responsive_height":"","_coblocks_accordion_ie_support":"","_price":"","_stock":"","_tribe_ticket_header":"","_tribe_default_ticket_provider":"","_tribe_ticket_capacity":"0","_ticket_start_date":"","_ticket_end_date":"","_tribe_ticket_show_description":"","_tribe_ticket_show_not_going":false,"_tribe_ticket_use_global_stock":"","_tribe_ticket_global_stock_level":"","_global_stock_mode":"","_global_stock_cap":"","_tribe_rsvp_for_event":"","_tribe_ticket_going_count":"","_tribe_ticket_not_going_count":"","_tribe_tickets_list":[],"_tribe_ticket_has_attendee_info_fields":false,"_EventAllDay":false,"_EventTimezone":"","_EventStartDate":"","_EventEndDate":"","_EventStartDateUTC":"","_EventEndDateUTC":"","_EventShowMap":false,"_EventShowMapLink":false,"_EventURL":"","_EventCost":"","_EventCostDescription":"","_EventCurrencySymbol":"","_EventCurrencyPosition":"","_EventDateTimeSeparator":"","_EventTimeRangeSeparator":"","_EventOrganizerID":[],"_EventVenueID":0,"_OrganizerEmail":"","_OrganizerPhone":"","_OrganizerWebsite":"","_VenueAddress":"","_VenueCity":"","_VenueCountry":"","_VenueProvince":"","_VenueZip":"","_VenuePhone":"","_VenueURL":"","_VenueStateProvince":"","_VenueLat":"","_VenueLng":"","footnotes":""},"class_list":["post-1310","page","type-page","status-publish","hentry"],"featured_image_src":null,"featured_image_src_square":null,"_links":{"self":[{"href":"https:\/\/ntnui.no\/handball\/wp-json\/wp\/v2\/pages\/1310","targetHints":{"allow":["GET"]}}],"collection":[{"href":"https:\/\/ntnui.no\/handball\/wp-json\/wp\/v2\/pages"}],"about":[{"href":"https:\/\/ntnui.no\/handball\/wp-json\/wp\/v2\/types\/page"}],"author":[{"embeddable":true,"href":"https:\/\/ntnui.no\/handball\/wp-json\/wp\/v2\/users\/382"}],"replies":[{"embeddable":true,"href":"https:\/\/ntnui.no\/handball\/wp-json\/wp\/v2\/comments?post=1310"}],"version-history":[{"count":10,"href":"https:\/\/ntnui.no\/handball\/wp-json\/wp\/v2\/pages\/1310\/revisions"}],"predecessor-version":[{"id":1846,"href":"https:\/\/ntnui.no\/handball\/wp-json\/wp\/v2\/pages\/1310\/revisions\/1846"}],"wp:attachment":[{"href":"https:\/\/ntnui.no\/handball\/wp-json\/wp\/v2\/media?parent=1310"}],"curies":[{"name":"wp","href":"https:\/\/api.w.org\/{rel}","templated":true}]}}