{"id":1300,"date":"2022-10-07T07:07:04","date_gmt":"2022-10-07T07:07:04","guid":{"rendered":"https:\/\/ntnui.no\/handball\/?page_id=1300"},"modified":"2025-12-03T13:46:39","modified_gmt":"2025-12-03T13:46:39","slug":"arrangementkalender-22-23","status":"publish","type":"page","link":"https:\/\/ntnui.no\/handball\/arrangementkalender-22-23\/","title":{"rendered":"Arrangementkalender V\u00e5ren 2026"},"content":{"rendered":"\n<figure class=\"wp-block-pullquote\"><blockquote><p>Mye mer enn bare h\u00e5ndball<\/p><\/blockquote><\/figure>\n\n\n\n<figure class=\"wp-block-image size-full is-style-default\"><img loading=\"lazy\" decoding=\"async\" width=\"1920\" height=\"1080\" src=\"https:\/\/ntnui.no\/handball\/wp-content\/uploads\/sites\/259\/2025\/12\/Copy-of-Your-paragraph-text-2.png\" alt=\"\" class=\"wp-image-2113\" \/><\/figure>\n\n\n\n<p class=\"has-text-align-left\">Noe av det beste med klubben v\u00e5r er at vi liker \u00e5 m\u00f8tes ogs\u00e5 utenom treninger og kamper. Dermed har Arrkom lagt ned mye innsats i \u00e5 lage varierte arrangementer for alle og enhver. Det vil oppfordres p\u00e5 det sterkeste \u00e5 delta p\u00e5 disse arrangementene, ettersom det skaper et samhold som viser seg b\u00e5de p\u00e5 trening og kamp. NTNUI har skapt vennskap for livet i alle \u00e5r, og selv om h\u00e5ndballen er viktig for oss, setter vi det sosiale like h\u00f8yt.<\/p>\n","protected":false},"excerpt":{"rendered":"<p>Mye mer enn bare h\u00e5ndball Noe av det beste med klubben v\u00e5r er at vi liker \u00e5 m\u00f8tes ogs\u00e5 utenom treninger og kamper. Dermed har Arrkom lagt ned mye innsats i \u00e5 lage varierte arrangementer for alle og enhver. Det vil oppfordres p\u00e5 det sterkeste \u00e5 delta p\u00e5 disse arrangementene, ettersom det skaper et samhold [&hellip;]<\/p>\n","protected":false},"author":382,"featured_media":0,"parent":0,"menu_order":0,"comment_status":"closed","ping_status":"closed","template":"","meta":{"_coblocks_attr":"","_coblocks_dimensions":"","_coblocks_responsive_height":"","_coblocks_accordion_ie_support":"","_price":"","_stock":"","_tribe_ticket_header":"","_tribe_default_ticket_provider":"","_tribe_ticket_capacity":"0","_ticket_start_date":"","_ticket_end_date":"","_tribe_ticket_show_description":"","_tribe_ticket_show_not_going":false,"_tribe_ticket_use_global_stock":"","_tribe_ticket_global_stock_level":"","_global_stock_mode":"","_global_stock_cap":"","_tribe_rsvp_for_event":"","_tribe_ticket_going_count":"","_tribe_ticket_not_going_count":"","_tribe_tickets_list":[],"_tribe_ticket_has_attendee_info_fields":false,"_EventAllDay":false,"_EventTimezone":"","_EventStartDate":"","_EventEndDate":"","_EventStartDateUTC":"","_EventEndDateUTC":"","_EventShowMap":false,"_EventShowMapLink":false,"_EventURL":"","_EventCost":"","_EventCostDescription":"","_EventCurrencySymbol":"","_EventCurrencyPosition":"","_EventDateTimeSeparator":"","_EventTimeRangeSeparator":"","_EventOrganizerID":[],"_EventVenueID":0,"_OrganizerEmail":"","_OrganizerPhone":"","_OrganizerWebsite":"","_VenueAddress":"","_VenueCity":"","_VenueCountry":"","_VenueProvince":"","_VenueZip":"","_VenuePhone":"","_VenueURL":"","_VenueStateProvince":"","_VenueLat":"","_VenueLng":"","footnotes":""},"class_list":["post-1300","page","type-page","status-publish","hentry"],"featured_image_src":null,"featured_image_src_square":null,"_links":{"self":[{"href":"https:\/\/ntnui.no\/handball\/wp-json\/wp\/v2\/pages\/1300","targetHints":{"allow":["GET"]}}],"collection":[{"href":"https:\/\/ntnui.no\/handball\/wp-json\/wp\/v2\/pages"}],"about":[{"href":"https:\/\/ntnui.no\/handball\/wp-json\/wp\/v2\/types\/page"}],"author":[{"embeddable":true,"href":"https:\/\/ntnui.no\/handball\/wp-json\/wp\/v2\/users\/382"}],"replies":[{"embeddable":true,"href":"https:\/\/ntnui.no\/handball\/wp-json\/wp\/v2\/comments?post=1300"}],"version-history":[{"count":8,"href":"https:\/\/ntnui.no\/handball\/wp-json\/wp\/v2\/pages\/1300\/revisions"}],"predecessor-version":[{"id":2114,"href":"https:\/\/ntnui.no\/handball\/wp-json\/wp\/v2\/pages\/1300\/revisions\/2114"}],"wp:attachment":[{"href":"https:\/\/ntnui.no\/handball\/wp-json\/wp\/v2\/media?parent=1300"}],"curies":[{"name":"wp","href":"https:\/\/api.w.org\/{rel}","templated":true}]}}