{"id":108,"date":"2019-03-28T14:01:42","date_gmt":"2019-03-28T14:01:42","guid":{"rendered":"https:\/\/ntnui.no\/handball-ny\/?page_id=108"},"modified":"2026-02-16T21:36:23","modified_gmt":"2026-02-16T21:36:23","slug":"h1","status":"publish","type":"page","link":"https:\/\/ntnui.no\/handball\/h1\/","title":{"rendered":"H1"},"content":{"rendered":"\n<p>Laget rykket opp til 2. divisjon forrige sesong (24\/25). Her er det t\u00f8ffe treninger og t\u00f8ffe lag vi m\u00f8ter i serien. Det er h\u00f8yt tempo, og spillerne m\u00e5 beherske gode h\u00e5ndballkunnskaper og m\u00e5 vise mye spilleforst\u00e5else. Det forventes at spillerne prioriterer oppm\u00f8te p\u00e5 trening og kamp fremfor andre aktiviteter utenfor studiet. <br>Treninger i uka: 3 + kamp i helgene.<\/p>\n\n\n\n<p><strong>Trener:<\/strong> Nicholas Scheel og Sofie Thoresen<br><strong>Sportslig leder:&nbsp;<\/strong>Ola Amundsen Grue<br><strong>Divisjon:&nbsp;<\/strong>2. Div<br><\/p>\n","protected":false},"excerpt":{"rendered":"<p>Laget rykket opp til 2. divisjon forrige sesong (24\/25). Her er det t\u00f8ffe treninger og t\u00f8ffe lag vi m\u00f8ter i serien. Det er h\u00f8yt tempo, og spillerne m\u00e5 beherske gode h\u00e5ndballkunnskaper og m\u00e5 vise mye spilleforst\u00e5else. Det forventes at spillerne prioriterer oppm\u00f8te p\u00e5 trening og kamp fremfor andre aktiviteter utenfor studiet. Treninger i uka: 3 [&hellip;]<\/p>\n","protected":false},"author":114,"featured_media":0,"parent":0,"menu_order":0,"comment_status":"closed","ping_status":"closed","template":"","meta":{"_coblocks_attr":"","_coblocks_dimensions":"","_coblocks_responsive_height":"","_coblocks_accordion_ie_support":"","_price":"","_stock":"","_tribe_ticket_header":"","_tribe_default_ticket_provider":"","_tribe_ticket_capacity":"0","_ticket_start_date":"","_ticket_end_date":"","_tribe_ticket_show_description":"","_tribe_ticket_show_not_going":false,"_tribe_ticket_use_global_stock":"","_tribe_ticket_global_stock_level":"","_global_stock_mode":"","_global_stock_cap":"","_tribe_rsvp_for_event":"","_tribe_ticket_going_count":"","_tribe_ticket_not_going_count":"","_tribe_tickets_list":[],"_tribe_ticket_has_attendee_info_fields":false,"_EventAllDay":false,"_EventTimezone":"","_EventStartDate":"","_EventEndDate":"","_EventStartDateUTC":"","_EventEndDateUTC":"","_EventShowMap":false,"_EventShowMapLink":false,"_EventURL":"","_EventCost":"","_EventCostDescription":"","_EventCurrencySymbol":"","_EventCurrencyPosition":"","_EventDateTimeSeparator":"","_EventTimeRangeSeparator":"","_EventOrganizerID":[],"_EventVenueID":0,"_OrganizerEmail":"","_OrganizerPhone":"","_OrganizerWebsite":"","_VenueAddress":"","_VenueCity":"","_VenueCountry":"","_VenueProvince":"","_VenueZip":"","_VenuePhone":"","_VenueURL":"","_VenueStateProvince":"","_VenueLat":"","_VenueLng":"","footnotes":""},"class_list":["post-108","page","type-page","status-publish","hentry"],"featured_image_src":null,"featured_image_src_square":null,"_links":{"self":[{"href":"https:\/\/ntnui.no\/handball\/wp-json\/wp\/v2\/pages\/108","targetHints":{"allow":["GET"]}}],"collection":[{"href":"https:\/\/ntnui.no\/handball\/wp-json\/wp\/v2\/pages"}],"about":[{"href":"https:\/\/ntnui.no\/handball\/wp-json\/wp\/v2\/types\/page"}],"author":[{"embeddable":true,"href":"https:\/\/ntnui.no\/handball\/wp-json\/wp\/v2\/users\/114"}],"replies":[{"embeddable":true,"href":"https:\/\/ntnui.no\/handball\/wp-json\/wp\/v2\/comments?post=108"}],"version-history":[{"count":14,"href":"https:\/\/ntnui.no\/handball\/wp-json\/wp\/v2\/pages\/108\/revisions"}],"predecessor-version":[{"id":2150,"href":"https:\/\/ntnui.no\/handball\/wp-json\/wp\/v2\/pages\/108\/revisions\/2150"}],"wp:attachment":[{"href":"https:\/\/ntnui.no\/handball\/wp-json\/wp\/v2\/media?parent=108"}],"curies":[{"name":"wp","href":"https:\/\/api.w.org\/{rel}","templated":true}]}}