{"id":1042,"date":"2022-01-09T15:04:02","date_gmt":"2022-01-09T15:04:02","guid":{"rendered":"https:\/\/ntnui.no\/handball\/?page_id=1042"},"modified":"2026-02-16T14:51:42","modified_gmt":"2026-02-16T14:51:42","slug":"faq","status":"publish","type":"page","link":"https:\/\/ntnui.no\/handball\/faq\/","title":{"rendered":"FAQ"},"content":{"rendered":"\n<p>Her ligger de vanligste sp\u00f8rsm\u00e5lene vi f\u00e5r om NTNUI H\u00e5ndball. Trykk p\u00e5 de sp\u00f8rsm\u00e5lene DU vil ha svaret p\u00e5!<\/p>\n\n\n\n<div class=\"wp-block-coblocks-faq\">\n\n<details class=\"wp-block-coblocks-faq-item\"><summary class=\"wp-block-coblocks-faq-item__question\"><div class=\"wp-block-coblocks-faq-item__question__content\"><strong>Hvem kan bli med i NTNUI H\u00e5ndball?<\/strong><\/div><\/summary><div class=\"wp-block-coblocks-faq-item__answer\"><div>\n\n<p>\u00a0<strong>Svar:<\/strong> Alle studenter ved NTNU eller personer som p\u00e5 spesielt grunnlag innvilges dispensasjon. Dispensasjon innvilges bare p\u00e5 de h\u00f8yeste niv\u00e5ene, og selv da relativt sjeldent.<\/p>\n\n<\/div><\/div><\/details>\n\n\n<details class=\"wp-block-coblocks-faq-item\"><summary class=\"wp-block-coblocks-faq-item__question\"><div class=\"wp-block-coblocks-faq-item__question__content\"><strong>Hvordan blir jeg med i NTNUI H\u00e5ndball?<\/strong><\/div><\/summary><div class=\"wp-block-coblocks-faq-item__answer\"><div>\n\n<p>\u00a0<strong>Svar:<\/strong> Du m\u00e5 m\u00f8te p\u00e5 uttak i august, og kan da f\u00e5 plass p\u00e5 ett av v\u00e5re elleve lag. Vi tar ogs\u00e5 inn spillere fortl\u00f8pende om det er plass p\u00e5 lagene, men det er som oftest fult. Hver sesong er det noen vi dessverre ikke har plass til og til de anbefaler vi \u00e5 v\u00e6re med p\u00e5 mosjons\u00f8ktene vi har p\u00e5 onsdager. Merk: det vil sjeldent v\u00e6re mulig \u00e5 bli med p\u00e5 lag etter uttaksperioden. Uttaksperioden for sesongen er i august, i begynnelsen av h\u00f8stsemesteret, og kun da. Les mer om uttak <a href=\"https:\/\/ntnui.no\/handball\/uttakstreninger\/\">HER<\/a>.<\/p>\n\n<\/div><\/div><\/details>\n\n\n<details class=\"wp-block-coblocks-faq-item\"><summary class=\"wp-block-coblocks-faq-item__question\"><div class=\"wp-block-coblocks-faq-item__question__content\"><strong>Hvem tar ut lagene?<\/strong><\/div><\/summary><div class=\"wp-block-coblocks-faq-item__answer\"><div>\n\n<p><strong>Svar:<\/strong> Alle lagene har trenere, og det er de som tar ut lagene.\u00a0<\/p>\n\n<\/div><\/div><\/details>\n\n\n<details class=\"wp-block-coblocks-faq-item\"><summary class=\"wp-block-coblocks-faq-item__question\"><div class=\"wp-block-coblocks-faq-item__question__content\"><strong>Hva koster det \u00e5 v\u00e6re med?<\/strong><\/div><\/summary><div class=\"wp-block-coblocks-faq-item__answer\"><div>\n\n<p><strong>Svar:<\/strong> Du m\u00e5 betale SiT-medlemskap, lisens, treningsavgift og reiseutgifter, samt delta p\u00e5 dugnad. Les om plikter for spillere og priser <a href=\"https:\/\/ntnui.no\/handball\/info\/spillerrollen\/\">HER<\/a>.<\/p>\n\n<\/div><\/div><\/details>\n\n\n<details class=\"wp-block-coblocks-faq-item\"><summary class=\"wp-block-coblocks-faq-item__question\"><div class=\"wp-block-coblocks-faq-item__question__content\">Hva er mosjon?<\/div><\/summary><div class=\"wp-block-coblocks-faq-item__answer\"><div>\n\n<p><strong>Svar:<\/strong> Vi arrangerer mosjons\u00f8kter p\u00e5 Idrettsbygget Gl\u00f8shaugen hver onsdag klokka 15:00. Alle med SiT-medlemskap kan delta. Les mer om mosjon <a href=\"https:\/\/ntnui.no\/handball\/mosjonstilbud\/\">HER<\/a>.<\/p>\n\n<\/div><\/div><\/details>\n\n\n<details class=\"wp-block-coblocks-faq-item\"><summary class=\"wp-block-coblocks-faq-item__question\"><div class=\"wp-block-coblocks-faq-item__question__content\"><strong>Er det dugnad?<\/strong><\/div><\/summary><div class=\"wp-block-coblocks-faq-item__answer\"><div>\n\n<p><strong>Svar:<\/strong> Ja. Alle spillere skal ha ca. 15 dugnadstimer i l\u00f8pet av sesongen. Noen roller eller stillinger slipper dugnad, da disse bidrar til driften av klubben. Dette er styremedlemmer, trenere, dommere, arrkom og oppmenn\/oppdamer.\u00a0Les om dugnader <a href=\"https:\/\/ntnui.no\/handball\/dugnader\/\">HER<\/a>.<\/p>\n\n<\/div><\/div><\/details>\n\n\n<details class=\"wp-block-coblocks-faq-item\"><summary class=\"wp-block-coblocks-faq-item__question\"><div class=\"wp-block-coblocks-faq-item__question__content\"><strong>Hvordan betales lisensen?<\/strong><\/div><\/summary><div class=\"wp-block-coblocks-faq-item__answer\"><div>\n\n<p><strong>Svar:<\/strong> H\u00e5ndballlisensen betales p\u00e5 MinIdrett.<\/p>\n\n<\/div><\/div><\/details>\n\n\n<details class=\"wp-block-coblocks-faq-item\"><summary class=\"wp-block-coblocks-faq-item__question\"><div class=\"wp-block-coblocks-faq-item__question__content\"><strong>M\u00e5 alle betale lisens?<\/strong><\/div><\/summary><div class=\"wp-block-coblocks-faq-item__answer\"><div>\n\n<p><strong>Svar:<\/strong> Ja. Alle m\u00e5 betale lisens, ogs\u00e5 om en bare skal trene (merk: gjelder ikke mosjonstilbudet).<\/p>\n\n<\/div><\/div><\/details>\n\n\n<details class=\"wp-block-coblocks-faq-item\"><summary class=\"wp-block-coblocks-faq-item__question\"><div class=\"wp-block-coblocks-faq-item__question__content\"><strong>Hvor ofte er det trening?<\/strong><\/div><\/summary><div class=\"wp-block-coblocks-faq-item__answer\"><div>\n\n<p><strong>Svar:<\/strong> Alle lag har i utgangspunktet tre treninger i uken, der de deler hall med et annet lag. Noen lag velger \u00e5 ha en trening i hel hall annenhver uke og f\u00e5r da annenhver uke 2 og 3 treninger.<\/p>\n\n<\/div><\/div><\/details>\n\n\n<details class=\"wp-block-coblocks-faq-item\"><summary class=\"wp-block-coblocks-faq-item__question\"><div class=\"wp-block-coblocks-faq-item__question__content\"><strong>Hvor ofte er det kamp?<\/strong><\/div><\/summary><div class=\"wp-block-coblocks-faq-item__answer\"><div>\n\n<p><strong>Svar:<\/strong> Det er som regel en kamp hver eller annenhver helg. Sesongen starter i midten av september og slutter som regel f\u00f8r p\u00e5ske, med ingen kamper i desember og i starten av januar.<\/p>\n\n<\/div><\/div><\/details>\n\n\n<details class=\"wp-block-coblocks-faq-item\"><summary class=\"wp-block-coblocks-faq-item__question\"><div class=\"wp-block-coblocks-faq-item__question__content\"><strong>Hvordan melder jeg meg p\u00e5 mosjonstrening? <\/strong><\/div><\/summary><div class=\"wp-block-coblocks-faq-item__answer\"><div>\n\n<p><strong>Svar:<\/strong> <a href=\"https:\/\/www.sit.no\/trening\/booking?location=trondheim&amp;p=group_trening\">HER<\/a><\/p>\n\n<\/div><\/div><\/details>\n\n\n<details class=\"wp-block-coblocks-faq-item\"><summary class=\"wp-block-coblocks-faq-item__question\"><div class=\"wp-block-coblocks-faq-item__question__content\"><strong>Jeg meldte meg p\u00e5 uttakstrening, men har ikke f\u00e5tt noen invitasjon?<\/strong><\/div><\/summary><div class=\"wp-block-coblocks-faq-item__answer\"><div>\n\n<p><strong>Svar:<\/strong> V\u00e6r t\u00e5lmodig. Vi har ikke mulighet til \u00e5 invitere alle p\u00e5 en gang, men vi gj\u00f8r v\u00e5rt beste for \u00e5 ta ut relevante spillere i l\u00f8pet av uttaksperioden. Det vil dessverre ikke v\u00e6re plass til alle p\u00e5 uttakstrening da vi alltid har mange flere som vil spille enn vi har plass til.<\/p>\n\n<\/div><\/div><\/details>\n\n\n<details class=\"wp-block-coblocks-faq-item\"><summary class=\"wp-block-coblocks-faq-item__question\"><div class=\"wp-block-coblocks-faq-item__question__content\">Jeg glemte \u00e5 bli med p\u00e5 uttakstreningene i august, kan jeg fortsatt bli med?<\/div><\/summary><div class=\"wp-block-coblocks-faq-item__answer\"><div>\n\n<p><strong>Svar:<\/strong> Som hovedregel er svaret dessverre nei, du m\u00e5 vente til neste sesong og bli med p\u00e5 uttakstreningene. Unntaket er hvis vi har frafall og ledige plasser, men det er sjeldent tilfelle. <\/p>\n\n<\/div><\/div><\/details>\n\n\n<details class=\"wp-block-coblocks-faq-item\"><summary class=\"wp-block-coblocks-faq-item__question\"><div class=\"wp-block-coblocks-faq-item__question__content\">Jeg vil gjerne bli med p\u00e5 fadderuka, men uttaksperioden krasjer. <\/div><\/summary><div class=\"wp-block-coblocks-faq-item__answer\"><div>\n\n<p><strong>Svar<\/strong>: Det gjelder veldig mange av spillerne v\u00e5re, men hvis du \u00f8nsker \u00e5 spille med oss m\u00e5 du bli med p\u00e5 uttakstreninger. Det g\u00e5r an \u00e5 kombinere treninger og fadderuke, da man kan rekke begge deler. <\/p>\n\n<\/div><\/div><\/details>\n\n<\/div>\n\n\n\n<p><\/p>\n\n\n\n<h3 class=\"wp-block-heading\">KONTAKT<\/h3>\n\n\n\n<p><\/p>\n\n\n\n<p>Hvis du ikke har f\u00e5tt svar p\u00e5 sp\u00f8rsm\u00e5lene dine over, kan du gjerne sende oss en mail. Under er en oversikt over hvilket sp\u00f8rsm\u00e5l som skal til hvilken adresse.&nbsp;<\/p>\n\n\n\n<p>Sp\u00f8rsm\u00e5l om administrative ting &#8211; <a href=\"mailto:handball-leder@ntnui.no\">handball-leder@ntnui.no<\/a>&nbsp;<\/p>\n\n\n\n<p>Sp\u00f8rsm\u00e5l om uttakstreninger , halltid, treningstider, trener, trenerkurs, dommerkurs eller sportslige sp\u00f8rsm\u00e5l &#8211; <a href=\"mailto:handball-nestleder@ntnui.no\">handball-nestleder@ntnui.no<\/a>&nbsp;<\/p>\n\n\n\n<p>Sp\u00f8rsm\u00e5l som omhandler de forskjellige lagene og lisens &#8211;&nbsp;<\/p>\n\n\n\n<ul class=\"wp-block-list\">\n<li>D1,D2 og D3 &#8211; <a href=\"mailto:handball-spl-dame@ntnui.no\">handball-spl-dame@ntnui.no<\/a>&nbsp;<\/li>\n\n\n\n<li>D4,D5,D6 og D7 &#8211; <a href=\"mailto:handball-spl-damebredde@ntnui.no\">handball-spl-damebredde@ntnui.no<\/a><\/li>\n\n\n\n<li>H1,H2,H3 og H4 &#8211; <a href=\"mailto:handball-spl-herrer@ntnui.no\">handball-spl-herrer@ntnui.no<\/a>&nbsp;<\/li>\n<\/ul>\n\n\n\n<p>Sp\u00f8rsm\u00e5l om nettsiden eller kontoer i sosiale media &#8211; <a href=\"mailto:handball-kommunikasjon@ntnui.no\">handball-kommunikasjon@ntnui.no<\/a>&nbsp;<\/p>\n\n\n\n<p>Sp\u00f8rsm\u00e5l om reiseregninger og reisest\u00f8tte \u2013 <a href=\"mailto:handball-kasserer@ntnui.no\">handball-kasserer@ntnui.no<\/a><\/p>\n\n\n\n<p>Sp\u00f8rsm\u00e5l om dugnader &#8211; <a href=\"mailto:handball-dugnad@ntnui.no\">handball-dugnad@ntnui.no<\/a><\/p>\n\n\n\n<p>Sp\u00f8rsm\u00e5l om arrangementer og sosiale hendelser &#8211; <a href=\"mailto:handball-arrangement@ntnui.no\">handball-arrangement@ntnui.no<\/a><\/p>\n","protected":false},"excerpt":{"rendered":"<p>Her ligger de vanligste sp\u00f8rsm\u00e5lene vi f\u00e5r om NTNUI H\u00e5ndball. Trykk p\u00e5 de sp\u00f8rsm\u00e5lene DU vil ha svaret p\u00e5! KONTAKT Hvis du ikke har f\u00e5tt svar p\u00e5 sp\u00f8rsm\u00e5lene dine over, kan du gjerne sende oss en mail. Under er en oversikt over hvilket sp\u00f8rsm\u00e5l som skal til hvilken adresse.&nbsp; Sp\u00f8rsm\u00e5l om administrative ting &#8211; handball-leder@ntnui.no&nbsp; [&hellip;]<\/p>\n","protected":false},"author":182,"featured_media":0,"parent":0,"menu_order":0,"comment_status":"closed","ping_status":"closed","template":"","meta":{"_coblocks_attr":"","_coblocks_dimensions":"","_coblocks_responsive_height":"","_coblocks_accordion_ie_support":"","_price":"","_stock":"","_tribe_ticket_header":"","_tribe_default_ticket_provider":"","_tribe_ticket_capacity":"0","_ticket_start_date":"","_ticket_end_date":"","_tribe_ticket_show_description":"","_tribe_ticket_show_not_going":false,"_tribe_ticket_use_global_stock":"","_tribe_ticket_global_stock_level":"","_global_stock_mode":"","_global_stock_cap":"","_tribe_rsvp_for_event":"","_tribe_ticket_going_count":"","_tribe_ticket_not_going_count":"","_tribe_tickets_list":[],"_tribe_ticket_has_attendee_info_fields":false,"_EventAllDay":false,"_EventTimezone":"","_EventStartDate":"","_EventEndDate":"","_EventStartDateUTC":"","_EventEndDateUTC":"","_EventShowMap":false,"_EventShowMapLink":false,"_EventURL":"","_EventCost":"","_EventCostDescription":"","_EventCurrencySymbol":"","_EventCurrencyPosition":"","_EventDateTimeSeparator":"","_EventTimeRangeSeparator":"","_EventOrganizerID":[],"_EventVenueID":0,"_OrganizerEmail":"","_OrganizerPhone":"","_OrganizerWebsite":"","_VenueAddress":"","_VenueCity":"","_VenueCountry":"","_VenueProvince":"","_VenueZip":"","_VenuePhone":"","_VenueURL":"","_VenueStateProvince":"","_VenueLat":"","_VenueLng":"","footnotes":""},"class_list":["post-1042","page","type-page","status-publish","hentry"],"featured_image_src":null,"featured_image_src_square":null,"_links":{"self":[{"href":"https:\/\/ntnui.no\/handball\/wp-json\/wp\/v2\/pages\/1042","targetHints":{"allow":["GET"]}}],"collection":[{"href":"https:\/\/ntnui.no\/handball\/wp-json\/wp\/v2\/pages"}],"about":[{"href":"https:\/\/ntnui.no\/handball\/wp-json\/wp\/v2\/types\/page"}],"author":[{"embeddable":true,"href":"https:\/\/ntnui.no\/handball\/wp-json\/wp\/v2\/users\/182"}],"replies":[{"embeddable":true,"href":"https:\/\/ntnui.no\/handball\/wp-json\/wp\/v2\/comments?post=1042"}],"version-history":[{"count":9,"href":"https:\/\/ntnui.no\/handball\/wp-json\/wp\/v2\/pages\/1042\/revisions"}],"predecessor-version":[{"id":2148,"href":"https:\/\/ntnui.no\/handball\/wp-json\/wp\/v2\/pages\/1042\/revisions\/2148"}],"wp:attachment":[{"href":"https:\/\/ntnui.no\/handball\/wp-json\/wp\/v2\/media?parent=1042"}],"curies":[{"name":"wp","href":"https:\/\/api.w.org\/{rel}","templated":true}]}}