{"id":1352,"date":"2018-09-30T14:18:43","date_gmt":"2018-09-30T12:18:43","guid":{"rendered":"https:\/\/ntnui.no\/golf\/?page_id=1352"},"modified":"2021-03-16T19:18:13","modified_gmt":"2021-03-16T18:18:13","slug":"about-us","status":"publish","type":"page","link":"https:\/\/ntnui.no\/golf\/about-us\/","title":{"rendered":"About us"},"content":{"rendered":"\n<h2 class=\"wp-block-heading\">Training<\/h2>\n\n\n\n<div class=\"wp-block-media-text alignwide has-media-on-the-right is-stacked-on-mobile\"><figure class=\"wp-block-media-text__media\"><img loading=\"lazy\" decoding=\"async\" width=\"1024\" height=\"768\" src=\"https:\/\/ntnui.no\/golf\/wp-content\/uploads\/sites\/182\/2018\/10\/IMG_0017-1024x768.jpg\" alt=\"\" class=\"wp-image-1512\" srcset=\"https:\/\/ntnui.no\/golf\/wp-content\/uploads\/sites\/182\/2018\/10\/IMG_0017-1024x768.jpg 1024w, https:\/\/ntnui.no\/golf\/wp-content\/uploads\/sites\/182\/2018\/10\/IMG_0017-300x225.jpg 300w, https:\/\/ntnui.no\/golf\/wp-content\/uploads\/sites\/182\/2018\/10\/IMG_0017-768x576.jpg 768w, https:\/\/ntnui.no\/golf\/wp-content\/uploads\/sites\/182\/2018\/10\/IMG_0017-600x450.jpg 600w\" sizes=\"auto, (max-width: 1024px) 100vw, 1024px\" \/><\/figure><div class=\"wp-block-media-text__content\">\n<p class=\"has-large-font-size\"><strong>Summer<\/strong><\/p>\n\n\n\n<p>Training is every Friday 17-19 at Trondheim Par3 Golf. Tee-of at 17:00. Registration is through webshop.<\/p>\n\n\n\n<div class=\"wp-block-buttons is-layout-flex wp-block-buttons-is-layout-flex\">\n<div class=\"wp-block-button\"><a class=\"wp-block-button__link\" href=\"https:\/\/trondheimpar3golf.no\/index.html\">Trondheim Par3 Havstein<\/a><\/div>\n<\/div>\n<\/div><\/div>\n\n\n\n<div class=\"wp-block-media-text alignwide has-media-on-the-right is-stacked-on-mobile\"><figure class=\"wp-block-media-text__media\"><img loading=\"lazy\" decoding=\"async\" width=\"736\" height=\"491\" src=\"https:\/\/ntnui.no\/golf\/wp-content\/uploads\/sites\/182\/2019\/10\/trondheim-golfsenter-range.jpg\" alt=\"\" class=\"wp-image-1886\" srcset=\"https:\/\/ntnui.no\/golf\/wp-content\/uploads\/sites\/182\/2019\/10\/trondheim-golfsenter-range.jpg 736w, https:\/\/ntnui.no\/golf\/wp-content\/uploads\/sites\/182\/2019\/10\/trondheim-golfsenter-range-300x200.jpg 300w, https:\/\/ntnui.no\/golf\/wp-content\/uploads\/sites\/182\/2019\/10\/trondheim-golfsenter-range-600x400.jpg 600w\" sizes=\"auto, (max-width: 736px) 100vw, 736px\" \/><\/figure><div class=\"wp-block-media-text__content\">\n<p><strong>Winter<\/strong><\/p>\n\n\n\n<p>In winter the training happens indoors every Friday 17-19 at Trondheim Golfsenter. We have six GCQuad Range cameras available from 16-17. Registration is through webshop.<\/p>\n\n\n\n<div class=\"wp-block-buttons is-layout-flex wp-block-buttons-is-layout-flex\">\n<div class=\"wp-block-button\"><a class=\"wp-block-button__link\" href=\"https:\/\/trondheim.golf\/forside\">Trondheim Golfsenter<\/a><\/div>\n<\/div>\n<\/div><\/div>\n\n\n\n<h2 class=\"wp-block-heading\">Tournaments<\/h2>\n\n\n\n<div class=\"wp-block-media-text alignwide is-stacked-on-mobile\"><figure class=\"wp-block-media-text__media\"><img loading=\"lazy\" decoding=\"async\" width=\"1024\" height=\"768\" src=\"https:\/\/ntnui.no\/golf\/wp-content\/uploads\/sites\/182\/2018\/10\/IMG_0646-1024x768.jpg\" alt=\"\" class=\"wp-image-1505\" srcset=\"https:\/\/ntnui.no\/golf\/wp-content\/uploads\/sites\/182\/2018\/10\/IMG_0646-1024x768.jpg 1024w, https:\/\/ntnui.no\/golf\/wp-content\/uploads\/sites\/182\/2018\/10\/IMG_0646-300x225.jpg 300w, https:\/\/ntnui.no\/golf\/wp-content\/uploads\/sites\/182\/2018\/10\/IMG_0646-768x576.jpg 768w, https:\/\/ntnui.no\/golf\/wp-content\/uploads\/sites\/182\/2018\/10\/IMG_0646-600x450.jpg 600w\" sizes=\"auto, (max-width: 1024px) 100vw, 1024px\" \/><\/figure><div class=\"wp-block-media-text__content\">\n<p class=\"has-large-font-size\">Team tournaments and club championships are organized in September \/ October at Trondheim Golf Course. In addition, an indoor championship happens in February at Trondheim Golfsenter. Registration will be announced.<\/p>\n<\/div><\/div>\n\n\n\n<h2 class=\"wp-block-heading\">The group&#8217;s board<\/h2>\n\n\n\n<p>President: <a href=\"otto.sjohagen@ntnui.no\">Otto Bonsaksen Sj\u00f8hagen<\/a><\/p>\n\n\n\n<p>Deputy: Ida Angell Veglo Kl\u00e6stad <\/p>\n\n\n\n<p>Cashier: Halvor T\u00f8fte Johansen<\/p>\n\n\n\n<p>Member: Kristian Eyde Grythe<\/p>\n\n\n","protected":false},"excerpt":{"rendered":"<p>Training Tournaments Team tournaments and club championships are organized in September \/ October at Trondheim Golf Course. In addition, an indoor championship happens in February at Trondheim Golfsenter. Registration will be announced. The group&#8217;s board President: Otto Bonsaksen Sj\u00f8hagen Deputy: Ida Angell Veglo Kl\u00e6stad Cashier: Halvor T\u00f8fte Johansen Member: Kristian Eyde Grythe<\/p>\n","protected":false},"author":67,"featured_media":0,"parent":0,"menu_order":0,"comment_status":"closed","ping_status":"closed","template":"","meta":{"_coblocks_attr":"","_coblocks_dimensions":"","_coblocks_responsive_height":"","_coblocks_accordion_ie_support":"","_price":"","_stock":"","_tribe_ticket_header":"","_tribe_default_ticket_provider":"","_tribe_ticket_capacity":"0","_ticket_start_date":"","_ticket_end_date":"","_tribe_ticket_show_description":"","_tribe_ticket_show_not_going":false,"_tribe_ticket_use_global_stock":"","_tribe_ticket_global_stock_level":"","_global_stock_mode":"","_global_stock_cap":"","_tribe_rsvp_for_event":"","_tribe_ticket_going_count":"","_tribe_ticket_not_going_count":"","_tribe_tickets_list":[],"_tribe_ticket_has_attendee_info_fields":false,"footnotes":""},"class_list":["post-1352","page","type-page","status-publish","hentry"],"featured_image_src":null,"featured_image_src_square":null,"jetpack_sharing_enabled":true,"_links":{"self":[{"href":"https:\/\/ntnui.no\/golf\/wp-json\/wp\/v2\/pages\/1352","targetHints":{"allow":["GET"]}}],"collection":[{"href":"https:\/\/ntnui.no\/golf\/wp-json\/wp\/v2\/pages"}],"about":[{"href":"https:\/\/ntnui.no\/golf\/wp-json\/wp\/v2\/types\/page"}],"author":[{"embeddable":true,"href":"https:\/\/ntnui.no\/golf\/wp-json\/wp\/v2\/users\/67"}],"replies":[{"embeddable":true,"href":"https:\/\/ntnui.no\/golf\/wp-json\/wp\/v2\/comments?post=1352"}],"version-history":[{"count":5,"href":"https:\/\/ntnui.no\/golf\/wp-json\/wp\/v2\/pages\/1352\/revisions"}],"predecessor-version":[{"id":2443,"href":"https:\/\/ntnui.no\/golf\/wp-json\/wp\/v2\/pages\/1352\/revisions\/2443"}],"wp:attachment":[{"href":"https:\/\/ntnui.no\/golf\/wp-json\/wp\/v2\/media?parent=1352"}],"curies":[{"name":"wp","href":"https:\/\/api.w.org\/{rel}","templated":true}]}}