{"id":1193,"date":"2018-09-26T18:14:41","date_gmt":"2018-09-26T16:14:41","guid":{"rendered":"https:\/\/ntnui.no\/golf\/?page_id=1193"},"modified":"2022-08-18T11:10:27","modified_gmt":"2022-08-18T09:10:27","slug":"om-oss","status":"publish","type":"page","link":"https:\/\/ntnui.no\/golf\/om-oss\/","title":{"rendered":"Om oss"},"content":{"rendered":"\n<h2 class=\"wp-block-heading\">Styret<\/h2>\n\n\n\n<p><strong>Leder:<\/strong> Otto Bonsaksen Sj\u00f8hagen (<a href=\"mailto:golf-leder@ntnui.no\"> <\/a><a href=\"mailto:otto.sjohagen@ntnui.no\">otto.sjohagen@ntnui.no<\/a> )<\/p>\n\n\n\n<p><strong>Nestleder:<\/strong> Ida Angell Veglo Kl\u00e6stad ( <a href=\"mailto:ida.klaestad@ntnui.no\">ida.klaestad@ntnui.no<\/a> )<\/p>\n\n\n\n<p><strong>Kasserer:<\/strong> Halvor T\u00f8fte Johnsen ( <a href=\"mailto:halvor.johnsen@ntnui.no\">halvor.johnsen@ntnui.no<\/a> )<\/p>\n\n\n\n<p><strong>Styremedlem:<\/strong> Ole Marius Smiseth Inderhaug ( <a href=\"mailto:ole.inderhaug@ntnui.no\">ole.inderhaug@ntnui.no<\/a> )<\/p>\n\n\n\n<h2 class=\"wp-block-heading\">Treninger<\/h2>\n\n\n\n<div class=\"wp-block-media-text alignwide has-media-on-the-right is-stacked-on-mobile\"><figure class=\"wp-block-media-text__media\"><img loading=\"lazy\" decoding=\"async\" width=\"1024\" height=\"768\" src=\"https:\/\/ntnui.no\/golf\/wp-content\/uploads\/sites\/182\/2018\/10\/IMG_0017-1024x768.jpg\" alt=\"\" class=\"wp-image-1512\" srcset=\"https:\/\/ntnui.no\/golf\/wp-content\/uploads\/sites\/182\/2018\/10\/IMG_0017-1024x768.jpg 1024w, https:\/\/ntnui.no\/golf\/wp-content\/uploads\/sites\/182\/2018\/10\/IMG_0017-300x225.jpg 300w, https:\/\/ntnui.no\/golf\/wp-content\/uploads\/sites\/182\/2018\/10\/IMG_0017-768x576.jpg 768w, https:\/\/ntnui.no\/golf\/wp-content\/uploads\/sites\/182\/2018\/10\/IMG_0017-600x450.jpg 600w\" sizes=\"auto, (max-width: 1024px) 100vw, 1024px\" \/><\/figure><div class=\"wp-block-media-text__content\">\n<p class=\"has-large-font-size\"><strong>Sommertrening<\/strong><\/p>\n\n\n\n<p>Utetreninger p\u00e5 Trondheim par3golf. For mer informasjon, sjekk ut facebookgruppa v\u00e5r.<\/p>\n\n\n\n<div class=\"wp-block-buttons is-layout-flex wp-block-buttons-is-layout-flex\">\n<div class=\"wp-block-button\"><a class=\"wp-block-button__link\" href=\"https:\/\/trondheimpar3golf.no\/index.html\">Trondheim Par3 Havstein<\/a><\/div>\n<\/div>\n<\/div><\/div>\n\n\n\n<div class=\"wp-block-media-text alignwide has-media-on-the-right is-stacked-on-mobile\"><figure class=\"wp-block-media-text__media\"><img loading=\"lazy\" decoding=\"async\" width=\"736\" height=\"491\" src=\"https:\/\/ntnui.no\/golf\/wp-content\/uploads\/sites\/182\/2019\/10\/trondheim-golfsenter-range.jpg\" alt=\"\" class=\"wp-image-1886\" srcset=\"https:\/\/ntnui.no\/golf\/wp-content\/uploads\/sites\/182\/2019\/10\/trondheim-golfsenter-range.jpg 736w, https:\/\/ntnui.no\/golf\/wp-content\/uploads\/sites\/182\/2019\/10\/trondheim-golfsenter-range-300x200.jpg 300w, https:\/\/ntnui.no\/golf\/wp-content\/uploads\/sites\/182\/2019\/10\/trondheim-golfsenter-range-600x400.jpg 600w\" sizes=\"auto, (max-width: 736px) 100vw, 736px\" \/><\/figure><div class=\"wp-block-media-text__content\">\n<p class=\"has-large-font-size\"><strong>Vintertrening<\/strong><\/p>\n\n\n\n<p>Om vinteren foreg\u00e5r treningene p\u00e5 Trondheim Golfsenter. Her finnes b\u00e5de simulator og range med topp moderne utstyr. <\/p>\n\n\n\n<div class=\"wp-block-buttons is-layout-flex wp-block-buttons-is-layout-flex\">\n<div class=\"wp-block-button\"><a class=\"wp-block-button__link\" href=\"https:\/\/trondheim.golf\/forside\">Trondheim Golfsenter<\/a><\/div>\n<\/div>\n<\/div><\/div>\n\n\n\n<h2 class=\"wp-block-heading\">Turneringer<\/h2>\n\n\n\n<div class=\"wp-block-media-text alignwide has-media-on-the-right is-stacked-on-mobile\"><figure class=\"wp-block-media-text__media\"><img loading=\"lazy\" decoding=\"async\" width=\"1024\" height=\"768\" src=\"https:\/\/ntnui.no\/golf\/wp-content\/uploads\/sites\/182\/2018\/10\/IMG_0646-1024x768.jpg\" alt=\"\" class=\"wp-image-1505\" srcset=\"https:\/\/ntnui.no\/golf\/wp-content\/uploads\/sites\/182\/2018\/10\/IMG_0646-1024x768.jpg 1024w, https:\/\/ntnui.no\/golf\/wp-content\/uploads\/sites\/182\/2018\/10\/IMG_0646-300x225.jpg 300w, https:\/\/ntnui.no\/golf\/wp-content\/uploads\/sites\/182\/2018\/10\/IMG_0646-768x576.jpg 768w, https:\/\/ntnui.no\/golf\/wp-content\/uploads\/sites\/182\/2018\/10\/IMG_0646-600x450.jpg 600w\" sizes=\"auto, (max-width: 1024px) 100vw, 1024px\" \/><\/figure><div class=\"wp-block-media-text__content\">\n<p class=\"has-large-font-size\">Klubbmesterskap finner sted p\u00e5 Trondheim Golfklubb hver h\u00f8st. Vi bruker ogs\u00e5 \u00e5 arrangere utflukter til forskjellige golfbaner i n\u00e6rheten. Informasjon om dette blir postet i facebookgruppa v\u00e5r!<\/p>\n<\/div><\/div>\n","protected":false},"excerpt":{"rendered":"<p>Styret Leder: Otto Bonsaksen Sj\u00f8hagen ( otto.sjohagen@ntnui.no ) Nestleder: Ida Angell Veglo Kl\u00e6stad ( ida.klaestad@ntnui.no ) Kasserer: Halvor T\u00f8fte Johnsen ( halvor.johnsen@ntnui.no ) Styremedlem: Ole Marius Smiseth Inderhaug ( ole.inderhaug@ntnui.no ) Treninger Turneringer Klubbmesterskap finner sted p\u00e5 Trondheim Golfklubb hver h\u00f8st. Vi bruker ogs\u00e5 \u00e5 arrangere utflukter til forskjellige golfbaner i n\u00e6rheten. Informasjon om dette [&hellip;]<\/p>\n","protected":false},"author":67,"featured_media":0,"parent":0,"menu_order":0,"comment_status":"closed","ping_status":"closed","template":"","meta":{"_coblocks_attr":"","_coblocks_dimensions":"","_coblocks_responsive_height":"","_coblocks_accordion_ie_support":"","_price":"","_stock":"","_tribe_ticket_header":"","_tribe_default_ticket_provider":"","_tribe_ticket_capacity":"0","_ticket_start_date":"","_ticket_end_date":"","_tribe_ticket_show_description":"","_tribe_ticket_show_not_going":false,"_tribe_ticket_use_global_stock":"","_tribe_ticket_global_stock_level":"","_global_stock_mode":"","_global_stock_cap":"","_tribe_rsvp_for_event":"","_tribe_ticket_going_count":"","_tribe_ticket_not_going_count":"","_tribe_tickets_list":[],"_tribe_ticket_has_attendee_info_fields":false,"footnotes":""},"class_list":["post-1193","page","type-page","status-publish","hentry"],"featured_image_src":null,"featured_image_src_square":null,"jetpack_sharing_enabled":true,"_links":{"self":[{"href":"https:\/\/ntnui.no\/golf\/wp-json\/wp\/v2\/pages\/1193","targetHints":{"allow":["GET"]}}],"collection":[{"href":"https:\/\/ntnui.no\/golf\/wp-json\/wp\/v2\/pages"}],"about":[{"href":"https:\/\/ntnui.no\/golf\/wp-json\/wp\/v2\/types\/page"}],"author":[{"embeddable":true,"href":"https:\/\/ntnui.no\/golf\/wp-json\/wp\/v2\/users\/67"}],"replies":[{"embeddable":true,"href":"https:\/\/ntnui.no\/golf\/wp-json\/wp\/v2\/comments?post=1193"}],"version-history":[{"count":11,"href":"https:\/\/ntnui.no\/golf\/wp-json\/wp\/v2\/pages\/1193\/revisions"}],"predecessor-version":[{"id":3255,"href":"https:\/\/ntnui.no\/golf\/wp-json\/wp\/v2\/pages\/1193\/revisions\/3255"}],"wp:attachment":[{"href":"https:\/\/ntnui.no\/golf\/wp-json\/wp\/v2\/media?parent=1193"}],"curies":[{"name":"wp","href":"https:\/\/api.w.org\/{rel}","templated":true}]}}