{"id":7,"date":"2019-01-10T17:36:13","date_gmt":"2019-01-10T16:36:13","guid":{"rendered":"https:\/\/ntnui.no\/friidrett-ny2\/?page_id=7"},"modified":"2026-02-27T13:13:04","modified_gmt":"2026-02-27T12:13:04","slug":"forside","status":"publish","type":"page","link":"https:\/\/ntnui.no\/friidrett\/","title":{"rendered":"Forside Norsk"},"content":{"rendered":"\n<div class=\"wp-block-cover alignfull is-light is-position-center-center is-cropping\"><span aria-hidden=\"true\" class=\"wp-block-cover__background has-background-dim\"><\/span><img loading=\"lazy\" decoding=\"async\" width=\"2560\" height=\"699\" class=\"wp-block-cover__image-background wp-image-2176\" src=\"https:\/\/ntnui.no\/friidrett\/wp-content\/uploads\/sites\/262\/2020\/08\/IMG_2218-2-scaled.jpg\" data-object-fit=\"cover\" srcset=\"https:\/\/ntnui.no\/friidrett\/wp-content\/uploads\/sites\/262\/2020\/08\/IMG_2218-2-scaled.jpg 2560w, https:\/\/ntnui.no\/friidrett\/wp-content\/uploads\/sites\/262\/2020\/08\/IMG_2218-2-300x82.jpg 300w, https:\/\/ntnui.no\/friidrett\/wp-content\/uploads\/sites\/262\/2020\/08\/IMG_2218-2-1024x280.jpg 1024w, https:\/\/ntnui.no\/friidrett\/wp-content\/uploads\/sites\/262\/2020\/08\/IMG_2218-2-768x210.jpg 768w, https:\/\/ntnui.no\/friidrett\/wp-content\/uploads\/sites\/262\/2020\/08\/IMG_2218-2-1536x420.jpg 1536w, https:\/\/ntnui.no\/friidrett\/wp-content\/uploads\/sites\/262\/2020\/08\/IMG_2218-2-2048x559.jpg 2048w, https:\/\/ntnui.no\/friidrett\/wp-content\/uploads\/sites\/262\/2020\/08\/IMG_2218-2-1736x474.jpg 1736w, https:\/\/ntnui.no\/friidrett\/wp-content\/uploads\/sites\/262\/2020\/08\/IMG_2218-2-600x164.jpg 600w\" sizes=\"auto, (max-width: 2560px) 100vw, 2560px\" \/><div class=\"wp-block-cover__inner-container is-layout-flow wp-block-cover-is-layout-flow\">\n<p class=\"has-text-align-center\" style=\"font-size:40px\"><strong>NTNUI Friidrett<\/strong><\/p>\n<\/div><\/div>\n\n\n\n<p class=\"has-text-align-center\">Velkommen til NTNUI Friidrett! Dette er gruppa for oss som har to ting til felles: vi er studenter og vi elsker \u00e5 l\u00f8pe. Om du vil bli med er det bare \u00e5 m\u00f8te opp p\u00e5 v\u00e5re faste treninger p\u00e5 mandager, onsdager og fredager. Uansett om du har satset i mange \u00e5r eller om dette blir din f\u00f8rste l\u00f8petur, finner vi en gruppe som passer ditt niv\u00e5. Idrettsglede og fellesskap st\u00e5r sentralt hos oss, og vi legger stor vekt p\u00e5 det sosiale. Finn ut mer info p\u00e5 hvor Spond, <a href=\"https:\/\/ntnui.no\/friidrett\/2024\/08\/15\/spond-our-new-information-channel\/\">klikk her for mer info om hvordan du kan bli med.<\/a><\/p>\n\n\n\n<h2 class=\"wp-block-heading\">Siste nyheter<\/h2>\n\n\n<section class=\"ab-block-post-grid featuredpost aligncenter\"><div class=\"ab-post-grid-items is-grid columns-2\"><article id=\"post-3629\" class=\"ab-post-grid-item post-3629 post type-post status-publish format-standard has-post-thumbnail hentry category-nyheter category-uncategorized\"><div class=\"ab-block-post-grid-image\"><a href=\"https:\/\/ntnui.no\/friidrett\/2025\/03\/29\/fjellseterlopet-2025\/\" rel=\"bookmark\" aria-hidden=\"true\" tabindex=\"-1\"><img loading=\"lazy\" decoding=\"async\" width=\"5061\" height=\"3374\" src=\"https:\/\/ntnui.no\/friidrett\/wp-content\/uploads\/sites\/262\/2025\/03\/2024-02-04_Matea20RC3B8nning20KjC3B8rsvik_FSL-42_1.jpg\" class=\"attachment-full size-full\" alt=\"\" \/><\/a><\/div><div class=\"ab-block-post-grid-text\"><header class=\"ab-block-post-grid-header\"><h3 class=\"ab-block-post-grid-title\"><a href=\"https:\/\/ntnui.no\/friidrett\/2025\/03\/29\/fjellseterlopet-2025\/\" rel=\"bookmark\">Fjellseterl\u00f8pet 2025<\/a><\/h3><div class=\"ab-block-post-grid-byline\"><time datetime=\"2025-03-29T21:03:29+01:00\" class=\"ab-block-post-grid-date\" itemprop=\"datePublished\">29. mars 2025<\/time><\/div><\/header><div class=\"ab-block-post-grid-excerpt\"><\/div><\/div><\/article>\n<article id=\"post-3583\" class=\"ab-post-grid-item post-3583 post type-post status-publish format-standard hentry category-uncategorized\"><div class=\"ab-block-post-grid-text\"><header class=\"ab-block-post-grid-header\"><h3 class=\"ab-block-post-grid-title\"><a href=\"https:\/\/ntnui.no\/friidrett\/2024\/08\/15\/spond-our-new-information-channel\/\" rel=\"bookmark\">Spond &#8211; our new information channel<\/a><\/h3><div class=\"ab-block-post-grid-byline\"><time datetime=\"2024-08-15T14:07:24+02:00\" class=\"ab-block-post-grid-date\" itemprop=\"datePublished\">15. august 2024<\/time><\/div><\/header><div class=\"ab-block-post-grid-excerpt\"><\/div><\/div><\/article>\n<article id=\"post-3520\" class=\"ab-post-grid-item post-3520 post type-post status-publish format-standard has-post-thumbnail hentry category-ukategorisert-en\"><div class=\"ab-block-post-grid-image\"><a href=\"https:\/\/ntnui.no\/friidrett\/en\/2024\/03\/19\/ntnui-athletics-training-camp-2024\/\" rel=\"bookmark\" aria-hidden=\"true\" tabindex=\"-1\"><img loading=\"lazy\" decoding=\"async\" width=\"1879\" height=\"1440\" src=\"https:\/\/ntnui.no\/friidrett\/wp-content\/uploads\/sites\/262\/2024\/03\/NTNUI-Friidrett-treningsleir-gruppebilde-2024.png\" class=\"attachment-full size-full\" alt=\"NTNUI Friidrett treningsleir gruppebilde 2024\" \/><\/a><\/div><div class=\"ab-block-post-grid-text\"><header class=\"ab-block-post-grid-header\"><h3 class=\"ab-block-post-grid-title\"><a href=\"https:\/\/ntnui.no\/friidrett\/en\/2024\/03\/19\/ntnui-athletics-training-camp-2024\/\" rel=\"bookmark\">NTNUI Athletics Training Camp 2024<\/a><\/h3><div class=\"ab-block-post-grid-byline\"><time datetime=\"2024-03-19T17:44:43+01:00\" class=\"ab-block-post-grid-date\" itemprop=\"datePublished\">19. mars 2024<\/time><\/div><\/header><div class=\"ab-block-post-grid-excerpt\"><\/div><\/div><\/article>\n<article id=\"post-3502\" class=\"ab-post-grid-item post-3502 post type-post status-publish format-standard has-post-thumbnail hentry category-uncategorized\"><div class=\"ab-block-post-grid-image\"><a href=\"https:\/\/ntnui.no\/friidrett\/2024\/03\/17\/ntnui-friidrett-treningsleir-2024\/\" rel=\"bookmark\" aria-hidden=\"true\" tabindex=\"-1\"><img loading=\"lazy\" decoding=\"async\" width=\"1879\" height=\"1440\" src=\"https:\/\/ntnui.no\/friidrett\/wp-content\/uploads\/sites\/262\/2024\/03\/NTNUI-Friidrett-treningsleir-gruppebilde-2024.png\" class=\"attachment-full size-full\" alt=\"NTNUI Friidrett treningsleir gruppebilde 2024\" \/><\/a><\/div><div class=\"ab-block-post-grid-text\"><header class=\"ab-block-post-grid-header\"><h3 class=\"ab-block-post-grid-title\"><a href=\"https:\/\/ntnui.no\/friidrett\/2024\/03\/17\/ntnui-friidrett-treningsleir-2024\/\" rel=\"bookmark\">NTNUI Friidrett Treningsleir 2024<\/a><\/h3><div class=\"ab-block-post-grid-byline\"><time datetime=\"2024-03-17T19:57:23+01:00\" class=\"ab-block-post-grid-date\" itemprop=\"datePublished\">17. mars 2024<\/time><\/div><\/header><div class=\"ab-block-post-grid-excerpt\"><\/div><\/div><\/article>\n<\/div><\/section>\n\n\n<div class=\"wp-block-buttons is-content-justification-center is-layout-flex wp-container-core-buttons-is-layout-1 wp-block-buttons-is-layout-flex\">\n<div class=\"wp-block-button aligncenter\"><a class=\"wp-block-button__link wp-element-button\" href=\"https:\/\/www.facebook.com\/groups\/2315427098530512\/\"><img loading=\"lazy\" decoding=\"async\" width=\"250\" height=\"250\" class=\"wp-image-34\" style=\"width: 150px\" src=\"https:\/\/ntnui.no\/friidrett-ny\/wp-content\/uploads\/sites\/262\/2019\/01\/facebook-footer.png\" alt=\"\" srcset=\"https:\/\/ntnui.no\/friidrett\/wp-content\/uploads\/sites\/262\/2019\/01\/facebook-footer.png 250w, https:\/\/ntnui.no\/friidrett\/wp-content\/uploads\/sites\/262\/2019\/01\/facebook-footer-150x150.png 150w\" sizes=\"auto, (max-width: 250px) 100vw, 250px\" \/><br>Facebook<\/a><\/div>\n\n\n\n<div class=\"wp-block-button aligncenter\"><a class=\"wp-block-button__link wp-element-button\" href=\"https:\/\/www.strava.com\/clubs\/ntnuifriidrett\"><img loading=\"lazy\" decoding=\"async\" width=\"246\" height=\"246\" class=\"wp-image-1652\" style=\"width: 150px\" src=\"https:\/\/ntnui.no\/friidrett-ny\/wp-content\/uploads\/sites\/262\/2019\/09\/STRAVA3.jpg\" alt=\"\" srcset=\"https:\/\/ntnui.no\/friidrett\/wp-content\/uploads\/sites\/262\/2019\/09\/STRAVA3.jpg 246w, https:\/\/ntnui.no\/friidrett\/wp-content\/uploads\/sites\/262\/2019\/09\/STRAVA3-150x150.jpg 150w, https:\/\/ntnui.no\/friidrett\/wp-content\/uploads\/sites\/262\/2019\/09\/STRAVA3-100x100.jpg 100w\" sizes=\"auto, (max-width: 246px) 100vw, 246px\" \/><br>Strava<\/a><\/div>\n\n\n\n<div class=\"wp-block-button aligncenter\"><a class=\"wp-block-button__link wp-element-button\" href=\"https:\/\/www.instagram.com\/ntnuifriidrett\"><img loading=\"lazy\" decoding=\"async\" width=\"250\" height=\"250\" class=\"wp-image-53\" style=\"width: 150px\" src=\"https:\/\/ntnui.no\/friidrett-ny\/wp-content\/uploads\/sites\/262\/2019\/09\/Instagram.png\" alt=\"\" srcset=\"https:\/\/ntnui.no\/friidrett\/wp-content\/uploads\/sites\/262\/2019\/09\/Instagram.png 250w, https:\/\/ntnui.no\/friidrett\/wp-content\/uploads\/sites\/262\/2019\/09\/Instagram-150x150.png 150w, https:\/\/ntnui.no\/friidrett\/wp-content\/uploads\/sites\/262\/2019\/09\/Instagram-100x100.png 100w\" sizes=\"auto, (max-width: 250px) 100vw, 250px\" \/><br>Instagram<\/a><\/div>\n<\/div>\n\n\n\n<p><\/p>\n","protected":false},"excerpt":{"rendered":"<p>Velkommen til NTNUI Friidrett! Dette er gruppa for oss som har to ting til felles: vi er studenter og vi elsker \u00e5 l\u00f8pe. Om du vil bli med er det bare \u00e5 m\u00f8te opp p\u00e5 v\u00e5re faste treninger p\u00e5 mandager, onsdager og fredager. Uansett om du har satset i mange \u00e5r eller om dette blir [&hellip;]<\/p>\n","protected":false},"author":42,"featured_media":0,"parent":0,"menu_order":0,"comment_status":"closed","ping_status":"closed","template":"","meta":{"_coblocks_attr":"","_coblocks_dimensions":"","_coblocks_responsive_height":"","_coblocks_accordion_ie_support":"","_price":"","_stock":"","_tribe_ticket_header":"","_tribe_default_ticket_provider":"","_tribe_ticket_capacity":"0","_ticket_start_date":"","_ticket_end_date":"","_tribe_ticket_show_description":"","_tribe_ticket_show_not_going":false,"_tribe_ticket_use_global_stock":"","_tribe_ticket_global_stock_level":"","_global_stock_mode":"","_global_stock_cap":"","_tribe_rsvp_for_event":"","_tribe_ticket_going_count":"","_tribe_ticket_not_going_count":"","_tribe_tickets_list":[],"_tribe_ticket_has_attendee_info_fields":false,"footnotes":""},"class_list":["post-7","page","type-page","status-publish","hentry"],"featured_image_src":null,"featured_image_src_square":null,"jetpack_sharing_enabled":true,"_links":{"self":[{"href":"https:\/\/ntnui.no\/friidrett\/wp-json\/wp\/v2\/pages\/7","targetHints":{"allow":["GET"]}}],"collection":[{"href":"https:\/\/ntnui.no\/friidrett\/wp-json\/wp\/v2\/pages"}],"about":[{"href":"https:\/\/ntnui.no\/friidrett\/wp-json\/wp\/v2\/types\/page"}],"author":[{"embeddable":true,"href":"https:\/\/ntnui.no\/friidrett\/wp-json\/wp\/v2\/users\/42"}],"replies":[{"embeddable":true,"href":"https:\/\/ntnui.no\/friidrett\/wp-json\/wp\/v2\/comments?post=7"}],"version-history":[{"count":52,"href":"https:\/\/ntnui.no\/friidrett\/wp-json\/wp\/v2\/pages\/7\/revisions"}],"predecessor-version":[{"id":3700,"href":"https:\/\/ntnui.no\/friidrett\/wp-json\/wp\/v2\/pages\/7\/revisions\/3700"}],"wp:attachment":[{"href":"https:\/\/ntnui.no\/friidrett\/wp-json\/wp\/v2\/media?parent=7"}],"curies":[{"name":"wp","href":"https:\/\/api.w.org\/{rel}","templated":true}]}}