{"id":2883,"date":"2021-04-22T15:33:26","date_gmt":"2021-04-22T13:33:26","guid":{"rendered":"https:\/\/ntnui.no\/friidrett\/?page_id=2883"},"modified":"2025-06-11T12:04:22","modified_gmt":"2025-06-11T10:04:22","slug":"klubbtoy-2","status":"publish","type":"page","link":"https:\/\/ntnui.no\/friidrett\/klubbtoy-2\/","title":{"rendered":"Klubbt\u00f8y"},"content":{"rendered":"\n<p>Du trenger ikke klubbt\u00f8y for \u00e5 l\u00f8pe med oss, men den dagen du skaffer deg din f\u00f8rste t-skjorte hjelper definitivt p\u00e5 f\u00f8lelsen av tilh\u00f8rlighet i klubben. Om du vil ha refusjon for et l\u00f8p er det ogs\u00e5 et must \u00e5 ha l\u00f8pt i NTNUI-overdel.<\/p>\n\n\n\n<p>Vi har klessalg jevnlig gjennom semesteret, f\u00f8lg med p\u00e5 spond for informasjon.\u00a0<br><\/p>\n\n\n\n<div class=\"wp-block-media-text alignwide is-stacked-on-mobile\" style=\"grid-template-columns:74% auto\"><figure class=\"wp-block-media-text__media\"><img loading=\"lazy\" decoding=\"async\" width=\"500\" height=\"750\" src=\"https:\/\/ntnui.no\/friidrett\/wp-content\/uploads\/sites\/262\/2024\/03\/Singlet.jpg\" alt=\"\" class=\"wp-image-3446 size-full\" \/><\/figure><div class=\"wp-block-media-text__content\">\n<p class=\"has-large-font-size\">Singlet: 380 kr<\/p>\n<\/div><\/div>\n\n\n\n<div class=\"wp-block-media-text alignwide is-stacked-on-mobile\" style=\"grid-template-columns:74% auto\"><figure class=\"wp-block-media-text__media\"><img loading=\"lazy\" decoding=\"async\" width=\"750\" height=\"1125\" src=\"https:\/\/ntnui.no\/friidrett\/wp-content\/uploads\/sites\/262\/2024\/03\/T-skjorte.jpg\" alt=\"\" class=\"wp-image-3447 size-full\" \/><\/figure><div class=\"wp-block-media-text__content\">\n<p class=\"has-large-font-size\">T-skjorte: 400 kr<\/p>\n<\/div><\/div>\n\n\n\n<div class=\"wp-block-media-text alignwide is-stacked-on-mobile\" style=\"grid-template-columns:74% auto\"><figure class=\"wp-block-media-text__media\"><img loading=\"lazy\" decoding=\"async\" width=\"500\" height=\"750\" src=\"https:\/\/ntnui.no\/friidrett\/wp-content\/uploads\/sites\/262\/2024\/03\/Lopevest.jpg\" alt=\"\" class=\"wp-image-3448 size-full\" \/><\/figure><div class=\"wp-block-media-text__content\">\n<p class=\"has-large-font-size\">L\u00f8pevest: 750 kr<\/p>\n<\/div><\/div>\n\n\n\n<div class=\"wp-block-media-text alignwide is-stacked-on-mobile\" style=\"grid-template-columns:74% auto\"><figure class=\"wp-block-media-text__media\"><img loading=\"lazy\" decoding=\"async\" width=\"500\" height=\"750\" src=\"https:\/\/ntnui.no\/friidrett\/wp-content\/uploads\/sites\/262\/2024\/03\/Lopejakke.jpg\" alt=\"\" class=\"wp-image-3449 size-full\" \/><\/figure><div class=\"wp-block-media-text__content\">\n<p class=\"has-large-font-size\">L\u00f8pejakke: 880 kr<\/p>\n<\/div><\/div>\n\n\n\n<div class=\"wp-block-media-text alignwide is-stacked-on-mobile\" style=\"grid-template-columns:74% auto\"><figure class=\"wp-block-media-text__media\"><img loading=\"lazy\" decoding=\"async\" width=\"750\" height=\"1125\" src=\"https:\/\/ntnui.no\/friidrett\/wp-content\/uploads\/sites\/262\/2024\/03\/Retrojakke.jpg\" alt=\"\" class=\"wp-image-3450 size-full\" \/><\/figure><div class=\"wp-block-media-text__content\">\n<p class=\"has-large-font-size\">Retrojakke: 520 kr<\/p>\n<\/div><\/div>\n\n\n\n<div class=\"wp-block-media-text alignwide is-stacked-on-mobile\" style=\"grid-template-columns:74% auto\"><figure class=\"wp-block-media-text__media\"><img loading=\"lazy\" decoding=\"async\" width=\"750\" height=\"500\" src=\"https:\/\/ntnui.no\/friidrett\/wp-content\/uploads\/sites\/262\/2024\/03\/Gronn-shorts.jpg\" alt=\"\" class=\"wp-image-3451 size-full\" \/><\/figure><div class=\"wp-block-media-text__content\">\n<p class=\"has-large-font-size\">Shorts, gr\u00f8nn: 350 kr<\/p>\n<\/div><\/div>\n\n\n\n<div class=\"wp-block-media-text alignwide is-stacked-on-mobile\" style=\"grid-template-columns:74% auto\"><figure class=\"wp-block-media-text__media\"><img loading=\"lazy\" decoding=\"async\" width=\"500\" height=\"334\" src=\"https:\/\/ntnui.no\/friidrett\/wp-content\/uploads\/sites\/262\/2024\/03\/Shorts-tight.jpg\" alt=\"\" class=\"wp-image-3452 size-full\" \/><\/figure><div class=\"wp-block-media-text__content\">\n<p class=\"has-large-font-size\">Shorts, tights: 320 kr<\/p>\n<\/div><\/div>\n\n\n\n<div class=\"wp-block-media-text alignwide is-stacked-on-mobile\" style=\"grid-template-columns:74% auto\"><figure class=\"wp-block-media-text__media\"><img loading=\"lazy\" decoding=\"async\" width=\"750\" height=\"1125\" src=\"https:\/\/ntnui.no\/friidrett\/wp-content\/uploads\/sites\/262\/2024\/03\/Bukser.jpg\" alt=\"\" class=\"wp-image-3453 size-full\" \/><\/figure><div class=\"wp-block-media-text__content\">\n<p class=\"has-large-font-size\">Bukser: 570 kr<\/p>\n<\/div><\/div>\n\n\n\n<div class=\"wp-block-media-text alignwide is-stacked-on-mobile\" style=\"grid-template-columns:74% auto\"><figure class=\"wp-block-media-text__media\"><img loading=\"lazy\" decoding=\"async\" width=\"3456\" height=\"4608\" src=\"https:\/\/ntnui.no\/friidrett\/wp-content\/uploads\/sites\/262\/2021\/04\/IMG_20210322_171942076-min.jpg\" alt=\"\" class=\"wp-image-2863 size-full\" \/><\/figure><div class=\"wp-block-media-text__content\">\n<p class=\"has-large-font-size\">Buff: 190 kr<\/p>\n<\/div><\/div>\n\n\n\n<div class=\"wp-block-media-text alignwide is-stacked-on-mobile\" style=\"grid-template-columns:74% auto\"><figure class=\"wp-block-media-text__media\"><img loading=\"lazy\" decoding=\"async\" width=\"500\" height=\"750\" src=\"https:\/\/ntnui.no\/friidrett\/wp-content\/uploads\/sites\/262\/2024\/03\/Long-sleeve.jpg\" alt=\"\" class=\"wp-image-3454 size-full\" \/><\/figure><div class=\"wp-block-media-text__content\">\n<p class=\"has-large-font-size\">Longsleeve: 500 kr<\/p>\n<\/div><\/div>\n\n\n\n<div class=\"wp-block-media-text alignwide is-stacked-on-mobile\" style=\"grid-template-columns:74% auto\"><figure class=\"wp-block-media-text__media\"><img loading=\"lazy\" decoding=\"async\" width=\"1500\" height=\"2250\" src=\"https:\/\/ntnui.no\/friidrett\/wp-content\/uploads\/sites\/262\/2024\/03\/Running-cap.jpg\" alt=\"\" class=\"wp-image-3455 size-full\" \/><\/figure><div class=\"wp-block-media-text__content\">\n<p class=\"has-large-font-size\">Running Cap: 300kr<\/p>\n<\/div><\/div>\n\n\n\n<div class=\"wp-block-media-text alignwide is-stacked-on-mobile\" style=\"grid-template-columns:74% auto\"><figure class=\"wp-block-media-text__media\"><img loading=\"lazy\" decoding=\"async\" width=\"500\" height=\"750\" src=\"https:\/\/ntnui.no\/friidrett\/wp-content\/uploads\/sites\/262\/2024\/03\/Backpack.jpg\" alt=\"\" class=\"wp-image-3456 size-full\" \/><\/figure><div class=\"wp-block-media-text__content\">\n<p class=\"has-large-font-size\">Backpack: 270kr<\/p>\n<\/div><\/div>\n\n\n\n<div class=\"wp-block-media-text alignwide is-stacked-on-mobile\" style=\"grid-template-columns:74% auto\"><figure class=\"wp-block-media-text__media\"><img loading=\"lazy\" decoding=\"async\" width=\"750\" height=\"1125\" src=\"https:\/\/ntnui.no\/friidrett\/wp-content\/uploads\/sites\/262\/2024\/03\/Headband.jpg\" alt=\"\" class=\"wp-image-3457 size-full\" \/><\/figure><div class=\"wp-block-media-text__content\">\n<p class=\"has-large-font-size\">Headband: 190kr<\/p>\n<\/div><\/div>\n\n\n\n<div class=\"wp-block-media-text alignwide is-stacked-on-mobile\" style=\"grid-template-columns:74% auto\"><figure class=\"wp-block-media-text__media\"><img loading=\"lazy\" decoding=\"async\" width=\"500\" height=\"750\" src=\"https:\/\/ntnui.no\/friidrett\/wp-content\/uploads\/sites\/262\/2024\/03\/Speed-hat.jpg\" alt=\"\" class=\"wp-image-3458 size-full\" \/><\/figure><div class=\"wp-block-media-text__content\">\n<p class=\"has-large-font-size\">Speed hat: 250kr<\/p>\n<\/div><\/div>\n","protected":false},"excerpt":{"rendered":"<p>Du trenger ikke klubbt\u00f8y for \u00e5 l\u00f8pe med oss, men den dagen du skaffer deg din f\u00f8rste t-skjorte hjelper definitivt p\u00e5 f\u00f8lelsen av tilh\u00f8rlighet i klubben. Om du vil ha refusjon for et l\u00f8p er det ogs\u00e5 et must \u00e5 ha l\u00f8pt i NTNUI-overdel. Vi har klessalg jevnlig gjennom semesteret, f\u00f8lg med p\u00e5 spond for [&hellip;]<\/p>\n","protected":false},"author":263,"featured_media":0,"parent":0,"menu_order":0,"comment_status":"closed","ping_status":"closed","template":"","meta":{"_coblocks_attr":"","_coblocks_dimensions":"","_coblocks_responsive_height":"","_coblocks_accordion_ie_support":"","_price":"","_stock":"","_tribe_ticket_header":"","_tribe_default_ticket_provider":"","_tribe_ticket_capacity":"0","_ticket_start_date":"","_ticket_end_date":"","_tribe_ticket_show_description":"","_tribe_ticket_show_not_going":false,"_tribe_ticket_use_global_stock":"","_tribe_ticket_global_stock_level":"","_global_stock_mode":"","_global_stock_cap":"","_tribe_rsvp_for_event":"","_tribe_ticket_going_count":"","_tribe_ticket_not_going_count":"","_tribe_tickets_list":[],"_tribe_ticket_has_attendee_info_fields":false,"footnotes":""},"class_list":["post-2883","page","type-page","status-publish","hentry"],"featured_image_src":null,"featured_image_src_square":null,"jetpack_sharing_enabled":true,"_links":{"self":[{"href":"https:\/\/ntnui.no\/friidrett\/wp-json\/wp\/v2\/pages\/2883","targetHints":{"allow":["GET"]}}],"collection":[{"href":"https:\/\/ntnui.no\/friidrett\/wp-json\/wp\/v2\/pages"}],"about":[{"href":"https:\/\/ntnui.no\/friidrett\/wp-json\/wp\/v2\/types\/page"}],"author":[{"embeddable":true,"href":"https:\/\/ntnui.no\/friidrett\/wp-json\/wp\/v2\/users\/263"}],"replies":[{"embeddable":true,"href":"https:\/\/ntnui.no\/friidrett\/wp-json\/wp\/v2\/comments?post=2883"}],"version-history":[{"count":11,"href":"https:\/\/ntnui.no\/friidrett\/wp-json\/wp\/v2\/pages\/2883\/revisions"}],"predecessor-version":[{"id":3661,"href":"https:\/\/ntnui.no\/friidrett\/wp-json\/wp\/v2\/pages\/2883\/revisions\/3661"}],"wp:attachment":[{"href":"https:\/\/ntnui.no\/friidrett\/wp-json\/wp\/v2\/media?parent=2883"}],"curies":[{"name":"wp","href":"https:\/\/api.w.org\/{rel}","templated":true}]}}