{"id":1800,"date":"2019-09-20T08:39:31","date_gmt":"2019-09-20T08:39:31","guid":{"rendered":"https:\/\/ntnui.no\/friidrett-ny\/?page_id=1800"},"modified":"2025-03-01T12:13:55","modified_gmt":"2025-03-01T11:13:55","slug":"refusjon-utlegg","status":"publish","type":"page","link":"https:\/\/ntnui.no\/friidrett\/refusjon-utlegg\/","title":{"rendered":"Refusjon &#8211; Utlegg"},"content":{"rendered":"\n<p>Har du hatt utlegg i forbindelse med aktivitet tilknyttet NTNUI Friidrett skal du fylle ut f\u00f8lgende skjema: <a href=\"https:\/\/refusjon.ntnui.no\/\">https:\/\/refusjon.ntnui.no\/<\/a>. <br><br>Legg til &#8220;friidrett-kasserer@ntnui.no&#8221; som din kasserer i skjemaet.<\/p>\n\n\n\n<p><em>For \u00e5 kunne motta refusjon for utlegg, m\u00e5 du ha:<\/em><br>1) F\u00e5tt en godkjennelse p\u00e5 forh\u00e5nd fra en i styret og fra kasserer. Er du usikker p\u00e5 hvem som sitter i styret finner du oversikten her: <a href=\"https:\/\/ntnui.no\/friidrett\/styret\/\" target=\"_blank\" rel=\"noreferrer noopener\"><strong>STYRET<\/strong><\/a><strong> <\/strong><br>2) Gyldig kvittering for utlegg du har hatt.<\/p>\n","protected":false},"excerpt":{"rendered":"<p>Har du hatt utlegg i forbindelse med aktivitet tilknyttet NTNUI Friidrett skal du fylle ut f\u00f8lgende skjema: https:\/\/refusjon.ntnui.no\/. Legg til &#8220;friidrett-kasserer@ntnui.no&#8221; som din kasserer i skjemaet. For \u00e5 kunne motta refusjon for utlegg, m\u00e5 du ha:1) F\u00e5tt en godkjennelse p\u00e5 forh\u00e5nd fra en i styret og fra kasserer. Er du usikker p\u00e5 hvem som sitter [&hellip;]<\/p>\n","protected":false},"author":42,"featured_media":0,"parent":0,"menu_order":0,"comment_status":"closed","ping_status":"closed","template":"","meta":{"_coblocks_attr":"","_coblocks_dimensions":"","_coblocks_responsive_height":"","_coblocks_accordion_ie_support":"","_price":"","_stock":"","_tribe_ticket_header":"","_tribe_default_ticket_provider":"","_tribe_ticket_capacity":"0","_ticket_start_date":"","_ticket_end_date":"","_tribe_ticket_show_description":"","_tribe_ticket_show_not_going":false,"_tribe_ticket_use_global_stock":"","_tribe_ticket_global_stock_level":"","_global_stock_mode":"","_global_stock_cap":"","_tribe_rsvp_for_event":"","_tribe_ticket_going_count":"","_tribe_ticket_not_going_count":"","_tribe_tickets_list":[],"_tribe_ticket_has_attendee_info_fields":false,"footnotes":""},"class_list":["post-1800","page","type-page","status-publish","hentry"],"featured_image_src":null,"featured_image_src_square":null,"jetpack_sharing_enabled":true,"_links":{"self":[{"href":"https:\/\/ntnui.no\/friidrett\/wp-json\/wp\/v2\/pages\/1800","targetHints":{"allow":["GET"]}}],"collection":[{"href":"https:\/\/ntnui.no\/friidrett\/wp-json\/wp\/v2\/pages"}],"about":[{"href":"https:\/\/ntnui.no\/friidrett\/wp-json\/wp\/v2\/types\/page"}],"author":[{"embeddable":true,"href":"https:\/\/ntnui.no\/friidrett\/wp-json\/wp\/v2\/users\/42"}],"replies":[{"embeddable":true,"href":"https:\/\/ntnui.no\/friidrett\/wp-json\/wp\/v2\/comments?post=1800"}],"version-history":[{"count":8,"href":"https:\/\/ntnui.no\/friidrett\/wp-json\/wp\/v2\/pages\/1800\/revisions"}],"predecessor-version":[{"id":3614,"href":"https:\/\/ntnui.no\/friidrett\/wp-json\/wp\/v2\/pages\/1800\/revisions\/3614"}],"wp:attachment":[{"href":"https:\/\/ntnui.no\/friidrett\/wp-json\/wp\/v2\/media?parent=1800"}],"curies":[{"name":"wp","href":"https:\/\/api.w.org\/{rel}","templated":true}]}}