{"id":1733,"date":"2019-09-06T22:29:40","date_gmt":"2019-09-06T22:29:40","guid":{"rendered":"https:\/\/ntnui.no\/friidrett-ny\/?page_id=1733"},"modified":"2020-09-03T01:25:47","modified_gmt":"2020-09-02T23:25:47","slug":"faq","status":"publish","type":"page","link":"https:\/\/ntnui.no\/friidrett\/faq\/","title":{"rendered":"FAQ"},"content":{"rendered":"\n<p class=\"has-text-align-center\">Er det noe du lurer p\u00e5, s\u00e5 still oss gjerne et sp\u00f8rsm\u00e5l! <br>Her er noen sp\u00f8rsm\u00e5l som g\u00e5r igjen:<\/p>\n\n\n\n<blockquote class=\"wp-block-quote is-layout-flow wp-block-quote-is-layout-flow\"><p><strong>Hva m\u00e5 man gj\u00f8re for \u00e5 bli med i NTNUI Friidrett?<\/strong><\/p><cite>Hos oss kan man m\u00f8te opp p\u00e5 treninger &#8211; n\u00e5r som helst! Det vi krever er at du er medlem i NTNUI. Medlemskap f\u00e5r man gjennom \u00e5 kj\u00f8pe medlemskap hos et av Sit sine treningssentre. Sjekk ut mer her om innmelding hos Sit:  <a href=\"https:\/\/www.sit.no\/trening\/bli-medlem\"><strong><em>SIT MEDLEMSKAP<\/em><\/strong><\/a><\/cite><\/blockquote>\n\n\n\n<blockquote class=\"wp-block-quote is-layout-flow wp-block-quote-is-layout-flow\"><p>Men friidrett best\u00e5r jo av s\u00e5 mange \u00f8velser. Hva gj\u00f8r dere p\u00e5 treningene?<\/p><cite>Ja, det stemmer. Friidrett best\u00e5r av en rekke \u00f8velser som inneb\u00e6rer hopp, l\u00f8p og kast. Hos NTNUI Friidrett best\u00e5r hovedsakelig treningene av l\u00f8ping. Om du har lyst til \u00e5 trene noe annet en l\u00f8ping, kan du gjerne ta kontakt med oss s\u00e5 kan vi se p\u00e5 mulighetene for det!<\/cite><\/blockquote>\n\n\n\n<blockquote class=\"wp-block-quote is-layout-flow wp-block-quote-is-layout-flow\"><p>Huff&#8230; jeg tror ikke jeg er sprek nok til \u00e5 bli med dere&#8230;<\/p><cite>Neinei, den m\u00e5 du lengre ut p\u00e5 landet med! Hos oss er vi l\u00f8pere p\u00e5 alle ulike niv\u00e5er! Noen l\u00f8per for det sosiale, mens andre l\u00f8per med et m\u00e5l om \u00e5 forbedre tiden sin i en konkurranse. P\u00e5 hver trening deler vi oss opp etter distanse og tempo, som gj\u00f8r at alle har noen \u00e5 l\u00f8pe med. <\/cite><\/blockquote>\n\n\n\n<p class=\"has-text-align-center\">Er det noe du lurer p\u00e5? Send oss en melding p\u00e5 facebook vel! <br><strong><a href=\"https:\/\/www.facebook.com\/messages\/t\/119519934886110\">FACEBOOK<\/a><\/strong><a href=\"https:\/\/www.facebook.com\/messages\/t\/119519934886110\"> \ud83d\ude42<\/a><br>Eller sjekk ut n\u00e6rmere kontaktinfo her:<br><strong> <\/strong><a href=\"https:\/\/ntnui.no\/friidrett\/styret\/\"><strong>NTNUI Friidrett: styret<\/strong><\/a><strong> <\/strong><\/p>\n\n\n\n<div class=\"wp-block-cover alignwide\" style=\"background-image:url(https:\/\/ntnui.no\/friidrett\/wp-content\/uploads\/sites\/262\/2019\/09\/i-cq6kpfz-X3-1024x683.jpg)\"><div class=\"wp-block-cover__inner-container is-layout-flow wp-block-cover-is-layout-flow\">\n<p class=\"has-text-align-center has-large-font-size\"><\/p>\n<\/div><\/div>\n","protected":false},"excerpt":{"rendered":"<p>Er det noe du lurer p\u00e5, s\u00e5 still oss gjerne et sp\u00f8rsm\u00e5l! Her er noen sp\u00f8rsm\u00e5l som g\u00e5r igjen: Hva m\u00e5 man gj\u00f8re for \u00e5 bli med i NTNUI Friidrett? Hos oss kan man m\u00f8te opp p\u00e5 treninger &#8211; n\u00e5r som helst! Det vi krever er at du er medlem i NTNUI. Medlemskap f\u00e5r man [&hellip;]<\/p>\n","protected":false},"author":42,"featured_media":0,"parent":0,"menu_order":0,"comment_status":"closed","ping_status":"closed","template":"","meta":{"_coblocks_attr":"","_coblocks_dimensions":"","_coblocks_responsive_height":"","_coblocks_accordion_ie_support":"","_price":"","_stock":"","_tribe_ticket_header":"","_tribe_default_ticket_provider":"","_tribe_ticket_capacity":"0","_ticket_start_date":"","_ticket_end_date":"","_tribe_ticket_show_description":"","_tribe_ticket_show_not_going":false,"_tribe_ticket_use_global_stock":"","_tribe_ticket_global_stock_level":"","_global_stock_mode":"","_global_stock_cap":"","_tribe_rsvp_for_event":"","_tribe_ticket_going_count":"","_tribe_ticket_not_going_count":"","_tribe_tickets_list":[],"_tribe_ticket_has_attendee_info_fields":false,"footnotes":""},"class_list":["post-1733","page","type-page","status-publish","hentry"],"featured_image_src":null,"featured_image_src_square":null,"jetpack_sharing_enabled":true,"_links":{"self":[{"href":"https:\/\/ntnui.no\/friidrett\/wp-json\/wp\/v2\/pages\/1733","targetHints":{"allow":["GET"]}}],"collection":[{"href":"https:\/\/ntnui.no\/friidrett\/wp-json\/wp\/v2\/pages"}],"about":[{"href":"https:\/\/ntnui.no\/friidrett\/wp-json\/wp\/v2\/types\/page"}],"author":[{"embeddable":true,"href":"https:\/\/ntnui.no\/friidrett\/wp-json\/wp\/v2\/users\/42"}],"replies":[{"embeddable":true,"href":"https:\/\/ntnui.no\/friidrett\/wp-json\/wp\/v2\/comments?post=1733"}],"version-history":[{"count":5,"href":"https:\/\/ntnui.no\/friidrett\/wp-json\/wp\/v2\/pages\/1733\/revisions"}],"predecessor-version":[{"id":2219,"href":"https:\/\/ntnui.no\/friidrett\/wp-json\/wp\/v2\/pages\/1733\/revisions\/2219"}],"wp:attachment":[{"href":"https:\/\/ntnui.no\/friidrett\/wp-json\/wp\/v2\/media?parent=1733"}],"curies":[{"name":"wp","href":"https:\/\/api.w.org\/{rel}","templated":true}]}}