{"id":11,"date":"2019-01-10T17:36:42","date_gmt":"2019-01-10T17:36:42","guid":{"rendered":"https:\/\/ntnui.no\/friidrett-ny2\/?page_id=11"},"modified":"2025-04-02T14:18:24","modified_gmt":"2025-04-02T12:18:24","slug":"styret","status":"publish","type":"page","link":"https:\/\/ntnui.no\/friidrett\/styret\/","title":{"rendered":"Styret"},"content":{"rendered":"\n<p class=\"has-text-align-left\">NTNUI Friidrett drives av denne gjengen. Vi m\u00f8tes regelmessig for \u00e5 holde hjulene i gang i gruppa. Sp\u00f8rsm\u00e5l eller tilbakemeldinger? Det er bare \u00e5 ta kontakt!<\/p>\n\n\n\n<figure class=\"wp-block-image size-full\"><img loading=\"lazy\" decoding=\"async\" width=\"5330\" height=\"3553\" src=\"https:\/\/ntnui.no\/friidrett\/wp-content\/uploads\/sites\/262\/2025\/03\/DSC06371.jpg\" alt=\"\" class=\"wp-image-3639\" \/><\/figure>\n\n\n\n<div class=\"wp-block-buttons is-content-justification-center is-layout-flex wp-container-core-buttons-is-layout-1 wp-block-buttons-is-layout-flex\">\n<div class=\"wp-block-button\"><a class=\"wp-block-button__link has-background wp-element-button\" href=\"https:\/\/m.me\/ntnuifriidrett\" style=\"background-color:#0078ff\">Messenger<\/a><\/div>\n\n\n\n<div class=\"wp-block-button\"><a class=\"wp-block-button__link has-background wp-element-button\" href=\"mailto:friidrett-styret@ntnui.no\" style=\"background-color:#007a33\">Mail<\/a><\/div>\n<\/div>\n\n\n\n<div class=\"wp-block-media-text alignwide is-stacked-on-mobile\" style=\"grid-template-columns:49% auto\"><figure class=\"wp-block-media-text__media\"><img loading=\"lazy\" decoding=\"async\" width=\"5547\" height=\"3698\" src=\"https:\/\/ntnui.no\/friidrett\/wp-content\/uploads\/sites\/262\/2025\/03\/DSC06383.jpg\" alt=\"\" class=\"wp-image-3641 size-full\" \/><\/figure><div class=\"wp-block-media-text__content\">\n<p class=\"has-text-align-center has-large-font-size\"><strong>Nikolai Takle Iselvmo<\/strong><\/p>\n\n\n\n<p class=\"has-text-align-center has-text-align-center\"><strong>Leder<\/strong><\/p>\n\n\n\n<p class=\"has-text-align-center\"><em>Liker \u00e5 l\u00f8pe<\/em><\/p>\n\n\n\n<div class=\"wp-block-buttons is-content-justification-center is-layout-flex wp-container-core-buttons-is-layout-2 wp-block-buttons-is-layout-flex\">\n<div class=\"wp-block-button\"><a class=\"wp-block-button__link has-background wp-element-button\" href=\"mailto:Nikolai.iselvmo@ntnui.no\" style=\"background-color:#007a33\">Mail<\/a><\/div>\n<\/div>\n<\/div><\/div>\n\n\n\n<div class=\"wp-block-media-text alignwide has-media-on-the-right is-stacked-on-mobile\"><div class=\"wp-block-media-text__content\">\n<p class=\"has-text-align-center has-large-font-size\"><strong>Eirik Aleksander Johansen<\/strong><\/p>\n\n\n\n<p class=\"has-text-align-center\" style=\"font-size:20px\"><strong>Nestleder<\/strong><\/p>\n\n\n\n<p class=\"has-text-align-center\"><em><em>Ble knust av en 11\u00e5ring i forrige l\u00f8p<\/em><\/em><\/p>\n\n\n\n<div class=\"wp-block-buttons is-content-justification-center is-layout-flex wp-container-core-buttons-is-layout-3 wp-block-buttons-is-layout-flex\">\n<div class=\"wp-block-button\"><a class=\"wp-block-button__link has-background wp-element-button\" href=\"mailto:eirik.johansen@ntnui.no\" style=\"background-color:#007a33\">Mail<\/a><\/div>\n<\/div>\n<\/div><figure class=\"wp-block-media-text__media\"><img loading=\"lazy\" decoding=\"async\" width=\"4911\" height=\"3274\" src=\"https:\/\/ntnui.no\/friidrett\/wp-content\/uploads\/sites\/262\/2025\/04\/DSC06396.jpg\" alt=\"\" class=\"wp-image-3655 size-full\" \/><\/figure><\/div>\n\n\n\n<div class=\"wp-block-media-text alignwide is-stacked-on-mobile\" style=\"grid-template-columns:51% auto\"><figure class=\"wp-block-media-text__media\"><img loading=\"lazy\" decoding=\"async\" width=\"4807\" height=\"3205\" src=\"https:\/\/ntnui.no\/friidrett\/wp-content\/uploads\/sites\/262\/2025\/03\/DSC06429.jpg\" alt=\"\" class=\"wp-image-3644 size-full\" \/><\/figure><div class=\"wp-block-media-text__content\">\n<p class=\"has-text-align-center has-large-font-size\"><strong>Sondre Martin Lindaas Lie<\/strong><\/p>\n\n\n\n<p class=\"has-text-align-center\" style=\"font-size:20px\"><strong>\u00d8konomiansvarlig<\/strong><\/p>\n\n\n\n<p class=\"has-text-align-center\"><em>Studerer 3. \u00e5ret, psykologi profesjon. Drevet med friidrett i 10 \u00e5r. Trives best p\u00e5 l\u00f8pebanen og i langrennssporet.<\/em><\/p>\n\n\n\n<div class=\"wp-block-buttons is-content-justification-center is-layout-flex wp-container-core-buttons-is-layout-4 wp-block-buttons-is-layout-flex\">\n<div class=\"wp-block-button\"><a class=\"wp-block-button__link has-background has-text-align-center wp-element-button\" href=\"mailto:sondre.lie@ntnui.no\" style=\"background-color:#007a33\">Mail<\/a><\/div>\n<\/div>\n<\/div><\/div>\n\n\n\n<div class=\"wp-block-media-text alignwide has-media-on-the-right is-stacked-on-mobile\" style=\"grid-template-columns:auto 53%\"><div class=\"wp-block-media-text__content\">\n<p class=\"has-text-align-center has-large-font-size\"><strong>Martin Meinich<\/strong><\/p>\n\n\n\n<p class=\"has-text-align-center\" style=\"font-size:20px\"><strong>Sosialansvarlig<\/strong><\/p>\n\n\n\n<p class=\"has-text-align-center\"><em>Klarer ikke bestemme meg for om det beste med en beer mile er \u00f8l eller l\u00f8ping, heldigvis slipper jeg \u00e5 velge<\/em>.<\/p>\n\n\n\n<div class=\"wp-block-buttons is-content-justification-center is-layout-flex wp-container-core-buttons-is-layout-5 wp-block-buttons-is-layout-flex\">\n<div class=\"wp-block-button\"><a class=\"wp-block-button__link has-background wp-element-button\" href=\"mailto:martin.meinich@ntnui.no\" style=\"background-color:#007a33\">Mail<\/a><\/div>\n<\/div>\n<\/div><figure class=\"wp-block-media-text__media\"><img loading=\"lazy\" decoding=\"async\" width=\"4359\" height=\"2906\" src=\"https:\/\/ntnui.no\/friidrett\/wp-content\/uploads\/sites\/262\/2025\/03\/DSC06465.jpg\" alt=\"\" class=\"wp-image-3643 size-full\" \/><\/figure><\/div>\n\n\n\n<div class=\"wp-block-media-text alignwide is-stacked-on-mobile\" style=\"grid-template-columns:49% auto\"><figure class=\"wp-block-media-text__media\"><img loading=\"lazy\" decoding=\"async\" width=\"4821\" height=\"3214\" src=\"https:\/\/ntnui.no\/friidrett\/wp-content\/uploads\/sites\/262\/2025\/03\/DSC06415.jpg\" alt=\"\" class=\"wp-image-3645 size-full\" \/><\/figure><div class=\"wp-block-media-text__content\">\n<p class=\"has-text-align-center has-large-font-size\"><strong>Kristine Marie Pettersen<\/strong><\/p>\n\n\n\n<p class=\"has-text-align-center\" style=\"font-size:20px\"><strong>Arrangementsansvarlig<\/strong> <strong>og parakontakt<\/strong><\/p>\n\n\n\n<p class=\"has-text-align-center\"><em>23 \u00e5r, g\u00e5r profesjonsstudiet i psykologi. Elsker l\u00f8ping og sm\u00e5godt!<\/em><\/p>\n\n\n\n<div class=\"wp-block-buttons is-content-justification-center is-layout-flex wp-container-core-buttons-is-layout-6 wp-block-buttons-is-layout-flex\">\n<div class=\"wp-block-button\"><a class=\"wp-block-button__link has-background wp-element-button\" href=\"mailto:kristine.pettersen@ntnui.no\" style=\"background-color:#007a33\">Mail<\/a><\/div>\n<\/div>\n<\/div><\/div>\n\n\n\n<div class=\"wp-block-media-text alignwide has-media-on-the-right is-stacked-on-mobile\"><div class=\"wp-block-media-text__content\">\n<p class=\"has-text-align-center has-large-font-size\"><strong>Henrik Hareide Holstad<\/strong><\/p>\n\n\n\n<p class=\"has-text-align-center\" style=\"font-size:20px\"><strong>Sportslig ansvarlig<\/strong><\/p>\n\n\n\n<p class=\"has-text-align-center\"><em>Fr\u00e5 Hareid p\u00e5 sunnm\u00f8re. Trivast veldig utand\u00f8rs, enten ved \u00e5 springe, g\u00e5 p\u00e5 ski eller sykle<\/em><\/p>\n\n\n\n<div class=\"wp-block-buttons is-content-justification-center is-layout-flex wp-container-core-buttons-is-layout-7 wp-block-buttons-is-layout-flex\">\n<div class=\"wp-block-button\"><a class=\"wp-block-button__link has-background wp-element-button\" href=\"mailto:henrik.holstad@ntnui.no\" style=\"background-color:#007a33\">Mail<\/a><\/div>\n<\/div>\n\n\n\n<p><\/p>\n<\/div><figure class=\"wp-block-media-text__media\"><img loading=\"lazy\" decoding=\"async\" width=\"4264\" height=\"2843\" src=\"https:\/\/ntnui.no\/friidrett\/wp-content\/uploads\/sites\/262\/2025\/04\/DSC06455.jpg\" alt=\"\" class=\"wp-image-3649 size-full\" \/><\/figure><\/div>\n\n\n\n<div class=\"wp-block-media-text alignwide is-stacked-on-mobile\"><figure class=\"wp-block-media-text__media\"><img loading=\"lazy\" decoding=\"async\" width=\"4438\" height=\"2959\" src=\"https:\/\/ntnui.no\/friidrett\/wp-content\/uploads\/sites\/262\/2025\/03\/DSC06480.jpg\" alt=\"\" class=\"wp-image-3642 size-full\" \/><\/figure><div class=\"wp-block-media-text__content\">\n<p class=\"has-text-align-center has-large-font-size\"><strong>Torstein Olav Eriksen<\/strong><\/p>\n\n\n\n<p class=\"has-text-align-center\" style=\"font-size:20px\"><strong>Informasjonsansvarlig<\/strong><\/p>\n\n\n\n<p class=\"has-text-align-center\"><em>Tar en master i kunsthistorie, og derfor like opptatt av estetikken i l\u00f8ping som trimmen<\/em>.<\/p>\n\n\n\n<div class=\"wp-block-buttons is-content-justification-center is-layout-flex wp-container-core-buttons-is-layout-8 wp-block-buttons-is-layout-flex\">\n<div class=\"wp-block-button\"><a class=\"wp-block-button__link has-background wp-element-button\" href=\"mailto:Torstein.Eriksen@ntnui.no\" style=\"background-color:#007a33\">Mail<\/a><\/div>\n<\/div>\n<\/div><\/div>\n","protected":false},"excerpt":{"rendered":"<p>NTNUI Friidrett drives av denne gjengen. Vi m\u00f8tes regelmessig for \u00e5 holde hjulene i gang i gruppa. Sp\u00f8rsm\u00e5l eller tilbakemeldinger? Det er bare \u00e5 ta kontakt!<\/p>\n","protected":false},"author":7,"featured_media":0,"parent":0,"menu_order":0,"comment_status":"closed","ping_status":"closed","template":"","meta":{"_coblocks_attr":"","_coblocks_dimensions":"","_coblocks_responsive_height":"","_coblocks_accordion_ie_support":"","_price":"","_stock":"","_tribe_ticket_header":"","_tribe_default_ticket_provider":"","_tribe_ticket_capacity":"0","_ticket_start_date":"","_ticket_end_date":"","_tribe_ticket_show_description":"","_tribe_ticket_show_not_going":false,"_tribe_ticket_use_global_stock":"","_tribe_ticket_global_stock_level":"","_global_stock_mode":"","_global_stock_cap":"","_tribe_rsvp_for_event":"","_tribe_ticket_going_count":"","_tribe_ticket_not_going_count":"","_tribe_tickets_list":[],"_tribe_ticket_has_attendee_info_fields":false,"footnotes":""},"class_list":["post-11","page","type-page","status-publish","hentry"],"featured_image_src":null,"featured_image_src_square":null,"jetpack_sharing_enabled":true,"_links":{"self":[{"href":"https:\/\/ntnui.no\/friidrett\/wp-json\/wp\/v2\/pages\/11","targetHints":{"allow":["GET"]}}],"collection":[{"href":"https:\/\/ntnui.no\/friidrett\/wp-json\/wp\/v2\/pages"}],"about":[{"href":"https:\/\/ntnui.no\/friidrett\/wp-json\/wp\/v2\/types\/page"}],"author":[{"embeddable":true,"href":"https:\/\/ntnui.no\/friidrett\/wp-json\/wp\/v2\/users\/7"}],"replies":[{"embeddable":true,"href":"https:\/\/ntnui.no\/friidrett\/wp-json\/wp\/v2\/comments?post=11"}],"version-history":[{"count":36,"href":"https:\/\/ntnui.no\/friidrett\/wp-json\/wp\/v2\/pages\/11\/revisions"}],"predecessor-version":[{"id":3657,"href":"https:\/\/ntnui.no\/friidrett\/wp-json\/wp\/v2\/pages\/11\/revisions\/3657"}],"wp:attachment":[{"href":"https:\/\/ntnui.no\/friidrett\/wp-json\/wp\/v2\/media?parent=11"}],"curies":[{"name":"wp","href":"https:\/\/api.w.org\/{rel}","templated":true}]}}